{"id":1063,"date":"2025-08-27T10:54:40","date_gmt":"2025-08-27T08:54:40","guid":{"rendered":"https:\/\/danishfibres.com\/konstruktionsfibre\/anvendelsesmuligheder\/fibre-til-indendoers-betongulve\/"},"modified":"2025-12-03T15:16:28","modified_gmt":"2025-12-03T14:16:28","slug":"fibre-til-indendoers-betongulve","status":"publish","type":"page","link":"https:\/\/danishfibres.com\/da\/konstruktionsfibre\/anvendelsesmuligheder\/fibre-til-indendoers-betongulve\/","title":{"rendered":"Fibre til indend\u00f8rs betongulve"},"content":{"rendered":"\t\t<div data-elementor-type=\"wp-page\" data-elementor-id=\"1063\" class=\"elementor elementor-1063 elementor-960\" data-elementor-post-type=\"page\">\n\t\t\t\t<div class=\"elementor-element elementor-element-0538ba2 e-con-full e-flex e-con e-parent\" data-id=\"0538ba2\" data-element_type=\"container\" data-e-type=\"container\" data-settings=\"{&quot;background_background&quot;:&quot;classic&quot;}\">\n\t\t<div class=\"elementor-element elementor-element-594b0fe e-con-full e-flex e-con e-child\" data-id=\"594b0fe\" data-element_type=\"container\" data-e-type=\"container\" data-settings=\"{&quot;background_background&quot;:&quot;classic&quot;}\">\n\t\t<div class=\"elementor-element elementor-element-bc4223c e-con-full e-flex e-con e-child\" data-id=\"bc4223c\" data-element_type=\"container\" data-e-type=\"container\">\n\t\t\t\t<div class=\"elementor-element elementor-element-ef2ddc1 elementor-widget elementor-widget-image\" data-id=\"ef2ddc1\" data-element_type=\"widget\" data-e-type=\"widget\" data-widget_type=\"image.default\">\n\t\t\t\t\t\t\t\t\t\t\t\t\t\t\t<img fetchpriority=\"high\" decoding=\"async\" width=\"800\" height=\"337\" src=\"https:\/\/danishfibres.com\/wp-content\/uploads\/indoor_concrete_floors_danish_fibres.png\" class=\"attachment-large size-large wp-image-958\" alt=\"Indoor concrete floors reinforcement\" srcset=\"https:\/\/danishfibres.com\/wp-content\/uploads\/indoor_concrete_floors_danish_fibres.png 830w, https:\/\/danishfibres.com\/wp-content\/uploads\/indoor_concrete_floors_danish_fibres-300x127.png 300w, https:\/\/danishfibres.com\/wp-content\/uploads\/indoor_concrete_floors_danish_fibres-768x324.png 768w\" sizes=\"(max-width: 800px) 100vw, 800px\" \/>\t\t\t\t\t\t\t\t\t\t\t\t\t\t\t<\/div>\n\t\t<div class=\"elementor-element elementor-element-e54d416 e-con-full e-flex e-con e-child\" data-id=\"e54d416\" data-element_type=\"container\" data-e-type=\"container\">\n\t\t\t\t<div class=\"elementor-element elementor-element-d02139b elementor-widget elementor-widget-heading\" data-id=\"d02139b\" data-element_type=\"widget\" data-e-type=\"widget\" data-widget_type=\"heading.default\">\n\t\t\t\t\t<p class=\"elementor-heading-title elementor-size-default\">Anvendelsesmuligheder<\/p>\t\t\t\t<\/div>\n\t\t\t\t<div class=\"elementor-element elementor-element-a455a52 elementor-widget elementor-widget-heading\" data-id=\"a455a52\" data-element_type=\"widget\" data-e-type=\"widget\" data-widget_type=\"heading.default\">\n\t\t\t\t\t<h1 class=\"elementor-heading-title elementor-size-default\">Fibre til indend\u00f8rs betongulve<\/h1>\t\t\t\t<\/div>\n\t\t\t\t<div class=\"elementor-element elementor-element-9eae9f4 df-text elementor-widget elementor-widget-text-editor\" data-id=\"9eae9f4\" data-element_type=\"widget\" data-e-type=\"widget\" data-widget_type=\"text-editor.default\">\n\t\t\t\t\t\t\t\t\t<p><strong>Vi tilbyder en r\u00e6kke Wiking\u00ae Konstruktionsfibre til forbedring af indend\u00f8rs betongulve.<\/strong><\/p><p>De fleste betongulve uds\u00e6ttes for eksterne p\u00e5virkninger, som kan sv\u00e6kke betonens kvalitet. Betonarmering er derfor afg\u00f8rende for at sikre et st\u00e6rkt og holdbart indend\u00f8rs betongulv. <\/p><h2><strong>Spr\u00e6ngstyring i betongulve<\/strong><\/h2><p>I h\u00e6rdefasen kan klimaforhold (s\u00e5som ekstreme temperaturer eller st\u00e6rke vinde) for\u00e5rsage, at en for stor m\u00e6ngde vand fordamper fra betonoverfladen, hvilket f\u00f8rer til dannelsen af plastkrympningsrevner.<\/p><p>Med Wiking\u00ae Konstruktionsfibre tilsat betonblandingen reduceres omfanget af plastkrympning i betonen, da fibrene vil medf\u00f8re, at tr\u00e6kstyrken udvikles tidligere i h\u00e6rdefasen. Derved forhindres plastkrympningsrevner. Ligeledes vil Wiking\u00ae Konstruktionsfibre forhindre dannelse af plasts\u00e6tningsrevner.  <\/p><h2><strong>St\u00e6rkere betongulve<\/strong><\/h2><p>Betongulves styrke og kvaliteter kan forringes p\u00e5 grund af p\u00e5virkninger og st\u00f8d fra tunge genstande og belastninger (fx gaffeltrucks, lastbiler og lastvogne). Is\u00e6r kan kanter mellem gulvenheder og forh\u00f8jede dele af pr\u00e6fabrikeret beton risikere at forringes. <\/p><p>Med Wiking\u00ae Konstruktionsfibre tilsat betonblandingen \u00f8ges betonstyrken og slidkvaliteten af betonen. Den forbedrede slagstyrke kan tilskrives den store m\u00e6ngde energi absorberet gennem brydningen, str\u00e6kningen og tr\u00e6kningen af fiberen, n\u00e5r cementbindemidlet er forsvundet. <\/p><p>Unders\u00f8gelser viser, at tils\u00e6tning af fibre kan reducere betonforringelse for\u00e5rsaget af slitage med op til 39%.<\/p>\t\t\t\t\t\t\t\t<\/div>\n\t\t\t\t<\/div>\n\t\t\t\t<\/div>\n\t\t<div class=\"elementor-element elementor-element-d70877f e-con-full e-flex e-con e-child\" data-id=\"d70877f\" data-element_type=\"container\" data-e-type=\"container\">\n\t\t\t\t<div class=\"elementor-element elementor-element-818895b df-aside elementor-widget elementor-widget-text-editor\" data-id=\"818895b\" data-element_type=\"widget\" data-e-type=\"widget\" data-widget_type=\"text-editor.default\">\n\t\t\t\t\t\t\t\t\t<h2>Fordele ved Wiking\u00ae\nKonstruktionsfibre til indend\u00f8rs gulve<\/h2>\n<ul>\n \t<li>Forbedret modstandsdygtighed mod revner<\/li>\n \t<li>Forbedrede slidegenskaber<\/li>\n \t<li>Forbedret slagstyrke<\/li>\n \t<li>Hurtigere og nemmere udst\u00f8bning<\/li>\n<\/ul>\n<h2>Relaterede<br>produkter:<\/h2>\n<ul>\n \t<li>Wiking\u00ae <a href=\"https:\/\/danishfibres.com\/da\/konstruktionsfibre\/wiking-mikrofibre\/\">Micro Fibres<\/a><\/li>\n \t<li>Wiking\u00ae <a href=\"https:\/\/danishfibres.com\/da\/konstruktionsfibre\/wiking-makrofibre\/\">Macro Fibres<\/a><\/li>\n<\/ul>\t\t\t\t\t\t\t\t<\/div>\n\t\t\t\t<\/div>\n\t\t\t\t<\/div>\n\t\t\t\t<\/div>\n\t\t<div class=\"elementor-element elementor-element-92e214e e-flex e-con-boxed e-con e-parent\" data-id=\"92e214e\" data-element_type=\"container\" data-e-type=\"container\" data-settings=\"{&quot;background_background&quot;:&quot;classic&quot;}\">\n\t\t\t\t\t<div class=\"e-con-inner\">\n\t\t<div class=\"elementor-element elementor-element-7131466 e-con-full e-flex e-con e-child\" data-id=\"7131466\" data-element_type=\"container\" data-e-type=\"container\" data-settings=\"{&quot;background_background&quot;:&quot;classic&quot;}\">\n\t\t<div class=\"elementor-element elementor-element-5a6fc97 e-con-full e-flex e-con e-child\" data-id=\"5a6fc97\" data-element_type=\"container\" data-e-type=\"container\">\n\t\t\t\t<div class=\"elementor-element elementor-element-cca7f3c elementor-widget elementor-widget-heading\" data-id=\"cca7f3c\" data-element_type=\"widget\" data-e-type=\"widget\" data-widget_type=\"heading.default\">\n\t\t\t\t\t<h2 class=\"elementor-heading-title elementor-size-default\">M\u00f8d vores salgsteam<\/h2>\t\t\t\t<\/div>\n\t\t<div class=\"elementor-element elementor-element-9ec9f61 e-con-full e-flex e-con e-child\" data-id=\"9ec9f61\" data-element_type=\"container\" data-e-type=\"container\">\n\t\t<div class=\"elementor-element elementor-element-f63d4f4 e-con-full e-flex e-con e-child\" data-id=\"f63d4f4\" data-element_type=\"container\" data-e-type=\"container\">\n\t\t\t\t<div class=\"elementor-element elementor-element-c07f475 sales-title elementor-widget elementor-widget-heading\" data-id=\"c07f475\" data-element_type=\"widget\" data-e-type=\"widget\" data-widget_type=\"heading.default\">\n\t\t\t\t\t<p class=\"elementor-heading-title elementor-size-default\">CEO\/President<\/p>\t\t\t\t<\/div>\n\t\t\t\t<div class=\"elementor-element elementor-element-3724500 sales-name elementor-widget elementor-widget-heading\" data-id=\"3724500\" data-element_type=\"widget\" data-e-type=\"widget\" data-widget_type=\"heading.default\">\n\t\t\t\t\t<p class=\"elementor-heading-title elementor-size-default\">Palle Kuntz<\/p>\t\t\t\t<\/div>\n\t\t\t\t<div class=\"elementor-element elementor-element-5822535 elementor-widget elementor-widget-heading\" data-id=\"5822535\" data-element_type=\"widget\" data-e-type=\"widget\" data-widget_type=\"heading.default\">\n\t\t\t\t\t<p class=\"elementor-heading-title elementor-size-default\"><a href=\"tel:+4524659615\">+45 24 65 96 15<\/a><\/p>\t\t\t\t<\/div>\n\t\t\t\t<div class=\"elementor-element elementor-element-4860f04 sales-name elementor-widget elementor-widget-heading\" data-id=\"4860f04\" data-element_type=\"widget\" data-e-type=\"widget\" data-widget_type=\"heading.default\">\n\t\t\t\t\t<p class=\"elementor-heading-title elementor-size-default\"><a href=\"mailto:pku@danishfibres.dk\">pku@danishfibres.dk<\/a><\/p>\t\t\t\t<\/div>\n\t\t\t\t<\/div>\n\t\t<div class=\"elementor-element elementor-element-7e07c6d e-con-full e-flex e-con e-child\" data-id=\"7e07c6d\" data-element_type=\"container\" data-e-type=\"container\">\n\t\t\t\t<div class=\"elementor-element elementor-element-f284938 sales-title elementor-widget elementor-widget-heading\" data-id=\"f284938\" data-element_type=\"widget\" data-e-type=\"widget\" data-widget_type=\"heading.default\">\n\t\t\t\t\t<p class=\"elementor-heading-title elementor-size-default\">Sales Manager<\/p>\t\t\t\t<\/div>\n\t\t\t\t<div class=\"elementor-element elementor-element-c8b8d88 sales-name elementor-widget elementor-widget-heading\" data-id=\"c8b8d88\" data-element_type=\"widget\" data-e-type=\"widget\" data-widget_type=\"heading.default\">\n\t\t\t\t\t<p class=\"elementor-heading-title elementor-size-default\">David Etzerodt<\/p>\t\t\t\t<\/div>\n\t\t\t\t<div class=\"elementor-element elementor-element-d91a73c elementor-widget elementor-widget-heading\" data-id=\"d91a73c\" data-element_type=\"widget\" data-e-type=\"widget\" data-widget_type=\"heading.default\">\n\t\t\t\t\t<p class=\"elementor-heading-title elementor-size-default\"><a href=\"tel:+4520580599\">+45 20 58 05 99<\/a><\/p>\t\t\t\t<\/div>\n\t\t\t\t<div class=\"elementor-element elementor-element-f93729d sales-name elementor-widget elementor-widget-heading\" data-id=\"f93729d\" data-element_type=\"widget\" data-e-type=\"widget\" data-widget_type=\"heading.default\">\n\t\t\t\t\t<p class=\"elementor-heading-title elementor-size-default\"><a href=\"mailto:dke@danishfibres.dk\">dke@danishfibres.dk<\/a><\/p>\t\t\t\t<\/div>\n\t\t\t\t<\/div>\n\t\t\t\t<\/div>\n\t\t\t\t<div class=\"elementor-element elementor-element-9af64f7 elementor-widget elementor-widget-button\" data-id=\"9af64f7\" data-element_type=\"widget\" data-e-type=\"widget\" data-widget_type=\"button.default\">\n\t\t\t\t\t\t\t\t\t\t<a class=\"elementor-button elementor-button-link elementor-size-sm\" href=\"https:\/\/danishfibres.com\/da\/kontakt\/\">\n\t\t\t\t\t\t<span class=\"elementor-button-content-wrapper\">\n\t\t\t\t\t\t\t\t\t<span class=\"elementor-button-text\">Kontakt os<\/span>\n\t\t\t\t\t<\/span>\n\t\t\t\t\t<\/a>\n\t\t\t\t\t\t\t\t<\/div>\n\t\t\t\t<\/div>\n\t\t<div class=\"elementor-element elementor-element-eda7091 e-con-full e-flex e-con e-child\" data-id=\"eda7091\" data-element_type=\"container\" data-e-type=\"container\" data-settings=\"{&quot;background_background&quot;:&quot;classic&quot;}\">\n\t\t\t\t<div class=\"elementor-element elementor-element-d445794 elementor-widget elementor-widget-image\" data-id=\"d445794\" data-element_type=\"widget\" data-e-type=\"widget\" data-widget_type=\"image.default\">\n\t\t\t\t\t\t\t\t\t\t\t\t\t\t\t<img decoding=\"async\" width=\"527\" height=\"278\" src=\"https:\/\/danishfibres.com\/wp-content\/uploads\/Our_Sales_Team_Danish_Fibres_subpage.jpg\" class=\"attachment-large size-large wp-image-243\" alt=\"\" srcset=\"https:\/\/danishfibres.com\/wp-content\/uploads\/Our_Sales_Team_Danish_Fibres_subpage.jpg 527w, https:\/\/danishfibres.com\/wp-content\/uploads\/Our_Sales_Team_Danish_Fibres_subpage-300x158.jpg 300w\" sizes=\"(max-width: 527px) 100vw, 527px\" \/>\t\t\t\t\t\t\t\t\t\t\t\t\t\t\t<\/div>\n\t\t\t\t<\/div>\n\t\t\t\t<\/div>\n\t\t\t\t\t<\/div>\n\t\t\t\t<\/div>\n\t\t\t\t<\/div>\n\t\t","protected":false},"excerpt":{"rendered":"<p>Anvendelsesmuligheder Fibre til indend\u00f8rs betongulve Vi tilbyder en r\u00e6kke Wiking\u00ae Konstruktionsfibre til forbedring af indend\u00f8rs betongulve. De fleste betongulve uds\u00e6ttes for eksterne p\u00e5virkninger, som kan sv\u00e6kke betonens kvalitet. Betonarmering er derfor afg\u00f8rende for at sikre et st\u00e6rkt og holdbart indend\u00f8rs betongulv. Spr\u00e6ngstyring i betongulve I h\u00e6rdefasen kan klimaforhold (s\u00e5som ekstreme temperaturer eller st\u00e6rke vinde) for\u00e5rsage, [&hellip;]<\/p>\n","protected":false},"author":2,"featured_media":0,"parent":1028,"menu_order":0,"comment_status":"closed","ping_status":"closed","template":"","meta":{"_acf_changed":false,"footnotes":""},"class_list":["post-1063","page","type-page","status-publish","hentry"],"acf":[],"yoast_head":"<!-- This site is optimized with the Yoast SEO plugin v27.4 - https:\/\/yoast.com\/product\/yoast-seo-wordpress\/ -->\n<title>Fibre til indend\u00f8rs betongulve - Danish Fibres<\/title>\n<meta name=\"description\" content=\"Styrk indend\u00f8rs betongulve med Wiking\u00ae-fibre. Reducerer revner, forbedrer slagfasthed og slid for holdbare, langtidsholdbare overflader.\" \/>\n<meta name=\"robots\" content=\"index, follow, max-snippet:-1, max-image-preview:large, max-video-preview:-1\" \/>\n<link rel=\"canonical\" href=\"https:\/\/danishfibres.com\/da\/konstruktionsfibre\/anvendelsesmuligheder\/fibre-til-indendoers-betongulve\/\" \/>\n<meta property=\"og:locale\" content=\"da_DK\" \/>\n<meta property=\"og:type\" content=\"article\" \/>\n<meta property=\"og:title\" content=\"Fibre til indend\u00f8rs betongulve - Danish Fibres\" \/>\n<meta property=\"og:description\" content=\"Styrk indend\u00f8rs betongulve med Wiking\u00ae-fibre. Reducerer revner, forbedrer slagfasthed og slid for holdbare, langtidsholdbare overflader.\" \/>\n<meta property=\"og:url\" content=\"https:\/\/danishfibres.com\/da\/konstruktionsfibre\/anvendelsesmuligheder\/fibre-til-indendoers-betongulve\/\" \/>\n<meta property=\"og:site_name\" content=\"Danish Fibres\" \/>\n<meta property=\"article:modified_time\" content=\"2025-12-03T14:16:28+00:00\" \/>\n<meta property=\"og:image\" content=\"https:\/\/danishfibres.com\/wp-content\/uploads\/indoor_concrete_floors_danish_fibres.png\" \/>\n\t<meta property=\"og:image:width\" content=\"830\" \/>\n\t<meta property=\"og:image:height\" content=\"350\" \/>\n\t<meta property=\"og:image:type\" content=\"image\/png\" \/>\n<meta name=\"twitter:card\" content=\"summary_large_image\" \/>\n<meta name=\"twitter:label1\" content=\"Estimeret l\u00e6setid\" \/>\n\t<meta name=\"twitter:data1\" content=\"1 minut\" \/>\n<script type=\"application\/ld+json\" class=\"yoast-schema-graph\">{\"@context\":\"https:\\\/\\\/schema.org\",\"@graph\":[{\"@type\":\"WebPage\",\"@id\":\"https:\\\/\\\/danishfibres.com\\\/da\\\/konstruktionsfibre\\\/anvendelsesmuligheder\\\/fibre-til-indendoers-betongulve\\\/\",\"url\":\"https:\\\/\\\/danishfibres.com\\\/da\\\/konstruktionsfibre\\\/anvendelsesmuligheder\\\/fibre-til-indendoers-betongulve\\\/\",\"name\":\"Fibre til indend\u00f8rs betongulve - Danish Fibres\",\"isPartOf\":{\"@id\":\"https:\\\/\\\/danishfibres.com\\\/da\\\/#website\"},\"primaryImageOfPage\":{\"@id\":\"https:\\\/\\\/danishfibres.com\\\/da\\\/konstruktionsfibre\\\/anvendelsesmuligheder\\\/fibre-til-indendoers-betongulve\\\/#primaryimage\"},\"image\":{\"@id\":\"https:\\\/\\\/danishfibres.com\\\/da\\\/konstruktionsfibre\\\/anvendelsesmuligheder\\\/fibre-til-indendoers-betongulve\\\/#primaryimage\"},\"thumbnailUrl\":\"https:\\\/\\\/danishfibres.com\\\/wp-content\\\/uploads\\\/indoor_concrete_floors_danish_fibres.png\",\"datePublished\":\"2025-08-27T08:54:40+00:00\",\"dateModified\":\"2025-12-03T14:16:28+00:00\",\"description\":\"Styrk indend\u00f8rs betongulve med Wiking\u00ae-fibre. Reducerer revner, forbedrer slagfasthed og slid for holdbare, langtidsholdbare overflader.\",\"breadcrumb\":{\"@id\":\"https:\\\/\\\/danishfibres.com\\\/da\\\/konstruktionsfibre\\\/anvendelsesmuligheder\\\/fibre-til-indendoers-betongulve\\\/#breadcrumb\"},\"inLanguage\":\"da-DK\",\"potentialAction\":[{\"@type\":\"ReadAction\",\"target\":[\"https:\\\/\\\/danishfibres.com\\\/da\\\/konstruktionsfibre\\\/anvendelsesmuligheder\\\/fibre-til-indendoers-betongulve\\\/\"]}]},{\"@type\":\"ImageObject\",\"inLanguage\":\"da-DK\",\"@id\":\"https:\\\/\\\/danishfibres.com\\\/da\\\/konstruktionsfibre\\\/anvendelsesmuligheder\\\/fibre-til-indendoers-betongulve\\\/#primaryimage\",\"url\":\"https:\\\/\\\/danishfibres.com\\\/wp-content\\\/uploads\\\/indoor_concrete_floors_danish_fibres.png\",\"contentUrl\":\"https:\\\/\\\/danishfibres.com\\\/wp-content\\\/uploads\\\/indoor_concrete_floors_danish_fibres.png\"},{\"@type\":\"BreadcrumbList\",\"@id\":\"https:\\\/\\\/danishfibres.com\\\/da\\\/konstruktionsfibre\\\/anvendelsesmuligheder\\\/fibre-til-indendoers-betongulve\\\/#breadcrumb\",\"itemListElement\":[{\"@type\":\"ListItem\",\"position\":1,\"name\":\"Danish Fibres\",\"item\":\"https:\\\/\\\/danishfibres.com\\\/da\\\/forside\\\/\"},{\"@type\":\"ListItem\",\"position\":2,\"name\":\"Konstruktionsfibre\",\"item\":\"https:\\\/\\\/danishfibres.com\\\/da\\\/konstruktionsfibre\\\/\"},{\"@type\":\"ListItem\",\"position\":3,\"name\":\"Anvendelsesmuligheder\",\"item\":\"https:\\\/\\\/danishfibres.com\\\/da\\\/konstruktionsfibre\\\/anvendelsesmuligheder\\\/\"},{\"@type\":\"ListItem\",\"position\":4,\"name\":\"Fibre til indend\u00f8rs betongulve\"}]},{\"@type\":\"WebSite\",\"@id\":\"https:\\\/\\\/danishfibres.com\\\/da\\\/#website\",\"url\":\"https:\\\/\\\/danishfibres.com\\\/da\\\/\",\"name\":\"Danish Fibres\",\"description\":\"Benefit from 40 years experience\",\"potentialAction\":[{\"@type\":\"SearchAction\",\"target\":{\"@type\":\"EntryPoint\",\"urlTemplate\":\"https:\\\/\\\/danishfibres.com\\\/da\\\/?s={search_term_string}\"},\"query-input\":{\"@type\":\"PropertyValueSpecification\",\"valueRequired\":true,\"valueName\":\"search_term_string\"}}],\"inLanguage\":\"da-DK\"}]}<\/script>\n<!-- \/ Yoast SEO plugin. -->","yoast_head_json":{"title":"Fibre til indend\u00f8rs betongulve - Danish Fibres","description":"Styrk indend\u00f8rs betongulve med Wiking\u00ae-fibre. Reducerer revner, forbedrer slagfasthed og slid for holdbare, langtidsholdbare overflader.","robots":{"index":"index","follow":"follow","max-snippet":"max-snippet:-1","max-image-preview":"max-image-preview:large","max-video-preview":"max-video-preview:-1"},"canonical":"https:\/\/danishfibres.com\/da\/konstruktionsfibre\/anvendelsesmuligheder\/fibre-til-indendoers-betongulve\/","og_locale":"da_DK","og_type":"article","og_title":"Fibre til indend\u00f8rs betongulve - Danish Fibres","og_description":"Styrk indend\u00f8rs betongulve med Wiking\u00ae-fibre. Reducerer revner, forbedrer slagfasthed og slid for holdbare, langtidsholdbare overflader.","og_url":"https:\/\/danishfibres.com\/da\/konstruktionsfibre\/anvendelsesmuligheder\/fibre-til-indendoers-betongulve\/","og_site_name":"Danish Fibres","article_modified_time":"2025-12-03T14:16:28+00:00","og_image":[{"width":830,"height":350,"url":"https:\/\/danishfibres.com\/wp-content\/uploads\/indoor_concrete_floors_danish_fibres.png","type":"image\/png"}],"twitter_card":"summary_large_image","twitter_misc":{"Estimeret l\u00e6setid":"1 minut"},"schema":{"@context":"https:\/\/schema.org","@graph":[{"@type":"WebPage","@id":"https:\/\/danishfibres.com\/da\/konstruktionsfibre\/anvendelsesmuligheder\/fibre-til-indendoers-betongulve\/","url":"https:\/\/danishfibres.com\/da\/konstruktionsfibre\/anvendelsesmuligheder\/fibre-til-indendoers-betongulve\/","name":"Fibre til indend\u00f8rs betongulve - Danish Fibres","isPartOf":{"@id":"https:\/\/danishfibres.com\/da\/#website"},"primaryImageOfPage":{"@id":"https:\/\/danishfibres.com\/da\/konstruktionsfibre\/anvendelsesmuligheder\/fibre-til-indendoers-betongulve\/#primaryimage"},"image":{"@id":"https:\/\/danishfibres.com\/da\/konstruktionsfibre\/anvendelsesmuligheder\/fibre-til-indendoers-betongulve\/#primaryimage"},"thumbnailUrl":"https:\/\/danishfibres.com\/wp-content\/uploads\/indoor_concrete_floors_danish_fibres.png","datePublished":"2025-08-27T08:54:40+00:00","dateModified":"2025-12-03T14:16:28+00:00","description":"Styrk indend\u00f8rs betongulve med Wiking\u00ae-fibre. Reducerer revner, forbedrer slagfasthed og slid for holdbare, langtidsholdbare overflader.","breadcrumb":{"@id":"https:\/\/danishfibres.com\/da\/konstruktionsfibre\/anvendelsesmuligheder\/fibre-til-indendoers-betongulve\/#breadcrumb"},"inLanguage":"da-DK","potentialAction":[{"@type":"ReadAction","target":["https:\/\/danishfibres.com\/da\/konstruktionsfibre\/anvendelsesmuligheder\/fibre-til-indendoers-betongulve\/"]}]},{"@type":"ImageObject","inLanguage":"da-DK","@id":"https:\/\/danishfibres.com\/da\/konstruktionsfibre\/anvendelsesmuligheder\/fibre-til-indendoers-betongulve\/#primaryimage","url":"https:\/\/danishfibres.com\/wp-content\/uploads\/indoor_concrete_floors_danish_fibres.png","contentUrl":"https:\/\/danishfibres.com\/wp-content\/uploads\/indoor_concrete_floors_danish_fibres.png"},{"@type":"BreadcrumbList","@id":"https:\/\/danishfibres.com\/da\/konstruktionsfibre\/anvendelsesmuligheder\/fibre-til-indendoers-betongulve\/#breadcrumb","itemListElement":[{"@type":"ListItem","position":1,"name":"Danish Fibres","item":"https:\/\/danishfibres.com\/da\/forside\/"},{"@type":"ListItem","position":2,"name":"Konstruktionsfibre","item":"https:\/\/danishfibres.com\/da\/konstruktionsfibre\/"},{"@type":"ListItem","position":3,"name":"Anvendelsesmuligheder","item":"https:\/\/danishfibres.com\/da\/konstruktionsfibre\/anvendelsesmuligheder\/"},{"@type":"ListItem","position":4,"name":"Fibre til indend\u00f8rs betongulve"}]},{"@type":"WebSite","@id":"https:\/\/danishfibres.com\/da\/#website","url":"https:\/\/danishfibres.com\/da\/","name":"Danish Fibres","description":"Benefit from 40 years experience","potentialAction":[{"@type":"SearchAction","target":{"@type":"EntryPoint","urlTemplate":"https:\/\/danishfibres.com\/da\/?s={search_term_string}"},"query-input":{"@type":"PropertyValueSpecification","valueRequired":true,"valueName":"search_term_string"}}],"inLanguage":"da-DK"}]}},"_links":{"self":[{"href":"https:\/\/danishfibres.com\/da\/wp-json\/wp\/v2\/pages\/1063","targetHints":{"allow":["GET"]}}],"collection":[{"href":"https:\/\/danishfibres.com\/da\/wp-json\/wp\/v2\/pages"}],"about":[{"href":"https:\/\/danishfibres.com\/da\/wp-json\/wp\/v2\/types\/page"}],"author":[{"embeddable":true,"href":"https:\/\/danishfibres.com\/da\/wp-json\/wp\/v2\/users\/2"}],"replies":[{"embeddable":true,"href":"https:\/\/danishfibres.com\/da\/wp-json\/wp\/v2\/comments?post=1063"}],"version-history":[{"count":10,"href":"https:\/\/danishfibres.com\/da\/wp-json\/wp\/v2\/pages\/1063\/revisions"}],"predecessor-version":[{"id":4891,"href":"https:\/\/danishfibres.com\/da\/wp-json\/wp\/v2\/pages\/1063\/revisions\/4891"}],"up":[{"embeddable":true,"href":"https:\/\/danishfibres.com\/da\/wp-json\/wp\/v2\/pages\/1028"}],"wp:attachment":[{"href":"https:\/\/danishfibres.com\/da\/wp-json\/wp\/v2\/media?parent=1063"}],"curies":[{"name":"wp","href":"https:\/\/api.w.org\/{rel}","templated":true}]}}