{"id":1257,"date":"2025-08-29T08:41:27","date_gmt":"2025-08-29T06:41:27","guid":{"rendered":"https:\/\/danishfibres.com\/?page_id=1257"},"modified":"2025-11-24T11:29:11","modified_gmt":"2025-11-24T10:29:11","slug":"om-os-3","status":"publish","type":"page","link":"https:\/\/danishfibres.com\/da\/om-os-3\/","title":{"rendered":"Om os"},"content":{"rendered":"<p><img fetchpriority=\"high\" decoding=\"async\" width=\"800\" height=\"337\" src=\"https:\/\/danishfibres.com\/wp-content\/uploads\/voresstyrker-3.jpg\" alt=\"\" srcset=\"https:\/\/danishfibres.com\/wp-content\/uploads\/voresstyrker-3.jpg 831w, https:\/\/danishfibres.com\/wp-content\/uploads\/voresstyrker-3-300x126.jpg 300w, https:\/\/danishfibres.com\/wp-content\/uploads\/voresstyrker-3-768x323.jpg 768w\" sizes=\"(max-width: 800px) 100vw, 800px\" \/>\t\t\t\t\t\t\t\t\t\t\t\t\t<\/p>\n<p>Profil<\/p>\n<h2>Global leverand\u00f8r af polypropylenfibre<\/h2>\n<p><strong>Danish Fibres A\/S er en global leverand\u00f8r af specialiserede polypropylenfiberprodukter. Vores m\u00e5l er at tilbyde polypropylenfibre af h\u00f8jeste kvalitet \u2013 og altid til en konkurrencedygtig pris.<\/strong><\/p>\n<p>Med en hurtig og fleksibel produktionslinje kan vi producere PP-fibre til en bred vifte af form\u00e5l, herunder:<\/p>\n<ul>\n<li>Betonarmering og spr\u00e6ngstyring<\/li>\n<li>Brandbeskyttelse af tunneler<\/li>\n<li>Effektiv vand- og luftfiltrering<\/li>\n<li>Papirforbedring<\/li>\n<li>Stabilisering af jord p\u00e5 sportspladser<\/li>\n<li>\u2026og meget mere<\/li>\n<\/ul>\n<p>P\u00e5 baggrund af mere end 30 \u00e5rs erfaring tilbyder vi omfattende knowhow og det h\u00f8jeste kvalitetsniveau i produktionen. S\u00e5ledes har vi opn\u00e5et dokumenteret gode resultater indenfor levering af konstruktionsfibre til nogle af verdens f\u00f8rende arkitektoniske og infrastrukturelle projekter. Et par eksempler: Et par eksempler:<\/p>\n<ul>\n<li>Heathrow Lufthavn (London, Storbritannien)<\/li>\n<li>Quatar Nationalmuseum (Doha, Staten Quatar)<\/li>\n<li>Turning Torso (Malm\u00f8, Sweden)<\/li>\n<li>Channel Tunnel Rail Link (Storbritannien og Frankrig)<\/li>\n<li>Petronas Towers (Kuala Lumpur, Malaysia)<\/li>\n<\/ul>\n<p><a href=\"https:\/\/danishfibres.com\/da\/om-os-2\/vores-styrker\/\">L\u00e6s mere om vores styrker<\/a><\/p>\n<p>Profil<\/p>\n<p>\t\t\t\t\t\t\t\t\t\t\t\t\t<img decoding=\"async\" width=\"800\" height=\"388\" src=\"https:\/\/danishfibres.com\/wp-content\/uploads\/Danish_Fibres_Construction_Technical_Fibres-1024x497.jpg\" alt=\"\" srcset=\"https:\/\/danishfibres.com\/wp-content\/uploads\/Danish_Fibres_Construction_Technical_Fibres-1024x497.jpg 1024w, https:\/\/danishfibres.com\/wp-content\/uploads\/Danish_Fibres_Construction_Technical_Fibres-300x145.jpg 300w, https:\/\/danishfibres.com\/wp-content\/uploads\/Danish_Fibres_Construction_Technical_Fibres-768x372.jpg 768w, https:\/\/danishfibres.com\/wp-content\/uploads\/Danish_Fibres_Construction_Technical_Fibres-1536x745.jpg 1536w, https:\/\/danishfibres.com\/wp-content\/uploads\/Danish_Fibres_Construction_Technical_Fibres.jpg 1856w\" sizes=\"(max-width: 800px) 100vw, 800px\" \/>\t\t\t\t\t\t\t\t\t\t\t\t\t<\/p>\n<p>Produktinformation<\/p>\n<p>Udforsk vores f\u00f8rende udvalg af konstruktionsfibre<\/p>\n<p>H\u00f8jtydende polypropylenfibre til betonarmering, der giver spr\u00e6ngstyring, tr\u00e6kstyrke og brandbeskyttelse.<\/p>\n<p>\t\t\t\t\t\t\t\t<a href=\"https:\/\/danishfibres.com\/da\/konstruktionsfibre\/teknologi\/\"><br \/>\n\t\t\t\t<svg aria-hidden=\"true\" viewBox=\"0 0 320 512\" xmlns=\"http:\/\/www.w3.org\/2000\/svg\"><path d=\"M285.476 272.971L91.132 467.314c-9.373 9.373-24.569 9.373-33.941 0l-22.667-22.667c-9.357-9.357-9.375-24.522-.04-33.901L188.505 256 34.484 101.255c-9.335-9.379-9.317-24.544.04-33.901l22.667-22.667c9.373-9.373 24.569-9.373 33.941 0L285.475 239.03c9.373 9.372 9.373 24.568.001 33.941z\"><\/path><\/svg><br \/>\n\t\t\t\t\t\t\t\t\tL\u00e6s mere om vores konstruktionsfibre<br \/>\n\t\t\t\t\t<\/a><br \/>\n\t\t\t\t\t\t<iframe title=\"Danish Fibres - Polypropylene fibres for concrete reinforcement\" width=\"800\" height=\"450\" src=\"https:\/\/www.youtube.com\/embed\/ub3d0J9aTow?feature=oembed\" frameborder=\"0\" allow=\"accelerometer; autoplay; clipboard-write; encrypted-media; gyroscope; picture-in-picture; web-share\" referrerpolicy=\"strict-origin-when-cross-origin\" allowfullscreen><\/iframe><\/p>\n","protected":false},"excerpt":{"rendered":"<p>Profil Global leverand\u00f8r af polypropylenfibre Danish Fibres A\/S er en global leverand\u00f8r af specialiserede polypropylenfiberprodukter. Vores m\u00e5l er at tilbyde polypropylenfibre af h\u00f8jeste kvalitet \u2013 og altid til en konkurrencedygtig pris. Med en hurtig og fleksibel produktionslinje kan vi producere PP-fibre til en bred vifte af form\u00e5l, herunder: Betonarmering og spr\u00e6ngstyring Brandbeskyttelse af tunneler Effektiv [&hellip;]<\/p>\n","protected":false},"author":2,"featured_media":0,"parent":0,"menu_order":0,"comment_status":"closed","ping_status":"closed","template":"","meta":{"_acf_changed":false,"footnotes":""},"class_list":["post-1257","page","type-page","status-publish","hentry"],"acf":[],"yoast_head":"<!-- This site is optimized with the Yoast SEO plugin v27.5 - https:\/\/yoast.com\/product\/yoast-seo-wordpress\/ -->\n<title>Om os - Danish Fibres<\/title>\n<meta name=\"robots\" content=\"index, follow, max-snippet:-1, max-image-preview:large, max-video-preview:-1\" \/>\n<link rel=\"canonical\" href=\"https:\/\/danishfibres.com\/da\/om-os-3\/\" \/>\n<meta property=\"og:locale\" content=\"da_DK\" \/>\n<meta property=\"og:type\" content=\"article\" \/>\n<meta property=\"og:title\" content=\"Om os - Danish Fibres\" \/>\n<meta property=\"og:description\" content=\"Profil Global leverand\u00f8r af polypropylenfibre Danish Fibres A\/S er en global leverand\u00f8r af specialiserede polypropylenfiberprodukter. Vores m\u00e5l er at tilbyde polypropylenfibre af h\u00f8jeste kvalitet \u2013 og altid til en konkurrencedygtig pris. Med en hurtig og fleksibel produktionslinje kan vi producere PP-fibre til en bred vifte af form\u00e5l, herunder: Betonarmering og spr\u00e6ngstyring Brandbeskyttelse af tunneler Effektiv [&hellip;]\" \/>\n<meta property=\"og:url\" content=\"https:\/\/danishfibres.com\/da\/om-os-3\/\" \/>\n<meta property=\"og:site_name\" content=\"Danish Fibres\" \/>\n<meta property=\"article:modified_time\" content=\"2025-11-24T10:29:11+00:00\" \/>\n<meta property=\"og:image\" content=\"https:\/\/danishfibres.com\/wp-content\/uploads\/voresstyrker-3.jpg\" \/>\n\t<meta property=\"og:image:width\" content=\"831\" \/>\n\t<meta property=\"og:image:height\" content=\"350\" \/>\n\t<meta property=\"og:image:type\" content=\"image\/jpeg\" \/>\n<meta name=\"twitter:card\" content=\"summary_large_image\" \/>\n<meta name=\"twitter:label1\" content=\"Estimeret l\u00e6setid\" \/>\n\t<meta name=\"twitter:data1\" content=\"1 minut\" \/>\n<script type=\"application\/ld+json\" class=\"yoast-schema-graph\">{\"@context\":\"https:\\\/\\\/schema.org\",\"@graph\":[{\"@type\":\"WebPage\",\"@id\":\"https:\\\/\\\/danishfibres.com\\\/da\\\/om-os-3\\\/\",\"url\":\"https:\\\/\\\/danishfibres.com\\\/da\\\/om-os-3\\\/\",\"name\":\"Om os - Danish Fibres\",\"isPartOf\":{\"@id\":\"https:\\\/\\\/danishfibres.com\\\/da\\\/#website\"},\"primaryImageOfPage\":{\"@id\":\"https:\\\/\\\/danishfibres.com\\\/da\\\/om-os-3\\\/#primaryimage\"},\"image\":{\"@id\":\"https:\\\/\\\/danishfibres.com\\\/da\\\/om-os-3\\\/#primaryimage\"},\"thumbnailUrl\":\"https:\\\/\\\/danishfibres.com\\\/wp-content\\\/uploads\\\/voresstyrker-3.jpg\",\"datePublished\":\"2025-08-29T06:41:27+00:00\",\"dateModified\":\"2025-11-24T10:29:11+00:00\",\"breadcrumb\":{\"@id\":\"https:\\\/\\\/danishfibres.com\\\/da\\\/om-os-3\\\/#breadcrumb\"},\"inLanguage\":\"da-DK\",\"potentialAction\":[{\"@type\":\"ReadAction\",\"target\":[\"https:\\\/\\\/danishfibres.com\\\/da\\\/om-os-3\\\/\"]}]},{\"@type\":\"ImageObject\",\"inLanguage\":\"da-DK\",\"@id\":\"https:\\\/\\\/danishfibres.com\\\/da\\\/om-os-3\\\/#primaryimage\",\"url\":\"https:\\\/\\\/danishfibres.com\\\/wp-content\\\/uploads\\\/voresstyrker-3.jpg\",\"contentUrl\":\"https:\\\/\\\/danishfibres.com\\\/wp-content\\\/uploads\\\/voresstyrker-3.jpg\"},{\"@type\":\"BreadcrumbList\",\"@id\":\"https:\\\/\\\/danishfibres.com\\\/da\\\/om-os-3\\\/#breadcrumb\",\"itemListElement\":[{\"@type\":\"ListItem\",\"position\":1,\"name\":\"Danish Fibres\",\"item\":\"https:\\\/\\\/danishfibres.com\\\/da\\\/forside\\\/\"},{\"@type\":\"ListItem\",\"position\":2,\"name\":\"Om os\"}]},{\"@type\":\"WebSite\",\"@id\":\"https:\\\/\\\/danishfibres.com\\\/da\\\/#website\",\"url\":\"https:\\\/\\\/danishfibres.com\\\/da\\\/\",\"name\":\"Danish Fibres\",\"description\":\"Benefit from 40 years experience\",\"potentialAction\":[{\"@type\":\"SearchAction\",\"target\":{\"@type\":\"EntryPoint\",\"urlTemplate\":\"https:\\\/\\\/danishfibres.com\\\/da\\\/?s={search_term_string}\"},\"query-input\":{\"@type\":\"PropertyValueSpecification\",\"valueRequired\":true,\"valueName\":\"search_term_string\"}}],\"inLanguage\":\"da-DK\"}]}<\/script>\n<!-- \/ Yoast SEO plugin. -->","yoast_head_json":{"title":"Om os - Danish Fibres","robots":{"index":"index","follow":"follow","max-snippet":"max-snippet:-1","max-image-preview":"max-image-preview:large","max-video-preview":"max-video-preview:-1"},"canonical":"https:\/\/danishfibres.com\/da\/om-os-3\/","og_locale":"da_DK","og_type":"article","og_title":"Om os - Danish Fibres","og_description":"Profil Global leverand\u00f8r af polypropylenfibre Danish Fibres A\/S er en global leverand\u00f8r af specialiserede polypropylenfiberprodukter. Vores m\u00e5l er at tilbyde polypropylenfibre af h\u00f8jeste kvalitet \u2013 og altid til en konkurrencedygtig pris. Med en hurtig og fleksibel produktionslinje kan vi producere PP-fibre til en bred vifte af form\u00e5l, herunder: Betonarmering og spr\u00e6ngstyring Brandbeskyttelse af tunneler Effektiv [&hellip;]","og_url":"https:\/\/danishfibres.com\/da\/om-os-3\/","og_site_name":"Danish Fibres","article_modified_time":"2025-11-24T10:29:11+00:00","og_image":[{"width":831,"height":350,"url":"https:\/\/danishfibres.com\/wp-content\/uploads\/voresstyrker-3.jpg","type":"image\/jpeg"}],"twitter_card":"summary_large_image","twitter_misc":{"Estimeret l\u00e6setid":"1 minut"},"schema":{"@context":"https:\/\/schema.org","@graph":[{"@type":"WebPage","@id":"https:\/\/danishfibres.com\/da\/om-os-3\/","url":"https:\/\/danishfibres.com\/da\/om-os-3\/","name":"Om os - Danish Fibres","isPartOf":{"@id":"https:\/\/danishfibres.com\/da\/#website"},"primaryImageOfPage":{"@id":"https:\/\/danishfibres.com\/da\/om-os-3\/#primaryimage"},"image":{"@id":"https:\/\/danishfibres.com\/da\/om-os-3\/#primaryimage"},"thumbnailUrl":"https:\/\/danishfibres.com\/wp-content\/uploads\/voresstyrker-3.jpg","datePublished":"2025-08-29T06:41:27+00:00","dateModified":"2025-11-24T10:29:11+00:00","breadcrumb":{"@id":"https:\/\/danishfibres.com\/da\/om-os-3\/#breadcrumb"},"inLanguage":"da-DK","potentialAction":[{"@type":"ReadAction","target":["https:\/\/danishfibres.com\/da\/om-os-3\/"]}]},{"@type":"ImageObject","inLanguage":"da-DK","@id":"https:\/\/danishfibres.com\/da\/om-os-3\/#primaryimage","url":"https:\/\/danishfibres.com\/wp-content\/uploads\/voresstyrker-3.jpg","contentUrl":"https:\/\/danishfibres.com\/wp-content\/uploads\/voresstyrker-3.jpg"},{"@type":"BreadcrumbList","@id":"https:\/\/danishfibres.com\/da\/om-os-3\/#breadcrumb","itemListElement":[{"@type":"ListItem","position":1,"name":"Danish Fibres","item":"https:\/\/danishfibres.com\/da\/forside\/"},{"@type":"ListItem","position":2,"name":"Om os"}]},{"@type":"WebSite","@id":"https:\/\/danishfibres.com\/da\/#website","url":"https:\/\/danishfibres.com\/da\/","name":"Danish Fibres","description":"Benefit from 40 years experience","potentialAction":[{"@type":"SearchAction","target":{"@type":"EntryPoint","urlTemplate":"https:\/\/danishfibres.com\/da\/?s={search_term_string}"},"query-input":{"@type":"PropertyValueSpecification","valueRequired":true,"valueName":"search_term_string"}}],"inLanguage":"da-DK"}]}},"_links":{"self":[{"href":"https:\/\/danishfibres.com\/da\/wp-json\/wp\/v2\/pages\/1257","targetHints":{"allow":["GET"]}}],"collection":[{"href":"https:\/\/danishfibres.com\/da\/wp-json\/wp\/v2\/pages"}],"about":[{"href":"https:\/\/danishfibres.com\/da\/wp-json\/wp\/v2\/types\/page"}],"author":[{"embeddable":true,"href":"https:\/\/danishfibres.com\/da\/wp-json\/wp\/v2\/users\/2"}],"replies":[{"embeddable":true,"href":"https:\/\/danishfibres.com\/da\/wp-json\/wp\/v2\/comments?post=1257"}],"version-history":[{"count":2,"href":"https:\/\/danishfibres.com\/da\/wp-json\/wp\/v2\/pages\/1257\/revisions"}],"predecessor-version":[{"id":4046,"href":"https:\/\/danishfibres.com\/da\/wp-json\/wp\/v2\/pages\/1257\/revisions\/4046"}],"wp:attachment":[{"href":"https:\/\/danishfibres.com\/da\/wp-json\/wp\/v2\/media?parent=1257"}],"curies":[{"name":"wp","href":"https:\/\/api.w.org\/{rel}","templated":true}]}}