{"id":1519,"date":"2025-08-29T09:58:31","date_gmt":"2025-08-29T07:58:31","guid":{"rendered":"https:\/\/danishfibres.com\/om-os\/turning-torso\/"},"modified":"2025-12-01T09:10:36","modified_gmt":"2025-12-01T08:10:36","slug":"turning-torso","status":"publish","type":"page","link":"https:\/\/danishfibres.com\/da\/cases\/turning-torso\/","title":{"rendered":"Turning Torso"},"content":{"rendered":"\t\t<div data-elementor-type=\"wp-page\" data-elementor-id=\"1519\" class=\"elementor elementor-1519 elementor-1359\" data-elementor-post-type=\"page\">\n\t\t\t\t<div class=\"elementor-element elementor-element-ae671e9 e-flex e-con-boxed e-con e-parent\" data-id=\"ae671e9\" data-element_type=\"container\" data-e-type=\"container\" data-settings=\"{&quot;background_background&quot;:&quot;classic&quot;}\">\n\t\t\t\t\t<div class=\"e-con-inner\">\n\t\t\t\t<div class=\"elementor-element elementor-element-0cd8626 elementor-widget elementor-widget-breadcrumbs\" data-id=\"0cd8626\" data-element_type=\"widget\" data-e-type=\"widget\" data-widget_type=\"breadcrumbs.default\">\n\t\t\t\t\t<p id=\"breadcrumbs\"><span><span><a href=\"https:\/\/danishfibres.com\/da\/forside\/\">Danish Fibres<\/a><\/span><\/span><\/p>\t\t\t\t<\/div>\n\t\t<div class=\"elementor-element elementor-element-7c5696f e-con-full e-flex e-con e-child\" data-id=\"7c5696f\" data-element_type=\"container\" data-e-type=\"container\" data-settings=\"{&quot;background_background&quot;:&quot;classic&quot;}\">\n\t\t<div class=\"elementor-element elementor-element-1b708e6 e-con-full e-flex e-con e-child\" data-id=\"1b708e6\" data-element_type=\"container\" data-e-type=\"container\">\n\t\t\t\t<div class=\"elementor-element elementor-element-16b086e elementor-widget elementor-widget-image\" data-id=\"16b086e\" data-element_type=\"widget\" data-e-type=\"widget\" data-widget_type=\"image.default\">\n\t\t\t\t\t\t\t\t\t\t\t\t\t\t\t<img fetchpriority=\"high\" decoding=\"async\" width=\"800\" height=\"337\" src=\"https:\/\/danishfibres.com\/wp-content\/uploads\/turning_torso_construction_fibres_danish_fibres_case_2.jpg\" class=\"attachment-large size-large wp-image-1368\" alt=\"Turning Torso, Construction Fibres supplied by Danish Fibres\" srcset=\"https:\/\/danishfibres.com\/wp-content\/uploads\/turning_torso_construction_fibres_danish_fibres_case_2.jpg 830w, https:\/\/danishfibres.com\/wp-content\/uploads\/turning_torso_construction_fibres_danish_fibres_case_2-300x127.jpg 300w, https:\/\/danishfibres.com\/wp-content\/uploads\/turning_torso_construction_fibres_danish_fibres_case_2-768x324.jpg 768w\" sizes=\"(max-width: 800px) 100vw, 800px\" \/>\t\t\t\t\t\t\t\t\t\t\t\t\t\t\t<\/div>\n\t\t<div class=\"elementor-element elementor-element-7a80f8e e-con-full e-flex e-con e-child\" data-id=\"7a80f8e\" data-element_type=\"container\" data-e-type=\"container\">\n\t\t\t\t<div class=\"elementor-element elementor-element-4183b32 elementor-widget elementor-widget-text-editor\" data-id=\"4183b32\" data-element_type=\"widget\" data-e-type=\"widget\" data-widget_type=\"text-editor.default\">\n\t\t\t\t\t\t\t\t\t<p>Cases<\/p>\t\t\t\t\t\t\t\t<\/div>\n\t\t\t\t<div class=\"elementor-element elementor-element-37ceceb elementor-widget elementor-widget-heading\" data-id=\"37ceceb\" data-element_type=\"widget\" data-e-type=\"widget\" data-widget_type=\"heading.default\">\n\t\t\t\t\t<h1 class=\"elementor-heading-title elementor-size-default\">Turning Torso, skyskraber<\/h1>\t\t\t\t<\/div>\n\t\t\t\t<div class=\"elementor-element elementor-element-b578c5f elementor-widget__width-inherit df-text elementor-widget elementor-widget-text-editor\" data-id=\"b578c5f\" data-element_type=\"widget\" data-e-type=\"widget\" data-widget_type=\"text-editor.default\">\n\t\t\t\t\t\t\t\t\t<p><strong>Vi er den stolte leverand\u00f8r af konstruktionsfibre til den prisbel\u00f8nnede skyskraber Turning Torso i Malm\u00f8, Sverige.<\/strong><\/p><p>Turning Torso blev f\u00e6rdiggjort i 2005 som verdens f\u00f8rste twistende skyskraber. Bygningen roterer 90 grader langs ni uregelm\u00e6ssige femkantede sektioner. Denne rotation underst\u00f8ttes af en udvendig st\u00e5lramme.  <\/p><p>Turning Torsos form og enorme v\u00e6gt kr\u00e6vede beton af ekstraordin\u00e6r styrke. Ved at tils\u00e6tte vores Wiking\u00ae Mikrofibre til betonblandingen blev tr\u00e6kstyrken for\u00f8get, og dannelsen af revner reduceret. P\u00e5 samme tid fungerer fibrene som brandh\u00e6mmende materiale, hvilket minimerer risikoen for eksplosiv fragmentering i tilf\u00e6lde af brand.  <\/p><p>I dag er Turning Torso stadig den h\u00f8jeste bygning i Skandinavien, og i 2015 vandt bygningen CTBUHs 10-\u00e5rs Pris.<\/p>\t\t\t\t\t\t\t\t<\/div>\n\t\t\t\t<\/div>\n\t\t\t\t<\/div>\n\t\t<div class=\"elementor-element elementor-element-27ab0d4 e-con-full e-flex e-con e-child\" data-id=\"27ab0d4\" data-element_type=\"container\" data-e-type=\"container\">\n\t\t\t\t<div class=\"elementor-element elementor-element-d8f2049 df-aside elementor-widget elementor-widget-text-editor\" data-id=\"d8f2049\" data-element_type=\"widget\" data-e-type=\"widget\" data-widget_type=\"text-editor.default\">\n\t\t\t\t\t\t\t\t\t<div class=\"wpb_text_column wpb_content_element detailfakta\"><div class=\"wpb_wrapper\"><h2><strong>Fakta:<\/strong><\/h2><\/div><\/div><div class=\"divider-wrap\" data-alignment=\"default\"><div class=\"divider\"><strong>Projekt:<\/strong><\/div><\/div><div class=\"wpb_text_column wpb_content_element faktaliste\"><div class=\"wpb_wrapper\"><p>Skyskraber<\/p><p><strong>Anvendte fibre:<\/strong><br>Wiking\u00ae Micro Fibres 16 mikron 6 mm<\/p><p><a class=\"nolinkorange\" href=\"https:\/\/danishfibres.com\/da\/konstruktionsfibre\/wiking-mikrofibre\/\">L\u00e6s mere om Wiking\u00ae Micro Fibre <\/a><\/p><\/div><\/div>\t\t\t\t\t\t\t\t<\/div>\n\t\t\t\t<\/div>\n\t\t\t\t<\/div>\n\t\t\t\t\t<\/div>\n\t\t\t\t<\/div>\n\t\t<div class=\"elementor-element elementor-element-a773b95 e-flex e-con-boxed e-con e-parent\" data-id=\"a773b95\" data-element_type=\"container\" data-e-type=\"container\" data-settings=\"{&quot;background_background&quot;:&quot;classic&quot;}\">\n\t\t\t\t\t<div class=\"e-con-inner\">\n\t\t<div class=\"elementor-element elementor-element-07e3f84 e-con-full e-flex e-con e-child\" data-id=\"07e3f84\" data-element_type=\"container\" data-e-type=\"container\" data-settings=\"{&quot;background_background&quot;:&quot;classic&quot;}\">\n\t\t<div class=\"elementor-element elementor-element-c356a0c e-con-full e-flex e-con e-child\" data-id=\"c356a0c\" data-element_type=\"container\" data-e-type=\"container\">\n\t\t\t\t<div class=\"elementor-element elementor-element-49bbfb1 elementor-widget elementor-widget-heading\" data-id=\"49bbfb1\" data-element_type=\"widget\" data-e-type=\"widget\" data-widget_type=\"heading.default\">\n\t\t\t\t\t<h2 class=\"elementor-heading-title elementor-size-default\">M\u00f8d vores salgsteam<\/h2>\t\t\t\t<\/div>\n\t\t<div class=\"elementor-element elementor-element-7af6bfe e-con-full e-flex e-con e-child\" data-id=\"7af6bfe\" data-element_type=\"container\" data-e-type=\"container\">\n\t\t<div class=\"elementor-element elementor-element-7d8e3a9 e-con-full e-flex e-con e-child\" data-id=\"7d8e3a9\" data-element_type=\"container\" data-e-type=\"container\">\n\t\t\t\t<div class=\"elementor-element elementor-element-50b970a sales-title elementor-widget elementor-widget-heading\" data-id=\"50b970a\" data-element_type=\"widget\" data-e-type=\"widget\" data-widget_type=\"heading.default\">\n\t\t\t\t\t<p class=\"elementor-heading-title elementor-size-default\">CEO\/President<\/p>\t\t\t\t<\/div>\n\t\t\t\t<div class=\"elementor-element elementor-element-1eff0c6 sales-name elementor-widget elementor-widget-heading\" data-id=\"1eff0c6\" data-element_type=\"widget\" data-e-type=\"widget\" data-widget_type=\"heading.default\">\n\t\t\t\t\t<p class=\"elementor-heading-title elementor-size-default\">Palle Kuntz<\/p>\t\t\t\t<\/div>\n\t\t\t\t<div class=\"elementor-element elementor-element-bbd367e elementor-widget elementor-widget-heading\" data-id=\"bbd367e\" data-element_type=\"widget\" data-e-type=\"widget\" data-widget_type=\"heading.default\">\n\t\t\t\t\t<p class=\"elementor-heading-title elementor-size-default\"><a href=\"tel:+4524659615\">+45 24 65 96 15<\/a><\/p>\t\t\t\t<\/div>\n\t\t\t\t<div class=\"elementor-element elementor-element-a53bf40 sales-name elementor-widget elementor-widget-heading\" data-id=\"a53bf40\" data-element_type=\"widget\" data-e-type=\"widget\" data-widget_type=\"heading.default\">\n\t\t\t\t\t<p class=\"elementor-heading-title elementor-size-default\"><a href=\"mailto:pku@danishfibres.dk\">pku@danishfibres.dk<\/a><\/p>\t\t\t\t<\/div>\n\t\t\t\t<\/div>\n\t\t<div class=\"elementor-element elementor-element-5cab7e8 e-con-full e-flex e-con e-child\" data-id=\"5cab7e8\" data-element_type=\"container\" data-e-type=\"container\">\n\t\t\t\t<div class=\"elementor-element elementor-element-c06e207 sales-title elementor-widget elementor-widget-heading\" data-id=\"c06e207\" data-element_type=\"widget\" data-e-type=\"widget\" data-widget_type=\"heading.default\">\n\t\t\t\t\t<p class=\"elementor-heading-title elementor-size-default\">Sales Manager<\/p>\t\t\t\t<\/div>\n\t\t\t\t<div class=\"elementor-element elementor-element-797b09c sales-name elementor-widget elementor-widget-heading\" data-id=\"797b09c\" data-element_type=\"widget\" data-e-type=\"widget\" data-widget_type=\"heading.default\">\n\t\t\t\t\t<p class=\"elementor-heading-title elementor-size-default\">David Etzerodt<\/p>\t\t\t\t<\/div>\n\t\t\t\t<div class=\"elementor-element elementor-element-411780c elementor-widget elementor-widget-heading\" data-id=\"411780c\" data-element_type=\"widget\" data-e-type=\"widget\" data-widget_type=\"heading.default\">\n\t\t\t\t\t<p class=\"elementor-heading-title elementor-size-default\"><a href=\"tel:+4520580599\">+45 20 58 05 99<\/a><\/p>\t\t\t\t<\/div>\n\t\t\t\t<div class=\"elementor-element elementor-element-70d5124 sales-name elementor-widget elementor-widget-heading\" data-id=\"70d5124\" data-element_type=\"widget\" data-e-type=\"widget\" data-widget_type=\"heading.default\">\n\t\t\t\t\t<p class=\"elementor-heading-title elementor-size-default\"><a href=\"mailto:dke@danishfibres.dk\">dke@danishfibres.dk<\/a><\/p>\t\t\t\t<\/div>\n\t\t\t\t<\/div>\n\t\t\t\t<\/div>\n\t\t\t\t<div class=\"elementor-element elementor-element-c68fade elementor-widget elementor-widget-button\" data-id=\"c68fade\" data-element_type=\"widget\" data-e-type=\"widget\" data-widget_type=\"button.default\">\n\t\t\t\t\t\t\t\t\t\t<a class=\"elementor-button elementor-button-link elementor-size-sm\" href=\"https:\/\/danishfibres.com\/da\/kontakt\/\">\n\t\t\t\t\t\t<span class=\"elementor-button-content-wrapper\">\n\t\t\t\t\t\t\t\t\t<span class=\"elementor-button-text\">Kontakt os<\/span>\n\t\t\t\t\t<\/span>\n\t\t\t\t\t<\/a>\n\t\t\t\t\t\t\t\t<\/div>\n\t\t\t\t<\/div>\n\t\t<div class=\"elementor-element elementor-element-6b1cc9b e-con-full e-flex e-con e-child\" data-id=\"6b1cc9b\" data-element_type=\"container\" data-e-type=\"container\" data-settings=\"{&quot;background_background&quot;:&quot;classic&quot;}\">\n\t\t\t\t<div class=\"elementor-element elementor-element-d5fec0f elementor-widget elementor-widget-image\" data-id=\"d5fec0f\" data-element_type=\"widget\" data-e-type=\"widget\" data-widget_type=\"image.default\">\n\t\t\t\t\t\t\t\t\t\t\t\t\t\t\t<img decoding=\"async\" width=\"527\" height=\"278\" src=\"https:\/\/danishfibres.com\/wp-content\/uploads\/Our_Sales_Team_Danish_Fibres_subpage.jpg\" class=\"attachment-large size-large wp-image-243\" alt=\"\" srcset=\"https:\/\/danishfibres.com\/wp-content\/uploads\/Our_Sales_Team_Danish_Fibres_subpage.jpg 527w, https:\/\/danishfibres.com\/wp-content\/uploads\/Our_Sales_Team_Danish_Fibres_subpage-300x158.jpg 300w\" sizes=\"(max-width: 527px) 100vw, 527px\" \/>\t\t\t\t\t\t\t\t\t\t\t\t\t\t\t<\/div>\n\t\t\t\t<\/div>\n\t\t\t\t<\/div>\n\t\t\t\t\t<\/div>\n\t\t\t\t<\/div>\n\t\t<div class=\"elementor-element elementor-element-ea2fb25 e-grid e-con-boxed e-con e-parent\" data-id=\"ea2fb25\" data-element_type=\"container\" data-e-type=\"container\" data-settings=\"{&quot;background_background&quot;:&quot;classic&quot;}\">\n\t\t\t\t\t<div class=\"e-con-inner\">\n\t\t<div class=\"elementor-element elementor-element-82c52fb e-con-full e-flex e-con e-child\" data-id=\"82c52fb\" data-element_type=\"container\" data-e-type=\"container\">\n\t\t\t\t<div class=\"elementor-element elementor-element-093280c elementor-widget elementor-widget-image\" data-id=\"093280c\" data-element_type=\"widget\" data-e-type=\"widget\" data-widget_type=\"image.default\">\n\t\t\t\t\t\t\t\t\t\t\t\t\t\t\t<img decoding=\"async\" src=\"https:\/\/danishfibres.com\/wp-content\/uploads\/Danish_Fibres_Construction_Technical_Fibres.jpg\" title=\"\" alt=\"\" loading=\"lazy\" \/>\t\t\t\t\t\t\t\t\t\t\t\t\t\t\t<\/div>\n\t\t\t\t<\/div>\n\t\t<div class=\"elementor-element elementor-element-ea74b2c e-con-full clickable-parent e-flex e-con e-child\" data-id=\"ea74b2c\" data-element_type=\"container\" data-e-type=\"container\" data-settings=\"{&quot;background_background&quot;:&quot;classic&quot;}\">\n\t\t\t\t<div class=\"elementor-element elementor-element-bc76c2b elementor-widget elementor-widget-text-editor\" data-id=\"bc76c2b\" data-element_type=\"widget\" data-e-type=\"widget\" data-widget_type=\"text-editor.default\">\n\t\t\t\t\t\t\t\t\t<p>Produktinformation<\/p>\t\t\t\t\t\t\t\t<\/div>\n\t\t\t\t<div class=\"elementor-element elementor-element-0fae8eb elementor-widget elementor-widget-text-editor\" data-id=\"0fae8eb\" data-element_type=\"widget\" data-e-type=\"widget\" data-widget_type=\"text-editor.default\">\n\t\t\t\t\t\t\t\t\t<p>Udforsk vores f\u00f8rende udvalg af konstruktionsfibre<\/p>\t\t\t\t\t\t\t\t<\/div>\n\t\t\t\t<div class=\"elementor-element elementor-element-910ca84 elementor-widget elementor-widget-text-editor\" data-id=\"910ca84\" data-element_type=\"widget\" data-e-type=\"widget\" data-widget_type=\"text-editor.default\">\n\t\t\t\t\t\t\t\t\t<p>H\u00f8jtydende polypropylenfibre til betonarmering, der giver spr\u00e6ngstyring, tr\u00e6kstyrke og brandbeskyttelse.<\/p>\t\t\t\t\t\t\t\t<\/div>\n\t\t\t\t<div class=\"elementor-element elementor-element-8863742 elementor-widget elementor-widget-button\" data-id=\"8863742\" data-element_type=\"widget\" data-e-type=\"widget\" data-widget_type=\"button.default\">\n\t\t\t\t\t\t\t\t\t\t<a class=\"elementor-button elementor-button-link elementor-size-sm\" href=\"https:\/\/danishfibres.com\/da\/konstruktionsfibre\/teknologi\/\">\n\t\t\t\t\t\t<span class=\"elementor-button-content-wrapper\">\n\t\t\t\t\t\t<span class=\"elementor-button-icon\">\n\t\t\t\t<svg aria-hidden=\"true\" class=\"e-font-icon-svg e-fas-chevron-right\" viewBox=\"0 0 320 512\" xmlns=\"http:\/\/www.w3.org\/2000\/svg\"><path d=\"M285.476 272.971L91.132 467.314c-9.373 9.373-24.569 9.373-33.941 0l-22.667-22.667c-9.357-9.357-9.375-24.522-.04-33.901L188.505 256 34.484 101.255c-9.335-9.379-9.317-24.544.04-33.901l22.667-22.667c9.373-9.373 24.569-9.373 33.941 0L285.475 239.03c9.373 9.372 9.373 24.568.001 33.941z\"><\/path><\/svg>\t\t\t<\/span>\n\t\t\t\t\t\t\t\t\t<span class=\"elementor-button-text\">L\u00e6s mere om vores konstruktionsfibre<\/span>\n\t\t\t\t\t<\/span>\n\t\t\t\t\t<\/a>\n\t\t\t\t\t\t\t\t<\/div>\n\t\t\t\t<\/div>\n\t\t\t\t\t<\/div>\n\t\t\t\t<\/div>\n\t\t\t\t<\/div>\n\t\t","protected":false},"excerpt":{"rendered":"<p>Cases Turning Torso, skyskraber Vi er den stolte leverand\u00f8r af konstruktionsfibre til den prisbel\u00f8nnede skyskraber Turning Torso i Malm\u00f8, Sverige. Turning Torso blev f\u00e6rdiggjort i 2005 som verdens f\u00f8rste twistende skyskraber. Bygningen roterer 90 grader langs ni uregelm\u00e6ssige femkantede sektioner. Denne rotation underst\u00f8ttes af en udvendig st\u00e5lramme. Turning Torsos form og enorme v\u00e6gt kr\u00e6vede beton [&hellip;]<\/p>\n","protected":false},"author":2,"featured_media":0,"parent":1681,"menu_order":0,"comment_status":"closed","ping_status":"closed","template":"","meta":{"_acf_changed":false,"footnotes":""},"class_list":["post-1519","page","type-page","status-publish","hentry"],"acf":[],"yoast_head":"<!-- This site is optimized with the Yoast SEO plugin v27.4 - https:\/\/yoast.com\/product\/yoast-seo-wordpress\/ -->\n<title>Turning Torso - Danish Fibres<\/title>\n<meta name=\"description\" content=\"L\u00e6s hvordan Danish Fibres styrkede det ikoniske Turning Torso med betonfibre for maksimal styrke, holdbarhed og designkvalitet.\" \/>\n<meta name=\"robots\" content=\"index, follow, max-snippet:-1, max-image-preview:large, max-video-preview:-1\" \/>\n<link rel=\"canonical\" href=\"https:\/\/danishfibres.com\/da\/cases\/turning-torso\/\" \/>\n<meta property=\"og:locale\" content=\"da_DK\" \/>\n<meta property=\"og:type\" content=\"article\" \/>\n<meta property=\"og:title\" content=\"Turning Torso - Danish Fibres\" \/>\n<meta property=\"og:description\" content=\"L\u00e6s hvordan Danish Fibres styrkede det ikoniske Turning Torso med betonfibre for maksimal styrke, holdbarhed og designkvalitet.\" \/>\n<meta property=\"og:url\" content=\"https:\/\/danishfibres.com\/da\/cases\/turning-torso\/\" \/>\n<meta property=\"og:site_name\" content=\"Danish Fibres\" \/>\n<meta property=\"article:modified_time\" content=\"2025-12-01T08:10:36+00:00\" \/>\n<meta property=\"og:image\" content=\"https:\/\/danishfibres.com\/wp-content\/uploads\/turning_torso_construction_fibres_danish_fibres_case_2.jpg\" \/>\n\t<meta property=\"og:image:width\" content=\"830\" \/>\n\t<meta property=\"og:image:height\" content=\"350\" \/>\n\t<meta property=\"og:image:type\" content=\"image\/jpeg\" \/>\n<meta name=\"twitter:card\" content=\"summary_large_image\" \/>\n<meta name=\"twitter:label1\" content=\"Estimeret l\u00e6setid\" \/>\n\t<meta name=\"twitter:data1\" content=\"1 minut\" \/>\n<script type=\"application\/ld+json\" class=\"yoast-schema-graph\">{\"@context\":\"https:\\\/\\\/schema.org\",\"@graph\":[{\"@type\":\"WebPage\",\"@id\":\"https:\\\/\\\/danishfibres.com\\\/da\\\/cases\\\/turning-torso\\\/\",\"url\":\"https:\\\/\\\/danishfibres.com\\\/da\\\/cases\\\/turning-torso\\\/\",\"name\":\"Turning Torso - Danish Fibres\",\"isPartOf\":{\"@id\":\"https:\\\/\\\/danishfibres.com\\\/da\\\/#website\"},\"primaryImageOfPage\":{\"@id\":\"https:\\\/\\\/danishfibres.com\\\/da\\\/cases\\\/turning-torso\\\/#primaryimage\"},\"image\":{\"@id\":\"https:\\\/\\\/danishfibres.com\\\/da\\\/cases\\\/turning-torso\\\/#primaryimage\"},\"thumbnailUrl\":\"https:\\\/\\\/danishfibres.com\\\/wp-content\\\/uploads\\\/turning_torso_construction_fibres_danish_fibres_case_2.jpg\",\"datePublished\":\"2025-08-29T07:58:31+00:00\",\"dateModified\":\"2025-12-01T08:10:36+00:00\",\"description\":\"L\u00e6s hvordan Danish Fibres styrkede det ikoniske Turning Torso med betonfibre for maksimal styrke, holdbarhed og designkvalitet.\",\"breadcrumb\":{\"@id\":\"https:\\\/\\\/danishfibres.com\\\/da\\\/cases\\\/turning-torso\\\/#breadcrumb\"},\"inLanguage\":\"da-DK\",\"potentialAction\":[{\"@type\":\"ReadAction\",\"target\":[\"https:\\\/\\\/danishfibres.com\\\/da\\\/cases\\\/turning-torso\\\/\"]}]},{\"@type\":\"ImageObject\",\"inLanguage\":\"da-DK\",\"@id\":\"https:\\\/\\\/danishfibres.com\\\/da\\\/cases\\\/turning-torso\\\/#primaryimage\",\"url\":\"https:\\\/\\\/danishfibres.com\\\/wp-content\\\/uploads\\\/turning_torso_construction_fibres_danish_fibres_case_2.jpg\",\"contentUrl\":\"https:\\\/\\\/danishfibres.com\\\/wp-content\\\/uploads\\\/turning_torso_construction_fibres_danish_fibres_case_2.jpg\"},{\"@type\":\"BreadcrumbList\",\"@id\":\"https:\\\/\\\/danishfibres.com\\\/da\\\/cases\\\/turning-torso\\\/#breadcrumb\",\"itemListElement\":[{\"@type\":\"ListItem\",\"position\":1,\"name\":\"Danish Fibres\",\"item\":\"https:\\\/\\\/danishfibres.com\\\/da\\\/forside\\\/\"},{\"@type\":\"ListItem\",\"position\":2,\"name\":\"Cases\",\"item\":\"https:\\\/\\\/danishfibres.com\\\/da\\\/cases\\\/\"},{\"@type\":\"ListItem\",\"position\":3,\"name\":\"Turning Torso\"}]},{\"@type\":\"WebSite\",\"@id\":\"https:\\\/\\\/danishfibres.com\\\/da\\\/#website\",\"url\":\"https:\\\/\\\/danishfibres.com\\\/da\\\/\",\"name\":\"Danish Fibres\",\"description\":\"Benefit from 40 years experience\",\"potentialAction\":[{\"@type\":\"SearchAction\",\"target\":{\"@type\":\"EntryPoint\",\"urlTemplate\":\"https:\\\/\\\/danishfibres.com\\\/da\\\/?s={search_term_string}\"},\"query-input\":{\"@type\":\"PropertyValueSpecification\",\"valueRequired\":true,\"valueName\":\"search_term_string\"}}],\"inLanguage\":\"da-DK\"}]}<\/script>\n<!-- \/ Yoast SEO plugin. -->","yoast_head_json":{"title":"Turning Torso - Danish Fibres","description":"L\u00e6s hvordan Danish Fibres styrkede det ikoniske Turning Torso med betonfibre for maksimal styrke, holdbarhed og designkvalitet.","robots":{"index":"index","follow":"follow","max-snippet":"max-snippet:-1","max-image-preview":"max-image-preview:large","max-video-preview":"max-video-preview:-1"},"canonical":"https:\/\/danishfibres.com\/da\/cases\/turning-torso\/","og_locale":"da_DK","og_type":"article","og_title":"Turning Torso - Danish Fibres","og_description":"L\u00e6s hvordan Danish Fibres styrkede det ikoniske Turning Torso med betonfibre for maksimal styrke, holdbarhed og designkvalitet.","og_url":"https:\/\/danishfibres.com\/da\/cases\/turning-torso\/","og_site_name":"Danish Fibres","article_modified_time":"2025-12-01T08:10:36+00:00","og_image":[{"width":830,"height":350,"url":"https:\/\/danishfibres.com\/wp-content\/uploads\/turning_torso_construction_fibres_danish_fibres_case_2.jpg","type":"image\/jpeg"}],"twitter_card":"summary_large_image","twitter_misc":{"Estimeret l\u00e6setid":"1 minut"},"schema":{"@context":"https:\/\/schema.org","@graph":[{"@type":"WebPage","@id":"https:\/\/danishfibres.com\/da\/cases\/turning-torso\/","url":"https:\/\/danishfibres.com\/da\/cases\/turning-torso\/","name":"Turning Torso - Danish Fibres","isPartOf":{"@id":"https:\/\/danishfibres.com\/da\/#website"},"primaryImageOfPage":{"@id":"https:\/\/danishfibres.com\/da\/cases\/turning-torso\/#primaryimage"},"image":{"@id":"https:\/\/danishfibres.com\/da\/cases\/turning-torso\/#primaryimage"},"thumbnailUrl":"https:\/\/danishfibres.com\/wp-content\/uploads\/turning_torso_construction_fibres_danish_fibres_case_2.jpg","datePublished":"2025-08-29T07:58:31+00:00","dateModified":"2025-12-01T08:10:36+00:00","description":"L\u00e6s hvordan Danish Fibres styrkede det ikoniske Turning Torso med betonfibre for maksimal styrke, holdbarhed og designkvalitet.","breadcrumb":{"@id":"https:\/\/danishfibres.com\/da\/cases\/turning-torso\/#breadcrumb"},"inLanguage":"da-DK","potentialAction":[{"@type":"ReadAction","target":["https:\/\/danishfibres.com\/da\/cases\/turning-torso\/"]}]},{"@type":"ImageObject","inLanguage":"da-DK","@id":"https:\/\/danishfibres.com\/da\/cases\/turning-torso\/#primaryimage","url":"https:\/\/danishfibres.com\/wp-content\/uploads\/turning_torso_construction_fibres_danish_fibres_case_2.jpg","contentUrl":"https:\/\/danishfibres.com\/wp-content\/uploads\/turning_torso_construction_fibres_danish_fibres_case_2.jpg"},{"@type":"BreadcrumbList","@id":"https:\/\/danishfibres.com\/da\/cases\/turning-torso\/#breadcrumb","itemListElement":[{"@type":"ListItem","position":1,"name":"Danish Fibres","item":"https:\/\/danishfibres.com\/da\/forside\/"},{"@type":"ListItem","position":2,"name":"Cases","item":"https:\/\/danishfibres.com\/da\/cases\/"},{"@type":"ListItem","position":3,"name":"Turning Torso"}]},{"@type":"WebSite","@id":"https:\/\/danishfibres.com\/da\/#website","url":"https:\/\/danishfibres.com\/da\/","name":"Danish Fibres","description":"Benefit from 40 years experience","potentialAction":[{"@type":"SearchAction","target":{"@type":"EntryPoint","urlTemplate":"https:\/\/danishfibres.com\/da\/?s={search_term_string}"},"query-input":{"@type":"PropertyValueSpecification","valueRequired":true,"valueName":"search_term_string"}}],"inLanguage":"da-DK"}]}},"_links":{"self":[{"href":"https:\/\/danishfibres.com\/da\/wp-json\/wp\/v2\/pages\/1519","targetHints":{"allow":["GET"]}}],"collection":[{"href":"https:\/\/danishfibres.com\/da\/wp-json\/wp\/v2\/pages"}],"about":[{"href":"https:\/\/danishfibres.com\/da\/wp-json\/wp\/v2\/types\/page"}],"author":[{"embeddable":true,"href":"https:\/\/danishfibres.com\/da\/wp-json\/wp\/v2\/users\/2"}],"replies":[{"embeddable":true,"href":"https:\/\/danishfibres.com\/da\/wp-json\/wp\/v2\/comments?post=1519"}],"version-history":[{"count":11,"href":"https:\/\/danishfibres.com\/da\/wp-json\/wp\/v2\/pages\/1519\/revisions"}],"predecessor-version":[{"id":4778,"href":"https:\/\/danishfibres.com\/da\/wp-json\/wp\/v2\/pages\/1519\/revisions\/4778"}],"up":[{"embeddable":true,"href":"https:\/\/danishfibres.com\/da\/wp-json\/wp\/v2\/pages\/1681"}],"wp:attachment":[{"href":"https:\/\/danishfibres.com\/da\/wp-json\/wp\/v2\/media?parent=1519"}],"curies":[{"name":"wp","href":"https:\/\/api.w.org\/{rel}","templated":true}]}}