{"id":1626,"date":"2025-08-29T09:42:37","date_gmt":"2025-08-29T07:42:37","guid":{"rendered":"https:\/\/danishfibres.com\/om-os\/danish-fibres-og-mikroplast\/"},"modified":"2025-12-01T09:15:09","modified_gmt":"2025-12-01T08:15:09","slug":"danish-fibres-og-mikroplast","status":"publish","type":"page","link":"https:\/\/danishfibres.com\/da\/om-os\/danish-fibres-og-mikroplast\/","title":{"rendered":"Danish Fibres og mikroplast"},"content":{"rendered":"\t\t<div data-elementor-type=\"wp-page\" data-elementor-id=\"1626\" class=\"elementor elementor-1626 elementor-1328\" data-elementor-post-type=\"page\">\n\t\t\t\t<div class=\"elementor-element elementor-element-1b49b50 e-flex e-con-boxed e-con e-parent\" data-id=\"1b49b50\" data-element_type=\"container\" data-e-type=\"container\" data-settings=\"{&quot;background_background&quot;:&quot;classic&quot;}\">\n\t\t\t\t\t<div class=\"e-con-inner\">\n\t\t\t\t<div class=\"elementor-element elementor-element-2eeed27 elementor-widget elementor-widget-breadcrumbs\" data-id=\"2eeed27\" data-element_type=\"widget\" data-e-type=\"widget\" data-widget_type=\"breadcrumbs.default\">\n\t\t\t\t\t<p id=\"breadcrumbs\"><span><span><a href=\"https:\/\/danishfibres.com\/da\/forside\/\">Danish Fibres<\/a><\/span><\/span><\/p>\t\t\t\t<\/div>\n\t\t<div class=\"elementor-element elementor-element-7c5696f e-con-full e-flex e-con e-child\" data-id=\"7c5696f\" data-element_type=\"container\" data-e-type=\"container\" data-settings=\"{&quot;background_background&quot;:&quot;classic&quot;}\">\n\t\t<div class=\"elementor-element elementor-element-1b708e6 e-con-full e-flex e-con e-child\" data-id=\"1b708e6\" data-element_type=\"container\" data-e-type=\"container\">\n\t\t\t\t<div class=\"elementor-element elementor-element-16b086e elementor-widget elementor-widget-image\" data-id=\"16b086e\" data-element_type=\"widget\" data-e-type=\"widget\" data-widget_type=\"image.default\">\n\t\t\t\t\t\t\t\t\t\t\t\t\t\t\t<img fetchpriority=\"high\" decoding=\"async\" width=\"800\" height=\"337\" src=\"https:\/\/danishfibres.com\/wp-content\/uploads\/EU_Microplastics_Danish-Fibres_web.jpg\" class=\"attachment-large size-large wp-image-1331\" alt=\"EU Mikroplastics Danish Fibres\" srcset=\"https:\/\/danishfibres.com\/wp-content\/uploads\/EU_Microplastics_Danish-Fibres_web.jpg 830w, https:\/\/danishfibres.com\/wp-content\/uploads\/EU_Microplastics_Danish-Fibres_web-300x127.jpg 300w, https:\/\/danishfibres.com\/wp-content\/uploads\/EU_Microplastics_Danish-Fibres_web-768x324.jpg 768w\" sizes=\"(max-width: 800px) 100vw, 800px\" \/>\t\t\t\t\t\t\t\t\t\t\t\t\t\t\t<\/div>\n\t\t<div class=\"elementor-element elementor-element-7a80f8e e-con-full e-flex e-con e-child\" data-id=\"7a80f8e\" data-element_type=\"container\" data-e-type=\"container\">\n\t\t\t\t<div class=\"elementor-element elementor-element-37ceceb elementor-widget elementor-widget-heading\" data-id=\"37ceceb\" data-element_type=\"widget\" data-e-type=\"widget\" data-widget_type=\"heading.default\">\n\t\t\t\t\t<h1 class=\"elementor-heading-title elementor-size-default\">Danish Fibres og mikroplast<\/h1>\t\t\t\t<\/div>\n\t\t\t\t<div class=\"elementor-element elementor-element-b578c5f elementor-widget__width-inherit df-text elementor-widget elementor-widget-text-editor\" data-id=\"b578c5f\" data-element_type=\"widget\" data-e-type=\"widget\" data-widget_type=\"text-editor.default\">\n\t\t\t\t\t\t\t\t\t<p><strong>Hos Danish Fibres leverer vi en h\u00f8j kvalitet polypropylenfibre til en bred vifte af anvendelser, herunder betonarmering, jordstabilisering, papirforst\u00e6rkning og meget mere. Vi er opm\u00e6rksomme p\u00e5 de milj\u00f8m\u00e6ssige udfordringer, som mikroplast udg\u00f8r, og vi arbejder altid p\u00e5 at sikre, at vores produkter overholder de nyeste reguleringer og standarder. <\/strong><\/p><h2>Vi f\u00f8lger n\u00f8je de g\u00e6ldende EU-reguleringer.<\/h2><p>Byggeproduktsforordningen fasts\u00e6tter krav til byggeprodukter, herunder polymerfibre i beton, og vi sikrer, at vores produkter opfylder disse krav for at sikre h\u00f8j ydeevne og milj\u00f8m\u00e6ssig b\u00e6redygtighed. Desuden overholder vi DS\/EN 14889-2:2006 standarden, som beskriver kravene til polymerfibre i beton, for at sikre optimal styrke og holdbarhed. <\/p><p>For at minimere milj\u00f8p\u00e5virkningen fra mikroplast overholder vi Forordning (EU) 2023\/2055, som begr\u00e6nser produkter, der kan frigive mikroplast til milj\u00f8et. Vi arbejder ogs\u00e5 kontinuerligt p\u00e5 at forbedre vores produkters milj\u00f8profil i overensstemmelse med \u00d8kodesignforordningen (EU) 2023\/2486, som stiller krav til produkters milj\u00f8p\u00e5virkning, herunder emissioner fra polymermaterialer. <\/p><p>Endelig sikrer vi, at vores produkter er designet med henblik p\u00e5 b\u00e6redygtighed og minimal milj\u00f8p\u00e5virkning ved slutbrug i overensstemmelse med Affaldsrammedirektivet (Direktiv 2008\/98\/EF).<\/p><h2>Vores Produkter<\/h2><p>Byggeprodukter: Vores monofilament polypropylenfibre er ideelle til forebyggelse af revner i beton. De er certificerede til brug i beton og opfylder de strengeste krav til kvalitet og ydeevne. <\/p><p>Tekniske Fibre: Vores tekniske fibre, herunder Wiking\u00ae fibre, er udviklet til en bred vifte af anvendelser s\u00e5som luftfiltrering, papirforst\u00e6rkning og jordstabilisering. Disse fibre er lavet af 100% jomfru polypropylen og tilbyder en r\u00e6kke fordele, herunder h\u00f8j tr\u00e6kstyrke og resistens over for biologiske og kemiske angreb. <\/p><p>Hos Danish Fibres er vi forpligtet til at levere produkter, der ikke kun opfylder dine behov, men ogs\u00e5 bidrager til en b\u00e6redygtig fremtid.<\/p><p>Kontakt os for flere informationer og for mere udf\u00f8rlig dokumentation af de enkelte produkter.<\/p><h2>L\u00e6s mere:<\/h2><p>De f\u00f8romtalte EU-reguleringer omfatter f\u00f8lgende:<\/p><ul><li><strong>Byggeproduktsforordningen (EU) 2024\/3110<\/strong> fasts\u00e6tter krav til byggeprodukter, herunder polymerfibre i beton, for at sikre kvalitet og milj\u00f8m\u00e6ssig b\u00e6redygtighed.<\/li><li><strong>DS\/EN 14889-2:2006<\/strong> is a harmonized standard that describes the requirements for polymer fibers in concrete and ensures optimal strength and durability.<\/li><li><strong>Forordning (EU) 2023\/2055<\/strong> om mikroplast begr\u00e6nser produkter, der kan frigive mikroplast til milj\u00f8et, for at minimere milj\u00f8p\u00e5virkningen.<\/li><li><strong>\u00d8kodesignforordningen (EU) 2023\/2486<\/strong> stiller krav til produkters milj\u00f8p\u00e5virkning, herunder emissioner fra polymermaterialer, for at fremme b\u00e6redygtighed.<\/li><li><strong>Affaldsrammedirektivet (Direktiv 2008\/98\/EF)<\/strong> regulerer h\u00e5ndteringen af byggeaffald, hvilket kan v\u00e6re relevant, hvis produktet har en milj\u00f8p\u00e5virkning ved slutningen af dets anvendelse.<\/li><\/ul>\t\t\t\t\t\t\t\t<\/div>\n\t\t\t\t<\/div>\n\t\t\t\t<\/div>\n\t\t<div class=\"elementor-element elementor-element-27ab0d4 e-con-full e-flex e-con e-child\" data-id=\"27ab0d4\" data-element_type=\"container\" data-e-type=\"container\">\n\t\t\t\t<\/div>\n\t\t\t\t<\/div>\n\t\t\t\t\t<\/div>\n\t\t\t\t<\/div>\n\t\t<div class=\"elementor-element elementor-element-2d737fd e-flex e-con-boxed e-con e-parent\" data-id=\"2d737fd\" data-element_type=\"container\" data-e-type=\"container\" data-settings=\"{&quot;background_background&quot;:&quot;classic&quot;}\">\n\t\t\t\t\t<div class=\"e-con-inner\">\n\t\t<div class=\"elementor-element elementor-element-5fcfc2e e-con-full e-flex e-con e-child\" data-id=\"5fcfc2e\" data-element_type=\"container\" data-e-type=\"container\" data-settings=\"{&quot;background_background&quot;:&quot;classic&quot;}\">\n\t\t<div class=\"elementor-element elementor-element-1f09bed e-con-full e-flex e-con e-child\" data-id=\"1f09bed\" data-element_type=\"container\" data-e-type=\"container\">\n\t\t\t\t<div class=\"elementor-element elementor-element-099a8e9 elementor-widget elementor-widget-heading\" data-id=\"099a8e9\" data-element_type=\"widget\" data-e-type=\"widget\" data-widget_type=\"heading.default\">\n\t\t\t\t\t<h2 class=\"elementor-heading-title elementor-size-default\">M\u00f8d vores salgsteam<\/h2>\t\t\t\t<\/div>\n\t\t<div class=\"elementor-element elementor-element-087e023 e-con-full e-flex e-con e-child\" data-id=\"087e023\" data-element_type=\"container\" data-e-type=\"container\">\n\t\t<div class=\"elementor-element elementor-element-6f9e2c0 e-con-full e-flex e-con e-child\" data-id=\"6f9e2c0\" data-element_type=\"container\" data-e-type=\"container\">\n\t\t\t\t<div class=\"elementor-element elementor-element-b5555d5 sales-title elementor-widget elementor-widget-heading\" data-id=\"b5555d5\" data-element_type=\"widget\" data-e-type=\"widget\" data-widget_type=\"heading.default\">\n\t\t\t\t\t<p class=\"elementor-heading-title elementor-size-default\">CEO\/President<\/p>\t\t\t\t<\/div>\n\t\t\t\t<div class=\"elementor-element elementor-element-e318c47 sales-name elementor-widget elementor-widget-heading\" data-id=\"e318c47\" data-element_type=\"widget\" data-e-type=\"widget\" data-widget_type=\"heading.default\">\n\t\t\t\t\t<p class=\"elementor-heading-title elementor-size-default\">Palle Kuntz<\/p>\t\t\t\t<\/div>\n\t\t\t\t<div class=\"elementor-element elementor-element-3ea640d elementor-widget elementor-widget-heading\" data-id=\"3ea640d\" data-element_type=\"widget\" data-e-type=\"widget\" data-widget_type=\"heading.default\">\n\t\t\t\t\t<p class=\"elementor-heading-title elementor-size-default\"><a href=\"tel:+4524659615\">+45 24 65 96 15<\/a><\/p>\t\t\t\t<\/div>\n\t\t\t\t<div class=\"elementor-element elementor-element-fb10544 sales-name elementor-widget elementor-widget-heading\" data-id=\"fb10544\" data-element_type=\"widget\" data-e-type=\"widget\" data-widget_type=\"heading.default\">\n\t\t\t\t\t<p class=\"elementor-heading-title elementor-size-default\"><a href=\"mailto:pku@danishfibres.dk\">pku@danishfibres.dk<\/a><\/p>\t\t\t\t<\/div>\n\t\t\t\t<\/div>\n\t\t<div class=\"elementor-element elementor-element-f919ae7 e-con-full e-flex e-con e-child\" data-id=\"f919ae7\" data-element_type=\"container\" data-e-type=\"container\">\n\t\t\t\t<div class=\"elementor-element elementor-element-aa096b5 sales-title elementor-widget elementor-widget-heading\" data-id=\"aa096b5\" data-element_type=\"widget\" data-e-type=\"widget\" data-widget_type=\"heading.default\">\n\t\t\t\t\t<p class=\"elementor-heading-title elementor-size-default\">Sales Manager<\/p>\t\t\t\t<\/div>\n\t\t\t\t<div class=\"elementor-element elementor-element-f9dd6b5 sales-name elementor-widget elementor-widget-heading\" data-id=\"f9dd6b5\" data-element_type=\"widget\" data-e-type=\"widget\" data-widget_type=\"heading.default\">\n\t\t\t\t\t<p class=\"elementor-heading-title elementor-size-default\">David Etzerodt<\/p>\t\t\t\t<\/div>\n\t\t\t\t<div class=\"elementor-element elementor-element-f106274 elementor-widget elementor-widget-heading\" data-id=\"f106274\" data-element_type=\"widget\" data-e-type=\"widget\" data-widget_type=\"heading.default\">\n\t\t\t\t\t<p class=\"elementor-heading-title elementor-size-default\"><a href=\"tel:+4520580599\">+45 20 58 05 99<\/a><\/p>\t\t\t\t<\/div>\n\t\t\t\t<div class=\"elementor-element elementor-element-c20d159 sales-name elementor-widget elementor-widget-heading\" data-id=\"c20d159\" data-element_type=\"widget\" data-e-type=\"widget\" data-widget_type=\"heading.default\">\n\t\t\t\t\t<p class=\"elementor-heading-title elementor-size-default\"><a href=\"mailto:dke@danishfibres.dk\">dke@danishfibres.dk<\/a><\/p>\t\t\t\t<\/div>\n\t\t\t\t<\/div>\n\t\t\t\t<\/div>\n\t\t\t\t<div class=\"elementor-element elementor-element-db0103d elementor-widget elementor-widget-button\" data-id=\"db0103d\" data-element_type=\"widget\" data-e-type=\"widget\" data-widget_type=\"button.default\">\n\t\t\t\t\t\t\t\t\t\t<a class=\"elementor-button elementor-button-link elementor-size-sm\" href=\"https:\/\/danishfibres.com\/da\/kontakt\/\">\n\t\t\t\t\t\t<span class=\"elementor-button-content-wrapper\">\n\t\t\t\t\t\t\t\t\t<span class=\"elementor-button-text\">Kontakt os<\/span>\n\t\t\t\t\t<\/span>\n\t\t\t\t\t<\/a>\n\t\t\t\t\t\t\t\t<\/div>\n\t\t\t\t<\/div>\n\t\t<div class=\"elementor-element elementor-element-40b3b2b e-con-full e-flex e-con e-child\" data-id=\"40b3b2b\" data-element_type=\"container\" data-e-type=\"container\" data-settings=\"{&quot;background_background&quot;:&quot;classic&quot;}\">\n\t\t\t\t<div class=\"elementor-element elementor-element-db2ea08 elementor-widget elementor-widget-image\" data-id=\"db2ea08\" data-element_type=\"widget\" data-e-type=\"widget\" data-widget_type=\"image.default\">\n\t\t\t\t\t\t\t\t\t\t\t\t\t\t\t<img decoding=\"async\" width=\"527\" height=\"278\" src=\"https:\/\/danishfibres.com\/wp-content\/uploads\/Our_Sales_Team_Danish_Fibres_subpage.jpg\" class=\"attachment-large size-large wp-image-243\" alt=\"\" srcset=\"https:\/\/danishfibres.com\/wp-content\/uploads\/Our_Sales_Team_Danish_Fibres_subpage.jpg 527w, https:\/\/danishfibres.com\/wp-content\/uploads\/Our_Sales_Team_Danish_Fibres_subpage-300x158.jpg 300w\" sizes=\"(max-width: 527px) 100vw, 527px\" \/>\t\t\t\t\t\t\t\t\t\t\t\t\t\t\t<\/div>\n\t\t\t\t<\/div>\n\t\t\t\t<\/div>\n\t\t\t\t\t<\/div>\n\t\t\t\t<\/div>\n\t\t<div class=\"elementor-element elementor-element-b25c8c6 e-grid e-con-boxed e-con e-parent\" data-id=\"b25c8c6\" data-element_type=\"container\" data-e-type=\"container\" data-settings=\"{&quot;background_background&quot;:&quot;classic&quot;}\">\n\t\t\t\t\t<div class=\"e-con-inner\">\n\t\t<div class=\"elementor-element elementor-element-5fb706b e-con-full e-flex e-con e-child\" data-id=\"5fb706b\" data-element_type=\"container\" data-e-type=\"container\">\n\t\t\t\t<div class=\"elementor-element elementor-element-445e075 elementor-widget elementor-widget-image\" data-id=\"445e075\" data-element_type=\"widget\" data-e-type=\"widget\" data-widget_type=\"image.default\">\n\t\t\t\t\t\t\t\t\t\t\t\t\t\t\t<img decoding=\"async\" src=\"https:\/\/danishfibres.com\/wp-content\/uploads\/Danish_Fibres_Construction_Technical_Fibres.jpg\" title=\"\" alt=\"\" loading=\"lazy\" \/>\t\t\t\t\t\t\t\t\t\t\t\t\t\t\t<\/div>\n\t\t\t\t<\/div>\n\t\t<div class=\"elementor-element elementor-element-34ac125 e-con-full clickable-parent e-flex e-con e-child\" data-id=\"34ac125\" data-element_type=\"container\" data-e-type=\"container\" data-settings=\"{&quot;background_background&quot;:&quot;classic&quot;}\">\n\t\t\t\t<div class=\"elementor-element elementor-element-4ccad47 elementor-widget elementor-widget-text-editor\" data-id=\"4ccad47\" data-element_type=\"widget\" data-e-type=\"widget\" data-widget_type=\"text-editor.default\">\n\t\t\t\t\t\t\t\t\t<p>Produktinformation<\/p>\t\t\t\t\t\t\t\t<\/div>\n\t\t\t\t<div class=\"elementor-element elementor-element-437fc67 elementor-widget elementor-widget-text-editor\" data-id=\"437fc67\" data-element_type=\"widget\" data-e-type=\"widget\" data-widget_type=\"text-editor.default\">\n\t\t\t\t\t\t\t\t\t<p>Udforsk vores f\u00f8rende udvalg af konstruktionsfibre<\/p>\t\t\t\t\t\t\t\t<\/div>\n\t\t\t\t<div class=\"elementor-element elementor-element-b09b997 elementor-widget elementor-widget-text-editor\" data-id=\"b09b997\" data-element_type=\"widget\" data-e-type=\"widget\" data-widget_type=\"text-editor.default\">\n\t\t\t\t\t\t\t\t\t<p>H\u00f8jtydende polypropylenfibre til betonarmering, der giver spr\u00e6ngstyring, tr\u00e6kstyrke og brandbeskyttelse.<\/p>\t\t\t\t\t\t\t\t<\/div>\n\t\t\t\t<div class=\"elementor-element elementor-element-a117d0a elementor-widget elementor-widget-button\" data-id=\"a117d0a\" data-element_type=\"widget\" data-e-type=\"widget\" data-widget_type=\"button.default\">\n\t\t\t\t\t\t\t\t\t\t<a class=\"elementor-button elementor-button-link elementor-size-sm\" href=\"https:\/\/danishfibres.com\/da\/konstruktionsfibre\/teknologi\/\">\n\t\t\t\t\t\t<span class=\"elementor-button-content-wrapper\">\n\t\t\t\t\t\t<span class=\"elementor-button-icon\">\n\t\t\t\t<svg aria-hidden=\"true\" class=\"e-font-icon-svg e-fas-chevron-right\" viewBox=\"0 0 320 512\" xmlns=\"http:\/\/www.w3.org\/2000\/svg\"><path d=\"M285.476 272.971L91.132 467.314c-9.373 9.373-24.569 9.373-33.941 0l-22.667-22.667c-9.357-9.357-9.375-24.522-.04-33.901L188.505 256 34.484 101.255c-9.335-9.379-9.317-24.544.04-33.901l22.667-22.667c9.373-9.373 24.569-9.373 33.941 0L285.475 239.03c9.373 9.372 9.373 24.568.001 33.941z\"><\/path><\/svg>\t\t\t<\/span>\n\t\t\t\t\t\t\t\t\t<span class=\"elementor-button-text\">L\u00e6s mere om vores konstruktionsfibre<\/span>\n\t\t\t\t\t<\/span>\n\t\t\t\t\t<\/a>\n\t\t\t\t\t\t\t\t<\/div>\n\t\t\t\t<\/div>\n\t\t\t\t\t<\/div>\n\t\t\t\t<\/div>\n\t\t\t\t<\/div>\n\t\t","protected":false},"excerpt":{"rendered":"<p>Danish Fibres og mikroplast Hos Danish Fibres leverer vi en h\u00f8j kvalitet polypropylenfibre til en bred vifte af anvendelser, herunder betonarmering, jordstabilisering, papirforst\u00e6rkning og meget mere. Vi er opm\u00e6rksomme p\u00e5 de milj\u00f8m\u00e6ssige udfordringer, som mikroplast udg\u00f8r, og vi arbejder altid p\u00e5 at sikre, at vores produkter overholder de nyeste reguleringer og standarder. Vi f\u00f8lger n\u00f8je [&hellip;]<\/p>\n","protected":false},"author":2,"featured_media":0,"parent":2865,"menu_order":0,"comment_status":"closed","ping_status":"closed","template":"","meta":{"_acf_changed":false,"footnotes":""},"class_list":["post-1626","page","type-page","status-publish","hentry"],"acf":[],"yoast_head":"<!-- This site is optimized with the Yoast SEO plugin v27.4 - https:\/\/yoast.com\/product\/yoast-seo-wordpress\/ -->\n<title>Danish Fibres og mikroplast - Danish Fibres<\/title>\n<meta name=\"description\" content=\"L\u00e6s hvordan Danish Fibres mindsker mikroplastp\u00e5virkning med betonfibre og fremmer b\u00e6redygtigt byggeri.\" \/>\n<meta name=\"robots\" content=\"index, follow, max-snippet:-1, max-image-preview:large, max-video-preview:-1\" \/>\n<link rel=\"canonical\" href=\"https:\/\/danishfibres.com\/da\/om-os\/danish-fibres-og-mikroplast\/\" \/>\n<meta property=\"og:locale\" content=\"da_DK\" \/>\n<meta property=\"og:type\" content=\"article\" \/>\n<meta property=\"og:title\" content=\"Danish Fibres og mikroplast - Danish Fibres\" \/>\n<meta property=\"og:description\" content=\"L\u00e6s hvordan Danish Fibres mindsker mikroplastp\u00e5virkning med betonfibre og fremmer b\u00e6redygtigt byggeri.\" \/>\n<meta property=\"og:url\" content=\"https:\/\/danishfibres.com\/da\/om-os\/danish-fibres-og-mikroplast\/\" \/>\n<meta property=\"og:site_name\" content=\"Danish Fibres\" \/>\n<meta property=\"article:modified_time\" content=\"2025-12-01T08:15:09+00:00\" \/>\n<meta property=\"og:image\" content=\"https:\/\/danishfibres.com\/wp-content\/uploads\/EU_Microplastics_Danish-Fibres_web.jpg\" \/>\n\t<meta property=\"og:image:width\" content=\"830\" \/>\n\t<meta property=\"og:image:height\" content=\"350\" \/>\n\t<meta property=\"og:image:type\" content=\"image\/jpeg\" \/>\n<meta name=\"twitter:card\" content=\"summary_large_image\" \/>\n<meta name=\"twitter:label1\" content=\"Estimeret l\u00e6setid\" \/>\n\t<meta name=\"twitter:data1\" content=\"2 minutter\" \/>\n<script type=\"application\/ld+json\" class=\"yoast-schema-graph\">{\"@context\":\"https:\\\/\\\/schema.org\",\"@graph\":[{\"@type\":\"WebPage\",\"@id\":\"https:\\\/\\\/danishfibres.com\\\/da\\\/om-os\\\/danish-fibres-og-mikroplast\\\/\",\"url\":\"https:\\\/\\\/danishfibres.com\\\/da\\\/om-os\\\/danish-fibres-og-mikroplast\\\/\",\"name\":\"Danish Fibres og mikroplast - Danish Fibres\",\"isPartOf\":{\"@id\":\"https:\\\/\\\/danishfibres.com\\\/da\\\/#website\"},\"primaryImageOfPage\":{\"@id\":\"https:\\\/\\\/danishfibres.com\\\/da\\\/om-os\\\/danish-fibres-og-mikroplast\\\/#primaryimage\"},\"image\":{\"@id\":\"https:\\\/\\\/danishfibres.com\\\/da\\\/om-os\\\/danish-fibres-og-mikroplast\\\/#primaryimage\"},\"thumbnailUrl\":\"https:\\\/\\\/danishfibres.com\\\/wp-content\\\/uploads\\\/EU_Microplastics_Danish-Fibres_web.jpg\",\"datePublished\":\"2025-08-29T07:42:37+00:00\",\"dateModified\":\"2025-12-01T08:15:09+00:00\",\"description\":\"L\u00e6s hvordan Danish Fibres mindsker mikroplastp\u00e5virkning med betonfibre og fremmer b\u00e6redygtigt byggeri.\",\"breadcrumb\":{\"@id\":\"https:\\\/\\\/danishfibres.com\\\/da\\\/om-os\\\/danish-fibres-og-mikroplast\\\/#breadcrumb\"},\"inLanguage\":\"da-DK\",\"potentialAction\":[{\"@type\":\"ReadAction\",\"target\":[\"https:\\\/\\\/danishfibres.com\\\/da\\\/om-os\\\/danish-fibres-og-mikroplast\\\/\"]}]},{\"@type\":\"ImageObject\",\"inLanguage\":\"da-DK\",\"@id\":\"https:\\\/\\\/danishfibres.com\\\/da\\\/om-os\\\/danish-fibres-og-mikroplast\\\/#primaryimage\",\"url\":\"https:\\\/\\\/danishfibres.com\\\/wp-content\\\/uploads\\\/EU_Microplastics_Danish-Fibres_web.jpg\",\"contentUrl\":\"https:\\\/\\\/danishfibres.com\\\/wp-content\\\/uploads\\\/EU_Microplastics_Danish-Fibres_web.jpg\"},{\"@type\":\"BreadcrumbList\",\"@id\":\"https:\\\/\\\/danishfibres.com\\\/da\\\/om-os\\\/danish-fibres-og-mikroplast\\\/#breadcrumb\",\"itemListElement\":[{\"@type\":\"ListItem\",\"position\":1,\"name\":\"Danish Fibres\",\"item\":\"https:\\\/\\\/danishfibres.com\\\/da\\\/forside\\\/\"},{\"@type\":\"ListItem\",\"position\":2,\"name\":\"Om os\",\"item\":\"https:\\\/\\\/danishfibres.com\\\/da\\\/om-os\\\/\"},{\"@type\":\"ListItem\",\"position\":3,\"name\":\"Danish Fibres og mikroplast\"}]},{\"@type\":\"WebSite\",\"@id\":\"https:\\\/\\\/danishfibres.com\\\/da\\\/#website\",\"url\":\"https:\\\/\\\/danishfibres.com\\\/da\\\/\",\"name\":\"Danish Fibres\",\"description\":\"Benefit from 40 years experience\",\"potentialAction\":[{\"@type\":\"SearchAction\",\"target\":{\"@type\":\"EntryPoint\",\"urlTemplate\":\"https:\\\/\\\/danishfibres.com\\\/da\\\/?s={search_term_string}\"},\"query-input\":{\"@type\":\"PropertyValueSpecification\",\"valueRequired\":true,\"valueName\":\"search_term_string\"}}],\"inLanguage\":\"da-DK\"}]}<\/script>\n<!-- \/ Yoast SEO plugin. -->","yoast_head_json":{"title":"Danish Fibres og mikroplast - Danish Fibres","description":"L\u00e6s hvordan Danish Fibres mindsker mikroplastp\u00e5virkning med betonfibre og fremmer b\u00e6redygtigt byggeri.","robots":{"index":"index","follow":"follow","max-snippet":"max-snippet:-1","max-image-preview":"max-image-preview:large","max-video-preview":"max-video-preview:-1"},"canonical":"https:\/\/danishfibres.com\/da\/om-os\/danish-fibres-og-mikroplast\/","og_locale":"da_DK","og_type":"article","og_title":"Danish Fibres og mikroplast - Danish Fibres","og_description":"L\u00e6s hvordan Danish Fibres mindsker mikroplastp\u00e5virkning med betonfibre og fremmer b\u00e6redygtigt byggeri.","og_url":"https:\/\/danishfibres.com\/da\/om-os\/danish-fibres-og-mikroplast\/","og_site_name":"Danish Fibres","article_modified_time":"2025-12-01T08:15:09+00:00","og_image":[{"width":830,"height":350,"url":"https:\/\/danishfibres.com\/wp-content\/uploads\/EU_Microplastics_Danish-Fibres_web.jpg","type":"image\/jpeg"}],"twitter_card":"summary_large_image","twitter_misc":{"Estimeret l\u00e6setid":"2 minutter"},"schema":{"@context":"https:\/\/schema.org","@graph":[{"@type":"WebPage","@id":"https:\/\/danishfibres.com\/da\/om-os\/danish-fibres-og-mikroplast\/","url":"https:\/\/danishfibres.com\/da\/om-os\/danish-fibres-og-mikroplast\/","name":"Danish Fibres og mikroplast - Danish Fibres","isPartOf":{"@id":"https:\/\/danishfibres.com\/da\/#website"},"primaryImageOfPage":{"@id":"https:\/\/danishfibres.com\/da\/om-os\/danish-fibres-og-mikroplast\/#primaryimage"},"image":{"@id":"https:\/\/danishfibres.com\/da\/om-os\/danish-fibres-og-mikroplast\/#primaryimage"},"thumbnailUrl":"https:\/\/danishfibres.com\/wp-content\/uploads\/EU_Microplastics_Danish-Fibres_web.jpg","datePublished":"2025-08-29T07:42:37+00:00","dateModified":"2025-12-01T08:15:09+00:00","description":"L\u00e6s hvordan Danish Fibres mindsker mikroplastp\u00e5virkning med betonfibre og fremmer b\u00e6redygtigt byggeri.","breadcrumb":{"@id":"https:\/\/danishfibres.com\/da\/om-os\/danish-fibres-og-mikroplast\/#breadcrumb"},"inLanguage":"da-DK","potentialAction":[{"@type":"ReadAction","target":["https:\/\/danishfibres.com\/da\/om-os\/danish-fibres-og-mikroplast\/"]}]},{"@type":"ImageObject","inLanguage":"da-DK","@id":"https:\/\/danishfibres.com\/da\/om-os\/danish-fibres-og-mikroplast\/#primaryimage","url":"https:\/\/danishfibres.com\/wp-content\/uploads\/EU_Microplastics_Danish-Fibres_web.jpg","contentUrl":"https:\/\/danishfibres.com\/wp-content\/uploads\/EU_Microplastics_Danish-Fibres_web.jpg"},{"@type":"BreadcrumbList","@id":"https:\/\/danishfibres.com\/da\/om-os\/danish-fibres-og-mikroplast\/#breadcrumb","itemListElement":[{"@type":"ListItem","position":1,"name":"Danish Fibres","item":"https:\/\/danishfibres.com\/da\/forside\/"},{"@type":"ListItem","position":2,"name":"Om os","item":"https:\/\/danishfibres.com\/da\/om-os\/"},{"@type":"ListItem","position":3,"name":"Danish Fibres og mikroplast"}]},{"@type":"WebSite","@id":"https:\/\/danishfibres.com\/da\/#website","url":"https:\/\/danishfibres.com\/da\/","name":"Danish Fibres","description":"Benefit from 40 years experience","potentialAction":[{"@type":"SearchAction","target":{"@type":"EntryPoint","urlTemplate":"https:\/\/danishfibres.com\/da\/?s={search_term_string}"},"query-input":{"@type":"PropertyValueSpecification","valueRequired":true,"valueName":"search_term_string"}}],"inLanguage":"da-DK"}]}},"_links":{"self":[{"href":"https:\/\/danishfibres.com\/da\/wp-json\/wp\/v2\/pages\/1626","targetHints":{"allow":["GET"]}}],"collection":[{"href":"https:\/\/danishfibres.com\/da\/wp-json\/wp\/v2\/pages"}],"about":[{"href":"https:\/\/danishfibres.com\/da\/wp-json\/wp\/v2\/types\/page"}],"author":[{"embeddable":true,"href":"https:\/\/danishfibres.com\/da\/wp-json\/wp\/v2\/users\/2"}],"replies":[{"embeddable":true,"href":"https:\/\/danishfibres.com\/da\/wp-json\/wp\/v2\/comments?post=1626"}],"version-history":[{"count":9,"href":"https:\/\/danishfibres.com\/da\/wp-json\/wp\/v2\/pages\/1626\/revisions"}],"predecessor-version":[{"id":4803,"href":"https:\/\/danishfibres.com\/da\/wp-json\/wp\/v2\/pages\/1626\/revisions\/4803"}],"up":[{"embeddable":true,"href":"https:\/\/danishfibres.com\/da\/wp-json\/wp\/v2\/pages\/2865"}],"wp:attachment":[{"href":"https:\/\/danishfibres.com\/da\/wp-json\/wp\/v2\/media?parent=1626"}],"curies":[{"name":"wp","href":"https:\/\/api.w.org\/{rel}","templated":true}]}}