{"id":1634,"date":"2025-08-29T09:22:27","date_gmt":"2025-08-29T07:22:27","guid":{"rendered":"https:\/\/danishfibres.com\/om-os\/forhandlere\/"},"modified":"2025-12-01T09:12:50","modified_gmt":"2025-12-01T08:12:50","slug":"forhandlere","status":"publish","type":"page","link":"https:\/\/danishfibres.com\/da\/om-os\/forhandlere\/","title":{"rendered":"Forhandlere"},"content":{"rendered":"\t\t<div data-elementor-type=\"wp-page\" data-elementor-id=\"1634\" class=\"elementor elementor-1634 elementor-1298\" data-elementor-post-type=\"page\">\n\t\t\t\t<div class=\"elementor-element elementor-element-a586641 e-flex e-con-boxed e-con e-parent\" data-id=\"a586641\" data-element_type=\"container\" data-e-type=\"container\" data-settings=\"{&quot;background_background&quot;:&quot;classic&quot;}\">\n\t\t\t\t\t<div class=\"e-con-inner\">\n\t\t\t\t<div class=\"elementor-element elementor-element-cf8de21 elementor-widget elementor-widget-breadcrumbs\" data-id=\"cf8de21\" data-element_type=\"widget\" data-e-type=\"widget\" data-widget_type=\"breadcrumbs.default\">\n\t\t\t\t\t<p id=\"breadcrumbs\"><span><span><a href=\"https:\/\/danishfibres.com\/da\/forside\/\">Danish Fibres<\/a><\/span><\/span><\/p>\t\t\t\t<\/div>\n\t\t<div class=\"elementor-element elementor-element-7c5696f e-con-full e-flex e-con e-child\" data-id=\"7c5696f\" data-element_type=\"container\" data-e-type=\"container\" data-settings=\"{&quot;background_background&quot;:&quot;classic&quot;}\">\n\t\t<div class=\"elementor-element elementor-element-1b708e6 e-con-full e-flex e-con e-child\" data-id=\"1b708e6\" data-element_type=\"container\" data-e-type=\"container\">\n\t\t<div class=\"elementor-element elementor-element-7a80f8e e-con-full e-flex e-con e-child\" data-id=\"7a80f8e\" data-element_type=\"container\" data-e-type=\"container\">\n\t\t\t\t<div class=\"elementor-element elementor-element-37ceceb elementor-widget elementor-widget-heading\" data-id=\"37ceceb\" data-element_type=\"widget\" data-e-type=\"widget\" data-widget_type=\"heading.default\">\n\t\t\t\t\t<h1 class=\"elementor-heading-title elementor-size-default\">Forhandlere<\/h1>\t\t\t\t<\/div>\n\t\t\t\t<div class=\"elementor-element elementor-element-b578c5f elementor-widget__width-inherit df-text elementor-widget elementor-widget-text-editor\" data-id=\"b578c5f\" data-element_type=\"widget\" data-e-type=\"widget\" data-widget_type=\"text-editor.default\">\n\t\t\t\t\t\t\t\t\t<p>Vi leverer fibre verden over og samarbejder med forhandlere i f\u00f8lgende lande:<\/p><p>\u00d8strig<br>Belgien<br>Canada<br>Cypern<br>Danmark<br>Frankrig<br>Tyskland<br>Italien<br>Holland<br>Schweiz<br>Spanien<br>Sverige<br>Storbritannien<br>USA<\/p><p>For yderligere information, kontakt venligst Danish Fibres A\/S p\u00e5 tlf. +45 88 38 98 90.<\/p>\t\t\t\t\t\t\t\t<\/div>\n\t\t\t\t<\/div>\n\t\t\t\t<\/div>\n\t\t<div class=\"elementor-element elementor-element-27ab0d4 e-con-full e-flex e-con e-child\" data-id=\"27ab0d4\" data-element_type=\"container\" data-e-type=\"container\">\n\t\t\t\t<\/div>\n\t\t\t\t<\/div>\n\t\t\t\t\t<\/div>\n\t\t\t\t<\/div>\n\t\t\t\t<\/div>\n\t\t","protected":false},"excerpt":{"rendered":"<p>Forhandlere Vi leverer fibre verden over og samarbejder med forhandlere i f\u00f8lgende lande: \u00d8strigBelgienCanadaCypernDanmarkFrankrigTysklandItalienHollandSchweizSpanienSverigeStorbritannienUSA For yderligere information, kontakt venligst Danish Fibres A\/S p\u00e5 tlf. +45 88 38 98 90.<\/p>\n","protected":false},"author":2,"featured_media":0,"parent":2865,"menu_order":0,"comment_status":"closed","ping_status":"closed","template":"","meta":{"_acf_changed":false,"footnotes":""},"class_list":["post-1634","page","type-page","status-publish","hentry"],"acf":[],"yoast_head":"<!-- This site is optimized with the Yoast SEO plugin v27.4 - https:\/\/yoast.com\/product\/yoast-seo-wordpress\/ -->\n<title>Forhandlere - Danish Fibres<\/title>\n<meta name=\"description\" content=\"Find Danish Fibres&#039; betroede forhandlere og distribut\u00f8rer over hele verden og f\u00e5 f\u00f8rsteklasses betonfiberl\u00f8sninger og lokal ekspertsupport.\" \/>\n<meta name=\"robots\" content=\"index, follow, max-snippet:-1, max-image-preview:large, max-video-preview:-1\" \/>\n<link rel=\"canonical\" href=\"https:\/\/danishfibres.com\/da\/om-os\/forhandlere\/\" \/>\n<meta property=\"og:locale\" content=\"da_DK\" \/>\n<meta property=\"og:type\" content=\"article\" \/>\n<meta property=\"og:title\" content=\"Forhandlere - Danish Fibres\" \/>\n<meta property=\"og:description\" content=\"Find Danish Fibres&#039; betroede forhandlere og distribut\u00f8rer over hele verden og f\u00e5 f\u00f8rsteklasses betonfiberl\u00f8sninger og lokal ekspertsupport.\" \/>\n<meta property=\"og:url\" content=\"https:\/\/danishfibres.com\/da\/om-os\/forhandlere\/\" \/>\n<meta property=\"og:site_name\" content=\"Danish Fibres\" \/>\n<meta property=\"article:modified_time\" content=\"2025-12-01T08:12:50+00:00\" \/>\n<meta name=\"twitter:card\" content=\"summary_large_image\" \/>\n<script type=\"application\/ld+json\" class=\"yoast-schema-graph\">{\"@context\":\"https:\\\/\\\/schema.org\",\"@graph\":[{\"@type\":\"WebPage\",\"@id\":\"https:\\\/\\\/danishfibres.com\\\/da\\\/om-os\\\/forhandlere\\\/\",\"url\":\"https:\\\/\\\/danishfibres.com\\\/da\\\/om-os\\\/forhandlere\\\/\",\"name\":\"Forhandlere - Danish Fibres\",\"isPartOf\":{\"@id\":\"https:\\\/\\\/danishfibres.com\\\/da\\\/#website\"},\"datePublished\":\"2025-08-29T07:22:27+00:00\",\"dateModified\":\"2025-12-01T08:12:50+00:00\",\"description\":\"Find Danish Fibres' betroede forhandlere og distribut\u00f8rer over hele verden og f\u00e5 f\u00f8rsteklasses betonfiberl\u00f8sninger og lokal ekspertsupport.\",\"breadcrumb\":{\"@id\":\"https:\\\/\\\/danishfibres.com\\\/da\\\/om-os\\\/forhandlere\\\/#breadcrumb\"},\"inLanguage\":\"da-DK\",\"potentialAction\":[{\"@type\":\"ReadAction\",\"target\":[\"https:\\\/\\\/danishfibres.com\\\/da\\\/om-os\\\/forhandlere\\\/\"]}]},{\"@type\":\"BreadcrumbList\",\"@id\":\"https:\\\/\\\/danishfibres.com\\\/da\\\/om-os\\\/forhandlere\\\/#breadcrumb\",\"itemListElement\":[{\"@type\":\"ListItem\",\"position\":1,\"name\":\"Danish Fibres\",\"item\":\"https:\\\/\\\/danishfibres.com\\\/da\\\/forside\\\/\"},{\"@type\":\"ListItem\",\"position\":2,\"name\":\"Om os\",\"item\":\"https:\\\/\\\/danishfibres.com\\\/da\\\/om-os\\\/\"},{\"@type\":\"ListItem\",\"position\":3,\"name\":\"Forhandlere\"}]},{\"@type\":\"WebSite\",\"@id\":\"https:\\\/\\\/danishfibres.com\\\/da\\\/#website\",\"url\":\"https:\\\/\\\/danishfibres.com\\\/da\\\/\",\"name\":\"Danish Fibres\",\"description\":\"Benefit from 40 years experience\",\"potentialAction\":[{\"@type\":\"SearchAction\",\"target\":{\"@type\":\"EntryPoint\",\"urlTemplate\":\"https:\\\/\\\/danishfibres.com\\\/da\\\/?s={search_term_string}\"},\"query-input\":{\"@type\":\"PropertyValueSpecification\",\"valueRequired\":true,\"valueName\":\"search_term_string\"}}],\"inLanguage\":\"da-DK\"}]}<\/script>\n<!-- \/ Yoast SEO plugin. -->","yoast_head_json":{"title":"Forhandlere - Danish Fibres","description":"Find Danish Fibres' betroede forhandlere og distribut\u00f8rer over hele verden og f\u00e5 f\u00f8rsteklasses betonfiberl\u00f8sninger og lokal ekspertsupport.","robots":{"index":"index","follow":"follow","max-snippet":"max-snippet:-1","max-image-preview":"max-image-preview:large","max-video-preview":"max-video-preview:-1"},"canonical":"https:\/\/danishfibres.com\/da\/om-os\/forhandlere\/","og_locale":"da_DK","og_type":"article","og_title":"Forhandlere - Danish Fibres","og_description":"Find Danish Fibres' betroede forhandlere og distribut\u00f8rer over hele verden og f\u00e5 f\u00f8rsteklasses betonfiberl\u00f8sninger og lokal ekspertsupport.","og_url":"https:\/\/danishfibres.com\/da\/om-os\/forhandlere\/","og_site_name":"Danish Fibres","article_modified_time":"2025-12-01T08:12:50+00:00","twitter_card":"summary_large_image","schema":{"@context":"https:\/\/schema.org","@graph":[{"@type":"WebPage","@id":"https:\/\/danishfibres.com\/da\/om-os\/forhandlere\/","url":"https:\/\/danishfibres.com\/da\/om-os\/forhandlere\/","name":"Forhandlere - Danish Fibres","isPartOf":{"@id":"https:\/\/danishfibres.com\/da\/#website"},"datePublished":"2025-08-29T07:22:27+00:00","dateModified":"2025-12-01T08:12:50+00:00","description":"Find Danish Fibres' betroede forhandlere og distribut\u00f8rer over hele verden og f\u00e5 f\u00f8rsteklasses betonfiberl\u00f8sninger og lokal ekspertsupport.","breadcrumb":{"@id":"https:\/\/danishfibres.com\/da\/om-os\/forhandlere\/#breadcrumb"},"inLanguage":"da-DK","potentialAction":[{"@type":"ReadAction","target":["https:\/\/danishfibres.com\/da\/om-os\/forhandlere\/"]}]},{"@type":"BreadcrumbList","@id":"https:\/\/danishfibres.com\/da\/om-os\/forhandlere\/#breadcrumb","itemListElement":[{"@type":"ListItem","position":1,"name":"Danish Fibres","item":"https:\/\/danishfibres.com\/da\/forside\/"},{"@type":"ListItem","position":2,"name":"Om os","item":"https:\/\/danishfibres.com\/da\/om-os\/"},{"@type":"ListItem","position":3,"name":"Forhandlere"}]},{"@type":"WebSite","@id":"https:\/\/danishfibres.com\/da\/#website","url":"https:\/\/danishfibres.com\/da\/","name":"Danish Fibres","description":"Benefit from 40 years experience","potentialAction":[{"@type":"SearchAction","target":{"@type":"EntryPoint","urlTemplate":"https:\/\/danishfibres.com\/da\/?s={search_term_string}"},"query-input":{"@type":"PropertyValueSpecification","valueRequired":true,"valueName":"search_term_string"}}],"inLanguage":"da-DK"}]}},"_links":{"self":[{"href":"https:\/\/danishfibres.com\/da\/wp-json\/wp\/v2\/pages\/1634","targetHints":{"allow":["GET"]}}],"collection":[{"href":"https:\/\/danishfibres.com\/da\/wp-json\/wp\/v2\/pages"}],"about":[{"href":"https:\/\/danishfibres.com\/da\/wp-json\/wp\/v2\/types\/page"}],"author":[{"embeddable":true,"href":"https:\/\/danishfibres.com\/da\/wp-json\/wp\/v2\/users\/2"}],"replies":[{"embeddable":true,"href":"https:\/\/danishfibres.com\/da\/wp-json\/wp\/v2\/comments?post=1634"}],"version-history":[{"count":6,"href":"https:\/\/danishfibres.com\/da\/wp-json\/wp\/v2\/pages\/1634\/revisions"}],"predecessor-version":[{"id":4788,"href":"https:\/\/danishfibres.com\/da\/wp-json\/wp\/v2\/pages\/1634\/revisions\/4788"}],"up":[{"embeddable":true,"href":"https:\/\/danishfibres.com\/da\/wp-json\/wp\/v2\/pages\/2865"}],"wp:attachment":[{"href":"https:\/\/danishfibres.com\/da\/wp-json\/wp\/v2\/media?parent=1634"}],"curies":[{"name":"wp","href":"https:\/\/api.w.org\/{rel}","templated":true}]}}