{"id":1642,"date":"2025-08-29T15:11:52","date_gmt":"2025-08-29T13:11:52","guid":{"rendered":"https:\/\/danishfibres.com\/om-os\/vores-historie\/"},"modified":"2025-12-01T08:47:56","modified_gmt":"2025-12-01T07:47:56","slug":"vores-historie","status":"publish","type":"page","link":"https:\/\/danishfibres.com\/da\/om-os\/vores-historie\/","title":{"rendered":"Vores historie"},"content":{"rendered":"\t\t<div data-elementor-type=\"wp-page\" data-elementor-id=\"1642\" class=\"elementor elementor-1642 elementor-1603\" data-elementor-post-type=\"page\">\n\t\t\t\t<div class=\"elementor-element elementor-element-90fcba4 e-flex e-con-boxed e-con e-parent\" data-id=\"90fcba4\" data-element_type=\"container\" data-e-type=\"container\" data-settings=\"{&quot;background_background&quot;:&quot;classic&quot;}\">\n\t\t\t\t\t<div class=\"e-con-inner\">\n\t\t\t\t<div class=\"elementor-element elementor-element-8bd1938 elementor-widget elementor-widget-breadcrumbs\" data-id=\"8bd1938\" data-element_type=\"widget\" data-e-type=\"widget\" data-widget_type=\"breadcrumbs.default\">\n\t\t\t\t\t<p id=\"breadcrumbs\"><span><span><a href=\"https:\/\/danishfibres.com\/da\/forside\/\">Danish Fibres<\/a><\/span><\/span><\/p>\t\t\t\t<\/div>\n\t\t<div class=\"elementor-element elementor-element-141f741 e-con-full e-flex e-con e-child\" data-id=\"141f741\" data-element_type=\"container\" data-e-type=\"container\" data-settings=\"{&quot;background_background&quot;:&quot;classic&quot;}\">\n\t\t<div class=\"elementor-element elementor-element-17b4a51 e-con-full e-flex e-con e-child\" data-id=\"17b4a51\" data-element_type=\"container\" data-e-type=\"container\">\n\t\t<div class=\"elementor-element elementor-element-e2456d3 e-con-full e-flex e-con e-child\" data-id=\"e2456d3\" data-element_type=\"container\" data-e-type=\"container\">\n\t\t\t\t<div class=\"elementor-element elementor-element-4890178 elementor-widget elementor-widget-heading\" data-id=\"4890178\" data-element_type=\"widget\" data-e-type=\"widget\" data-widget_type=\"heading.default\">\n\t\t\t\t\t<h1 class=\"elementor-heading-title elementor-size-default\">Vores historie<\/h1>\t\t\t\t<\/div>\n\t\t\t\t<div class=\"elementor-element elementor-element-ca0514c elementor-widget__width-inherit df-text elementor-widget elementor-widget-text-editor\" data-id=\"ca0514c\" data-element_type=\"widget\" data-e-type=\"widget\" data-widget_type=\"text-editor.default\">\n\t\t\t\t\t\t\t\t\t<p><strong>I mere end 40 \u00e5r har Danish Fibres A\/S st\u00e5et i spidsen for produktion og udvikling af polypropylenfiber.<\/strong><\/p><p>Vores virksomhed, oprindeligt navngivet \u2018Cemfiber A\/S\u2019, blev etableret i 1980\u2019erne i Varde, da den industrielle anvendelse af polypropylenfibre i beton begyndte at tage fart.<\/p><p>Lige fra begyndelsen har vi nydt at v\u00e6re en foregangsvirksomhed. I 1985 opn\u00e5ede vi verdens f\u00f8rste patent p\u00e5 polypropylen monofilamentfibre rettet mod spr\u00e6ngstyring. I 1986 opn\u00e5ede vi endnu et patent p\u00e5 polypropylen monofilamentfibre, der var rettet mod b\u00e5de spr\u00e6ngstyring og betonarmering.  <\/p><p>Adm. direkt\u00f8r Palle Kuntz indtr\u00e5dte i virksomheden i 1996 og bragte mange \u00e5rs erfaring fra glasuldsfiberindustrien med sig. I 2004 overtog Palle Kuntz og et partnerselskab ejerskabet af virksomheden og \u00e6ndrede dets navn til Danish Fibres A\/S. To \u00e5r senere blev Palle Kuntz hovedaktion\u00e6r, og han koncentrerede sig om at udvikle kundebasen endnu mere.  <\/p><p>Som resultat heraf producerer og distribuerer vi nu polypropylenfibre til kunder over hele verden \u2013 herunder Tyskland, Storbritannien, USA, Canada, Kina, Malaysia, Indien, Qatar, Brasilien, Sverige, Danmark og mange andre lande. Takket v\u00e6re vores h\u00f8je kvalitetsstandarder har vi leveret fibre til nogle af verdens f\u00f8rende arkitektoniske og infrastrukturelle projekter. <\/p><p>Vi udvikler fortsat nye specialfiberprodukter i samarbejde med vores kunder. Et eksempel p\u00e5 nylig innovation er vores on-site fibersk\u00e6remaskine. <\/p><p>Danish Fibres A\/S er beliggende i Varde, Danmark.<\/p>\t\t\t\t\t\t\t\t<\/div>\n\t\t\t\t<\/div>\n\t\t\t\t<\/div>\n\t\t<div class=\"elementor-element elementor-element-6ff0c5d e-con-full e-flex e-con e-child\" data-id=\"6ff0c5d\" data-element_type=\"container\" data-e-type=\"container\">\n\t\t\t\t<div class=\"elementor-element elementor-element-3c4b193 df-aside elementor-widget elementor-widget-text-editor\" data-id=\"3c4b193\" data-element_type=\"widget\" data-e-type=\"widget\" data-widget_type=\"text-editor.default\">\n\t\t\t\t\t\t\t\t\t<h2>L\u00e6s mere:<\/h2><ul><li><a href=\"https:\/\/danishfibres.com\/da\/konstruktionsfibre\/wiking-makrofibre\/\">Makrofibre<\/a><\/li><li><a href=\"https:\/\/danishfibres.com\/da\/konstruktionsfibre\/wiking-mikrofibre\/\">Mikrofibre<\/a><\/li><\/ul>\t\t\t\t\t\t\t\t<\/div>\n\t\t\t\t<\/div>\n\t\t\t\t<\/div>\n\t\t\t\t\t<\/div>\n\t\t\t\t<\/div>\n\t\t\t\t<\/div>\n\t\t","protected":false},"excerpt":{"rendered":"<p>Vores historie I mere end 40 \u00e5r har Danish Fibres A\/S st\u00e5et i spidsen for produktion og udvikling af polypropylenfiber. Vores virksomhed, oprindeligt navngivet \u2018Cemfiber A\/S\u2019, blev etableret i 1980\u2019erne i Varde, da den industrielle anvendelse af polypropylenfibre i beton begyndte at tage fart. Lige fra begyndelsen har vi nydt at v\u00e6re en foregangsvirksomhed. I [&hellip;]<\/p>\n","protected":false},"author":2,"featured_media":0,"parent":2865,"menu_order":0,"comment_status":"closed","ping_status":"closed","template":"","meta":{"_acf_changed":false,"footnotes":""},"class_list":["post-1642","page","type-page","status-publish","hentry"],"acf":[],"yoast_head":"<!-- This site is optimized with the Yoast SEO plugin v27.4 - https:\/\/yoast.com\/product\/yoast-seo-wordpress\/ -->\n<title>Vores historie - Danish Fibres<\/title>\n<meta name=\"description\" content=\"Oplev Danish Fibres&#039; historie - fra innovation inden for betonfibre til globalt lederskab inden for b\u00e6redygtige byggel\u00f8sninger.\" \/>\n<meta name=\"robots\" content=\"index, follow, max-snippet:-1, max-image-preview:large, max-video-preview:-1\" \/>\n<link rel=\"canonical\" href=\"https:\/\/danishfibres.com\/da\/om-os\/vores-historie\/\" \/>\n<meta property=\"og:locale\" content=\"da_DK\" \/>\n<meta property=\"og:type\" content=\"article\" \/>\n<meta property=\"og:title\" content=\"Vores historie - Danish Fibres\" \/>\n<meta property=\"og:description\" content=\"Oplev Danish Fibres&#039; historie - fra innovation inden for betonfibre til globalt lederskab inden for b\u00e6redygtige byggel\u00f8sninger.\" \/>\n<meta property=\"og:url\" content=\"https:\/\/danishfibres.com\/da\/om-os\/vores-historie\/\" \/>\n<meta property=\"og:site_name\" content=\"Danish Fibres\" \/>\n<meta property=\"article:modified_time\" content=\"2025-12-01T07:47:56+00:00\" \/>\n<meta name=\"twitter:card\" content=\"summary_large_image\" \/>\n<meta name=\"twitter:label1\" content=\"Estimeret l\u00e6setid\" \/>\n\t<meta name=\"twitter:data1\" content=\"1 minut\" \/>\n<script type=\"application\/ld+json\" class=\"yoast-schema-graph\">{\"@context\":\"https:\\\/\\\/schema.org\",\"@graph\":[{\"@type\":\"WebPage\",\"@id\":\"https:\\\/\\\/danishfibres.com\\\/da\\\/om-os\\\/vores-historie\\\/\",\"url\":\"https:\\\/\\\/danishfibres.com\\\/da\\\/om-os\\\/vores-historie\\\/\",\"name\":\"Vores historie - Danish Fibres\",\"isPartOf\":{\"@id\":\"https:\\\/\\\/danishfibres.com\\\/da\\\/#website\"},\"datePublished\":\"2025-08-29T13:11:52+00:00\",\"dateModified\":\"2025-12-01T07:47:56+00:00\",\"description\":\"Oplev Danish Fibres' historie - fra innovation inden for betonfibre til globalt lederskab inden for b\u00e6redygtige byggel\u00f8sninger.\",\"breadcrumb\":{\"@id\":\"https:\\\/\\\/danishfibres.com\\\/da\\\/om-os\\\/vores-historie\\\/#breadcrumb\"},\"inLanguage\":\"da-DK\",\"potentialAction\":[{\"@type\":\"ReadAction\",\"target\":[\"https:\\\/\\\/danishfibres.com\\\/da\\\/om-os\\\/vores-historie\\\/\"]}]},{\"@type\":\"BreadcrumbList\",\"@id\":\"https:\\\/\\\/danishfibres.com\\\/da\\\/om-os\\\/vores-historie\\\/#breadcrumb\",\"itemListElement\":[{\"@type\":\"ListItem\",\"position\":1,\"name\":\"Danish Fibres\",\"item\":\"https:\\\/\\\/danishfibres.com\\\/da\\\/forside\\\/\"},{\"@type\":\"ListItem\",\"position\":2,\"name\":\"Om os\",\"item\":\"https:\\\/\\\/danishfibres.com\\\/da\\\/om-os\\\/\"},{\"@type\":\"ListItem\",\"position\":3,\"name\":\"Vores historie\"}]},{\"@type\":\"WebSite\",\"@id\":\"https:\\\/\\\/danishfibres.com\\\/da\\\/#website\",\"url\":\"https:\\\/\\\/danishfibres.com\\\/da\\\/\",\"name\":\"Danish Fibres\",\"description\":\"Benefit from 40 years experience\",\"potentialAction\":[{\"@type\":\"SearchAction\",\"target\":{\"@type\":\"EntryPoint\",\"urlTemplate\":\"https:\\\/\\\/danishfibres.com\\\/da\\\/?s={search_term_string}\"},\"query-input\":{\"@type\":\"PropertyValueSpecification\",\"valueRequired\":true,\"valueName\":\"search_term_string\"}}],\"inLanguage\":\"da-DK\"}]}<\/script>\n<!-- \/ Yoast SEO plugin. -->","yoast_head_json":{"title":"Vores historie - Danish Fibres","description":"Oplev Danish Fibres' historie - fra innovation inden for betonfibre til globalt lederskab inden for b\u00e6redygtige byggel\u00f8sninger.","robots":{"index":"index","follow":"follow","max-snippet":"max-snippet:-1","max-image-preview":"max-image-preview:large","max-video-preview":"max-video-preview:-1"},"canonical":"https:\/\/danishfibres.com\/da\/om-os\/vores-historie\/","og_locale":"da_DK","og_type":"article","og_title":"Vores historie - Danish Fibres","og_description":"Oplev Danish Fibres' historie - fra innovation inden for betonfibre til globalt lederskab inden for b\u00e6redygtige byggel\u00f8sninger.","og_url":"https:\/\/danishfibres.com\/da\/om-os\/vores-historie\/","og_site_name":"Danish Fibres","article_modified_time":"2025-12-01T07:47:56+00:00","twitter_card":"summary_large_image","twitter_misc":{"Estimeret l\u00e6setid":"1 minut"},"schema":{"@context":"https:\/\/schema.org","@graph":[{"@type":"WebPage","@id":"https:\/\/danishfibres.com\/da\/om-os\/vores-historie\/","url":"https:\/\/danishfibres.com\/da\/om-os\/vores-historie\/","name":"Vores historie - Danish Fibres","isPartOf":{"@id":"https:\/\/danishfibres.com\/da\/#website"},"datePublished":"2025-08-29T13:11:52+00:00","dateModified":"2025-12-01T07:47:56+00:00","description":"Oplev Danish Fibres' historie - fra innovation inden for betonfibre til globalt lederskab inden for b\u00e6redygtige byggel\u00f8sninger.","breadcrumb":{"@id":"https:\/\/danishfibres.com\/da\/om-os\/vores-historie\/#breadcrumb"},"inLanguage":"da-DK","potentialAction":[{"@type":"ReadAction","target":["https:\/\/danishfibres.com\/da\/om-os\/vores-historie\/"]}]},{"@type":"BreadcrumbList","@id":"https:\/\/danishfibres.com\/da\/om-os\/vores-historie\/#breadcrumb","itemListElement":[{"@type":"ListItem","position":1,"name":"Danish Fibres","item":"https:\/\/danishfibres.com\/da\/forside\/"},{"@type":"ListItem","position":2,"name":"Om os","item":"https:\/\/danishfibres.com\/da\/om-os\/"},{"@type":"ListItem","position":3,"name":"Vores historie"}]},{"@type":"WebSite","@id":"https:\/\/danishfibres.com\/da\/#website","url":"https:\/\/danishfibres.com\/da\/","name":"Danish Fibres","description":"Benefit from 40 years experience","potentialAction":[{"@type":"SearchAction","target":{"@type":"EntryPoint","urlTemplate":"https:\/\/danishfibres.com\/da\/?s={search_term_string}"},"query-input":{"@type":"PropertyValueSpecification","valueRequired":true,"valueName":"search_term_string"}}],"inLanguage":"da-DK"}]}},"_links":{"self":[{"href":"https:\/\/danishfibres.com\/da\/wp-json\/wp\/v2\/pages\/1642","targetHints":{"allow":["GET"]}}],"collection":[{"href":"https:\/\/danishfibres.com\/da\/wp-json\/wp\/v2\/pages"}],"about":[{"href":"https:\/\/danishfibres.com\/da\/wp-json\/wp\/v2\/types\/page"}],"author":[{"embeddable":true,"href":"https:\/\/danishfibres.com\/da\/wp-json\/wp\/v2\/users\/2"}],"replies":[{"embeddable":true,"href":"https:\/\/danishfibres.com\/da\/wp-json\/wp\/v2\/comments?post=1642"}],"version-history":[{"count":12,"href":"https:\/\/danishfibres.com\/da\/wp-json\/wp\/v2\/pages\/1642\/revisions"}],"predecessor-version":[{"id":4726,"href":"https:\/\/danishfibres.com\/da\/wp-json\/wp\/v2\/pages\/1642\/revisions\/4726"}],"up":[{"embeddable":true,"href":"https:\/\/danishfibres.com\/da\/wp-json\/wp\/v2\/pages\/2865"}],"wp:attachment":[{"href":"https:\/\/danishfibres.com\/da\/wp-json\/wp\/v2\/media?parent=1642"}],"curies":[{"name":"wp","href":"https:\/\/api.w.org\/{rel}","templated":true}]}}