{"id":1650,"date":"2025-08-29T09:01:44","date_gmt":"2025-08-29T07:01:44","guid":{"rendered":"https:\/\/danishfibres.com\/om-os\/vores-styrker\/"},"modified":"2025-12-01T08:46:02","modified_gmt":"2025-12-01T07:46:02","slug":"vores-styrker","status":"publish","type":"page","link":"https:\/\/danishfibres.com\/da\/om-os\/vores-styrker\/","title":{"rendered":"Vores styrker"},"content":{"rendered":"\t\t<div data-elementor-type=\"wp-page\" data-elementor-id=\"1650\" class=\"elementor elementor-1650 elementor-1272\" data-elementor-post-type=\"page\">\n\t\t\t\t<div class=\"elementor-element elementor-element-9ebc6b2 e-flex e-con-boxed e-con e-parent\" data-id=\"9ebc6b2\" data-element_type=\"container\" data-e-type=\"container\" data-settings=\"{&quot;background_background&quot;:&quot;classic&quot;}\">\n\t\t\t\t\t<div class=\"e-con-inner\">\n\t\t\t\t<div class=\"elementor-element elementor-element-fdfe7b4 elementor-widget elementor-widget-breadcrumbs\" data-id=\"fdfe7b4\" data-element_type=\"widget\" data-e-type=\"widget\" data-widget_type=\"breadcrumbs.default\">\n\t\t\t\t\t<p id=\"breadcrumbs\"><span><span><a href=\"https:\/\/danishfibres.com\/da\/forside\/\">Danish Fibres<\/a><\/span><\/span><\/p>\t\t\t\t<\/div>\n\t\t<div class=\"elementor-element elementor-element-7c5696f e-con-full e-flex e-con e-child\" data-id=\"7c5696f\" data-element_type=\"container\" data-e-type=\"container\" data-settings=\"{&quot;background_background&quot;:&quot;classic&quot;}\">\n\t\t<div class=\"elementor-element elementor-element-1b708e6 e-con-full e-flex e-con e-child\" data-id=\"1b708e6\" data-element_type=\"container\" data-e-type=\"container\">\n\t\t\t\t<div class=\"elementor-element elementor-element-16b086e elementor-widget elementor-widget-image\" data-id=\"16b086e\" data-element_type=\"widget\" data-e-type=\"widget\" data-widget_type=\"image.default\">\n\t\t\t\t\t\t\t\t\t\t\t\t\t\t\t<img fetchpriority=\"high\" decoding=\"async\" width=\"800\" height=\"337\" src=\"https:\/\/danishfibres.com\/wp-content\/uploads\/our_strengths_danish_fibres_micro_fibres.png\" class=\"attachment-large size-large wp-image-1251\" alt=\"Our Strengths, micro fibres, Danish Fibres\" srcset=\"https:\/\/danishfibres.com\/wp-content\/uploads\/our_strengths_danish_fibres_micro_fibres.png 830w, https:\/\/danishfibres.com\/wp-content\/uploads\/our_strengths_danish_fibres_micro_fibres-300x127.png 300w, https:\/\/danishfibres.com\/wp-content\/uploads\/our_strengths_danish_fibres_micro_fibres-768x324.png 768w\" sizes=\"(max-width: 800px) 100vw, 800px\" \/>\t\t\t\t\t\t\t\t\t\t\t\t\t\t\t<\/div>\n\t\t<div class=\"elementor-element elementor-element-7a80f8e e-con-full e-flex e-con e-child\" data-id=\"7a80f8e\" data-element_type=\"container\" data-e-type=\"container\">\n\t\t\t\t<div class=\"elementor-element elementor-element-37ceceb elementor-widget elementor-widget-heading\" data-id=\"37ceceb\" data-element_type=\"widget\" data-e-type=\"widget\" data-widget_type=\"heading.default\">\n\t\t\t\t\t<h1 class=\"elementor-heading-title elementor-size-default\">Vores styrker<\/h1>\t\t\t\t<\/div>\n\t\t\t\t<div class=\"elementor-element elementor-element-b578c5f elementor-widget__width-inherit df-text elementor-widget elementor-widget-text-editor\" data-id=\"b578c5f\" data-element_type=\"widget\" data-e-type=\"widget\" data-widget_type=\"text-editor.default\">\n\t\t\t\t\t\t\t\t\t<h2>1. Drag fordel af 40 \u00e5rs erfaring<\/h2><p>Da vi har v\u00e6ret i polypropenfiberproduktionsbranchen siden midten af 1980\u2019erne, kan du stole p\u00e5, at vi har den n\u00f8dvendige ekspertise og knowhow til at finde den optimale fiberopl\u00f8sning til dit behov.<\/p><h2>2. Unikke kvalitetsegenskaber<\/h2><p>Spar omkostninger og tid \u2013 og f\u00e5 et bedre slutresultat \u2013 med de unikke kvalitetsegenskaber i Danish\u00ae Fibres. Nedenfor f\u00f8lger nogle vigtige eksempler: <\/p><p><strong>\u2022 &lt; 1% luftindtag i beton<\/strong><br>Til fremstillingen af konstruktionsfibre bruger vi en speciel blanding, <a href=\"https:\/\/danishfibres.com\/da\/konstruktionsfibre\/teknologi\/\">der reducerer luftindholdet i beton til ca. 1%<\/a> \u2013 meget mindre end konkurrerende polypropylenfiberprodukter kan tilbyde.<\/p><p><strong>\u2022 Forebyggelse af statisk elektricitet<\/strong><br>Ved fremstilling af fibre til filtre producerer vi ved lav hastighed for at <a href=\"https:\/\/danishfibres.com\/da\/konstruktionsfibre\/teknologi\/\">undg\u00e5 forekomsten af statisk elektricitet<\/a>, hvilket fritager kunden fra at skulle anvende en speciel olie til fjernelse af den statiske elektricitet.<\/p><p><strong>\u2022 Veludf\u00f8rte sk\u00e6ringer<\/strong><br>Som standard udskifter vi ofte klingerne i produktionen for at sikre veludf\u00f8rte sk\u00e6ringer, som forhindrer fibrene i at kl\u00e6be sammen.<\/p><h2>3. Hurtig og fleksibel levering<\/h2><p>Vi har optimeret vores produktionsflow for at kunne reagere hurtigt p\u00e5 kundernes \u00f8nsker og tilpasse vores produktion til individuelle behov. Vi ved, at tid er penge for vores kunder, s\u00e5 leveringshastighed og at leve op til aftaler er altid vores h\u00f8jeste prioritet. <\/p><p>Vi har ogs\u00e5 et st\u00e6rkt netv\u00e6rk af partnerleverand\u00f8rer, s\u00e5 vi nemt kan skalere vores produktion for at im\u00f8dekomme \u00e6ndringer i eftersp\u00f8rgslen.<\/p><h2>4. Innovation er kernen<\/h2><p>Vi kan godt lide at bev\u00e6ge os fremad og opdage nye fiberl\u00f8sninger i samarbejde med vores kunder. I 1985 opn\u00e5ede vi det f\u00f8rste patent nogensinde i verden for polypropylenfibre rettet mod spr\u00e6ngstyring. Vi har fortsat med at innovere siden da.  <\/p><p>Eksempler p\u00e5 nylige innovationer er vores <a href=\"https:\/\/danishfibres.com\/da\/konstruktionsfibre\/on-site-fiberskaeremaskine\/\">on-site fibersk\u00e6remaskine<\/a> til byggepladser og andre specialudviklede l\u00f8sninger i t\u00e6t samarbejde med kunder.<\/p><h2>5. Certificerede kvalitetsstandarder<\/h2><p>For at sikre vores kunder den h\u00f8jeste kvalitet har vi udviklet et kvalitetsstyringssystem og s\u00f8ger l\u00f8bende at h\u00e6ve vores standarder yderligere. Som f\u00f8lge heraf har vi <a href=\"https:\/\/danishfibres.com\/da\/om-os\/certificeringer\/\">opn\u00e5et en r\u00e6kke certificeringer<\/a>, herunder Allgemeine bauaufsichtliche Zulassung (abZ) \u2013 som i \u00f8jeblikket kun er tildelt tre fiberproduktionsselskaber i verden. <\/p>\t\t\t\t\t\t\t\t<\/div>\n\t\t\t\t<\/div>\n\t\t\t\t<\/div>\n\t\t<div class=\"elementor-element elementor-element-27ab0d4 e-con-full e-flex e-con e-child\" data-id=\"27ab0d4\" data-element_type=\"container\" data-e-type=\"container\">\n\t\t\t\t<div class=\"elementor-element elementor-element-d8f2049 df-aside elementor-widget elementor-widget-text-editor\" data-id=\"d8f2049\" data-element_type=\"widget\" data-e-type=\"widget\" data-widget_type=\"text-editor.default\">\n\t\t\t\t\t\t\t\t\t<h2>L\u00e6s mere:<\/h2><ul><li><a href=\"https:\/\/danishfibres.com\/da\/konstruktionsfibre\/wiking-makrofibre\/\">Makrofibre<\/a><\/li><li><a href=\"https:\/\/danishfibres.com\/da\/konstruktionsfibre\/wiking-mikrofibre\/\">Mikrofibre<\/a><\/li><\/ul>\t\t\t\t\t\t\t\t<\/div>\n\t\t\t\t<\/div>\n\t\t\t\t<\/div>\n\t\t\t\t\t<\/div>\n\t\t\t\t<\/div>\n\t\t<div class=\"elementor-element elementor-element-760786a e-flex e-con-boxed e-con e-parent\" data-id=\"760786a\" data-element_type=\"container\" data-e-type=\"container\" data-settings=\"{&quot;background_background&quot;:&quot;classic&quot;}\">\n\t\t\t\t\t<div class=\"e-con-inner\">\n\t\t<div class=\"elementor-element elementor-element-06f60b2 e-con-full e-flex e-con e-child\" data-id=\"06f60b2\" data-element_type=\"container\" data-e-type=\"container\" data-settings=\"{&quot;background_background&quot;:&quot;classic&quot;}\">\n\t\t<div class=\"elementor-element elementor-element-515c864 e-con-full e-flex e-con e-child\" data-id=\"515c864\" data-element_type=\"container\" data-e-type=\"container\">\n\t\t\t\t<div class=\"elementor-element elementor-element-dcd9051 elementor-widget elementor-widget-heading\" data-id=\"dcd9051\" data-element_type=\"widget\" data-e-type=\"widget\" data-widget_type=\"heading.default\">\n\t\t\t\t\t<h2 class=\"elementor-heading-title elementor-size-default\">M\u00f8d vores salgsteam<\/h2>\t\t\t\t<\/div>\n\t\t<div class=\"elementor-element elementor-element-03b79d1 e-con-full e-flex e-con e-child\" data-id=\"03b79d1\" data-element_type=\"container\" data-e-type=\"container\">\n\t\t<div class=\"elementor-element elementor-element-f623105 e-con-full e-flex e-con e-child\" data-id=\"f623105\" data-element_type=\"container\" data-e-type=\"container\">\n\t\t\t\t<div class=\"elementor-element elementor-element-a47604a sales-title elementor-widget elementor-widget-heading\" data-id=\"a47604a\" data-element_type=\"widget\" data-e-type=\"widget\" data-widget_type=\"heading.default\">\n\t\t\t\t\t<p class=\"elementor-heading-title elementor-size-default\">CEO\/President<\/p>\t\t\t\t<\/div>\n\t\t\t\t<div class=\"elementor-element elementor-element-c00e152 sales-name elementor-widget elementor-widget-heading\" data-id=\"c00e152\" data-element_type=\"widget\" data-e-type=\"widget\" data-widget_type=\"heading.default\">\n\t\t\t\t\t<p class=\"elementor-heading-title elementor-size-default\">Palle Kuntz<\/p>\t\t\t\t<\/div>\n\t\t\t\t<div class=\"elementor-element elementor-element-79ec183 elementor-widget elementor-widget-heading\" data-id=\"79ec183\" data-element_type=\"widget\" data-e-type=\"widget\" data-widget_type=\"heading.default\">\n\t\t\t\t\t<p class=\"elementor-heading-title elementor-size-default\"><a href=\"tel:+4524659615\">+45 24 65 96 15<\/a><\/p>\t\t\t\t<\/div>\n\t\t\t\t<div class=\"elementor-element elementor-element-689c7da sales-name elementor-widget elementor-widget-heading\" data-id=\"689c7da\" data-element_type=\"widget\" data-e-type=\"widget\" data-widget_type=\"heading.default\">\n\t\t\t\t\t<p class=\"elementor-heading-title elementor-size-default\"><a href=\"mailto:pku@danishfibres.dk\">pku@danishfibres.dk<\/a><\/p>\t\t\t\t<\/div>\n\t\t\t\t<\/div>\n\t\t<div class=\"elementor-element elementor-element-df34fb9 e-con-full e-flex e-con e-child\" data-id=\"df34fb9\" data-element_type=\"container\" data-e-type=\"container\">\n\t\t\t\t<div class=\"elementor-element elementor-element-20e10f2 sales-title elementor-widget elementor-widget-heading\" data-id=\"20e10f2\" data-element_type=\"widget\" data-e-type=\"widget\" data-widget_type=\"heading.default\">\n\t\t\t\t\t<p class=\"elementor-heading-title elementor-size-default\">Sales Manager<\/p>\t\t\t\t<\/div>\n\t\t\t\t<div class=\"elementor-element elementor-element-93a7bad sales-name elementor-widget elementor-widget-heading\" data-id=\"93a7bad\" data-element_type=\"widget\" data-e-type=\"widget\" data-widget_type=\"heading.default\">\n\t\t\t\t\t<p class=\"elementor-heading-title elementor-size-default\">David Etzerodt<\/p>\t\t\t\t<\/div>\n\t\t\t\t<div class=\"elementor-element elementor-element-a69da42 elementor-widget elementor-widget-heading\" data-id=\"a69da42\" data-element_type=\"widget\" data-e-type=\"widget\" data-widget_type=\"heading.default\">\n\t\t\t\t\t<p class=\"elementor-heading-title elementor-size-default\"><a href=\"tel:+4520580599\">+45 20 58 05 99<\/a><\/p>\t\t\t\t<\/div>\n\t\t\t\t<div class=\"elementor-element elementor-element-43a358e sales-name elementor-widget elementor-widget-heading\" data-id=\"43a358e\" data-element_type=\"widget\" data-e-type=\"widget\" data-widget_type=\"heading.default\">\n\t\t\t\t\t<p class=\"elementor-heading-title elementor-size-default\"><a href=\"mailto:dke@danishfibres.dk\">dke@danishfibres.dk<\/a><\/p>\t\t\t\t<\/div>\n\t\t\t\t<\/div>\n\t\t\t\t<\/div>\n\t\t\t\t<div class=\"elementor-element elementor-element-124ee3e elementor-widget elementor-widget-button\" data-id=\"124ee3e\" data-element_type=\"widget\" data-e-type=\"widget\" data-widget_type=\"button.default\">\n\t\t\t\t\t\t\t\t\t\t<a class=\"elementor-button elementor-button-link elementor-size-sm\" href=\"https:\/\/danishfibres.com\/da\/kontakt\/\">\n\t\t\t\t\t\t<span class=\"elementor-button-content-wrapper\">\n\t\t\t\t\t\t\t\t\t<span class=\"elementor-button-text\">Kontakt os<\/span>\n\t\t\t\t\t<\/span>\n\t\t\t\t\t<\/a>\n\t\t\t\t\t\t\t\t<\/div>\n\t\t\t\t<\/div>\n\t\t<div class=\"elementor-element elementor-element-2044c2e e-con-full e-flex e-con e-child\" data-id=\"2044c2e\" data-element_type=\"container\" data-e-type=\"container\" data-settings=\"{&quot;background_background&quot;:&quot;classic&quot;}\">\n\t\t\t\t<div class=\"elementor-element elementor-element-51015cc elementor-widget elementor-widget-image\" data-id=\"51015cc\" data-element_type=\"widget\" data-e-type=\"widget\" data-widget_type=\"image.default\">\n\t\t\t\t\t\t\t\t\t\t\t\t\t\t\t<img decoding=\"async\" width=\"527\" height=\"278\" src=\"https:\/\/danishfibres.com\/wp-content\/uploads\/Our_Sales_Team_Danish_Fibres_subpage.jpg\" class=\"attachment-large size-large wp-image-243\" alt=\"\" srcset=\"https:\/\/danishfibres.com\/wp-content\/uploads\/Our_Sales_Team_Danish_Fibres_subpage.jpg 527w, https:\/\/danishfibres.com\/wp-content\/uploads\/Our_Sales_Team_Danish_Fibres_subpage-300x158.jpg 300w\" sizes=\"(max-width: 527px) 100vw, 527px\" \/>\t\t\t\t\t\t\t\t\t\t\t\t\t\t\t<\/div>\n\t\t\t\t<\/div>\n\t\t\t\t<\/div>\n\t\t\t\t\t<\/div>\n\t\t\t\t<\/div>\n\t\t<div class=\"elementor-element elementor-element-1352b3d e-grid e-con-boxed e-con e-parent\" data-id=\"1352b3d\" data-element_type=\"container\" data-e-type=\"container\" data-settings=\"{&quot;background_background&quot;:&quot;classic&quot;}\">\n\t\t\t\t\t<div class=\"e-con-inner\">\n\t\t<div class=\"elementor-element elementor-element-407a7d0 e-con-full e-flex e-con e-child\" data-id=\"407a7d0\" data-element_type=\"container\" data-e-type=\"container\">\n\t\t\t\t<div class=\"elementor-element elementor-element-86e735a elementor-widget elementor-widget-image\" data-id=\"86e735a\" data-element_type=\"widget\" data-e-type=\"widget\" data-widget_type=\"image.default\">\n\t\t\t\t\t\t\t\t\t\t\t\t\t\t\t<img decoding=\"async\" src=\"https:\/\/danishfibres.com\/wp-content\/uploads\/Danish_Fibres_Construction_Technical_Fibres.jpg\" title=\"\" alt=\"\" loading=\"lazy\" \/>\t\t\t\t\t\t\t\t\t\t\t\t\t\t\t<\/div>\n\t\t\t\t<\/div>\n\t\t<div class=\"elementor-element elementor-element-af621ad e-con-full clickable-parent e-flex e-con e-child\" data-id=\"af621ad\" data-element_type=\"container\" data-e-type=\"container\" data-settings=\"{&quot;background_background&quot;:&quot;classic&quot;}\">\n\t\t\t\t<div class=\"elementor-element elementor-element-9f5c3f6 elementor-widget elementor-widget-text-editor\" data-id=\"9f5c3f6\" data-element_type=\"widget\" data-e-type=\"widget\" data-widget_type=\"text-editor.default\">\n\t\t\t\t\t\t\t\t\t<p>Produktinformation<\/p>\t\t\t\t\t\t\t\t<\/div>\n\t\t\t\t<div class=\"elementor-element elementor-element-24fb2e2 elementor-widget elementor-widget-text-editor\" data-id=\"24fb2e2\" data-element_type=\"widget\" data-e-type=\"widget\" data-widget_type=\"text-editor.default\">\n\t\t\t\t\t\t\t\t\t<p>Udforsk vores f\u00f8rende udvalg af konstruktionsfibre<\/p>\t\t\t\t\t\t\t\t<\/div>\n\t\t\t\t<div class=\"elementor-element elementor-element-6bb659a elementor-widget elementor-widget-text-editor\" data-id=\"6bb659a\" data-element_type=\"widget\" data-e-type=\"widget\" data-widget_type=\"text-editor.default\">\n\t\t\t\t\t\t\t\t\t<p>H\u00f8jtydende polypropylenfibre til betonarmering, der giver spr\u00e6ngstyring, tr\u00e6kstyrke og brandbeskyttelse.<\/p>\t\t\t\t\t\t\t\t<\/div>\n\t\t\t\t<div class=\"elementor-element elementor-element-3acf10e elementor-widget elementor-widget-button\" data-id=\"3acf10e\" data-element_type=\"widget\" data-e-type=\"widget\" data-widget_type=\"button.default\">\n\t\t\t\t\t\t\t\t\t\t<a class=\"elementor-button elementor-button-link elementor-size-sm\" href=\"https:\/\/danishfibres.com\/da\/konstruktionsfibre\/\">\n\t\t\t\t\t\t<span class=\"elementor-button-content-wrapper\">\n\t\t\t\t\t\t<span class=\"elementor-button-icon\">\n\t\t\t\t<svg aria-hidden=\"true\" class=\"e-font-icon-svg e-fas-chevron-right\" viewBox=\"0 0 320 512\" xmlns=\"http:\/\/www.w3.org\/2000\/svg\"><path d=\"M285.476 272.971L91.132 467.314c-9.373 9.373-24.569 9.373-33.941 0l-22.667-22.667c-9.357-9.357-9.375-24.522-.04-33.901L188.505 256 34.484 101.255c-9.335-9.379-9.317-24.544.04-33.901l22.667-22.667c9.373-9.373 24.569-9.373 33.941 0L285.475 239.03c9.373 9.372 9.373 24.568.001 33.941z\"><\/path><\/svg>\t\t\t<\/span>\n\t\t\t\t\t\t\t\t\t<span class=\"elementor-button-text\">L\u00e6s mere<\/span>\n\t\t\t\t\t<\/span>\n\t\t\t\t\t<\/a>\n\t\t\t\t\t\t\t\t<\/div>\n\t\t\t\t<\/div>\n\t\t\t\t\t<\/div>\n\t\t\t\t<\/div>\n\t\t\t\t<\/div>\n\t\t","protected":false},"excerpt":{"rendered":"<p>Vores styrker 1. Drag fordel af 40 \u00e5rs erfaring Da vi har v\u00e6ret i polypropenfiberproduktionsbranchen siden midten af 1980\u2019erne, kan du stole p\u00e5, at vi har den n\u00f8dvendige ekspertise og knowhow til at finde den optimale fiberopl\u00f8sning til dit behov. 2. Unikke kvalitetsegenskaber Spar omkostninger og tid \u2013 og f\u00e5 et bedre slutresultat \u2013 med [&hellip;]<\/p>\n","protected":false},"author":2,"featured_media":0,"parent":2865,"menu_order":0,"comment_status":"closed","ping_status":"closed","template":"","meta":{"_acf_changed":false,"footnotes":""},"class_list":["post-1650","page","type-page","status-publish","hentry"],"acf":[],"yoast_head":"<!-- This site is optimized with the Yoast SEO plugin v27.4 - https:\/\/yoast.com\/product\/yoast-seo-wordpress\/ -->\n<title>Vores styrker - Danish Fibres<\/title>\n<meta name=\"description\" content=\"L\u00e6s om Danish Fibres\u2019 styrker \u2013 innovation, kvalitet og b\u00e6redygtighed i betonfiberl\u00f8sninger til moderne byggeri.\" \/>\n<meta name=\"robots\" content=\"index, follow, max-snippet:-1, max-image-preview:large, max-video-preview:-1\" \/>\n<link rel=\"canonical\" href=\"https:\/\/danishfibres.com\/da\/om-os\/vores-styrker\/\" \/>\n<meta property=\"og:locale\" content=\"da_DK\" \/>\n<meta property=\"og:type\" content=\"article\" \/>\n<meta property=\"og:title\" content=\"Vores styrker - Danish Fibres\" \/>\n<meta property=\"og:description\" content=\"L\u00e6s om Danish Fibres\u2019 styrker \u2013 innovation, kvalitet og b\u00e6redygtighed i betonfiberl\u00f8sninger til moderne byggeri.\" \/>\n<meta property=\"og:url\" content=\"https:\/\/danishfibres.com\/da\/om-os\/vores-styrker\/\" \/>\n<meta property=\"og:site_name\" content=\"Danish Fibres\" \/>\n<meta property=\"article:modified_time\" content=\"2025-12-01T07:46:02+00:00\" \/>\n<meta property=\"og:image\" content=\"https:\/\/danishfibres.com\/wp-content\/uploads\/our_strengths_danish_fibres_micro_fibres.png\" \/>\n\t<meta property=\"og:image:width\" content=\"830\" \/>\n\t<meta property=\"og:image:height\" content=\"350\" \/>\n\t<meta property=\"og:image:type\" content=\"image\/png\" \/>\n<meta name=\"twitter:card\" content=\"summary_large_image\" \/>\n<meta name=\"twitter:label1\" content=\"Estimeret l\u00e6setid\" \/>\n\t<meta name=\"twitter:data1\" content=\"2 minutter\" \/>\n<script type=\"application\/ld+json\" class=\"yoast-schema-graph\">{\"@context\":\"https:\\\/\\\/schema.org\",\"@graph\":[{\"@type\":\"WebPage\",\"@id\":\"https:\\\/\\\/danishfibres.com\\\/da\\\/om-os\\\/vores-styrker\\\/\",\"url\":\"https:\\\/\\\/danishfibres.com\\\/da\\\/om-os\\\/vores-styrker\\\/\",\"name\":\"Vores styrker - Danish Fibres\",\"isPartOf\":{\"@id\":\"https:\\\/\\\/danishfibres.com\\\/da\\\/#website\"},\"primaryImageOfPage\":{\"@id\":\"https:\\\/\\\/danishfibres.com\\\/da\\\/om-os\\\/vores-styrker\\\/#primaryimage\"},\"image\":{\"@id\":\"https:\\\/\\\/danishfibres.com\\\/da\\\/om-os\\\/vores-styrker\\\/#primaryimage\"},\"thumbnailUrl\":\"https:\\\/\\\/danishfibres.com\\\/wp-content\\\/uploads\\\/our_strengths_danish_fibres_micro_fibres.png\",\"datePublished\":\"2025-08-29T07:01:44+00:00\",\"dateModified\":\"2025-12-01T07:46:02+00:00\",\"description\":\"L\u00e6s om Danish Fibres\u2019 styrker \u2013 innovation, kvalitet og b\u00e6redygtighed i betonfiberl\u00f8sninger til moderne byggeri.\",\"breadcrumb\":{\"@id\":\"https:\\\/\\\/danishfibres.com\\\/da\\\/om-os\\\/vores-styrker\\\/#breadcrumb\"},\"inLanguage\":\"da-DK\",\"potentialAction\":[{\"@type\":\"ReadAction\",\"target\":[\"https:\\\/\\\/danishfibres.com\\\/da\\\/om-os\\\/vores-styrker\\\/\"]}]},{\"@type\":\"ImageObject\",\"inLanguage\":\"da-DK\",\"@id\":\"https:\\\/\\\/danishfibres.com\\\/da\\\/om-os\\\/vores-styrker\\\/#primaryimage\",\"url\":\"https:\\\/\\\/danishfibres.com\\\/wp-content\\\/uploads\\\/our_strengths_danish_fibres_micro_fibres.png\",\"contentUrl\":\"https:\\\/\\\/danishfibres.com\\\/wp-content\\\/uploads\\\/our_strengths_danish_fibres_micro_fibres.png\"},{\"@type\":\"BreadcrumbList\",\"@id\":\"https:\\\/\\\/danishfibres.com\\\/da\\\/om-os\\\/vores-styrker\\\/#breadcrumb\",\"itemListElement\":[{\"@type\":\"ListItem\",\"position\":1,\"name\":\"Danish Fibres\",\"item\":\"https:\\\/\\\/danishfibres.com\\\/da\\\/forside\\\/\"},{\"@type\":\"ListItem\",\"position\":2,\"name\":\"Om os\",\"item\":\"https:\\\/\\\/danishfibres.com\\\/da\\\/om-os\\\/\"},{\"@type\":\"ListItem\",\"position\":3,\"name\":\"Vores styrker\"}]},{\"@type\":\"WebSite\",\"@id\":\"https:\\\/\\\/danishfibres.com\\\/da\\\/#website\",\"url\":\"https:\\\/\\\/danishfibres.com\\\/da\\\/\",\"name\":\"Danish Fibres\",\"description\":\"Benefit from 40 years experience\",\"potentialAction\":[{\"@type\":\"SearchAction\",\"target\":{\"@type\":\"EntryPoint\",\"urlTemplate\":\"https:\\\/\\\/danishfibres.com\\\/da\\\/?s={search_term_string}\"},\"query-input\":{\"@type\":\"PropertyValueSpecification\",\"valueRequired\":true,\"valueName\":\"search_term_string\"}}],\"inLanguage\":\"da-DK\"}]}<\/script>\n<!-- \/ Yoast SEO plugin. -->","yoast_head_json":{"title":"Vores styrker - Danish Fibres","description":"L\u00e6s om Danish Fibres\u2019 styrker \u2013 innovation, kvalitet og b\u00e6redygtighed i betonfiberl\u00f8sninger til moderne byggeri.","robots":{"index":"index","follow":"follow","max-snippet":"max-snippet:-1","max-image-preview":"max-image-preview:large","max-video-preview":"max-video-preview:-1"},"canonical":"https:\/\/danishfibres.com\/da\/om-os\/vores-styrker\/","og_locale":"da_DK","og_type":"article","og_title":"Vores styrker - Danish Fibres","og_description":"L\u00e6s om Danish Fibres\u2019 styrker \u2013 innovation, kvalitet og b\u00e6redygtighed i betonfiberl\u00f8sninger til moderne byggeri.","og_url":"https:\/\/danishfibres.com\/da\/om-os\/vores-styrker\/","og_site_name":"Danish Fibres","article_modified_time":"2025-12-01T07:46:02+00:00","og_image":[{"width":830,"height":350,"url":"https:\/\/danishfibres.com\/wp-content\/uploads\/our_strengths_danish_fibres_micro_fibres.png","type":"image\/png"}],"twitter_card":"summary_large_image","twitter_misc":{"Estimeret l\u00e6setid":"2 minutter"},"schema":{"@context":"https:\/\/schema.org","@graph":[{"@type":"WebPage","@id":"https:\/\/danishfibres.com\/da\/om-os\/vores-styrker\/","url":"https:\/\/danishfibres.com\/da\/om-os\/vores-styrker\/","name":"Vores styrker - Danish Fibres","isPartOf":{"@id":"https:\/\/danishfibres.com\/da\/#website"},"primaryImageOfPage":{"@id":"https:\/\/danishfibres.com\/da\/om-os\/vores-styrker\/#primaryimage"},"image":{"@id":"https:\/\/danishfibres.com\/da\/om-os\/vores-styrker\/#primaryimage"},"thumbnailUrl":"https:\/\/danishfibres.com\/wp-content\/uploads\/our_strengths_danish_fibres_micro_fibres.png","datePublished":"2025-08-29T07:01:44+00:00","dateModified":"2025-12-01T07:46:02+00:00","description":"L\u00e6s om Danish Fibres\u2019 styrker \u2013 innovation, kvalitet og b\u00e6redygtighed i betonfiberl\u00f8sninger til moderne byggeri.","breadcrumb":{"@id":"https:\/\/danishfibres.com\/da\/om-os\/vores-styrker\/#breadcrumb"},"inLanguage":"da-DK","potentialAction":[{"@type":"ReadAction","target":["https:\/\/danishfibres.com\/da\/om-os\/vores-styrker\/"]}]},{"@type":"ImageObject","inLanguage":"da-DK","@id":"https:\/\/danishfibres.com\/da\/om-os\/vores-styrker\/#primaryimage","url":"https:\/\/danishfibres.com\/wp-content\/uploads\/our_strengths_danish_fibres_micro_fibres.png","contentUrl":"https:\/\/danishfibres.com\/wp-content\/uploads\/our_strengths_danish_fibres_micro_fibres.png"},{"@type":"BreadcrumbList","@id":"https:\/\/danishfibres.com\/da\/om-os\/vores-styrker\/#breadcrumb","itemListElement":[{"@type":"ListItem","position":1,"name":"Danish Fibres","item":"https:\/\/danishfibres.com\/da\/forside\/"},{"@type":"ListItem","position":2,"name":"Om os","item":"https:\/\/danishfibres.com\/da\/om-os\/"},{"@type":"ListItem","position":3,"name":"Vores styrker"}]},{"@type":"WebSite","@id":"https:\/\/danishfibres.com\/da\/#website","url":"https:\/\/danishfibres.com\/da\/","name":"Danish Fibres","description":"Benefit from 40 years experience","potentialAction":[{"@type":"SearchAction","target":{"@type":"EntryPoint","urlTemplate":"https:\/\/danishfibres.com\/da\/?s={search_term_string}"},"query-input":{"@type":"PropertyValueSpecification","valueRequired":true,"valueName":"search_term_string"}}],"inLanguage":"da-DK"}]}},"_links":{"self":[{"href":"https:\/\/danishfibres.com\/da\/wp-json\/wp\/v2\/pages\/1650","targetHints":{"allow":["GET"]}}],"collection":[{"href":"https:\/\/danishfibres.com\/da\/wp-json\/wp\/v2\/pages"}],"about":[{"href":"https:\/\/danishfibres.com\/da\/wp-json\/wp\/v2\/types\/page"}],"author":[{"embeddable":true,"href":"https:\/\/danishfibres.com\/da\/wp-json\/wp\/v2\/users\/2"}],"replies":[{"embeddable":true,"href":"https:\/\/danishfibres.com\/da\/wp-json\/wp\/v2\/comments?post=1650"}],"version-history":[{"count":19,"href":"https:\/\/danishfibres.com\/da\/wp-json\/wp\/v2\/pages\/1650\/revisions"}],"predecessor-version":[{"id":4724,"href":"https:\/\/danishfibres.com\/da\/wp-json\/wp\/v2\/pages\/1650\/revisions\/4724"}],"up":[{"embeddable":true,"href":"https:\/\/danishfibres.com\/da\/wp-json\/wp\/v2\/pages\/2865"}],"wp:attachment":[{"href":"https:\/\/danishfibres.com\/da\/wp-json\/wp\/v2\/media?parent=1650"}],"curies":[{"name":"wp","href":"https:\/\/api.w.org\/{rel}","templated":true}]}}