{"id":1665,"date":"2025-08-29T09:28:34","date_gmt":"2025-08-29T07:28:34","guid":{"rendered":"https:\/\/danishfibres.com\/om-os\/baeredygtighed\/"},"modified":"2025-12-01T09:13:49","modified_gmt":"2025-12-01T08:13:49","slug":"baeredygtighed","status":"publish","type":"page","link":"https:\/\/danishfibres.com\/da\/om-os\/baeredygtighed\/","title":{"rendered":"B\u00e6redygtighed"},"content":{"rendered":"\t\t<div data-elementor-type=\"wp-page\" data-elementor-id=\"1665\" class=\"elementor elementor-1665 elementor-1308\" data-elementor-post-type=\"page\">\n\t\t\t\t<div class=\"elementor-element elementor-element-64d5568 e-flex e-con-boxed e-con e-parent\" data-id=\"64d5568\" data-element_type=\"container\" data-e-type=\"container\" data-settings=\"{&quot;background_background&quot;:&quot;classic&quot;}\">\n\t\t\t\t\t<div class=\"e-con-inner\">\n\t\t\t\t<div class=\"elementor-element elementor-element-92640d7 elementor-widget elementor-widget-breadcrumbs\" data-id=\"92640d7\" data-element_type=\"widget\" data-e-type=\"widget\" data-widget_type=\"breadcrumbs.default\">\n\t\t\t\t\t<p id=\"breadcrumbs\"><span><span><a href=\"https:\/\/danishfibres.com\/da\/forside\/\">Danish Fibres<\/a><\/span><\/span><\/p>\t\t\t\t<\/div>\n\t\t<div class=\"elementor-element elementor-element-7c5696f e-con-full e-flex e-con e-child\" data-id=\"7c5696f\" data-element_type=\"container\" data-e-type=\"container\" data-settings=\"{&quot;background_background&quot;:&quot;classic&quot;}\">\n\t\t<div class=\"elementor-element elementor-element-1b708e6 e-con-full e-flex e-con e-child\" data-id=\"1b708e6\" data-element_type=\"container\" data-e-type=\"container\">\n\t\t<div class=\"elementor-element elementor-element-7a80f8e e-con-full e-flex e-con e-child\" data-id=\"7a80f8e\" data-element_type=\"container\" data-e-type=\"container\">\n\t\t\t\t<div class=\"elementor-element elementor-element-37ceceb elementor-widget elementor-widget-heading\" data-id=\"37ceceb\" data-element_type=\"widget\" data-e-type=\"widget\" data-widget_type=\"heading.default\">\n\t\t\t\t\t<h1 class=\"elementor-heading-title elementor-size-default\">B\u00e6redygtighed<\/h1>\t\t\t\t<\/div>\n\t\t\t\t<div class=\"elementor-element elementor-element-b578c5f elementor-widget__width-inherit df-text elementor-widget elementor-widget-text-editor\" data-id=\"b578c5f\" data-element_type=\"widget\" data-e-type=\"widget\" data-widget_type=\"text-editor.default\">\n\t\t\t\t\t\t\t\t\t<p><strong>Vi mener, at en b\u00e6redygtig forretningsstrategi b\u00e5de gavner milj\u00f8et, bundlinjen og kunden.<\/strong><\/p><p>Vi har derfor gennem de sidste to \u00e5rtier investeret st\u00e6rkt i at udvikle b\u00e6redygtige forretningspraksisser. Her er nogle eksempler p\u00e5 vores gr\u00f8nne initiativer: <\/p><h2>Sikring af en energieffektiv produktion<\/h2><ul><li>Vi har udskiftet alle motorer i vores produktionsanl\u00e6g med nye h\u00f8jeffektive modeller. I dag bruger alle vores produktionslinjer energieffektive motorer. Som f\u00f8lge heraf har vi kunnet halvere vores \u00e5rlige energiforbrug.  <\/li><li>Vi overv\u00e5ger l\u00f8bende vores energiforbrug for at eliminere enhver un\u00f8dvendig praksis, som f.eks. energitab for\u00e5rsaget af mekaniske problemer eller vedligeholdelsesbehov.<\/li><li>Vi har erstattet vores dieselgaffeltruck med en elektrisk model, der ikke genererer udledning.<\/li><\/ul><h2>Forbedring af ressourceeffektivitet gennem produktinnovation<\/h2><ul><li>Vi bruger jomfru polypropylen til produktion af vores fibre. Polypropylen er det mest energieffektive r\u00e5materiale til brug for syntetiske fibre, fordi det er skabt som et biprodukt. Der kr\u00e6ves derfor mindre energi til dets produktion.  <\/li><li>Vi er ved at udvikle en ny konstruktionsfiber med en forbedret overfladekarakter, hvilket \u00f8ger evnen til at forhindre revnedannelse i beton. Som f\u00f8lge heraf er der brug for en mindre m\u00e6ngde polypropylenfibre i betonblandingen, hvilket giver en mere energieffektiv l\u00f8sning. <\/li><li>Vi har ogs\u00e5 skabt en on-site sk\u00e6remaskine for at hj\u00e6lpe kunder med at reducere affald. Med maskinen kan vores kunder tilsk\u00e6re fiberbl\u00e5r i forskellige l\u00e6ngder efter behov, p\u00e5 byggepladsen. Dermed undg\u00e5r kunderne at k\u00f8be store m\u00e6ngder fiber i specifikke l\u00e6ngder, og overskudsfibre kan bruges til andre byggeprojekter.  <\/li><\/ul><h2>En kritisk tilgang til leverand\u00f8rvalg<\/h2><ul><li>N\u00e5r vi v\u00e6lger vores leverand\u00f8rer, ser vi ikke kun p\u00e5 pris og kvalitet. Vi unders\u00f8ger ogs\u00e5, om vores leverand\u00f8rer overholder b\u00e6redygtighedsstandarder, f.eks. milj\u00f8h\u00e5ndtering, forureningskontrol og samfundsansvar. <\/li><\/ul><h2>Samarbejde med kunder til sikring af en gr\u00f8n leveringsstrategi<\/h2><ul><li>Vi arbejder sammen med vores kunder om at optimere forsyningsk\u00e6den og udg\u00e5ende logistik. Til eksempel kan vi levere direkte til byggepladsen, i stedet for at levere til vores kunders varehus. P\u00e5 denne m\u00e5de reducerer vi transporttid, omkostninger og CO\u2082-udledninger. For at beskytte vores kunders interesser underskriver vi altid en kundebeskyttelsesaftale.   <\/li><li>Vi er i f\u00e6rd med at investere i et nyt emballagesystem, der skal sikre effektiv opbevaring under transport. M\u00e5let er at \u00f8ge m\u00e6ngden af fibre, der er lagret i hver kasse, for at reducere omkostninger og CO\u2082-udledninger. <\/li><\/ul><h2>Milj\u00f8certificeringer<\/h2><ul><li>Vi har v\u00e6ret ISO 14001-certificeret siden 2004, hvilket er den internationale standard, der fastl\u00e6gger kriterierne for et milj\u00f8h\u00e5ndteringssystem, og vi anvender gr\u00f8n rapportering.<\/li><\/ul>\t\t\t\t\t\t\t\t<\/div>\n\t\t\t\t<\/div>\n\t\t\t\t<\/div>\n\t\t<div class=\"elementor-element elementor-element-27ab0d4 e-con-full e-flex e-con e-child\" data-id=\"27ab0d4\" data-element_type=\"container\" data-e-type=\"container\">\n\t\t\t\t<div class=\"elementor-element elementor-element-00d36ca df-aside elementor-widget elementor-widget-text-editor\" data-id=\"00d36ca\" data-element_type=\"widget\" data-e-type=\"widget\" data-widget_type=\"text-editor.default\">\n\t\t\t\t\t\t\t\t\t<h2>L\u00e6s mere:<\/h2><ul><li><a href=\"https:\/\/danishfibres.com\/da\/konstruktionsfibre\/wiking-makrofibre\/\">Makrofibre<\/a><\/li><li><a href=\"https:\/\/danishfibres.com\/da\/konstruktionsfibre\/wiking-mikrofibre\/\">Mikrofibre<\/a><\/li><\/ul>\t\t\t\t\t\t\t\t<\/div>\n\t\t\t\t<\/div>\n\t\t\t\t<\/div>\n\t\t\t\t\t<\/div>\n\t\t\t\t<\/div>\n\t\t<div class=\"elementor-element elementor-element-c70c172 e-flex e-con-boxed e-con e-parent\" data-id=\"c70c172\" data-element_type=\"container\" data-e-type=\"container\" data-settings=\"{&quot;background_background&quot;:&quot;classic&quot;}\">\n\t\t\t\t\t<div class=\"e-con-inner\">\n\t\t<div class=\"elementor-element elementor-element-9e35a16 e-con-full e-flex e-con e-child\" data-id=\"9e35a16\" data-element_type=\"container\" data-e-type=\"container\" data-settings=\"{&quot;background_background&quot;:&quot;classic&quot;}\">\n\t\t<div class=\"elementor-element elementor-element-5d8a7a0 e-con-full e-flex e-con e-child\" data-id=\"5d8a7a0\" data-element_type=\"container\" data-e-type=\"container\">\n\t\t\t\t<div class=\"elementor-element elementor-element-4ece9f1 elementor-widget elementor-widget-heading\" data-id=\"4ece9f1\" data-element_type=\"widget\" data-e-type=\"widget\" data-widget_type=\"heading.default\">\n\t\t\t\t\t<h2 class=\"elementor-heading-title elementor-size-default\">M\u00f8d vores salgsteam<\/h2>\t\t\t\t<\/div>\n\t\t<div class=\"elementor-element elementor-element-5e0ed29 e-con-full e-flex e-con e-child\" data-id=\"5e0ed29\" data-element_type=\"container\" data-e-type=\"container\">\n\t\t<div class=\"elementor-element elementor-element-fdb479d e-con-full e-flex e-con e-child\" data-id=\"fdb479d\" data-element_type=\"container\" data-e-type=\"container\">\n\t\t\t\t<div class=\"elementor-element elementor-element-285e9f1 sales-title elementor-widget elementor-widget-heading\" data-id=\"285e9f1\" data-element_type=\"widget\" data-e-type=\"widget\" data-widget_type=\"heading.default\">\n\t\t\t\t\t<p class=\"elementor-heading-title elementor-size-default\">CEO\/President<\/p>\t\t\t\t<\/div>\n\t\t\t\t<div class=\"elementor-element elementor-element-bfc2cad sales-name elementor-widget elementor-widget-heading\" data-id=\"bfc2cad\" data-element_type=\"widget\" data-e-type=\"widget\" data-widget_type=\"heading.default\">\n\t\t\t\t\t<p class=\"elementor-heading-title elementor-size-default\">Palle Kuntz<\/p>\t\t\t\t<\/div>\n\t\t\t\t<div class=\"elementor-element elementor-element-ced4ecb elementor-widget elementor-widget-heading\" data-id=\"ced4ecb\" data-element_type=\"widget\" data-e-type=\"widget\" data-widget_type=\"heading.default\">\n\t\t\t\t\t<p class=\"elementor-heading-title elementor-size-default\"><a href=\"tel:+4524659615\">+45 24 65 96 15<\/a><\/p>\t\t\t\t<\/div>\n\t\t\t\t<div class=\"elementor-element elementor-element-210ec0a sales-name elementor-widget elementor-widget-heading\" data-id=\"210ec0a\" data-element_type=\"widget\" data-e-type=\"widget\" data-widget_type=\"heading.default\">\n\t\t\t\t\t<p class=\"elementor-heading-title elementor-size-default\"><a href=\"mailto:pku@danishfibres.dk\">pku@danishfibres.dk<\/a><\/p>\t\t\t\t<\/div>\n\t\t\t\t<\/div>\n\t\t<div class=\"elementor-element elementor-element-2829d5d e-con-full e-flex e-con e-child\" data-id=\"2829d5d\" data-element_type=\"container\" data-e-type=\"container\">\n\t\t\t\t<div class=\"elementor-element elementor-element-dfa13b6 sales-title elementor-widget elementor-widget-heading\" data-id=\"dfa13b6\" data-element_type=\"widget\" data-e-type=\"widget\" data-widget_type=\"heading.default\">\n\t\t\t\t\t<p class=\"elementor-heading-title elementor-size-default\">Sales Manager<\/p>\t\t\t\t<\/div>\n\t\t\t\t<div class=\"elementor-element elementor-element-d566e44 sales-name elementor-widget elementor-widget-heading\" data-id=\"d566e44\" data-element_type=\"widget\" data-e-type=\"widget\" data-widget_type=\"heading.default\">\n\t\t\t\t\t<p class=\"elementor-heading-title elementor-size-default\">David Etzerodt<\/p>\t\t\t\t<\/div>\n\t\t\t\t<div class=\"elementor-element elementor-element-2ec0124 elementor-widget elementor-widget-heading\" data-id=\"2ec0124\" data-element_type=\"widget\" data-e-type=\"widget\" data-widget_type=\"heading.default\">\n\t\t\t\t\t<p class=\"elementor-heading-title elementor-size-default\"><a href=\"tel:+4520580599\">+45 20 58 05 99<\/a><\/p>\t\t\t\t<\/div>\n\t\t\t\t<div class=\"elementor-element elementor-element-0e0485e sales-name elementor-widget elementor-widget-heading\" data-id=\"0e0485e\" data-element_type=\"widget\" data-e-type=\"widget\" data-widget_type=\"heading.default\">\n\t\t\t\t\t<p class=\"elementor-heading-title elementor-size-default\"><a href=\"mailto:dke@danishfibres.dk\">dke@danishfibres.dk<\/a><\/p>\t\t\t\t<\/div>\n\t\t\t\t<\/div>\n\t\t\t\t<\/div>\n\t\t\t\t<div class=\"elementor-element elementor-element-cd19e1d elementor-widget elementor-widget-button\" data-id=\"cd19e1d\" data-element_type=\"widget\" data-e-type=\"widget\" data-widget_type=\"button.default\">\n\t\t\t\t\t\t\t\t\t\t<a class=\"elementor-button elementor-button-link elementor-size-sm\" href=\"https:\/\/danishfibres.com\/da\/kontakt\/\">\n\t\t\t\t\t\t<span class=\"elementor-button-content-wrapper\">\n\t\t\t\t\t\t\t\t\t<span class=\"elementor-button-text\">Kontakt os<\/span>\n\t\t\t\t\t<\/span>\n\t\t\t\t\t<\/a>\n\t\t\t\t\t\t\t\t<\/div>\n\t\t\t\t<\/div>\n\t\t<div class=\"elementor-element elementor-element-acdef2d e-con-full e-flex e-con e-child\" data-id=\"acdef2d\" data-element_type=\"container\" data-e-type=\"container\" data-settings=\"{&quot;background_background&quot;:&quot;classic&quot;}\">\n\t\t\t\t<div class=\"elementor-element elementor-element-9cdadff elementor-widget elementor-widget-image\" data-id=\"9cdadff\" data-element_type=\"widget\" data-e-type=\"widget\" data-widget_type=\"image.default\">\n\t\t\t\t\t\t\t\t\t\t\t\t\t\t\t<img fetchpriority=\"high\" decoding=\"async\" width=\"527\" height=\"278\" src=\"https:\/\/danishfibres.com\/wp-content\/uploads\/Our_Sales_Team_Danish_Fibres_subpage.jpg\" class=\"attachment-large size-large wp-image-243\" alt=\"\" srcset=\"https:\/\/danishfibres.com\/wp-content\/uploads\/Our_Sales_Team_Danish_Fibres_subpage.jpg 527w, https:\/\/danishfibres.com\/wp-content\/uploads\/Our_Sales_Team_Danish_Fibres_subpage-300x158.jpg 300w\" sizes=\"(max-width: 527px) 100vw, 527px\" \/>\t\t\t\t\t\t\t\t\t\t\t\t\t\t\t<\/div>\n\t\t\t\t<\/div>\n\t\t\t\t<\/div>\n\t\t\t\t\t<\/div>\n\t\t\t\t<\/div>\n\t\t<div class=\"elementor-element elementor-element-a43fec9 e-grid e-con-boxed e-con e-parent\" data-id=\"a43fec9\" data-element_type=\"container\" data-e-type=\"container\" data-settings=\"{&quot;background_background&quot;:&quot;classic&quot;}\">\n\t\t\t\t\t<div class=\"e-con-inner\">\n\t\t<div class=\"elementor-element elementor-element-a527b67 e-con-full e-flex e-con e-child\" data-id=\"a527b67\" data-element_type=\"container\" data-e-type=\"container\">\n\t\t\t\t<div class=\"elementor-element elementor-element-c3783d4 elementor-widget elementor-widget-image\" data-id=\"c3783d4\" data-element_type=\"widget\" data-e-type=\"widget\" data-widget_type=\"image.default\">\n\t\t\t\t\t\t\t\t\t\t\t\t\t\t\t<img decoding=\"async\" src=\"https:\/\/danishfibres.com\/wp-content\/uploads\/Danish_Fibres_Construction_Technical_Fibres.jpg\" title=\"\" alt=\"\" loading=\"lazy\" \/>\t\t\t\t\t\t\t\t\t\t\t\t\t\t\t<\/div>\n\t\t\t\t<\/div>\n\t\t<div class=\"elementor-element elementor-element-ca77e96 e-con-full clickable-parent e-flex e-con e-child\" data-id=\"ca77e96\" data-element_type=\"container\" data-e-type=\"container\" data-settings=\"{&quot;background_background&quot;:&quot;classic&quot;}\">\n\t\t\t\t<div class=\"elementor-element elementor-element-680f9cc elementor-widget elementor-widget-text-editor\" data-id=\"680f9cc\" data-element_type=\"widget\" data-e-type=\"widget\" data-widget_type=\"text-editor.default\">\n\t\t\t\t\t\t\t\t\t<p>Produktinformation<\/p>\t\t\t\t\t\t\t\t<\/div>\n\t\t\t\t<div class=\"elementor-element elementor-element-3a65493 elementor-widget elementor-widget-text-editor\" data-id=\"3a65493\" data-element_type=\"widget\" data-e-type=\"widget\" data-widget_type=\"text-editor.default\">\n\t\t\t\t\t\t\t\t\t<p>Udforsk vores f\u00f8rende udvalg af konstruktionsfibre<\/p>\t\t\t\t\t\t\t\t<\/div>\n\t\t\t\t<div class=\"elementor-element elementor-element-6d31867 elementor-widget elementor-widget-text-editor\" data-id=\"6d31867\" data-element_type=\"widget\" data-e-type=\"widget\" data-widget_type=\"text-editor.default\">\n\t\t\t\t\t\t\t\t\t<p>H\u00f8jtydende polypropylenfibre til betonarmering, der giver spr\u00e6ngstyring, tr\u00e6kstyrke og brandbeskyttelse.<\/p>\t\t\t\t\t\t\t\t<\/div>\n\t\t\t\t<div class=\"elementor-element elementor-element-385f7cd elementor-widget elementor-widget-button\" data-id=\"385f7cd\" data-element_type=\"widget\" data-e-type=\"widget\" data-widget_type=\"button.default\">\n\t\t\t\t\t\t\t\t\t\t<a class=\"elementor-button elementor-button-link elementor-size-sm\" href=\"https:\/\/danishfibres.com\/da\/konstruktionsfibre\/teknologi\/\">\n\t\t\t\t\t\t<span class=\"elementor-button-content-wrapper\">\n\t\t\t\t\t\t<span class=\"elementor-button-icon\">\n\t\t\t\t<svg aria-hidden=\"true\" class=\"e-font-icon-svg e-fas-chevron-right\" viewBox=\"0 0 320 512\" xmlns=\"http:\/\/www.w3.org\/2000\/svg\"><path d=\"M285.476 272.971L91.132 467.314c-9.373 9.373-24.569 9.373-33.941 0l-22.667-22.667c-9.357-9.357-9.375-24.522-.04-33.901L188.505 256 34.484 101.255c-9.335-9.379-9.317-24.544.04-33.901l22.667-22.667c9.373-9.373 24.569-9.373 33.941 0L285.475 239.03c9.373 9.372 9.373 24.568.001 33.941z\"><\/path><\/svg>\t\t\t<\/span>\n\t\t\t\t\t\t\t\t\t<span class=\"elementor-button-text\">L\u00e6s mere om vores konstruktionsfibre<\/span>\n\t\t\t\t\t<\/span>\n\t\t\t\t\t<\/a>\n\t\t\t\t\t\t\t\t<\/div>\n\t\t\t\t<\/div>\n\t\t\t\t\t<\/div>\n\t\t\t\t<\/div>\n\t\t\t\t<\/div>\n\t\t","protected":false},"excerpt":{"rendered":"<p>B\u00e6redygtighed Vi mener, at en b\u00e6redygtig forretningsstrategi b\u00e5de gavner milj\u00f8et, bundlinjen og kunden. Vi har derfor gennem de sidste to \u00e5rtier investeret st\u00e6rkt i at udvikle b\u00e6redygtige forretningspraksisser. Her er nogle eksempler p\u00e5 vores gr\u00f8nne initiativer: Sikring af en energieffektiv produktion Vi har udskiftet alle motorer i vores produktionsanl\u00e6g med nye h\u00f8jeffektive modeller. I dag [&hellip;]<\/p>\n","protected":false},"author":2,"featured_media":0,"parent":2865,"menu_order":0,"comment_status":"closed","ping_status":"closed","template":"","meta":{"_acf_changed":false,"footnotes":""},"class_list":["post-1665","page","type-page","status-publish","hentry"],"acf":[],"yoast_head":"<!-- This site is optimized with the Yoast SEO plugin v27.4 - https:\/\/yoast.com\/product\/yoast-seo-wordpress\/ -->\n<title>B\u00e6redygtighed - Danish Fibres<\/title>\n<meta name=\"description\" content=\"L\u00e6s om Danish Fibres\u2019 fokus p\u00e5 b\u00e6redygtighed \u2013 milj\u00f8venlige betonfibre til st\u00e6rke og gr\u00f8nne byggeprojekter.\" \/>\n<meta name=\"robots\" content=\"index, follow, max-snippet:-1, max-image-preview:large, max-video-preview:-1\" \/>\n<link rel=\"canonical\" href=\"https:\/\/danishfibres.com\/da\/om-os\/baeredygtighed\/\" \/>\n<meta property=\"og:locale\" content=\"da_DK\" \/>\n<meta property=\"og:type\" content=\"article\" \/>\n<meta property=\"og:title\" content=\"B\u00e6redygtighed - Danish Fibres\" \/>\n<meta property=\"og:description\" content=\"L\u00e6s om Danish Fibres\u2019 fokus p\u00e5 b\u00e6redygtighed \u2013 milj\u00f8venlige betonfibre til st\u00e6rke og gr\u00f8nne byggeprojekter.\" \/>\n<meta property=\"og:url\" content=\"https:\/\/danishfibres.com\/da\/om-os\/baeredygtighed\/\" \/>\n<meta property=\"og:site_name\" content=\"Danish Fibres\" \/>\n<meta property=\"article:modified_time\" content=\"2025-12-01T08:13:49+00:00\" \/>\n<meta property=\"og:image\" content=\"https:\/\/danishfibres.com\/wp-content\/uploads\/Our_Sales_Team_Danish_Fibres_subpage.jpg\" \/>\n\t<meta property=\"og:image:width\" content=\"527\" \/>\n\t<meta property=\"og:image:height\" content=\"278\" \/>\n\t<meta property=\"og:image:type\" content=\"image\/jpeg\" \/>\n<meta name=\"twitter:card\" content=\"summary_large_image\" \/>\n<meta name=\"twitter:label1\" content=\"Estimeret l\u00e6setid\" \/>\n\t<meta name=\"twitter:data1\" content=\"2 minutter\" \/>\n<script type=\"application\/ld+json\" class=\"yoast-schema-graph\">{\"@context\":\"https:\\\/\\\/schema.org\",\"@graph\":[{\"@type\":\"WebPage\",\"@id\":\"https:\\\/\\\/danishfibres.com\\\/da\\\/om-os\\\/baeredygtighed\\\/\",\"url\":\"https:\\\/\\\/danishfibres.com\\\/da\\\/om-os\\\/baeredygtighed\\\/\",\"name\":\"B\u00e6redygtighed - Danish Fibres\",\"isPartOf\":{\"@id\":\"https:\\\/\\\/danishfibres.com\\\/da\\\/#website\"},\"primaryImageOfPage\":{\"@id\":\"https:\\\/\\\/danishfibres.com\\\/da\\\/om-os\\\/baeredygtighed\\\/#primaryimage\"},\"image\":{\"@id\":\"https:\\\/\\\/danishfibres.com\\\/da\\\/om-os\\\/baeredygtighed\\\/#primaryimage\"},\"thumbnailUrl\":\"https:\\\/\\\/danishfibres.com\\\/wp-content\\\/uploads\\\/Our_Sales_Team_Danish_Fibres_subpage.jpg\",\"datePublished\":\"2025-08-29T07:28:34+00:00\",\"dateModified\":\"2025-12-01T08:13:49+00:00\",\"description\":\"L\u00e6s om Danish Fibres\u2019 fokus p\u00e5 b\u00e6redygtighed \u2013 milj\u00f8venlige betonfibre til st\u00e6rke og gr\u00f8nne byggeprojekter.\",\"breadcrumb\":{\"@id\":\"https:\\\/\\\/danishfibres.com\\\/da\\\/om-os\\\/baeredygtighed\\\/#breadcrumb\"},\"inLanguage\":\"da-DK\",\"potentialAction\":[{\"@type\":\"ReadAction\",\"target\":[\"https:\\\/\\\/danishfibres.com\\\/da\\\/om-os\\\/baeredygtighed\\\/\"]}]},{\"@type\":\"ImageObject\",\"inLanguage\":\"da-DK\",\"@id\":\"https:\\\/\\\/danishfibres.com\\\/da\\\/om-os\\\/baeredygtighed\\\/#primaryimage\",\"url\":\"https:\\\/\\\/danishfibres.com\\\/wp-content\\\/uploads\\\/Our_Sales_Team_Danish_Fibres_subpage.jpg\",\"contentUrl\":\"https:\\\/\\\/danishfibres.com\\\/wp-content\\\/uploads\\\/Our_Sales_Team_Danish_Fibres_subpage.jpg\"},{\"@type\":\"BreadcrumbList\",\"@id\":\"https:\\\/\\\/danishfibres.com\\\/da\\\/om-os\\\/baeredygtighed\\\/#breadcrumb\",\"itemListElement\":[{\"@type\":\"ListItem\",\"position\":1,\"name\":\"Danish Fibres\",\"item\":\"https:\\\/\\\/danishfibres.com\\\/da\\\/forside\\\/\"},{\"@type\":\"ListItem\",\"position\":2,\"name\":\"Om os\",\"item\":\"https:\\\/\\\/danishfibres.com\\\/da\\\/om-os\\\/\"},{\"@type\":\"ListItem\",\"position\":3,\"name\":\"B\u00e6redygtighed\"}]},{\"@type\":\"WebSite\",\"@id\":\"https:\\\/\\\/danishfibres.com\\\/da\\\/#website\",\"url\":\"https:\\\/\\\/danishfibres.com\\\/da\\\/\",\"name\":\"Danish Fibres\",\"description\":\"Benefit from 40 years experience\",\"potentialAction\":[{\"@type\":\"SearchAction\",\"target\":{\"@type\":\"EntryPoint\",\"urlTemplate\":\"https:\\\/\\\/danishfibres.com\\\/da\\\/?s={search_term_string}\"},\"query-input\":{\"@type\":\"PropertyValueSpecification\",\"valueRequired\":true,\"valueName\":\"search_term_string\"}}],\"inLanguage\":\"da-DK\"}]}<\/script>\n<!-- \/ Yoast SEO plugin. -->","yoast_head_json":{"title":"B\u00e6redygtighed - Danish Fibres","description":"L\u00e6s om Danish Fibres\u2019 fokus p\u00e5 b\u00e6redygtighed \u2013 milj\u00f8venlige betonfibre til st\u00e6rke og gr\u00f8nne byggeprojekter.","robots":{"index":"index","follow":"follow","max-snippet":"max-snippet:-1","max-image-preview":"max-image-preview:large","max-video-preview":"max-video-preview:-1"},"canonical":"https:\/\/danishfibres.com\/da\/om-os\/baeredygtighed\/","og_locale":"da_DK","og_type":"article","og_title":"B\u00e6redygtighed - Danish Fibres","og_description":"L\u00e6s om Danish Fibres\u2019 fokus p\u00e5 b\u00e6redygtighed \u2013 milj\u00f8venlige betonfibre til st\u00e6rke og gr\u00f8nne byggeprojekter.","og_url":"https:\/\/danishfibres.com\/da\/om-os\/baeredygtighed\/","og_site_name":"Danish Fibres","article_modified_time":"2025-12-01T08:13:49+00:00","og_image":[{"width":527,"height":278,"url":"https:\/\/danishfibres.com\/wp-content\/uploads\/Our_Sales_Team_Danish_Fibres_subpage.jpg","type":"image\/jpeg"}],"twitter_card":"summary_large_image","twitter_misc":{"Estimeret l\u00e6setid":"2 minutter"},"schema":{"@context":"https:\/\/schema.org","@graph":[{"@type":"WebPage","@id":"https:\/\/danishfibres.com\/da\/om-os\/baeredygtighed\/","url":"https:\/\/danishfibres.com\/da\/om-os\/baeredygtighed\/","name":"B\u00e6redygtighed - Danish Fibres","isPartOf":{"@id":"https:\/\/danishfibres.com\/da\/#website"},"primaryImageOfPage":{"@id":"https:\/\/danishfibres.com\/da\/om-os\/baeredygtighed\/#primaryimage"},"image":{"@id":"https:\/\/danishfibres.com\/da\/om-os\/baeredygtighed\/#primaryimage"},"thumbnailUrl":"https:\/\/danishfibres.com\/wp-content\/uploads\/Our_Sales_Team_Danish_Fibres_subpage.jpg","datePublished":"2025-08-29T07:28:34+00:00","dateModified":"2025-12-01T08:13:49+00:00","description":"L\u00e6s om Danish Fibres\u2019 fokus p\u00e5 b\u00e6redygtighed \u2013 milj\u00f8venlige betonfibre til st\u00e6rke og gr\u00f8nne byggeprojekter.","breadcrumb":{"@id":"https:\/\/danishfibres.com\/da\/om-os\/baeredygtighed\/#breadcrumb"},"inLanguage":"da-DK","potentialAction":[{"@type":"ReadAction","target":["https:\/\/danishfibres.com\/da\/om-os\/baeredygtighed\/"]}]},{"@type":"ImageObject","inLanguage":"da-DK","@id":"https:\/\/danishfibres.com\/da\/om-os\/baeredygtighed\/#primaryimage","url":"https:\/\/danishfibres.com\/wp-content\/uploads\/Our_Sales_Team_Danish_Fibres_subpage.jpg","contentUrl":"https:\/\/danishfibres.com\/wp-content\/uploads\/Our_Sales_Team_Danish_Fibres_subpage.jpg"},{"@type":"BreadcrumbList","@id":"https:\/\/danishfibres.com\/da\/om-os\/baeredygtighed\/#breadcrumb","itemListElement":[{"@type":"ListItem","position":1,"name":"Danish Fibres","item":"https:\/\/danishfibres.com\/da\/forside\/"},{"@type":"ListItem","position":2,"name":"Om os","item":"https:\/\/danishfibres.com\/da\/om-os\/"},{"@type":"ListItem","position":3,"name":"B\u00e6redygtighed"}]},{"@type":"WebSite","@id":"https:\/\/danishfibres.com\/da\/#website","url":"https:\/\/danishfibres.com\/da\/","name":"Danish Fibres","description":"Benefit from 40 years experience","potentialAction":[{"@type":"SearchAction","target":{"@type":"EntryPoint","urlTemplate":"https:\/\/danishfibres.com\/da\/?s={search_term_string}"},"query-input":{"@type":"PropertyValueSpecification","valueRequired":true,"valueName":"search_term_string"}}],"inLanguage":"da-DK"}]}},"_links":{"self":[{"href":"https:\/\/danishfibres.com\/da\/wp-json\/wp\/v2\/pages\/1665","targetHints":{"allow":["GET"]}}],"collection":[{"href":"https:\/\/danishfibres.com\/da\/wp-json\/wp\/v2\/pages"}],"about":[{"href":"https:\/\/danishfibres.com\/da\/wp-json\/wp\/v2\/types\/page"}],"author":[{"embeddable":true,"href":"https:\/\/danishfibres.com\/da\/wp-json\/wp\/v2\/users\/2"}],"replies":[{"embeddable":true,"href":"https:\/\/danishfibres.com\/da\/wp-json\/wp\/v2\/comments?post=1665"}],"version-history":[{"count":15,"href":"https:\/\/danishfibres.com\/da\/wp-json\/wp\/v2\/pages\/1665\/revisions"}],"predecessor-version":[{"id":4793,"href":"https:\/\/danishfibres.com\/da\/wp-json\/wp\/v2\/pages\/1665\/revisions\/4793"}],"up":[{"embeddable":true,"href":"https:\/\/danishfibres.com\/da\/wp-json\/wp\/v2\/pages\/2865"}],"wp:attachment":[{"href":"https:\/\/danishfibres.com\/da\/wp-json\/wp\/v2\/media?parent=1665"}],"curies":[{"name":"wp","href":"https:\/\/api.w.org\/{rel}","templated":true}]}}