{"id":1689,"date":"2025-08-27T11:37:39","date_gmt":"2025-08-27T09:37:39","guid":{"rendered":"https:\/\/danishfibres.com\/konstruktionsfibre\/anvendelsesmuligheder\/fiber-til-havbeton\/"},"modified":"2025-12-03T15:22:00","modified_gmt":"2025-12-03T14:22:00","slug":"fiber-til-havbeton","status":"publish","type":"page","link":"https:\/\/danishfibres.com\/da\/konstruktionsfibre\/anvendelsesmuligheder\/fiber-til-havbeton\/","title":{"rendered":"Fiber til havbeton"},"content":{"rendered":"\t\t<div data-elementor-type=\"wp-page\" data-elementor-id=\"1689\" class=\"elementor elementor-1689 elementor-994\" data-elementor-post-type=\"page\">\n\t\t\t\t<div class=\"elementor-element elementor-element-3176327 e-con-full e-flex e-con e-parent\" data-id=\"3176327\" data-element_type=\"container\" data-e-type=\"container\" data-settings=\"{&quot;background_background&quot;:&quot;classic&quot;}\">\n\t\t<div class=\"elementor-element elementor-element-ed7c1f4 e-con-full e-flex e-con e-child\" data-id=\"ed7c1f4\" data-element_type=\"container\" data-e-type=\"container\" data-settings=\"{&quot;background_background&quot;:&quot;classic&quot;}\">\n\t\t<div class=\"elementor-element elementor-element-d52dae1 e-con-full e-flex e-con e-child\" data-id=\"d52dae1\" data-element_type=\"container\" data-e-type=\"container\">\n\t\t\t\t<div class=\"elementor-element elementor-element-749e809 elementor-widget elementor-widget-image\" data-id=\"749e809\" data-element_type=\"widget\" data-e-type=\"widget\" data-widget_type=\"image.default\">\n\t\t\t\t\t\t\t\t\t\t\t\t\t\t\t<img fetchpriority=\"high\" decoding=\"async\" width=\"800\" height=\"289\" src=\"https:\/\/danishfibres.com\/wp-content\/uploads\/maritime_concrete_danish_fibres.jpg\" class=\"attachment-large size-large wp-image-984\" alt=\"Marine concrete reinforcement - Danish Fibres\" srcset=\"https:\/\/danishfibres.com\/wp-content\/uploads\/maritime_concrete_danish_fibres.jpg 830w, https:\/\/danishfibres.com\/wp-content\/uploads\/maritime_concrete_danish_fibres-300x108.jpg 300w, https:\/\/danishfibres.com\/wp-content\/uploads\/maritime_concrete_danish_fibres-768x278.jpg 768w\" sizes=\"(max-width: 800px) 100vw, 800px\" \/>\t\t\t\t\t\t\t\t\t\t\t\t\t\t\t<\/div>\n\t\t<div class=\"elementor-element elementor-element-005d7d4 e-con-full e-flex e-con e-child\" data-id=\"005d7d4\" data-element_type=\"container\" data-e-type=\"container\">\n\t\t\t\t<div class=\"elementor-element elementor-element-6731682 elementor-widget elementor-widget-heading\" data-id=\"6731682\" data-element_type=\"widget\" data-e-type=\"widget\" data-widget_type=\"heading.default\">\n\t\t\t\t\t<p class=\"elementor-heading-title elementor-size-default\">Anvendelsesmuligheder<\/p>\t\t\t\t<\/div>\n\t\t\t\t<div class=\"elementor-element elementor-element-b44ed5a elementor-widget elementor-widget-heading\" data-id=\"b44ed5a\" data-element_type=\"widget\" data-e-type=\"widget\" data-widget_type=\"heading.default\">\n\t\t\t\t\t<h1 class=\"elementor-heading-title elementor-size-default\">Fiber til havbeton<\/h1>\t\t\t\t<\/div>\n\t\t\t\t<div class=\"elementor-element elementor-element-936f968 df-text elementor-widget elementor-widget-text-editor\" data-id=\"936f968\" data-element_type=\"widget\" data-e-type=\"widget\" data-widget_type=\"text-editor.default\">\n\t\t\t\t\t\t\t\t\t<p><strong>Beton i marinemilj\u00f8er uds\u00e6ttes for meget h\u00e5rde forhold, hvilket g\u00f8r holdbarhed og strukturel p\u00e5lidelighed til vigtige parametre for havbeton. Vi tilbyder derfor en r\u00e6kke Wiking\u00ae Konstruktionsfibre til armering af havbeton. <\/strong><\/p><p>Betonstrukturer i marinemilj\u00f8er risikerer hurtig forringelse p\u00e5 grund af de h\u00e5rde forhold, som havvand skaber. Ikke alene er havbeton udsat for kemiske angreb fra havvandet; men de konstante slag fra b\u00f8lger, der b\u00e6rer sand og sm\u00e5sten med dem, vil ogs\u00e5 p\u00e5virke betonen negativt. Som f\u00f8lge heraf splittes betonen, og st\u00e5lst\u00e6nger og st\u00e5lnet vil begynde at korrodere.  <\/p><h2><strong>Konstruktionsfibre til \u00f8get holdbarhed i marinemilj\u00f8er<\/strong><\/h2><p>Vi har derfor udviklet en r\u00e6kke Wiking\u00ae Konstruktionsfibre til forbedring af havbetons holdbarhed. Ved tils\u00e6tning af fibrene til betonblandingen reduceres skader for\u00e5rsaget af slid med op til 40%, og slagstyrken \u00f8ges med 400%. <\/p><p>Desuden vil Wiking\u00ae Konstruktionsfibre reducere absorberingen af vand i beton, hvilket g\u00f8r betonen mere modstandsdygtig over for gennemtr\u00e6ngning. Dette skyldes, at fibrene danner en tredimensionel matrix, som forhindrer dannelsen af plastkrympningsrevner og skaber en mere holdbar beton. Dette vil ogs\u00e5 g\u00f8re betonen mindre udsat for kloridangreb, hvilket er en af de hyppigste \u00e5rsager til skader p\u00e5 havbeton.  <\/p>\t\t\t\t\t\t\t\t<\/div>\n\t\t\t\t<\/div>\n\t\t\t\t<\/div>\n\t\t<div class=\"elementor-element elementor-element-bb9cf73 e-con-full e-flex e-con e-child\" data-id=\"bb9cf73\" data-element_type=\"container\" data-e-type=\"container\">\n\t\t\t\t<div class=\"elementor-element elementor-element-f0adf5b df-aside elementor-widget elementor-widget-text-editor\" data-id=\"f0adf5b\" data-element_type=\"widget\" data-e-type=\"widget\" data-widget_type=\"text-editor.default\">\n\t\t\t\t\t\t\t\t\t<h2>Fordele ved Wiking\u00ae\nKonstruktionsfibre<br>til havbeton:<\/h2>\n<ul>\n \t<li>Forebyggelse af revner<\/li>\n \t<li>Reducerede slidskader<\/li>\n \t<li>Forbedret slagstyrke<\/li>\n \t<li>\u00d8get modstand mod frost og opt\u00f8ning<\/li>\n \t<li>Reduceret permeabilitet<\/li>\n<\/ul>\n<h2>Relaterede<br>produkter:<\/h2>\n<ul>\n \t<li>Wiking\u00ae <a href=\"https:\/\/danishfibres.com\/da\/konstruktionsfibre\/wiking-mikrofibre\/\">Micro Fibres<\/a><\/li>\n \t<li>Wiking\u00ae <a href=\"https:\/\/danishfibres.com\/da\/konstruktionsfibre\/wiking-makrofibre\/\">Macro Fibres<\/a><\/li>\n<\/ul>\t\t\t\t\t\t\t\t<\/div>\n\t\t\t\t<\/div>\n\t\t\t\t<\/div>\n\t\t\t\t<\/div>\n\t\t<div class=\"elementor-element elementor-element-24f8e6d e-flex e-con-boxed e-con e-parent\" data-id=\"24f8e6d\" data-element_type=\"container\" data-e-type=\"container\" data-settings=\"{&quot;background_background&quot;:&quot;classic&quot;}\">\n\t\t\t\t\t<div class=\"e-con-inner\">\n\t\t<div class=\"elementor-element elementor-element-345e232 e-con-full e-flex e-con e-child\" data-id=\"345e232\" data-element_type=\"container\" data-e-type=\"container\" data-settings=\"{&quot;background_background&quot;:&quot;classic&quot;}\">\n\t\t<div class=\"elementor-element elementor-element-312cb24 e-con-full e-flex e-con e-child\" data-id=\"312cb24\" data-element_type=\"container\" data-e-type=\"container\">\n\t\t\t\t<div class=\"elementor-element elementor-element-3f2dae7 elementor-widget elementor-widget-heading\" data-id=\"3f2dae7\" data-element_type=\"widget\" data-e-type=\"widget\" data-widget_type=\"heading.default\">\n\t\t\t\t\t<h2 class=\"elementor-heading-title elementor-size-default\">M\u00f8d vores salgsteam<\/h2>\t\t\t\t<\/div>\n\t\t<div class=\"elementor-element elementor-element-4ce9628 e-con-full e-flex e-con e-child\" data-id=\"4ce9628\" data-element_type=\"container\" data-e-type=\"container\">\n\t\t<div class=\"elementor-element elementor-element-d5975d4 e-con-full e-flex e-con e-child\" data-id=\"d5975d4\" data-element_type=\"container\" data-e-type=\"container\">\n\t\t\t\t<div class=\"elementor-element elementor-element-718199d sales-title elementor-widget elementor-widget-heading\" data-id=\"718199d\" data-element_type=\"widget\" data-e-type=\"widget\" data-widget_type=\"heading.default\">\n\t\t\t\t\t<p class=\"elementor-heading-title elementor-size-default\">CEO\/President<\/p>\t\t\t\t<\/div>\n\t\t\t\t<div class=\"elementor-element elementor-element-5d6ac5f sales-name elementor-widget elementor-widget-heading\" data-id=\"5d6ac5f\" data-element_type=\"widget\" data-e-type=\"widget\" data-widget_type=\"heading.default\">\n\t\t\t\t\t<p class=\"elementor-heading-title elementor-size-default\">Palle Kuntz<\/p>\t\t\t\t<\/div>\n\t\t\t\t<div class=\"elementor-element elementor-element-990b7b6 elementor-widget elementor-widget-heading\" data-id=\"990b7b6\" data-element_type=\"widget\" data-e-type=\"widget\" data-widget_type=\"heading.default\">\n\t\t\t\t\t<p class=\"elementor-heading-title elementor-size-default\"><a href=\"tel:+4524659615\">+45 24 65 96 15<\/a><\/p>\t\t\t\t<\/div>\n\t\t\t\t<div class=\"elementor-element elementor-element-eec5b25 sales-name elementor-widget elementor-widget-heading\" data-id=\"eec5b25\" data-element_type=\"widget\" data-e-type=\"widget\" data-widget_type=\"heading.default\">\n\t\t\t\t\t<p class=\"elementor-heading-title elementor-size-default\"><a href=\"mailto:pku@danishfibres.dk\">pku@danishfibres.dk<\/a><\/p>\t\t\t\t<\/div>\n\t\t\t\t<\/div>\n\t\t<div class=\"elementor-element elementor-element-93dc63c e-con-full e-flex e-con e-child\" data-id=\"93dc63c\" data-element_type=\"container\" data-e-type=\"container\">\n\t\t\t\t<div class=\"elementor-element elementor-element-8ede11e sales-title elementor-widget elementor-widget-heading\" data-id=\"8ede11e\" data-element_type=\"widget\" data-e-type=\"widget\" data-widget_type=\"heading.default\">\n\t\t\t\t\t<p class=\"elementor-heading-title elementor-size-default\">Sales Manager<\/p>\t\t\t\t<\/div>\n\t\t\t\t<div class=\"elementor-element elementor-element-1dcb320 sales-name elementor-widget elementor-widget-heading\" data-id=\"1dcb320\" data-element_type=\"widget\" data-e-type=\"widget\" data-widget_type=\"heading.default\">\n\t\t\t\t\t<p class=\"elementor-heading-title elementor-size-default\">David Etzerodt<\/p>\t\t\t\t<\/div>\n\t\t\t\t<div class=\"elementor-element elementor-element-d29ba68 elementor-widget elementor-widget-heading\" data-id=\"d29ba68\" data-element_type=\"widget\" data-e-type=\"widget\" data-widget_type=\"heading.default\">\n\t\t\t\t\t<p class=\"elementor-heading-title elementor-size-default\"><a href=\"tel:+4520580599\">+45 20 58 05 99<\/a><\/p>\t\t\t\t<\/div>\n\t\t\t\t<div class=\"elementor-element elementor-element-d07e023 sales-name elementor-widget elementor-widget-heading\" data-id=\"d07e023\" data-element_type=\"widget\" data-e-type=\"widget\" data-widget_type=\"heading.default\">\n\t\t\t\t\t<p class=\"elementor-heading-title elementor-size-default\"><a href=\"mailto:dke@danishfibres.dk\">dke@danishfibres.dk<\/a><\/p>\t\t\t\t<\/div>\n\t\t\t\t<\/div>\n\t\t\t\t<\/div>\n\t\t\t\t<div class=\"elementor-element elementor-element-4903669 elementor-widget elementor-widget-button\" data-id=\"4903669\" data-element_type=\"widget\" data-e-type=\"widget\" data-widget_type=\"button.default\">\n\t\t\t\t\t\t\t\t\t\t<a class=\"elementor-button elementor-button-link elementor-size-sm\" href=\"https:\/\/danishfibres.com\/da\/kontakt\/\">\n\t\t\t\t\t\t<span class=\"elementor-button-content-wrapper\">\n\t\t\t\t\t\t\t\t\t<span class=\"elementor-button-text\">Kontakt os<\/span>\n\t\t\t\t\t<\/span>\n\t\t\t\t\t<\/a>\n\t\t\t\t\t\t\t\t<\/div>\n\t\t\t\t<\/div>\n\t\t<div class=\"elementor-element elementor-element-7c12f7c e-con-full e-flex e-con e-child\" data-id=\"7c12f7c\" data-element_type=\"container\" data-e-type=\"container\" data-settings=\"{&quot;background_background&quot;:&quot;classic&quot;}\">\n\t\t\t\t<div class=\"elementor-element elementor-element-a7543b2 elementor-widget elementor-widget-image\" data-id=\"a7543b2\" data-element_type=\"widget\" data-e-type=\"widget\" data-widget_type=\"image.default\">\n\t\t\t\t\t\t\t\t\t\t\t\t\t\t\t<img decoding=\"async\" width=\"527\" height=\"278\" src=\"https:\/\/danishfibres.com\/wp-content\/uploads\/Our_Sales_Team_Danish_Fibres_subpage.jpg\" class=\"attachment-large size-large wp-image-243\" alt=\"\" srcset=\"https:\/\/danishfibres.com\/wp-content\/uploads\/Our_Sales_Team_Danish_Fibres_subpage.jpg 527w, https:\/\/danishfibres.com\/wp-content\/uploads\/Our_Sales_Team_Danish_Fibres_subpage-300x158.jpg 300w\" sizes=\"(max-width: 527px) 100vw, 527px\" \/>\t\t\t\t\t\t\t\t\t\t\t\t\t\t\t<\/div>\n\t\t\t\t<\/div>\n\t\t\t\t<\/div>\n\t\t\t\t\t<\/div>\n\t\t\t\t<\/div>\n\t\t\t\t<\/div>\n\t\t","protected":false},"excerpt":{"rendered":"<p>Anvendelsesmuligheder Fiber til havbeton Beton i marinemilj\u00f8er uds\u00e6ttes for meget h\u00e5rde forhold, hvilket g\u00f8r holdbarhed og strukturel p\u00e5lidelighed til vigtige parametre for havbeton. Vi tilbyder derfor en r\u00e6kke Wiking\u00ae Konstruktionsfibre til armering af havbeton. Betonstrukturer i marinemilj\u00f8er risikerer hurtig forringelse p\u00e5 grund af de h\u00e5rde forhold, som havvand skaber. Ikke alene er havbeton udsat for [&hellip;]<\/p>\n","protected":false},"author":2,"featured_media":0,"parent":1028,"menu_order":0,"comment_status":"closed","ping_status":"closed","template":"","meta":{"_acf_changed":false,"footnotes":""},"class_list":["post-1689","page","type-page","status-publish","hentry"],"acf":[],"yoast_head":"<!-- This site is optimized with the Yoast SEO plugin v27.4 - https:\/\/yoast.com\/product\/yoast-seo-wordpress\/ -->\n<title>Fiber til havbeton - Danish Fibres<\/title>\n<meta name=\"description\" content=\"Styrk havbeton med Wiking\u00ae fibre. Mindre revner, reduceret vandoptag og bedre slagstyrke for holdbare konstruktioner.\" \/>\n<meta name=\"robots\" content=\"index, follow, max-snippet:-1, max-image-preview:large, max-video-preview:-1\" \/>\n<link rel=\"canonical\" href=\"https:\/\/danishfibres.com\/da\/konstruktionsfibre\/anvendelsesmuligheder\/fiber-til-havbeton\/\" \/>\n<meta property=\"og:locale\" content=\"da_DK\" \/>\n<meta property=\"og:type\" content=\"article\" \/>\n<meta property=\"og:title\" content=\"Fiber til havbeton - Danish Fibres\" \/>\n<meta property=\"og:description\" content=\"Styrk havbeton med Wiking\u00ae fibre. Mindre revner, reduceret vandoptag og bedre slagstyrke for holdbare konstruktioner.\" \/>\n<meta property=\"og:url\" content=\"https:\/\/danishfibres.com\/da\/konstruktionsfibre\/anvendelsesmuligheder\/fiber-til-havbeton\/\" \/>\n<meta property=\"og:site_name\" content=\"Danish Fibres\" \/>\n<meta property=\"article:modified_time\" content=\"2025-12-03T14:22:00+00:00\" \/>\n<meta property=\"og:image\" content=\"https:\/\/danishfibres.com\/wp-content\/uploads\/maritime_concrete_danish_fibres.jpg\" \/>\n\t<meta property=\"og:image:width\" content=\"830\" \/>\n\t<meta property=\"og:image:height\" content=\"300\" \/>\n\t<meta property=\"og:image:type\" content=\"image\/jpeg\" \/>\n<meta name=\"twitter:card\" content=\"summary_large_image\" \/>\n<meta name=\"twitter:label1\" content=\"Estimeret l\u00e6setid\" \/>\n\t<meta name=\"twitter:data1\" content=\"1 minut\" \/>\n<script type=\"application\/ld+json\" class=\"yoast-schema-graph\">{\"@context\":\"https:\\\/\\\/schema.org\",\"@graph\":[{\"@type\":\"WebPage\",\"@id\":\"https:\\\/\\\/danishfibres.com\\\/da\\\/konstruktionsfibre\\\/anvendelsesmuligheder\\\/fiber-til-havbeton\\\/\",\"url\":\"https:\\\/\\\/danishfibres.com\\\/da\\\/konstruktionsfibre\\\/anvendelsesmuligheder\\\/fiber-til-havbeton\\\/\",\"name\":\"Fiber til havbeton - Danish Fibres\",\"isPartOf\":{\"@id\":\"https:\\\/\\\/danishfibres.com\\\/da\\\/#website\"},\"primaryImageOfPage\":{\"@id\":\"https:\\\/\\\/danishfibres.com\\\/da\\\/konstruktionsfibre\\\/anvendelsesmuligheder\\\/fiber-til-havbeton\\\/#primaryimage\"},\"image\":{\"@id\":\"https:\\\/\\\/danishfibres.com\\\/da\\\/konstruktionsfibre\\\/anvendelsesmuligheder\\\/fiber-til-havbeton\\\/#primaryimage\"},\"thumbnailUrl\":\"https:\\\/\\\/danishfibres.com\\\/wp-content\\\/uploads\\\/maritime_concrete_danish_fibres.jpg\",\"datePublished\":\"2025-08-27T09:37:39+00:00\",\"dateModified\":\"2025-12-03T14:22:00+00:00\",\"description\":\"Styrk havbeton med Wiking\u00ae fibre. Mindre revner, reduceret vandoptag og bedre slagstyrke for holdbare konstruktioner.\",\"breadcrumb\":{\"@id\":\"https:\\\/\\\/danishfibres.com\\\/da\\\/konstruktionsfibre\\\/anvendelsesmuligheder\\\/fiber-til-havbeton\\\/#breadcrumb\"},\"inLanguage\":\"da-DK\",\"potentialAction\":[{\"@type\":\"ReadAction\",\"target\":[\"https:\\\/\\\/danishfibres.com\\\/da\\\/konstruktionsfibre\\\/anvendelsesmuligheder\\\/fiber-til-havbeton\\\/\"]}]},{\"@type\":\"ImageObject\",\"inLanguage\":\"da-DK\",\"@id\":\"https:\\\/\\\/danishfibres.com\\\/da\\\/konstruktionsfibre\\\/anvendelsesmuligheder\\\/fiber-til-havbeton\\\/#primaryimage\",\"url\":\"https:\\\/\\\/danishfibres.com\\\/wp-content\\\/uploads\\\/maritime_concrete_danish_fibres.jpg\",\"contentUrl\":\"https:\\\/\\\/danishfibres.com\\\/wp-content\\\/uploads\\\/maritime_concrete_danish_fibres.jpg\"},{\"@type\":\"BreadcrumbList\",\"@id\":\"https:\\\/\\\/danishfibres.com\\\/da\\\/konstruktionsfibre\\\/anvendelsesmuligheder\\\/fiber-til-havbeton\\\/#breadcrumb\",\"itemListElement\":[{\"@type\":\"ListItem\",\"position\":1,\"name\":\"Danish Fibres\",\"item\":\"https:\\\/\\\/danishfibres.com\\\/da\\\/forside\\\/\"},{\"@type\":\"ListItem\",\"position\":2,\"name\":\"Konstruktionsfibre\",\"item\":\"https:\\\/\\\/danishfibres.com\\\/da\\\/konstruktionsfibre\\\/\"},{\"@type\":\"ListItem\",\"position\":3,\"name\":\"Anvendelsesmuligheder\",\"item\":\"https:\\\/\\\/danishfibres.com\\\/da\\\/konstruktionsfibre\\\/anvendelsesmuligheder\\\/\"},{\"@type\":\"ListItem\",\"position\":4,\"name\":\"Fiber til havbeton\"}]},{\"@type\":\"WebSite\",\"@id\":\"https:\\\/\\\/danishfibres.com\\\/da\\\/#website\",\"url\":\"https:\\\/\\\/danishfibres.com\\\/da\\\/\",\"name\":\"Danish Fibres\",\"description\":\"Benefit from 40 years experience\",\"potentialAction\":[{\"@type\":\"SearchAction\",\"target\":{\"@type\":\"EntryPoint\",\"urlTemplate\":\"https:\\\/\\\/danishfibres.com\\\/da\\\/?s={search_term_string}\"},\"query-input\":{\"@type\":\"PropertyValueSpecification\",\"valueRequired\":true,\"valueName\":\"search_term_string\"}}],\"inLanguage\":\"da-DK\"}]}<\/script>\n<!-- \/ Yoast SEO plugin. -->","yoast_head_json":{"title":"Fiber til havbeton - Danish Fibres","description":"Styrk havbeton med Wiking\u00ae fibre. Mindre revner, reduceret vandoptag og bedre slagstyrke for holdbare konstruktioner.","robots":{"index":"index","follow":"follow","max-snippet":"max-snippet:-1","max-image-preview":"max-image-preview:large","max-video-preview":"max-video-preview:-1"},"canonical":"https:\/\/danishfibres.com\/da\/konstruktionsfibre\/anvendelsesmuligheder\/fiber-til-havbeton\/","og_locale":"da_DK","og_type":"article","og_title":"Fiber til havbeton - Danish Fibres","og_description":"Styrk havbeton med Wiking\u00ae fibre. Mindre revner, reduceret vandoptag og bedre slagstyrke for holdbare konstruktioner.","og_url":"https:\/\/danishfibres.com\/da\/konstruktionsfibre\/anvendelsesmuligheder\/fiber-til-havbeton\/","og_site_name":"Danish Fibres","article_modified_time":"2025-12-03T14:22:00+00:00","og_image":[{"width":830,"height":300,"url":"https:\/\/danishfibres.com\/wp-content\/uploads\/maritime_concrete_danish_fibres.jpg","type":"image\/jpeg"}],"twitter_card":"summary_large_image","twitter_misc":{"Estimeret l\u00e6setid":"1 minut"},"schema":{"@context":"https:\/\/schema.org","@graph":[{"@type":"WebPage","@id":"https:\/\/danishfibres.com\/da\/konstruktionsfibre\/anvendelsesmuligheder\/fiber-til-havbeton\/","url":"https:\/\/danishfibres.com\/da\/konstruktionsfibre\/anvendelsesmuligheder\/fiber-til-havbeton\/","name":"Fiber til havbeton - Danish Fibres","isPartOf":{"@id":"https:\/\/danishfibres.com\/da\/#website"},"primaryImageOfPage":{"@id":"https:\/\/danishfibres.com\/da\/konstruktionsfibre\/anvendelsesmuligheder\/fiber-til-havbeton\/#primaryimage"},"image":{"@id":"https:\/\/danishfibres.com\/da\/konstruktionsfibre\/anvendelsesmuligheder\/fiber-til-havbeton\/#primaryimage"},"thumbnailUrl":"https:\/\/danishfibres.com\/wp-content\/uploads\/maritime_concrete_danish_fibres.jpg","datePublished":"2025-08-27T09:37:39+00:00","dateModified":"2025-12-03T14:22:00+00:00","description":"Styrk havbeton med Wiking\u00ae fibre. Mindre revner, reduceret vandoptag og bedre slagstyrke for holdbare konstruktioner.","breadcrumb":{"@id":"https:\/\/danishfibres.com\/da\/konstruktionsfibre\/anvendelsesmuligheder\/fiber-til-havbeton\/#breadcrumb"},"inLanguage":"da-DK","potentialAction":[{"@type":"ReadAction","target":["https:\/\/danishfibres.com\/da\/konstruktionsfibre\/anvendelsesmuligheder\/fiber-til-havbeton\/"]}]},{"@type":"ImageObject","inLanguage":"da-DK","@id":"https:\/\/danishfibres.com\/da\/konstruktionsfibre\/anvendelsesmuligheder\/fiber-til-havbeton\/#primaryimage","url":"https:\/\/danishfibres.com\/wp-content\/uploads\/maritime_concrete_danish_fibres.jpg","contentUrl":"https:\/\/danishfibres.com\/wp-content\/uploads\/maritime_concrete_danish_fibres.jpg"},{"@type":"BreadcrumbList","@id":"https:\/\/danishfibres.com\/da\/konstruktionsfibre\/anvendelsesmuligheder\/fiber-til-havbeton\/#breadcrumb","itemListElement":[{"@type":"ListItem","position":1,"name":"Danish Fibres","item":"https:\/\/danishfibres.com\/da\/forside\/"},{"@type":"ListItem","position":2,"name":"Konstruktionsfibre","item":"https:\/\/danishfibres.com\/da\/konstruktionsfibre\/"},{"@type":"ListItem","position":3,"name":"Anvendelsesmuligheder","item":"https:\/\/danishfibres.com\/da\/konstruktionsfibre\/anvendelsesmuligheder\/"},{"@type":"ListItem","position":4,"name":"Fiber til havbeton"}]},{"@type":"WebSite","@id":"https:\/\/danishfibres.com\/da\/#website","url":"https:\/\/danishfibres.com\/da\/","name":"Danish Fibres","description":"Benefit from 40 years experience","potentialAction":[{"@type":"SearchAction","target":{"@type":"EntryPoint","urlTemplate":"https:\/\/danishfibres.com\/da\/?s={search_term_string}"},"query-input":{"@type":"PropertyValueSpecification","valueRequired":true,"valueName":"search_term_string"}}],"inLanguage":"da-DK"}]}},"_links":{"self":[{"href":"https:\/\/danishfibres.com\/da\/wp-json\/wp\/v2\/pages\/1689","targetHints":{"allow":["GET"]}}],"collection":[{"href":"https:\/\/danishfibres.com\/da\/wp-json\/wp\/v2\/pages"}],"about":[{"href":"https:\/\/danishfibres.com\/da\/wp-json\/wp\/v2\/types\/page"}],"author":[{"embeddable":true,"href":"https:\/\/danishfibres.com\/da\/wp-json\/wp\/v2\/users\/2"}],"replies":[{"embeddable":true,"href":"https:\/\/danishfibres.com\/da\/wp-json\/wp\/v2\/comments?post=1689"}],"version-history":[{"count":9,"href":"https:\/\/danishfibres.com\/da\/wp-json\/wp\/v2\/pages\/1689\/revisions"}],"predecessor-version":[{"id":4892,"href":"https:\/\/danishfibres.com\/da\/wp-json\/wp\/v2\/pages\/1689\/revisions\/4892"}],"up":[{"embeddable":true,"href":"https:\/\/danishfibres.com\/da\/wp-json\/wp\/v2\/pages\/1028"}],"wp:attachment":[{"href":"https:\/\/danishfibres.com\/da\/wp-json\/wp\/v2\/media?parent=1689"}],"curies":[{"name":"wp","href":"https:\/\/api.w.org\/{rel}","templated":true}]}}