{"id":1697,"date":"2025-08-27T11:07:44","date_gmt":"2025-08-27T09:07:44","guid":{"rendered":"https:\/\/danishfibres.com\/konstruktionsfibre\/anvendelsesmuligheder\/fibre-til-udendoersbeton\/"},"modified":"2025-12-03T15:25:00","modified_gmt":"2025-12-03T14:25:00","slug":"fibre-til-udendoersbeton","status":"publish","type":"page","link":"https:\/\/danishfibres.com\/da\/konstruktionsfibre\/anvendelsesmuligheder\/fibre-til-udendoersbeton\/","title":{"rendered":"Fibre til udend\u00f8rsbeton"},"content":{"rendered":"\t\t<div data-elementor-type=\"wp-page\" data-elementor-id=\"1697\" class=\"elementor elementor-1697 elementor-970\" data-elementor-post-type=\"page\">\n\t\t\t\t<div class=\"elementor-element elementor-element-6d44a8a e-con-full e-flex e-con e-parent\" data-id=\"6d44a8a\" data-element_type=\"container\" data-e-type=\"container\" data-settings=\"{&quot;background_background&quot;:&quot;classic&quot;}\">\n\t\t<div class=\"elementor-element elementor-element-bb718b3 e-con-full e-flex e-con e-child\" data-id=\"bb718b3\" data-element_type=\"container\" data-e-type=\"container\" data-settings=\"{&quot;background_background&quot;:&quot;classic&quot;}\">\n\t\t<div class=\"elementor-element elementor-element-2c5221f e-con-full e-flex e-con e-child\" data-id=\"2c5221f\" data-element_type=\"container\" data-e-type=\"container\">\n\t\t\t\t<div class=\"elementor-element elementor-element-8ef68e3 elementor-widget elementor-widget-image\" data-id=\"8ef68e3\" data-element_type=\"widget\" data-e-type=\"widget\" data-widget_type=\"image.default\">\n\t\t\t\t\t\t\t\t\t\t\t\t\t\t\t<img fetchpriority=\"high\" decoding=\"async\" width=\"800\" height=\"337\" src=\"https:\/\/danishfibres.com\/wp-content\/uploads\/outdoor_concrete_danish_fibres.jpg\" class=\"attachment-large size-large wp-image-968\" alt=\"Outdoor concrete reinforcement - Danish Fibres\" srcset=\"https:\/\/danishfibres.com\/wp-content\/uploads\/outdoor_concrete_danish_fibres.jpg 830w, https:\/\/danishfibres.com\/wp-content\/uploads\/outdoor_concrete_danish_fibres-300x127.jpg 300w, https:\/\/danishfibres.com\/wp-content\/uploads\/outdoor_concrete_danish_fibres-768x324.jpg 768w\" sizes=\"(max-width: 800px) 100vw, 800px\" \/>\t\t\t\t\t\t\t\t\t\t\t\t\t\t\t<\/div>\n\t\t<div class=\"elementor-element elementor-element-d3de84e e-con-full e-flex e-con e-child\" data-id=\"d3de84e\" data-element_type=\"container\" data-e-type=\"container\">\n\t\t\t\t<div class=\"elementor-element elementor-element-800c7db elementor-widget elementor-widget-heading\" data-id=\"800c7db\" data-element_type=\"widget\" data-e-type=\"widget\" data-widget_type=\"heading.default\">\n\t\t\t\t\t<p class=\"elementor-heading-title elementor-size-default\">Anvendelsesmuligheder<\/p>\t\t\t\t<\/div>\n\t\t\t\t<div class=\"elementor-element elementor-element-35af58c elementor-widget elementor-widget-heading\" data-id=\"35af58c\" data-element_type=\"widget\" data-e-type=\"widget\" data-widget_type=\"heading.default\">\n\t\t\t\t\t<h1 class=\"elementor-heading-title elementor-size-default\">Fibre til udend\u00f8rsbeton<\/h1>\t\t\t\t<\/div>\n\t\t\t\t<div class=\"elementor-element elementor-element-6bc4afb df-text elementor-widget elementor-widget-text-editor\" data-id=\"6bc4afb\" data-element_type=\"widget\" data-e-type=\"widget\" data-widget_type=\"text-editor.default\">\n\t\t\t\t\t\t\t\t\t<p><strong>Udend\u00f8rsbeton er ofte udsat for h\u00e5rde vejrforhold og regelm\u00e6ssig tung trafik, hvilket kan f\u00f8re til tidlig forringelse. Vi har derfor udviklet Wiking\u00ae Konstruktionsfibre til at forhindre, at udend\u00f8rs betonfundamenter forringes. <\/strong><\/p><p>Med Wiking\u00ae Konstruktionsfibre tilsat betonblandingen bliver udend\u00f8rsbeton mere modstandsdygtigt over for ydre kr\u00e6fter, som kan for\u00e5rsage dannelse af revner og generel forringelse.<\/p><h2><strong>Modstandsdygtighed over for frost og opt\u00f8ning<\/strong><\/h2><p>Under t\u00f8rre\/ h\u00e6rdefasen af udend\u00f8rs beton sikrer Wiking\u00ae Konstruktionsfibre en h\u00f8j modstandsdygtighed over for klimatiske forhold. Fibrene vil for\u00e5rsage, at tr\u00e6kstyrken udvikles tidligt i h\u00e6rdefasen, hvorved b\u00e5de st\u00f8rrelse og frekvens af revner reduceres. <\/p><p>I h\u00e6rdet tilstand vil Wiking\u00ae Konstruktionsfibre opn\u00e5 en mere holdbar struktur og overflade, hvorved betonen er bedre beskyttet mod skader for\u00e5rsaget af frysning og opt\u00f8ning.<\/p><h2><strong>Slagstyrke<\/strong><\/h2><p>Wiking\u00ae Konstruktionsfibre sikrer ogs\u00e5 et h\u00f8jt niveau af slagstyrke i beton. Dette kan tilskrives det h\u00f8je niveau af energi absorberet gennem brydning, str\u00e6kning og tr\u00e6kning af fibrene, efter at cementbindemidlet er forsvundet. <\/p><p>En forbedret kl\u00e6bekvalitet i cementbindemidlet f\u00f8rer ogs\u00e5 til en mere duktil og holdbar betonoverflade.<\/p>\t\t\t\t\t\t\t\t<\/div>\n\t\t\t\t<\/div>\n\t\t\t\t<\/div>\n\t\t<div class=\"elementor-element elementor-element-4ac7422 e-con-full e-flex e-con e-child\" data-id=\"4ac7422\" data-element_type=\"container\" data-e-type=\"container\">\n\t\t\t\t<div class=\"elementor-element elementor-element-6bae1e9 df-aside elementor-widget elementor-widget-text-editor\" data-id=\"6bae1e9\" data-element_type=\"widget\" data-e-type=\"widget\" data-widget_type=\"text-editor.default\">\n\t\t\t\t\t\t\t\t\t<h2>Fordele ved Wiking\u00ae\nKonstruktionsfibre til udend\u00f8rs beton:<\/h2>\n<ul>\n \t<li>Forebyggelse af revner<\/li>\n \t<li>Forbedret modstand mod frost og opt\u00f8ning<\/li>\n \t<li>Forbedret slagstyrke<\/li>\n \t<li>Forbedret slidkvalitet<\/li>\n \t<li>Reduceret permeabilitet<\/li>\n \t<li>Fibre ruster eller korroderer ikke<\/li>\n \t<li>\n<\/li><\/ul>\n<h2>Relaterede<br>produkter:<\/h2>\n<ul>\n \t<li>Wiking\u00ae <a href=\"https:\/\/danishfibres.com\/da\/konstruktionsfibre\/wiking-mikrofibre\/\">Micro Fibres<\/a><\/li>\n \t<li>Wiking\u00ae <a href=\"https:\/\/danishfibres.com\/da\/konstruktionsfibre\/wiking-makrofibre\/\">Macro Fibres<\/a><\/li>\n<\/ul>\t\t\t\t\t\t\t\t<\/div>\n\t\t\t\t<\/div>\n\t\t\t\t<\/div>\n\t\t\t\t<\/div>\n\t\t<div class=\"elementor-element elementor-element-1093235 e-flex e-con-boxed e-con e-parent\" data-id=\"1093235\" data-element_type=\"container\" data-e-type=\"container\" data-settings=\"{&quot;background_background&quot;:&quot;classic&quot;}\">\n\t\t\t\t\t<div class=\"e-con-inner\">\n\t\t<div class=\"elementor-element elementor-element-e7c5e9e e-con-full e-flex e-con e-child\" data-id=\"e7c5e9e\" data-element_type=\"container\" data-e-type=\"container\" data-settings=\"{&quot;background_background&quot;:&quot;classic&quot;}\">\n\t\t<div class=\"elementor-element elementor-element-244007a e-con-full e-flex e-con e-child\" data-id=\"244007a\" data-element_type=\"container\" data-e-type=\"container\">\n\t\t\t\t<div class=\"elementor-element elementor-element-a5eaa4c elementor-widget elementor-widget-heading\" data-id=\"a5eaa4c\" data-element_type=\"widget\" data-e-type=\"widget\" data-widget_type=\"heading.default\">\n\t\t\t\t\t<h2 class=\"elementor-heading-title elementor-size-default\">M\u00f8d vores salgsteam<\/h2>\t\t\t\t<\/div>\n\t\t<div class=\"elementor-element elementor-element-3c1d4f7 e-con-full e-flex e-con e-child\" data-id=\"3c1d4f7\" data-element_type=\"container\" data-e-type=\"container\">\n\t\t<div class=\"elementor-element elementor-element-728d99d e-con-full e-flex e-con e-child\" data-id=\"728d99d\" data-element_type=\"container\" data-e-type=\"container\">\n\t\t\t\t<div class=\"elementor-element elementor-element-3b4b6ee sales-title elementor-widget elementor-widget-heading\" data-id=\"3b4b6ee\" data-element_type=\"widget\" data-e-type=\"widget\" data-widget_type=\"heading.default\">\n\t\t\t\t\t<p class=\"elementor-heading-title elementor-size-default\">CEO\/President<\/p>\t\t\t\t<\/div>\n\t\t\t\t<div class=\"elementor-element elementor-element-93bcabb sales-name elementor-widget elementor-widget-heading\" data-id=\"93bcabb\" data-element_type=\"widget\" data-e-type=\"widget\" data-widget_type=\"heading.default\">\n\t\t\t\t\t<p class=\"elementor-heading-title elementor-size-default\">Palle Kuntz<\/p>\t\t\t\t<\/div>\n\t\t\t\t<div class=\"elementor-element elementor-element-247be31 elementor-widget elementor-widget-heading\" data-id=\"247be31\" data-element_type=\"widget\" data-e-type=\"widget\" data-widget_type=\"heading.default\">\n\t\t\t\t\t<p class=\"elementor-heading-title elementor-size-default\"><a href=\"tel:+4524659615\">+45 24 65 96 15<\/a><\/p>\t\t\t\t<\/div>\n\t\t\t\t<div class=\"elementor-element elementor-element-f43af48 sales-name elementor-widget elementor-widget-heading\" data-id=\"f43af48\" data-element_type=\"widget\" data-e-type=\"widget\" data-widget_type=\"heading.default\">\n\t\t\t\t\t<p class=\"elementor-heading-title elementor-size-default\"><a href=\"mailto:pku@danishfibres.dk\">pku@danishfibres.dk<\/a><\/p>\t\t\t\t<\/div>\n\t\t\t\t<\/div>\n\t\t<div class=\"elementor-element elementor-element-df23141 e-con-full e-flex e-con e-child\" data-id=\"df23141\" data-element_type=\"container\" data-e-type=\"container\">\n\t\t\t\t<div class=\"elementor-element elementor-element-94d1937 sales-title elementor-widget elementor-widget-heading\" data-id=\"94d1937\" data-element_type=\"widget\" data-e-type=\"widget\" data-widget_type=\"heading.default\">\n\t\t\t\t\t<p class=\"elementor-heading-title elementor-size-default\">Sales Manager<\/p>\t\t\t\t<\/div>\n\t\t\t\t<div class=\"elementor-element elementor-element-64b2b25 sales-name elementor-widget elementor-widget-heading\" data-id=\"64b2b25\" data-element_type=\"widget\" data-e-type=\"widget\" data-widget_type=\"heading.default\">\n\t\t\t\t\t<p class=\"elementor-heading-title elementor-size-default\">David Etzerodt<\/p>\t\t\t\t<\/div>\n\t\t\t\t<div class=\"elementor-element elementor-element-3c4dfb9 elementor-widget elementor-widget-heading\" data-id=\"3c4dfb9\" data-element_type=\"widget\" data-e-type=\"widget\" data-widget_type=\"heading.default\">\n\t\t\t\t\t<p class=\"elementor-heading-title elementor-size-default\"><a href=\"tel:+4520580599\">+45 20 58 05 99<\/a><\/p>\t\t\t\t<\/div>\n\t\t\t\t<div class=\"elementor-element elementor-element-cce2852 sales-name elementor-widget elementor-widget-heading\" data-id=\"cce2852\" data-element_type=\"widget\" data-e-type=\"widget\" data-widget_type=\"heading.default\">\n\t\t\t\t\t<p class=\"elementor-heading-title elementor-size-default\"><a href=\"mailto:dke@danishfibres.dk\">dke@danishfibres.dk<\/a><\/p>\t\t\t\t<\/div>\n\t\t\t\t<\/div>\n\t\t\t\t<\/div>\n\t\t\t\t<div class=\"elementor-element elementor-element-542ea14 elementor-widget elementor-widget-button\" data-id=\"542ea14\" data-element_type=\"widget\" data-e-type=\"widget\" data-widget_type=\"button.default\">\n\t\t\t\t\t\t\t\t\t\t<a class=\"elementor-button elementor-button-link elementor-size-sm\" href=\"https:\/\/danishfibres.com\/da\/kontakt\/\">\n\t\t\t\t\t\t<span class=\"elementor-button-content-wrapper\">\n\t\t\t\t\t\t\t\t\t<span class=\"elementor-button-text\">Kontakt os<\/span>\n\t\t\t\t\t<\/span>\n\t\t\t\t\t<\/a>\n\t\t\t\t\t\t\t\t<\/div>\n\t\t\t\t<\/div>\n\t\t<div class=\"elementor-element elementor-element-4476bfb e-con-full e-flex e-con e-child\" data-id=\"4476bfb\" data-element_type=\"container\" data-e-type=\"container\" data-settings=\"{&quot;background_background&quot;:&quot;classic&quot;}\">\n\t\t\t\t<div class=\"elementor-element elementor-element-3a2c025 elementor-widget elementor-widget-image\" data-id=\"3a2c025\" data-element_type=\"widget\" data-e-type=\"widget\" data-widget_type=\"image.default\">\n\t\t\t\t\t\t\t\t\t\t\t\t\t\t\t<img decoding=\"async\" width=\"527\" height=\"278\" src=\"https:\/\/danishfibres.com\/wp-content\/uploads\/Our_Sales_Team_Danish_Fibres_subpage.jpg\" class=\"attachment-large size-large wp-image-243\" alt=\"\" srcset=\"https:\/\/danishfibres.com\/wp-content\/uploads\/Our_Sales_Team_Danish_Fibres_subpage.jpg 527w, https:\/\/danishfibres.com\/wp-content\/uploads\/Our_Sales_Team_Danish_Fibres_subpage-300x158.jpg 300w\" sizes=\"(max-width: 527px) 100vw, 527px\" \/>\t\t\t\t\t\t\t\t\t\t\t\t\t\t\t<\/div>\n\t\t\t\t<\/div>\n\t\t\t\t<\/div>\n\t\t\t\t\t<\/div>\n\t\t\t\t<\/div>\n\t\t\t\t<\/div>\n\t\t","protected":false},"excerpt":{"rendered":"<p>Anvendelsesmuligheder Fibre til udend\u00f8rsbeton Udend\u00f8rsbeton er ofte udsat for h\u00e5rde vejrforhold og regelm\u00e6ssig tung trafik, hvilket kan f\u00f8re til tidlig forringelse. Vi har derfor udviklet Wiking\u00ae Konstruktionsfibre til at forhindre, at udend\u00f8rs betonfundamenter forringes. Med Wiking\u00ae Konstruktionsfibre tilsat betonblandingen bliver udend\u00f8rsbeton mere modstandsdygtigt over for ydre kr\u00e6fter, som kan for\u00e5rsage dannelse af revner og generel [&hellip;]<\/p>\n","protected":false},"author":2,"featured_media":0,"parent":1028,"menu_order":0,"comment_status":"closed","ping_status":"closed","template":"","meta":{"_acf_changed":false,"footnotes":""},"class_list":["post-1697","page","type-page","status-publish","hentry"],"acf":[],"yoast_head":"<!-- This site is optimized with the Yoast SEO plugin v27.4 - https:\/\/yoast.com\/product\/yoast-seo-wordpress\/ -->\n<title>Fibre til udend\u00f8rsbeton - Danish Fibres<\/title>\n<meta name=\"description\" content=\"Styrk udend\u00f8rsbeton med Wiking\u00ae fibre. Mindre revner, bedre slidstyrke og holdbarhed for robuste konstruktioner.\" \/>\n<meta name=\"robots\" content=\"index, follow, max-snippet:-1, max-image-preview:large, max-video-preview:-1\" \/>\n<link rel=\"canonical\" href=\"https:\/\/danishfibres.com\/da\/konstruktionsfibre\/anvendelsesmuligheder\/fibre-til-udendoersbeton\/\" \/>\n<meta property=\"og:locale\" content=\"da_DK\" \/>\n<meta property=\"og:type\" content=\"article\" \/>\n<meta property=\"og:title\" content=\"Fibre til udend\u00f8rsbeton - Danish Fibres\" \/>\n<meta property=\"og:description\" content=\"Styrk udend\u00f8rsbeton med Wiking\u00ae fibre. Mindre revner, bedre slidstyrke og holdbarhed for robuste konstruktioner.\" \/>\n<meta property=\"og:url\" content=\"https:\/\/danishfibres.com\/da\/konstruktionsfibre\/anvendelsesmuligheder\/fibre-til-udendoersbeton\/\" \/>\n<meta property=\"og:site_name\" content=\"Danish Fibres\" \/>\n<meta property=\"article:modified_time\" content=\"2025-12-03T14:25:00+00:00\" \/>\n<meta property=\"og:image\" content=\"https:\/\/danishfibres.com\/wp-content\/uploads\/outdoor_concrete_danish_fibres.jpg\" \/>\n\t<meta property=\"og:image:width\" content=\"830\" \/>\n\t<meta property=\"og:image:height\" content=\"350\" \/>\n\t<meta property=\"og:image:type\" content=\"image\/jpeg\" \/>\n<meta name=\"twitter:card\" content=\"summary_large_image\" \/>\n<meta name=\"twitter:label1\" content=\"Estimeret l\u00e6setid\" \/>\n\t<meta name=\"twitter:data1\" content=\"1 minut\" \/>\n<script type=\"application\/ld+json\" class=\"yoast-schema-graph\">{\"@context\":\"https:\\\/\\\/schema.org\",\"@graph\":[{\"@type\":\"WebPage\",\"@id\":\"https:\\\/\\\/danishfibres.com\\\/da\\\/konstruktionsfibre\\\/anvendelsesmuligheder\\\/fibre-til-udendoersbeton\\\/\",\"url\":\"https:\\\/\\\/danishfibres.com\\\/da\\\/konstruktionsfibre\\\/anvendelsesmuligheder\\\/fibre-til-udendoersbeton\\\/\",\"name\":\"Fibre til udend\u00f8rsbeton - Danish Fibres\",\"isPartOf\":{\"@id\":\"https:\\\/\\\/danishfibres.com\\\/da\\\/#website\"},\"primaryImageOfPage\":{\"@id\":\"https:\\\/\\\/danishfibres.com\\\/da\\\/konstruktionsfibre\\\/anvendelsesmuligheder\\\/fibre-til-udendoersbeton\\\/#primaryimage\"},\"image\":{\"@id\":\"https:\\\/\\\/danishfibres.com\\\/da\\\/konstruktionsfibre\\\/anvendelsesmuligheder\\\/fibre-til-udendoersbeton\\\/#primaryimage\"},\"thumbnailUrl\":\"https:\\\/\\\/danishfibres.com\\\/wp-content\\\/uploads\\\/outdoor_concrete_danish_fibres.jpg\",\"datePublished\":\"2025-08-27T09:07:44+00:00\",\"dateModified\":\"2025-12-03T14:25:00+00:00\",\"description\":\"Styrk udend\u00f8rsbeton med Wiking\u00ae fibre. Mindre revner, bedre slidstyrke og holdbarhed for robuste konstruktioner.\",\"breadcrumb\":{\"@id\":\"https:\\\/\\\/danishfibres.com\\\/da\\\/konstruktionsfibre\\\/anvendelsesmuligheder\\\/fibre-til-udendoersbeton\\\/#breadcrumb\"},\"inLanguage\":\"da-DK\",\"potentialAction\":[{\"@type\":\"ReadAction\",\"target\":[\"https:\\\/\\\/danishfibres.com\\\/da\\\/konstruktionsfibre\\\/anvendelsesmuligheder\\\/fibre-til-udendoersbeton\\\/\"]}]},{\"@type\":\"ImageObject\",\"inLanguage\":\"da-DK\",\"@id\":\"https:\\\/\\\/danishfibres.com\\\/da\\\/konstruktionsfibre\\\/anvendelsesmuligheder\\\/fibre-til-udendoersbeton\\\/#primaryimage\",\"url\":\"https:\\\/\\\/danishfibres.com\\\/wp-content\\\/uploads\\\/outdoor_concrete_danish_fibres.jpg\",\"contentUrl\":\"https:\\\/\\\/danishfibres.com\\\/wp-content\\\/uploads\\\/outdoor_concrete_danish_fibres.jpg\"},{\"@type\":\"BreadcrumbList\",\"@id\":\"https:\\\/\\\/danishfibres.com\\\/da\\\/konstruktionsfibre\\\/anvendelsesmuligheder\\\/fibre-til-udendoersbeton\\\/#breadcrumb\",\"itemListElement\":[{\"@type\":\"ListItem\",\"position\":1,\"name\":\"Danish Fibres\",\"item\":\"https:\\\/\\\/danishfibres.com\\\/da\\\/forside\\\/\"},{\"@type\":\"ListItem\",\"position\":2,\"name\":\"Konstruktionsfibre\",\"item\":\"https:\\\/\\\/danishfibres.com\\\/da\\\/konstruktionsfibre\\\/\"},{\"@type\":\"ListItem\",\"position\":3,\"name\":\"Anvendelsesmuligheder\",\"item\":\"https:\\\/\\\/danishfibres.com\\\/da\\\/konstruktionsfibre\\\/anvendelsesmuligheder\\\/\"},{\"@type\":\"ListItem\",\"position\":4,\"name\":\"Fibre til udend\u00f8rsbeton\"}]},{\"@type\":\"WebSite\",\"@id\":\"https:\\\/\\\/danishfibres.com\\\/da\\\/#website\",\"url\":\"https:\\\/\\\/danishfibres.com\\\/da\\\/\",\"name\":\"Danish Fibres\",\"description\":\"Benefit from 40 years experience\",\"potentialAction\":[{\"@type\":\"SearchAction\",\"target\":{\"@type\":\"EntryPoint\",\"urlTemplate\":\"https:\\\/\\\/danishfibres.com\\\/da\\\/?s={search_term_string}\"},\"query-input\":{\"@type\":\"PropertyValueSpecification\",\"valueRequired\":true,\"valueName\":\"search_term_string\"}}],\"inLanguage\":\"da-DK\"}]}<\/script>\n<!-- \/ Yoast SEO plugin. -->","yoast_head_json":{"title":"Fibre til udend\u00f8rsbeton - Danish Fibres","description":"Styrk udend\u00f8rsbeton med Wiking\u00ae fibre. Mindre revner, bedre slidstyrke og holdbarhed for robuste konstruktioner.","robots":{"index":"index","follow":"follow","max-snippet":"max-snippet:-1","max-image-preview":"max-image-preview:large","max-video-preview":"max-video-preview:-1"},"canonical":"https:\/\/danishfibres.com\/da\/konstruktionsfibre\/anvendelsesmuligheder\/fibre-til-udendoersbeton\/","og_locale":"da_DK","og_type":"article","og_title":"Fibre til udend\u00f8rsbeton - Danish Fibres","og_description":"Styrk udend\u00f8rsbeton med Wiking\u00ae fibre. Mindre revner, bedre slidstyrke og holdbarhed for robuste konstruktioner.","og_url":"https:\/\/danishfibres.com\/da\/konstruktionsfibre\/anvendelsesmuligheder\/fibre-til-udendoersbeton\/","og_site_name":"Danish Fibres","article_modified_time":"2025-12-03T14:25:00+00:00","og_image":[{"width":830,"height":350,"url":"https:\/\/danishfibres.com\/wp-content\/uploads\/outdoor_concrete_danish_fibres.jpg","type":"image\/jpeg"}],"twitter_card":"summary_large_image","twitter_misc":{"Estimeret l\u00e6setid":"1 minut"},"schema":{"@context":"https:\/\/schema.org","@graph":[{"@type":"WebPage","@id":"https:\/\/danishfibres.com\/da\/konstruktionsfibre\/anvendelsesmuligheder\/fibre-til-udendoersbeton\/","url":"https:\/\/danishfibres.com\/da\/konstruktionsfibre\/anvendelsesmuligheder\/fibre-til-udendoersbeton\/","name":"Fibre til udend\u00f8rsbeton - Danish Fibres","isPartOf":{"@id":"https:\/\/danishfibres.com\/da\/#website"},"primaryImageOfPage":{"@id":"https:\/\/danishfibres.com\/da\/konstruktionsfibre\/anvendelsesmuligheder\/fibre-til-udendoersbeton\/#primaryimage"},"image":{"@id":"https:\/\/danishfibres.com\/da\/konstruktionsfibre\/anvendelsesmuligheder\/fibre-til-udendoersbeton\/#primaryimage"},"thumbnailUrl":"https:\/\/danishfibres.com\/wp-content\/uploads\/outdoor_concrete_danish_fibres.jpg","datePublished":"2025-08-27T09:07:44+00:00","dateModified":"2025-12-03T14:25:00+00:00","description":"Styrk udend\u00f8rsbeton med Wiking\u00ae fibre. Mindre revner, bedre slidstyrke og holdbarhed for robuste konstruktioner.","breadcrumb":{"@id":"https:\/\/danishfibres.com\/da\/konstruktionsfibre\/anvendelsesmuligheder\/fibre-til-udendoersbeton\/#breadcrumb"},"inLanguage":"da-DK","potentialAction":[{"@type":"ReadAction","target":["https:\/\/danishfibres.com\/da\/konstruktionsfibre\/anvendelsesmuligheder\/fibre-til-udendoersbeton\/"]}]},{"@type":"ImageObject","inLanguage":"da-DK","@id":"https:\/\/danishfibres.com\/da\/konstruktionsfibre\/anvendelsesmuligheder\/fibre-til-udendoersbeton\/#primaryimage","url":"https:\/\/danishfibres.com\/wp-content\/uploads\/outdoor_concrete_danish_fibres.jpg","contentUrl":"https:\/\/danishfibres.com\/wp-content\/uploads\/outdoor_concrete_danish_fibres.jpg"},{"@type":"BreadcrumbList","@id":"https:\/\/danishfibres.com\/da\/konstruktionsfibre\/anvendelsesmuligheder\/fibre-til-udendoersbeton\/#breadcrumb","itemListElement":[{"@type":"ListItem","position":1,"name":"Danish Fibres","item":"https:\/\/danishfibres.com\/da\/forside\/"},{"@type":"ListItem","position":2,"name":"Konstruktionsfibre","item":"https:\/\/danishfibres.com\/da\/konstruktionsfibre\/"},{"@type":"ListItem","position":3,"name":"Anvendelsesmuligheder","item":"https:\/\/danishfibres.com\/da\/konstruktionsfibre\/anvendelsesmuligheder\/"},{"@type":"ListItem","position":4,"name":"Fibre til udend\u00f8rsbeton"}]},{"@type":"WebSite","@id":"https:\/\/danishfibres.com\/da\/#website","url":"https:\/\/danishfibres.com\/da\/","name":"Danish Fibres","description":"Benefit from 40 years experience","potentialAction":[{"@type":"SearchAction","target":{"@type":"EntryPoint","urlTemplate":"https:\/\/danishfibres.com\/da\/?s={search_term_string}"},"query-input":{"@type":"PropertyValueSpecification","valueRequired":true,"valueName":"search_term_string"}}],"inLanguage":"da-DK"}]}},"_links":{"self":[{"href":"https:\/\/danishfibres.com\/da\/wp-json\/wp\/v2\/pages\/1697","targetHints":{"allow":["GET"]}}],"collection":[{"href":"https:\/\/danishfibres.com\/da\/wp-json\/wp\/v2\/pages"}],"about":[{"href":"https:\/\/danishfibres.com\/da\/wp-json\/wp\/v2\/types\/page"}],"author":[{"embeddable":true,"href":"https:\/\/danishfibres.com\/da\/wp-json\/wp\/v2\/users\/2"}],"replies":[{"embeddable":true,"href":"https:\/\/danishfibres.com\/da\/wp-json\/wp\/v2\/comments?post=1697"}],"version-history":[{"count":7,"href":"https:\/\/danishfibres.com\/da\/wp-json\/wp\/v2\/pages\/1697\/revisions"}],"predecessor-version":[{"id":3573,"href":"https:\/\/danishfibres.com\/da\/wp-json\/wp\/v2\/pages\/1697\/revisions\/3573"}],"up":[{"embeddable":true,"href":"https:\/\/danishfibres.com\/da\/wp-json\/wp\/v2\/pages\/1028"}],"wp:attachment":[{"href":"https:\/\/danishfibres.com\/da\/wp-json\/wp\/v2\/media?parent=1697"}],"curies":[{"name":"wp","href":"https:\/\/api.w.org\/{rel}","templated":true}]}}