{"id":1745,"date":"2025-08-25T14:05:52","date_gmt":"2025-08-25T12:05:52","guid":{"rendered":"https:\/\/danishfibres.com\/konstruktionsfibre\/referencer\/"},"modified":"2025-12-03T15:40:12","modified_gmt":"2025-12-03T14:40:12","slug":"referencer","status":"publish","type":"page","link":"https:\/\/danishfibres.com\/da\/konstruktionsfibre\/referencer\/","title":{"rendered":"Referencer"},"content":{"rendered":"\t\t<div data-elementor-type=\"wp-page\" data-elementor-id=\"1745\" class=\"elementor elementor-1745 elementor-827\" data-elementor-post-type=\"page\">\n\t\t\t\t<div class=\"elementor-element elementor-element-7db962c e-flex e-con-boxed e-con e-parent\" data-id=\"7db962c\" data-element_type=\"container\" data-e-type=\"container\" data-settings=\"{&quot;background_background&quot;:&quot;classic&quot;}\">\n\t\t\t\t\t<div class=\"e-con-inner\">\n\t\t\t\t<div class=\"elementor-element elementor-element-07882bf elementor-widget elementor-widget-breadcrumbs\" data-id=\"07882bf\" data-element_type=\"widget\" data-e-type=\"widget\" data-widget_type=\"breadcrumbs.default\">\n\t\t\t\t\t<p id=\"breadcrumbs\"><span><span><a href=\"https:\/\/danishfibres.com\/da\/forside\/\">Danish Fibres<\/a><\/span><\/span><\/p>\t\t\t\t<\/div>\n\t\t<div class=\"elementor-element elementor-element-46bcad2 e-con-full e-flex e-con e-child\" data-id=\"46bcad2\" data-element_type=\"container\" data-e-type=\"container\" data-settings=\"{&quot;background_background&quot;:&quot;classic&quot;}\">\n\t\t<div class=\"elementor-element elementor-element-da6b787 e-con-full e-flex e-con e-child\" data-id=\"da6b787\" data-element_type=\"container\" data-e-type=\"container\" data-settings=\"{&quot;background_background&quot;:&quot;classic&quot;}\">\n\t\t<div class=\"elementor-element elementor-element-319de10 e-con-full e-flex e-con e-child\" data-id=\"319de10\" data-element_type=\"container\" data-e-type=\"container\">\n\t\t\t\t<div class=\"elementor-element elementor-element-3dd063a elementor-widget elementor-widget-image\" data-id=\"3dd063a\" data-element_type=\"widget\" data-e-type=\"widget\" data-widget_type=\"image.default\">\n\t\t\t\t\t\t\t\t\t\t\t\t\t\t\t<img fetchpriority=\"high\" decoding=\"async\" width=\"800\" height=\"337\" src=\"https:\/\/danishfibres.com\/wp-content\/uploads\/Petronas_Towers.jpg\" class=\"attachment-large size-large wp-image-834\" alt=\"\" srcset=\"https:\/\/danishfibres.com\/wp-content\/uploads\/Petronas_Towers.jpg 830w, https:\/\/danishfibres.com\/wp-content\/uploads\/Petronas_Towers-300x127.jpg 300w, https:\/\/danishfibres.com\/wp-content\/uploads\/Petronas_Towers-768x324.jpg 768w\" sizes=\"(max-width: 800px) 100vw, 800px\" \/>\t\t\t\t\t\t\t\t\t\t\t\t\t\t\t<\/div>\n\t\t<div class=\"elementor-element elementor-element-149a543 e-con-full e-flex e-con e-child\" data-id=\"149a543\" data-element_type=\"container\" data-e-type=\"container\">\n\t\t\t\t<div class=\"elementor-element elementor-element-8018395 elementor-widget elementor-widget-heading\" data-id=\"8018395\" data-element_type=\"widget\" data-e-type=\"widget\" data-widget_type=\"heading.default\">\n\t\t\t\t\t<h1 class=\"elementor-heading-title elementor-size-default\">Referencer<\/h1>\t\t\t\t<\/div>\n\t\t\t\t<div class=\"elementor-element elementor-element-aa276a7 elementor-widget__width-inherit df-text elementor-widget elementor-widget-text-editor\" data-id=\"aa276a7\" data-element_type=\"widget\" data-e-type=\"widget\" data-widget_type=\"text-editor.default\">\n\t\t\t\t\t\t\t\t\t<div><b>Referenceprojekter rundt omkring i verden<\/b><\/div><ul><li><b>Heathrow Airport: <\/b>forskellige tunneler, UK<\/li><li><b>Aberdeen International Airport, <\/b>Skotland, UK<\/li><li><b>Channel Tunnel <\/b><b>Togforbindelse<\/b>, UK<\/li><li><b>M1, M5, M25:<\/b> st\u00f8rre motorveje, UK<\/li><li><b>Petronas Towers<\/b>, Kuala Lumpur, Malaysia<\/li><li><b>Turning Torso:<\/b> skyskraber,<b> <\/b>Malm\u00f6, Sverige<\/li><li><b>Louvre,<\/b> Qatar<\/li><li><b>Tunnel<\/b> <b>Projekt<\/b> n\u00e6r<b> <\/b>Bergen, Norge<\/li><li><b>National Museum, <\/b>Qatar<\/li><li><b>A7<\/b> <b>Motorway<\/b> ved Hamburg, Tyskland<\/li><li><b>A7 Tunnel<\/b> ved Hamburg, Tyskland<\/li><li><b>Lee Tunnel<\/b>: dyb-tunnel, \u00d8stlondon, UK.<\/li><li><b>Bremerhaven Tunnel,<\/b> Tyskland<\/li><li><b>Gateway Garden,<\/b> Frankfurt, Tyskland<\/li><li><b>Dubai Metro 2020, <\/b>UAE<\/li><\/ul>\t\t\t\t\t\t\t\t<\/div>\n\t\t\t\t<\/div>\n\t\t\t\t<\/div>\n\t\t<div class=\"elementor-element elementor-element-50147af e-con-full e-flex e-con e-child\" data-id=\"50147af\" data-element_type=\"container\" data-e-type=\"container\">\n\t\t\t\t<\/div>\n\t\t\t\t<\/div>\n\t\t\t\t<\/div>\n\t\t\t\t\t<\/div>\n\t\t\t\t<\/div>\n\t\t<div class=\"elementor-element elementor-element-86823c7 e-flex e-con-boxed e-con e-parent\" data-id=\"86823c7\" data-element_type=\"container\" data-e-type=\"container\" data-settings=\"{&quot;background_background&quot;:&quot;classic&quot;}\">\n\t\t\t\t\t<div class=\"e-con-inner\">\n\t\t<div class=\"elementor-element elementor-element-bb565a9 e-con-full e-flex e-con e-child\" data-id=\"bb565a9\" data-element_type=\"container\" data-e-type=\"container\" data-settings=\"{&quot;background_background&quot;:&quot;classic&quot;}\">\n\t\t<div class=\"elementor-element elementor-element-8a934b6 e-con-full e-flex e-con e-child\" data-id=\"8a934b6\" data-element_type=\"container\" data-e-type=\"container\">\n\t\t\t\t<div class=\"elementor-element elementor-element-7cec729 elementor-widget elementor-widget-heading\" data-id=\"7cec729\" data-element_type=\"widget\" data-e-type=\"widget\" data-widget_type=\"heading.default\">\n\t\t\t\t\t<h2 class=\"elementor-heading-title elementor-size-default\">M\u00f8d vores salgsteam<\/h2>\t\t\t\t<\/div>\n\t\t<div class=\"elementor-element elementor-element-4fc5b17 e-con-full e-flex e-con e-child\" data-id=\"4fc5b17\" data-element_type=\"container\" data-e-type=\"container\">\n\t\t<div class=\"elementor-element elementor-element-d7b07fc e-con-full e-flex e-con e-child\" data-id=\"d7b07fc\" data-element_type=\"container\" data-e-type=\"container\">\n\t\t\t\t<div class=\"elementor-element elementor-element-9333f61 sales-title elementor-widget elementor-widget-heading\" data-id=\"9333f61\" data-element_type=\"widget\" data-e-type=\"widget\" data-widget_type=\"heading.default\">\n\t\t\t\t\t<p class=\"elementor-heading-title elementor-size-default\">CEO\/President<\/p>\t\t\t\t<\/div>\n\t\t\t\t<div class=\"elementor-element elementor-element-2e1fead sales-name elementor-widget elementor-widget-heading\" data-id=\"2e1fead\" data-element_type=\"widget\" data-e-type=\"widget\" data-widget_type=\"heading.default\">\n\t\t\t\t\t<p class=\"elementor-heading-title elementor-size-default\">Palle Kuntz<\/p>\t\t\t\t<\/div>\n\t\t\t\t<div class=\"elementor-element elementor-element-1b1ddd4 elementor-widget elementor-widget-heading\" data-id=\"1b1ddd4\" data-element_type=\"widget\" data-e-type=\"widget\" data-widget_type=\"heading.default\">\n\t\t\t\t\t<p class=\"elementor-heading-title elementor-size-default\"><a href=\"tel:+4524659615\">+45 24 65 96 15<\/a><\/p>\t\t\t\t<\/div>\n\t\t\t\t<div class=\"elementor-element elementor-element-813e4f6 sales-name elementor-widget elementor-widget-heading\" data-id=\"813e4f6\" data-element_type=\"widget\" data-e-type=\"widget\" data-widget_type=\"heading.default\">\n\t\t\t\t\t<p class=\"elementor-heading-title elementor-size-default\"><a href=\"mailto:pku@danishfibres.dk\">pku@danishfibres.dk<\/a><\/p>\t\t\t\t<\/div>\n\t\t\t\t<\/div>\n\t\t<div class=\"elementor-element elementor-element-e3446ef e-con-full e-flex e-con e-child\" data-id=\"e3446ef\" data-element_type=\"container\" data-e-type=\"container\">\n\t\t\t\t<div class=\"elementor-element elementor-element-e7fce90 sales-title elementor-widget elementor-widget-heading\" data-id=\"e7fce90\" data-element_type=\"widget\" data-e-type=\"widget\" data-widget_type=\"heading.default\">\n\t\t\t\t\t<p class=\"elementor-heading-title elementor-size-default\">Sales Manager<\/p>\t\t\t\t<\/div>\n\t\t\t\t<div class=\"elementor-element elementor-element-ec50b7d sales-name elementor-widget elementor-widget-heading\" data-id=\"ec50b7d\" data-element_type=\"widget\" data-e-type=\"widget\" data-widget_type=\"heading.default\">\n\t\t\t\t\t<p class=\"elementor-heading-title elementor-size-default\">David Etzerodt<\/p>\t\t\t\t<\/div>\n\t\t\t\t<div class=\"elementor-element elementor-element-fd214be elementor-widget elementor-widget-heading\" data-id=\"fd214be\" data-element_type=\"widget\" data-e-type=\"widget\" data-widget_type=\"heading.default\">\n\t\t\t\t\t<p class=\"elementor-heading-title elementor-size-default\"><a href=\"tel:+4520580599\">+45 20 58 05 99<\/a><\/p>\t\t\t\t<\/div>\n\t\t\t\t<div class=\"elementor-element elementor-element-d6bd918 sales-name elementor-widget elementor-widget-heading\" data-id=\"d6bd918\" data-element_type=\"widget\" data-e-type=\"widget\" data-widget_type=\"heading.default\">\n\t\t\t\t\t<p class=\"elementor-heading-title elementor-size-default\"><a href=\"mailto:dke@danishfibres.dk\">dke@danishfibres.dk<\/a><\/p>\t\t\t\t<\/div>\n\t\t\t\t<\/div>\n\t\t\t\t<\/div>\n\t\t\t\t<div class=\"elementor-element elementor-element-21876e1 elementor-widget elementor-widget-button\" data-id=\"21876e1\" data-element_type=\"widget\" data-e-type=\"widget\" data-widget_type=\"button.default\">\n\t\t\t\t\t\t\t\t\t\t<a class=\"elementor-button elementor-button-link elementor-size-sm\" href=\"https:\/\/danishfibres.com\/da\/kontakt\/\">\n\t\t\t\t\t\t<span class=\"elementor-button-content-wrapper\">\n\t\t\t\t\t\t\t\t\t<span class=\"elementor-button-text\">Kontakt os<\/span>\n\t\t\t\t\t<\/span>\n\t\t\t\t\t<\/a>\n\t\t\t\t\t\t\t\t<\/div>\n\t\t\t\t<\/div>\n\t\t<div class=\"elementor-element elementor-element-9c7baed e-con-full e-flex e-con e-child\" data-id=\"9c7baed\" data-element_type=\"container\" data-e-type=\"container\" data-settings=\"{&quot;background_background&quot;:&quot;classic&quot;}\">\n\t\t\t\t<div class=\"elementor-element elementor-element-8b41666 elementor-widget elementor-widget-image\" data-id=\"8b41666\" data-element_type=\"widget\" data-e-type=\"widget\" data-widget_type=\"image.default\">\n\t\t\t\t\t\t\t\t\t\t\t\t\t\t\t<img decoding=\"async\" width=\"527\" height=\"278\" src=\"https:\/\/danishfibres.com\/wp-content\/uploads\/Our_Sales_Team_Danish_Fibres_subpage.jpg\" class=\"attachment-large size-large wp-image-243\" alt=\"\" srcset=\"https:\/\/danishfibres.com\/wp-content\/uploads\/Our_Sales_Team_Danish_Fibres_subpage.jpg 527w, https:\/\/danishfibres.com\/wp-content\/uploads\/Our_Sales_Team_Danish_Fibres_subpage-300x158.jpg 300w\" sizes=\"(max-width: 527px) 100vw, 527px\" \/>\t\t\t\t\t\t\t\t\t\t\t\t\t\t\t<\/div>\n\t\t\t\t<\/div>\n\t\t\t\t<\/div>\n\t\t\t\t\t<\/div>\n\t\t\t\t<\/div>\n\t\t<div class=\"elementor-element elementor-element-6472cb9 e-grid e-con-boxed e-con e-parent\" data-id=\"6472cb9\" data-element_type=\"container\" data-e-type=\"container\" data-settings=\"{&quot;background_background&quot;:&quot;classic&quot;}\">\n\t\t\t\t\t<div class=\"e-con-inner\">\n\t\t<div class=\"elementor-element elementor-element-5903b05 e-con-full e-flex e-con e-child\" data-id=\"5903b05\" data-element_type=\"container\" data-e-type=\"container\">\n\t\t\t\t<div class=\"elementor-element elementor-element-e5dc8db elementor-widget elementor-widget-image\" data-id=\"e5dc8db\" data-element_type=\"widget\" data-e-type=\"widget\" data-widget_type=\"image.default\">\n\t\t\t\t\t\t\t\t\t\t\t\t\t\t\t<img decoding=\"async\" src=\"https:\/\/danishfibres.com\/wp-content\/uploads\/Danish_Fibres_Construction_Technical_Fibres.jpg\" title=\"\" alt=\"\" loading=\"lazy\" \/>\t\t\t\t\t\t\t\t\t\t\t\t\t\t\t<\/div>\n\t\t\t\t<\/div>\n\t\t<div class=\"elementor-element elementor-element-4c9d015 e-con-full clickable-parent e-flex e-con e-child\" data-id=\"4c9d015\" data-element_type=\"container\" data-e-type=\"container\" data-settings=\"{&quot;background_background&quot;:&quot;classic&quot;}\">\n\t\t\t\t<div class=\"elementor-element elementor-element-c8d3a68 elementor-widget elementor-widget-text-editor\" data-id=\"c8d3a68\" data-element_type=\"widget\" data-e-type=\"widget\" data-widget_type=\"text-editor.default\">\n\t\t\t\t\t\t\t\t\t<p>Produktinformation<\/p>\t\t\t\t\t\t\t\t<\/div>\n\t\t\t\t<div class=\"elementor-element elementor-element-f20364e elementor-widget elementor-widget-text-editor\" data-id=\"f20364e\" data-element_type=\"widget\" data-e-type=\"widget\" data-widget_type=\"text-editor.default\">\n\t\t\t\t\t\t\t\t\t<p>Udforsk vores f\u00f8rende udvalg af konstruktionsfibre<\/p>\t\t\t\t\t\t\t\t<\/div>\n\t\t\t\t<div class=\"elementor-element elementor-element-c59089f elementor-widget elementor-widget-text-editor\" data-id=\"c59089f\" data-element_type=\"widget\" data-e-type=\"widget\" data-widget_type=\"text-editor.default\">\n\t\t\t\t\t\t\t\t\t<p>H\u00f8jtydende polypropylenfibre til betonarmering, der giver spr\u00e6ngstyring, tr\u00e6kstyrke og brandbeskyttelse.<\/p>\t\t\t\t\t\t\t\t<\/div>\n\t\t\t\t<div class=\"elementor-element elementor-element-7e920a9 elementor-widget elementor-widget-button\" data-id=\"7e920a9\" data-element_type=\"widget\" data-e-type=\"widget\" data-widget_type=\"button.default\">\n\t\t\t\t\t\t\t\t\t\t<a class=\"elementor-button elementor-button-link elementor-size-sm\" href=\"https:\/\/danishfibres.com\/da\/konstruktionsfibre\/\">\n\t\t\t\t\t\t<span class=\"elementor-button-content-wrapper\">\n\t\t\t\t\t\t<span class=\"elementor-button-icon\">\n\t\t\t\t<svg aria-hidden=\"true\" class=\"e-font-icon-svg e-fas-chevron-right\" viewBox=\"0 0 320 512\" xmlns=\"http:\/\/www.w3.org\/2000\/svg\"><path d=\"M285.476 272.971L91.132 467.314c-9.373 9.373-24.569 9.373-33.941 0l-22.667-22.667c-9.357-9.357-9.375-24.522-.04-33.901L188.505 256 34.484 101.255c-9.335-9.379-9.317-24.544.04-33.901l22.667-22.667c9.373-9.373 24.569-9.373 33.941 0L285.475 239.03c9.373 9.372 9.373 24.568.001 33.941z\"><\/path><\/svg>\t\t\t<\/span>\n\t\t\t\t\t\t\t\t\t<span class=\"elementor-button-text\">L\u00e6s mere<\/span>\n\t\t\t\t\t<\/span>\n\t\t\t\t\t<\/a>\n\t\t\t\t\t\t\t\t<\/div>\n\t\t\t\t<\/div>\n\t\t\t\t\t<\/div>\n\t\t\t\t<\/div>\n\t\t\t\t<\/div>\n\t\t","protected":false},"excerpt":{"rendered":"<p>Referencer Referenceprojekter rundt omkring i verden Heathrow Airport: forskellige tunneler, UK Aberdeen International Airport, Skotland, UK Channel Tunnel Togforbindelse, UK M1, M5, M25: st\u00f8rre motorveje, UK Petronas Towers, Kuala Lumpur, Malaysia Turning Torso: skyskraber, Malm\u00f6, Sverige Louvre, Qatar Tunnel Projekt n\u00e6r Bergen, Norge National Museum, Qatar A7 Motorway ved Hamburg, Tyskland A7 Tunnel ved Hamburg, [&hellip;]<\/p>\n","protected":false},"author":2,"featured_media":0,"parent":1020,"menu_order":0,"comment_status":"closed","ping_status":"closed","template":"","meta":{"_acf_changed":false,"footnotes":""},"class_list":["post-1745","page","type-page","status-publish","hentry"],"acf":[],"yoast_head":"<!-- This site is optimized with the Yoast SEO plugin v27.3 - https:\/\/yoast.com\/product\/yoast-seo-wordpress\/ -->\n<title>Referencer - Danish Fibres<\/title>\n<meta name=\"description\" content=\"Se Wiking\u00ae referencer. Oplev hvordan vores fibre styrker beton, forebygger revner og sikrer holdbarhed i kr\u00e6vende projekter.\" \/>\n<meta name=\"robots\" content=\"index, follow, max-snippet:-1, max-image-preview:large, max-video-preview:-1\" \/>\n<link rel=\"canonical\" href=\"https:\/\/danishfibres.com\/da\/konstruktionsfibre\/referencer\/\" \/>\n<meta property=\"og:locale\" content=\"da_DK\" \/>\n<meta property=\"og:type\" content=\"article\" \/>\n<meta property=\"og:title\" content=\"Referencer - Danish Fibres\" \/>\n<meta property=\"og:description\" content=\"Se Wiking\u00ae referencer. Oplev hvordan vores fibre styrker beton, forebygger revner og sikrer holdbarhed i kr\u00e6vende projekter.\" \/>\n<meta property=\"og:url\" content=\"https:\/\/danishfibres.com\/da\/konstruktionsfibre\/referencer\/\" \/>\n<meta property=\"og:site_name\" content=\"Danish Fibres\" \/>\n<meta property=\"article:modified_time\" content=\"2025-12-03T14:40:12+00:00\" \/>\n<meta property=\"og:image\" content=\"https:\/\/danishfibres.com\/wp-content\/uploads\/Petronas_Towers.jpg\" \/>\n\t<meta property=\"og:image:width\" content=\"830\" \/>\n\t<meta property=\"og:image:height\" content=\"350\" \/>\n\t<meta property=\"og:image:type\" content=\"image\/jpeg\" \/>\n<meta name=\"twitter:card\" content=\"summary_large_image\" \/>\n<meta name=\"twitter:label1\" content=\"Estimeret l\u00e6setid\" \/>\n\t<meta name=\"twitter:data1\" content=\"1 minut\" \/>\n<script type=\"application\/ld+json\" class=\"yoast-schema-graph\">{\"@context\":\"https:\\\/\\\/schema.org\",\"@graph\":[{\"@type\":\"WebPage\",\"@id\":\"https:\\\/\\\/danishfibres.com\\\/da\\\/konstruktionsfibre\\\/referencer\\\/\",\"url\":\"https:\\\/\\\/danishfibres.com\\\/da\\\/konstruktionsfibre\\\/referencer\\\/\",\"name\":\"Referencer - Danish Fibres\",\"isPartOf\":{\"@id\":\"https:\\\/\\\/danishfibres.com\\\/da\\\/#website\"},\"primaryImageOfPage\":{\"@id\":\"https:\\\/\\\/danishfibres.com\\\/da\\\/konstruktionsfibre\\\/referencer\\\/#primaryimage\"},\"image\":{\"@id\":\"https:\\\/\\\/danishfibres.com\\\/da\\\/konstruktionsfibre\\\/referencer\\\/#primaryimage\"},\"thumbnailUrl\":\"https:\\\/\\\/danishfibres.com\\\/wp-content\\\/uploads\\\/Petronas_Towers.jpg\",\"datePublished\":\"2025-08-25T12:05:52+00:00\",\"dateModified\":\"2025-12-03T14:40:12+00:00\",\"description\":\"Se Wiking\u00ae referencer. Oplev hvordan vores fibre styrker beton, forebygger revner og sikrer holdbarhed i kr\u00e6vende projekter.\",\"breadcrumb\":{\"@id\":\"https:\\\/\\\/danishfibres.com\\\/da\\\/konstruktionsfibre\\\/referencer\\\/#breadcrumb\"},\"inLanguage\":\"da-DK\",\"potentialAction\":[{\"@type\":\"ReadAction\",\"target\":[\"https:\\\/\\\/danishfibres.com\\\/da\\\/konstruktionsfibre\\\/referencer\\\/\"]}]},{\"@type\":\"ImageObject\",\"inLanguage\":\"da-DK\",\"@id\":\"https:\\\/\\\/danishfibres.com\\\/da\\\/konstruktionsfibre\\\/referencer\\\/#primaryimage\",\"url\":\"https:\\\/\\\/danishfibres.com\\\/wp-content\\\/uploads\\\/Petronas_Towers.jpg\",\"contentUrl\":\"https:\\\/\\\/danishfibres.com\\\/wp-content\\\/uploads\\\/Petronas_Towers.jpg\"},{\"@type\":\"BreadcrumbList\",\"@id\":\"https:\\\/\\\/danishfibres.com\\\/da\\\/konstruktionsfibre\\\/referencer\\\/#breadcrumb\",\"itemListElement\":[{\"@type\":\"ListItem\",\"position\":1,\"name\":\"Danish Fibres\",\"item\":\"https:\\\/\\\/danishfibres.com\\\/da\\\/forside\\\/\"},{\"@type\":\"ListItem\",\"position\":2,\"name\":\"Konstruktionsfibre\",\"item\":\"https:\\\/\\\/danishfibres.com\\\/da\\\/konstruktionsfibre\\\/\"},{\"@type\":\"ListItem\",\"position\":3,\"name\":\"Referencer\"}]},{\"@type\":\"WebSite\",\"@id\":\"https:\\\/\\\/danishfibres.com\\\/da\\\/#website\",\"url\":\"https:\\\/\\\/danishfibres.com\\\/da\\\/\",\"name\":\"Danish Fibres\",\"description\":\"Benefit from 40 years experience\",\"potentialAction\":[{\"@type\":\"SearchAction\",\"target\":{\"@type\":\"EntryPoint\",\"urlTemplate\":\"https:\\\/\\\/danishfibres.com\\\/da\\\/?s={search_term_string}\"},\"query-input\":{\"@type\":\"PropertyValueSpecification\",\"valueRequired\":true,\"valueName\":\"search_term_string\"}}],\"inLanguage\":\"da-DK\"}]}<\/script>\n<!-- \/ Yoast SEO plugin. -->","yoast_head_json":{"title":"Referencer - Danish Fibres","description":"Se Wiking\u00ae referencer. Oplev hvordan vores fibre styrker beton, forebygger revner og sikrer holdbarhed i kr\u00e6vende projekter.","robots":{"index":"index","follow":"follow","max-snippet":"max-snippet:-1","max-image-preview":"max-image-preview:large","max-video-preview":"max-video-preview:-1"},"canonical":"https:\/\/danishfibres.com\/da\/konstruktionsfibre\/referencer\/","og_locale":"da_DK","og_type":"article","og_title":"Referencer - Danish Fibres","og_description":"Se Wiking\u00ae referencer. Oplev hvordan vores fibre styrker beton, forebygger revner og sikrer holdbarhed i kr\u00e6vende projekter.","og_url":"https:\/\/danishfibres.com\/da\/konstruktionsfibre\/referencer\/","og_site_name":"Danish Fibres","article_modified_time":"2025-12-03T14:40:12+00:00","og_image":[{"width":830,"height":350,"url":"https:\/\/danishfibres.com\/wp-content\/uploads\/Petronas_Towers.jpg","type":"image\/jpeg"}],"twitter_card":"summary_large_image","twitter_misc":{"Estimeret l\u00e6setid":"1 minut"},"schema":{"@context":"https:\/\/schema.org","@graph":[{"@type":"WebPage","@id":"https:\/\/danishfibres.com\/da\/konstruktionsfibre\/referencer\/","url":"https:\/\/danishfibres.com\/da\/konstruktionsfibre\/referencer\/","name":"Referencer - Danish Fibres","isPartOf":{"@id":"https:\/\/danishfibres.com\/da\/#website"},"primaryImageOfPage":{"@id":"https:\/\/danishfibres.com\/da\/konstruktionsfibre\/referencer\/#primaryimage"},"image":{"@id":"https:\/\/danishfibres.com\/da\/konstruktionsfibre\/referencer\/#primaryimage"},"thumbnailUrl":"https:\/\/danishfibres.com\/wp-content\/uploads\/Petronas_Towers.jpg","datePublished":"2025-08-25T12:05:52+00:00","dateModified":"2025-12-03T14:40:12+00:00","description":"Se Wiking\u00ae referencer. Oplev hvordan vores fibre styrker beton, forebygger revner og sikrer holdbarhed i kr\u00e6vende projekter.","breadcrumb":{"@id":"https:\/\/danishfibres.com\/da\/konstruktionsfibre\/referencer\/#breadcrumb"},"inLanguage":"da-DK","potentialAction":[{"@type":"ReadAction","target":["https:\/\/danishfibres.com\/da\/konstruktionsfibre\/referencer\/"]}]},{"@type":"ImageObject","inLanguage":"da-DK","@id":"https:\/\/danishfibres.com\/da\/konstruktionsfibre\/referencer\/#primaryimage","url":"https:\/\/danishfibres.com\/wp-content\/uploads\/Petronas_Towers.jpg","contentUrl":"https:\/\/danishfibres.com\/wp-content\/uploads\/Petronas_Towers.jpg"},{"@type":"BreadcrumbList","@id":"https:\/\/danishfibres.com\/da\/konstruktionsfibre\/referencer\/#breadcrumb","itemListElement":[{"@type":"ListItem","position":1,"name":"Danish Fibres","item":"https:\/\/danishfibres.com\/da\/forside\/"},{"@type":"ListItem","position":2,"name":"Konstruktionsfibre","item":"https:\/\/danishfibres.com\/da\/konstruktionsfibre\/"},{"@type":"ListItem","position":3,"name":"Referencer"}]},{"@type":"WebSite","@id":"https:\/\/danishfibres.com\/da\/#website","url":"https:\/\/danishfibres.com\/da\/","name":"Danish Fibres","description":"Benefit from 40 years experience","potentialAction":[{"@type":"SearchAction","target":{"@type":"EntryPoint","urlTemplate":"https:\/\/danishfibres.com\/da\/?s={search_term_string}"},"query-input":{"@type":"PropertyValueSpecification","valueRequired":true,"valueName":"search_term_string"}}],"inLanguage":"da-DK"}]}},"_links":{"self":[{"href":"https:\/\/danishfibres.com\/da\/wp-json\/wp\/v2\/pages\/1745","targetHints":{"allow":["GET"]}}],"collection":[{"href":"https:\/\/danishfibres.com\/da\/wp-json\/wp\/v2\/pages"}],"about":[{"href":"https:\/\/danishfibres.com\/da\/wp-json\/wp\/v2\/types\/page"}],"author":[{"embeddable":true,"href":"https:\/\/danishfibres.com\/da\/wp-json\/wp\/v2\/users\/2"}],"replies":[{"embeddable":true,"href":"https:\/\/danishfibres.com\/da\/wp-json\/wp\/v2\/comments?post=1745"}],"version-history":[{"count":14,"href":"https:\/\/danishfibres.com\/da\/wp-json\/wp\/v2\/pages\/1745\/revisions"}],"predecessor-version":[{"id":4994,"href":"https:\/\/danishfibres.com\/da\/wp-json\/wp\/v2\/pages\/1745\/revisions\/4994"}],"up":[{"embeddable":true,"href":"https:\/\/danishfibres.com\/da\/wp-json\/wp\/v2\/pages\/1020"}],"wp:attachment":[{"href":"https:\/\/danishfibres.com\/da\/wp-json\/wp\/v2\/media?parent=1745"}],"curies":[{"name":"wp","href":"https:\/\/api.w.org\/{rel}","templated":true}]}}