{"id":1751,"date":"2025-08-25T12:25:54","date_gmt":"2025-08-25T10:25:54","guid":{"rendered":"https:\/\/danishfibres.com\/konstruktionsfibre\/teknologi\/"},"modified":"2025-12-03T15:41:59","modified_gmt":"2025-12-03T14:41:59","slug":"teknologi","status":"publish","type":"page","link":"https:\/\/danishfibres.com\/da\/konstruktionsfibre\/teknologi\/","title":{"rendered":"Teknologi"},"content":{"rendered":"\t\t<div data-elementor-type=\"wp-page\" data-elementor-id=\"1751\" class=\"elementor elementor-1751 elementor-732\" data-elementor-post-type=\"page\">\n\t\t\t\t<div class=\"elementor-element elementor-element-fbcb486 e-flex e-con-boxed e-con e-parent\" data-id=\"fbcb486\" data-element_type=\"container\" data-e-type=\"container\" data-settings=\"{&quot;background_background&quot;:&quot;classic&quot;}\">\n\t\t\t\t\t<div class=\"e-con-inner\">\n\t\t\t\t<div class=\"elementor-element elementor-element-c7124dc elementor-widget elementor-widget-breadcrumbs\" data-id=\"c7124dc\" data-element_type=\"widget\" data-e-type=\"widget\" data-widget_type=\"breadcrumbs.default\">\n\t\t\t\t\t<p id=\"breadcrumbs\"><span><span><a href=\"https:\/\/danishfibres.com\/da\/forside\/\">Danish Fibres<\/a><\/span><\/span><\/p>\t\t\t\t<\/div>\n\t\t<div class=\"elementor-element elementor-element-da5ba4b e-con-full e-flex e-con e-child\" data-id=\"da5ba4b\" data-element_type=\"container\" data-e-type=\"container\" data-settings=\"{&quot;background_background&quot;:&quot;classic&quot;}\">\n\t\t<div class=\"elementor-element elementor-element-669960c e-con-full e-flex e-con e-child\" data-id=\"669960c\" data-element_type=\"container\" data-e-type=\"container\" data-settings=\"{&quot;background_background&quot;:&quot;classic&quot;}\">\n\t\t<div class=\"elementor-element elementor-element-c11c96f e-con-full e-flex e-con e-child\" data-id=\"c11c96f\" data-element_type=\"container\" data-e-type=\"container\">\n\t\t\t\t<div class=\"elementor-element elementor-element-52b2c9e elementor-widget elementor-widget-image\" data-id=\"52b2c9e\" data-element_type=\"widget\" data-e-type=\"widget\" data-widget_type=\"image.default\">\n\t\t\t\t\t\t\t\t\t\t\t\t\t\t\t<img fetchpriority=\"high\" decoding=\"async\" width=\"800\" height=\"337\" src=\"https:\/\/danishfibres.com\/wp-content\/uploads\/Technology_Construction_Icons.png\" class=\"attachment-large size-large wp-image-799\" alt=\"\" srcset=\"https:\/\/danishfibres.com\/wp-content\/uploads\/Technology_Construction_Icons.png 830w, https:\/\/danishfibres.com\/wp-content\/uploads\/Technology_Construction_Icons-300x127.png 300w, https:\/\/danishfibres.com\/wp-content\/uploads\/Technology_Construction_Icons-768x324.png 768w\" sizes=\"(max-width: 800px) 100vw, 800px\" \/>\t\t\t\t\t\t\t\t\t\t\t\t\t\t\t<\/div>\n\t\t<div class=\"elementor-element elementor-element-43fadba e-con-full e-flex e-con e-child\" data-id=\"43fadba\" data-element_type=\"container\" data-e-type=\"container\">\n\t\t\t\t<div class=\"elementor-element elementor-element-bf559f5 elementor-widget elementor-widget-heading\" data-id=\"bf559f5\" data-element_type=\"widget\" data-e-type=\"widget\" data-widget_type=\"heading.default\">\n\t\t\t\t\t<h1 class=\"elementor-heading-title elementor-size-default\">Teknologi \u2013 Konstruktionsfibre<\/h1>\t\t\t\t<\/div>\n\t\t\t\t<div class=\"elementor-element elementor-element-b83ee08 elementor-widget__width-inherit df-text elementor-widget elementor-widget-text-editor\" data-id=\"b83ee08\" data-element_type=\"widget\" data-e-type=\"widget\" data-widget_type=\"text-editor.default\">\n\t\t\t\t\t\t\t\t\t<p><strong>Takket v\u00e6re vores avancerede produktionsmetoder tilbyder Wiking\u00ae Konstruktionsfibre en r\u00e6kke unikke kvalitetsegenskaber.<\/strong><\/p><h2>Reduktion af luftindtag i beton til 1%<\/h2><p>Vi har udviklet en speciel olieblanding til bel\u00e6gning til fremstillingen af Wiking\u00ae Konstruktionsfibre, hvilket reducerer luftindtaget i beton til mindre end 1%. Til sammenligning f\u00f8rer konkurrerende polypropylenfiberprodukter til et luftindtag p\u00e5 omkring 5-10%. Derfor opn\u00e5s der st\u00f8rre styrke ved anvendelse af Wiking\u00ae Konstruktionsfibre.  <\/p><h2>Kemisk og biologisk resistens<\/h2><p>Polypropylenfiber er den eneste syntetiske fiber, der er resistent overfor b\u00e5de syrer og baser. Derfor producerer vi kun fibre af 100% jomfru polypropylen p\u00e5 vores fabrik, s\u00e5 vi kan garantere et produkt, der er fuldt resistent over for kemiske opl\u00f8sningsmidler. <\/p><h2>Veludf\u00f8rte sk\u00e6ringer<\/h2><p>Ved fiberproduktion vil sl\u00f8ve klinger for\u00e5rsage en betydelig opvarmning af fibrene og f\u00e5 dem til at kl\u00e6be sammen, n\u00e5r de opbevares i kasser. Som standard skifter vi ofte klingerne i vores produktion for at sikre veludf\u00f8rte sk\u00e6ringer og ordentligt adskilte fibre. <\/p><p><a href=\"https:\/\/danishfibres.com\/da\/kontakt\/\">Kontakt os<\/a> for at h\u00f8re mere om vores produktionsmetoder og fordelene ved at bruge Wiking\u00ae Konstruktionsfibre.<\/p>\t\t\t\t\t\t\t\t<\/div>\n\t\t\t\t<\/div>\n\t\t\t\t<\/div>\n\t\t<div class=\"elementor-element elementor-element-2a72ac5 e-con-full e-flex e-con e-child\" data-id=\"2a72ac5\" data-element_type=\"container\" data-e-type=\"container\">\n\t\t\t\t<\/div>\n\t\t\t\t<\/div>\n\t\t\t\t<\/div>\n\t\t\t\t\t<\/div>\n\t\t\t\t<\/div>\n\t\t<div class=\"elementor-element elementor-element-33f6d2c e-flex e-con-boxed e-con e-parent\" data-id=\"33f6d2c\" data-element_type=\"container\" data-e-type=\"container\" data-settings=\"{&quot;background_background&quot;:&quot;classic&quot;}\">\n\t\t\t\t\t<div class=\"e-con-inner\">\n\t\t<div class=\"elementor-element elementor-element-f593c34 e-con-full e-flex e-con e-child\" data-id=\"f593c34\" data-element_type=\"container\" data-e-type=\"container\" data-settings=\"{&quot;background_background&quot;:&quot;classic&quot;}\">\n\t\t<div class=\"elementor-element elementor-element-eeb08e5 e-con-full e-flex e-con e-child\" data-id=\"eeb08e5\" data-element_type=\"container\" data-e-type=\"container\">\n\t\t\t\t<div class=\"elementor-element elementor-element-2c5ecc6 elementor-widget elementor-widget-heading\" data-id=\"2c5ecc6\" data-element_type=\"widget\" data-e-type=\"widget\" data-widget_type=\"heading.default\">\n\t\t\t\t\t<h2 class=\"elementor-heading-title elementor-size-default\">M\u00f8d vores salgsteam<\/h2>\t\t\t\t<\/div>\n\t\t<div class=\"elementor-element elementor-element-cf239a1 e-con-full e-flex e-con e-child\" data-id=\"cf239a1\" data-element_type=\"container\" data-e-type=\"container\">\n\t\t<div class=\"elementor-element elementor-element-7f8fdf3 e-con-full e-flex e-con e-child\" data-id=\"7f8fdf3\" data-element_type=\"container\" data-e-type=\"container\">\n\t\t\t\t<div class=\"elementor-element elementor-element-480a3df sales-title elementor-widget elementor-widget-heading\" data-id=\"480a3df\" data-element_type=\"widget\" data-e-type=\"widget\" data-widget_type=\"heading.default\">\n\t\t\t\t\t<p class=\"elementor-heading-title elementor-size-default\">CEO\/President<\/p>\t\t\t\t<\/div>\n\t\t\t\t<div class=\"elementor-element elementor-element-43cc20e sales-name elementor-widget elementor-widget-heading\" data-id=\"43cc20e\" data-element_type=\"widget\" data-e-type=\"widget\" data-widget_type=\"heading.default\">\n\t\t\t\t\t<p class=\"elementor-heading-title elementor-size-default\">Palle Kuntz<\/p>\t\t\t\t<\/div>\n\t\t\t\t<div class=\"elementor-element elementor-element-81435f1 elementor-widget elementor-widget-heading\" data-id=\"81435f1\" data-element_type=\"widget\" data-e-type=\"widget\" data-widget_type=\"heading.default\">\n\t\t\t\t\t<p class=\"elementor-heading-title elementor-size-default\"><a href=\"tel:+4524659615\">+45 24 65 96 15<\/a><\/p>\t\t\t\t<\/div>\n\t\t\t\t<div class=\"elementor-element elementor-element-31df0de sales-name elementor-widget elementor-widget-heading\" data-id=\"31df0de\" data-element_type=\"widget\" data-e-type=\"widget\" data-widget_type=\"heading.default\">\n\t\t\t\t\t<p class=\"elementor-heading-title elementor-size-default\"><a href=\"mailto:pku@danishfibres.dk\">pku@danishfibres.dk<\/a><\/p>\t\t\t\t<\/div>\n\t\t\t\t<\/div>\n\t\t<div class=\"elementor-element elementor-element-4cfa13f e-con-full e-flex e-con e-child\" data-id=\"4cfa13f\" data-element_type=\"container\" data-e-type=\"container\">\n\t\t\t\t<div class=\"elementor-element elementor-element-efea0f2 sales-title elementor-widget elementor-widget-heading\" data-id=\"efea0f2\" data-element_type=\"widget\" data-e-type=\"widget\" data-widget_type=\"heading.default\">\n\t\t\t\t\t<p class=\"elementor-heading-title elementor-size-default\">Sales Manager<\/p>\t\t\t\t<\/div>\n\t\t\t\t<div class=\"elementor-element elementor-element-4e61e1d sales-name elementor-widget elementor-widget-heading\" data-id=\"4e61e1d\" data-element_type=\"widget\" data-e-type=\"widget\" data-widget_type=\"heading.default\">\n\t\t\t\t\t<p class=\"elementor-heading-title elementor-size-default\">David Etzerodt<\/p>\t\t\t\t<\/div>\n\t\t\t\t<div class=\"elementor-element elementor-element-08ed0b5 elementor-widget elementor-widget-heading\" data-id=\"08ed0b5\" data-element_type=\"widget\" data-e-type=\"widget\" data-widget_type=\"heading.default\">\n\t\t\t\t\t<p class=\"elementor-heading-title elementor-size-default\"><a href=\"tel:+4520580599\">+45 20 58 05 99<\/a><\/p>\t\t\t\t<\/div>\n\t\t\t\t<div class=\"elementor-element elementor-element-7c67027 sales-name elementor-widget elementor-widget-heading\" data-id=\"7c67027\" data-element_type=\"widget\" data-e-type=\"widget\" data-widget_type=\"heading.default\">\n\t\t\t\t\t<p class=\"elementor-heading-title elementor-size-default\"><a href=\"mailto:dke@danishfibres.dk\">dke@danishfibres.dk<\/a><\/p>\t\t\t\t<\/div>\n\t\t\t\t<\/div>\n\t\t\t\t<\/div>\n\t\t\t\t<div class=\"elementor-element elementor-element-2f22f2b elementor-widget elementor-widget-button\" data-id=\"2f22f2b\" data-element_type=\"widget\" data-e-type=\"widget\" data-widget_type=\"button.default\">\n\t\t\t\t\t\t\t\t\t\t<a class=\"elementor-button elementor-button-link elementor-size-sm\" href=\"https:\/\/danishfibres.com\/da\/kontakt\/\">\n\t\t\t\t\t\t<span class=\"elementor-button-content-wrapper\">\n\t\t\t\t\t\t\t\t\t<span class=\"elementor-button-text\">Kontakt os<\/span>\n\t\t\t\t\t<\/span>\n\t\t\t\t\t<\/a>\n\t\t\t\t\t\t\t\t<\/div>\n\t\t\t\t<\/div>\n\t\t<div class=\"elementor-element elementor-element-8054d7a e-con-full e-flex e-con e-child\" data-id=\"8054d7a\" data-element_type=\"container\" data-e-type=\"container\" data-settings=\"{&quot;background_background&quot;:&quot;classic&quot;}\">\n\t\t\t\t<div class=\"elementor-element elementor-element-5823c5e elementor-widget elementor-widget-image\" data-id=\"5823c5e\" data-element_type=\"widget\" data-e-type=\"widget\" data-widget_type=\"image.default\">\n\t\t\t\t\t\t\t\t\t\t\t\t\t\t\t<img decoding=\"async\" width=\"527\" height=\"278\" src=\"https:\/\/danishfibres.com\/wp-content\/uploads\/Our_Sales_Team_Danish_Fibres_subpage.jpg\" class=\"attachment-large size-large wp-image-243\" alt=\"\" srcset=\"https:\/\/danishfibres.com\/wp-content\/uploads\/Our_Sales_Team_Danish_Fibres_subpage.jpg 527w, https:\/\/danishfibres.com\/wp-content\/uploads\/Our_Sales_Team_Danish_Fibres_subpage-300x158.jpg 300w\" sizes=\"(max-width: 527px) 100vw, 527px\" \/>\t\t\t\t\t\t\t\t\t\t\t\t\t\t\t<\/div>\n\t\t\t\t<\/div>\n\t\t\t\t<\/div>\n\t\t\t\t\t<\/div>\n\t\t\t\t<\/div>\n\t\t<div class=\"elementor-element elementor-element-a21ad0e e-grid e-con-boxed e-con e-parent\" data-id=\"a21ad0e\" data-element_type=\"container\" data-e-type=\"container\" data-settings=\"{&quot;background_background&quot;:&quot;classic&quot;}\">\n\t\t\t\t\t<div class=\"e-con-inner\">\n\t\t<div class=\"elementor-element elementor-element-eb228ed e-con-full e-flex e-con e-child\" data-id=\"eb228ed\" data-element_type=\"container\" data-e-type=\"container\">\n\t\t\t\t<div class=\"elementor-element elementor-element-048cf09 elementor-widget elementor-widget-image\" data-id=\"048cf09\" data-element_type=\"widget\" data-e-type=\"widget\" data-widget_type=\"image.default\">\n\t\t\t\t\t\t\t\t\t\t\t\t\t\t\t<img decoding=\"async\" src=\"https:\/\/danishfibres.com\/wp-content\/uploads\/Danish_Fibres_Construction_Technical_Fibres.jpg\" title=\"\" alt=\"\" loading=\"lazy\" \/>\t\t\t\t\t\t\t\t\t\t\t\t\t\t\t<\/div>\n\t\t\t\t<\/div>\n\t\t<div class=\"elementor-element elementor-element-595e1b6 e-con-full clickable-parent e-flex e-con e-child\" data-id=\"595e1b6\" data-element_type=\"container\" data-e-type=\"container\" data-settings=\"{&quot;background_background&quot;:&quot;classic&quot;}\">\n\t\t\t\t<div class=\"elementor-element elementor-element-239a9cf elementor-widget elementor-widget-text-editor\" data-id=\"239a9cf\" data-element_type=\"widget\" data-e-type=\"widget\" data-widget_type=\"text-editor.default\">\n\t\t\t\t\t\t\t\t\t<p>Produktinformation<\/p>\t\t\t\t\t\t\t\t<\/div>\n\t\t\t\t<div class=\"elementor-element elementor-element-32f49c9 elementor-widget elementor-widget-text-editor\" data-id=\"32f49c9\" data-element_type=\"widget\" data-e-type=\"widget\" data-widget_type=\"text-editor.default\">\n\t\t\t\t\t\t\t\t\t<p>Udforsk vores f\u00f8rende udvalg af konstruktionsfibre<\/p>\t\t\t\t\t\t\t\t<\/div>\n\t\t\t\t<div class=\"elementor-element elementor-element-95b9510 elementor-widget elementor-widget-text-editor\" data-id=\"95b9510\" data-element_type=\"widget\" data-e-type=\"widget\" data-widget_type=\"text-editor.default\">\n\t\t\t\t\t\t\t\t\t<p>H\u00f8jtydende polypropylenfibre til betonarmering, der giver spr\u00e6ngstyring, tr\u00e6kstyrke og brandbeskyttelse.<\/p>\t\t\t\t\t\t\t\t<\/div>\n\t\t\t\t<div class=\"elementor-element elementor-element-2db24d1 elementor-widget elementor-widget-button\" data-id=\"2db24d1\" data-element_type=\"widget\" data-e-type=\"widget\" data-widget_type=\"button.default\">\n\t\t\t\t\t\t\t\t\t\t<a class=\"elementor-button elementor-button-link elementor-size-sm\" href=\"https:\/\/danishfibres.com\/da\/konstruktionsfibre\/\">\n\t\t\t\t\t\t<span class=\"elementor-button-content-wrapper\">\n\t\t\t\t\t\t<span class=\"elementor-button-icon\">\n\t\t\t\t<svg aria-hidden=\"true\" class=\"e-font-icon-svg e-fas-chevron-right\" viewBox=\"0 0 320 512\" xmlns=\"http:\/\/www.w3.org\/2000\/svg\"><path d=\"M285.476 272.971L91.132 467.314c-9.373 9.373-24.569 9.373-33.941 0l-22.667-22.667c-9.357-9.357-9.375-24.522-.04-33.901L188.505 256 34.484 101.255c-9.335-9.379-9.317-24.544.04-33.901l22.667-22.667c9.373-9.373 24.569-9.373 33.941 0L285.475 239.03c9.373 9.372 9.373 24.568.001 33.941z\"><\/path><\/svg>\t\t\t<\/span>\n\t\t\t\t\t\t\t\t\t<span class=\"elementor-button-text\">L\u00e6s mere<\/span>\n\t\t\t\t\t<\/span>\n\t\t\t\t\t<\/a>\n\t\t\t\t\t\t\t\t<\/div>\n\t\t\t\t<\/div>\n\t\t\t\t\t<\/div>\n\t\t\t\t<\/div>\n\t\t\t\t<\/div>\n\t\t","protected":false},"excerpt":{"rendered":"<p>Teknologi \u2013 Konstruktionsfibre Takket v\u00e6re vores avancerede produktionsmetoder tilbyder Wiking\u00ae Konstruktionsfibre en r\u00e6kke unikke kvalitetsegenskaber. Reduktion af luftindtag i beton til 1% Vi har udviklet en speciel olieblanding til bel\u00e6gning til fremstillingen af Wiking\u00ae Konstruktionsfibre, hvilket reducerer luftindtaget i beton til mindre end 1%. Til sammenligning f\u00f8rer konkurrerende polypropylenfiberprodukter til et luftindtag p\u00e5 omkring 5-10%. [&hellip;]<\/p>\n","protected":false},"author":2,"featured_media":0,"parent":1020,"menu_order":0,"comment_status":"closed","ping_status":"closed","template":"","meta":{"_acf_changed":false,"footnotes":""},"class_list":["post-1751","page","type-page","status-publish","hentry"],"acf":[],"yoast_head":"<!-- This site is optimized with the Yoast SEO plugin v27.4 - https:\/\/yoast.com\/product\/yoast-seo-wordpress\/ -->\n<title>Teknologi - Danish Fibres<\/title>\n<meta name=\"description\" content=\"L\u00e6s om Wiking\u00ae teknologi. Avancerede fibre til revneforebyggelse, holdbarhed og brandbeskyttelse i moderne betonl\u00f8sninger.\" \/>\n<meta name=\"robots\" content=\"index, follow, max-snippet:-1, max-image-preview:large, max-video-preview:-1\" \/>\n<link rel=\"canonical\" href=\"https:\/\/danishfibres.com\/da\/konstruktionsfibre\/teknologi\/\" \/>\n<meta property=\"og:locale\" content=\"da_DK\" \/>\n<meta property=\"og:type\" content=\"article\" \/>\n<meta property=\"og:title\" content=\"Teknologi - Danish Fibres\" \/>\n<meta property=\"og:description\" content=\"L\u00e6s om Wiking\u00ae teknologi. Avancerede fibre til revneforebyggelse, holdbarhed og brandbeskyttelse i moderne betonl\u00f8sninger.\" \/>\n<meta property=\"og:url\" content=\"https:\/\/danishfibres.com\/da\/konstruktionsfibre\/teknologi\/\" \/>\n<meta property=\"og:site_name\" content=\"Danish Fibres\" \/>\n<meta property=\"article:modified_time\" content=\"2025-12-03T14:41:59+00:00\" \/>\n<meta property=\"og:image\" content=\"https:\/\/danishfibres.com\/wp-content\/uploads\/Technology_Construction_Icons.png\" \/>\n\t<meta property=\"og:image:width\" content=\"830\" \/>\n\t<meta property=\"og:image:height\" content=\"350\" \/>\n\t<meta property=\"og:image:type\" content=\"image\/png\" \/>\n<meta name=\"twitter:card\" content=\"summary_large_image\" \/>\n<meta name=\"twitter:label1\" content=\"Estimeret l\u00e6setid\" \/>\n\t<meta name=\"twitter:data1\" content=\"1 minut\" \/>\n<script type=\"application\/ld+json\" class=\"yoast-schema-graph\">{\"@context\":\"https:\\\/\\\/schema.org\",\"@graph\":[{\"@type\":\"WebPage\",\"@id\":\"https:\\\/\\\/danishfibres.com\\\/da\\\/konstruktionsfibre\\\/teknologi\\\/\",\"url\":\"https:\\\/\\\/danishfibres.com\\\/da\\\/konstruktionsfibre\\\/teknologi\\\/\",\"name\":\"Teknologi - Danish Fibres\",\"isPartOf\":{\"@id\":\"https:\\\/\\\/danishfibres.com\\\/da\\\/#website\"},\"primaryImageOfPage\":{\"@id\":\"https:\\\/\\\/danishfibres.com\\\/da\\\/konstruktionsfibre\\\/teknologi\\\/#primaryimage\"},\"image\":{\"@id\":\"https:\\\/\\\/danishfibres.com\\\/da\\\/konstruktionsfibre\\\/teknologi\\\/#primaryimage\"},\"thumbnailUrl\":\"https:\\\/\\\/danishfibres.com\\\/wp-content\\\/uploads\\\/Technology_Construction_Icons.png\",\"datePublished\":\"2025-08-25T10:25:54+00:00\",\"dateModified\":\"2025-12-03T14:41:59+00:00\",\"description\":\"L\u00e6s om Wiking\u00ae teknologi. Avancerede fibre til revneforebyggelse, holdbarhed og brandbeskyttelse i moderne betonl\u00f8sninger.\",\"breadcrumb\":{\"@id\":\"https:\\\/\\\/danishfibres.com\\\/da\\\/konstruktionsfibre\\\/teknologi\\\/#breadcrumb\"},\"inLanguage\":\"da-DK\",\"potentialAction\":[{\"@type\":\"ReadAction\",\"target\":[\"https:\\\/\\\/danishfibres.com\\\/da\\\/konstruktionsfibre\\\/teknologi\\\/\"]}]},{\"@type\":\"ImageObject\",\"inLanguage\":\"da-DK\",\"@id\":\"https:\\\/\\\/danishfibres.com\\\/da\\\/konstruktionsfibre\\\/teknologi\\\/#primaryimage\",\"url\":\"https:\\\/\\\/danishfibres.com\\\/wp-content\\\/uploads\\\/Technology_Construction_Icons.png\",\"contentUrl\":\"https:\\\/\\\/danishfibres.com\\\/wp-content\\\/uploads\\\/Technology_Construction_Icons.png\"},{\"@type\":\"BreadcrumbList\",\"@id\":\"https:\\\/\\\/danishfibres.com\\\/da\\\/konstruktionsfibre\\\/teknologi\\\/#breadcrumb\",\"itemListElement\":[{\"@type\":\"ListItem\",\"position\":1,\"name\":\"Danish Fibres\",\"item\":\"https:\\\/\\\/danishfibres.com\\\/da\\\/forside\\\/\"},{\"@type\":\"ListItem\",\"position\":2,\"name\":\"Konstruktionsfibre\",\"item\":\"https:\\\/\\\/danishfibres.com\\\/da\\\/konstruktionsfibre\\\/\"},{\"@type\":\"ListItem\",\"position\":3,\"name\":\"Teknologi\"}]},{\"@type\":\"WebSite\",\"@id\":\"https:\\\/\\\/danishfibres.com\\\/da\\\/#website\",\"url\":\"https:\\\/\\\/danishfibres.com\\\/da\\\/\",\"name\":\"Danish Fibres\",\"description\":\"Benefit from 40 years experience\",\"potentialAction\":[{\"@type\":\"SearchAction\",\"target\":{\"@type\":\"EntryPoint\",\"urlTemplate\":\"https:\\\/\\\/danishfibres.com\\\/da\\\/?s={search_term_string}\"},\"query-input\":{\"@type\":\"PropertyValueSpecification\",\"valueRequired\":true,\"valueName\":\"search_term_string\"}}],\"inLanguage\":\"da-DK\"}]}<\/script>\n<!-- \/ Yoast SEO plugin. -->","yoast_head_json":{"title":"Teknologi - Danish Fibres","description":"L\u00e6s om Wiking\u00ae teknologi. Avancerede fibre til revneforebyggelse, holdbarhed og brandbeskyttelse i moderne betonl\u00f8sninger.","robots":{"index":"index","follow":"follow","max-snippet":"max-snippet:-1","max-image-preview":"max-image-preview:large","max-video-preview":"max-video-preview:-1"},"canonical":"https:\/\/danishfibres.com\/da\/konstruktionsfibre\/teknologi\/","og_locale":"da_DK","og_type":"article","og_title":"Teknologi - Danish Fibres","og_description":"L\u00e6s om Wiking\u00ae teknologi. Avancerede fibre til revneforebyggelse, holdbarhed og brandbeskyttelse i moderne betonl\u00f8sninger.","og_url":"https:\/\/danishfibres.com\/da\/konstruktionsfibre\/teknologi\/","og_site_name":"Danish Fibres","article_modified_time":"2025-12-03T14:41:59+00:00","og_image":[{"width":830,"height":350,"url":"https:\/\/danishfibres.com\/wp-content\/uploads\/Technology_Construction_Icons.png","type":"image\/png"}],"twitter_card":"summary_large_image","twitter_misc":{"Estimeret l\u00e6setid":"1 minut"},"schema":{"@context":"https:\/\/schema.org","@graph":[{"@type":"WebPage","@id":"https:\/\/danishfibres.com\/da\/konstruktionsfibre\/teknologi\/","url":"https:\/\/danishfibres.com\/da\/konstruktionsfibre\/teknologi\/","name":"Teknologi - Danish Fibres","isPartOf":{"@id":"https:\/\/danishfibres.com\/da\/#website"},"primaryImageOfPage":{"@id":"https:\/\/danishfibres.com\/da\/konstruktionsfibre\/teknologi\/#primaryimage"},"image":{"@id":"https:\/\/danishfibres.com\/da\/konstruktionsfibre\/teknologi\/#primaryimage"},"thumbnailUrl":"https:\/\/danishfibres.com\/wp-content\/uploads\/Technology_Construction_Icons.png","datePublished":"2025-08-25T10:25:54+00:00","dateModified":"2025-12-03T14:41:59+00:00","description":"L\u00e6s om Wiking\u00ae teknologi. Avancerede fibre til revneforebyggelse, holdbarhed og brandbeskyttelse i moderne betonl\u00f8sninger.","breadcrumb":{"@id":"https:\/\/danishfibres.com\/da\/konstruktionsfibre\/teknologi\/#breadcrumb"},"inLanguage":"da-DK","potentialAction":[{"@type":"ReadAction","target":["https:\/\/danishfibres.com\/da\/konstruktionsfibre\/teknologi\/"]}]},{"@type":"ImageObject","inLanguage":"da-DK","@id":"https:\/\/danishfibres.com\/da\/konstruktionsfibre\/teknologi\/#primaryimage","url":"https:\/\/danishfibres.com\/wp-content\/uploads\/Technology_Construction_Icons.png","contentUrl":"https:\/\/danishfibres.com\/wp-content\/uploads\/Technology_Construction_Icons.png"},{"@type":"BreadcrumbList","@id":"https:\/\/danishfibres.com\/da\/konstruktionsfibre\/teknologi\/#breadcrumb","itemListElement":[{"@type":"ListItem","position":1,"name":"Danish Fibres","item":"https:\/\/danishfibres.com\/da\/forside\/"},{"@type":"ListItem","position":2,"name":"Konstruktionsfibre","item":"https:\/\/danishfibres.com\/da\/konstruktionsfibre\/"},{"@type":"ListItem","position":3,"name":"Teknologi"}]},{"@type":"WebSite","@id":"https:\/\/danishfibres.com\/da\/#website","url":"https:\/\/danishfibres.com\/da\/","name":"Danish Fibres","description":"Benefit from 40 years experience","potentialAction":[{"@type":"SearchAction","target":{"@type":"EntryPoint","urlTemplate":"https:\/\/danishfibres.com\/da\/?s={search_term_string}"},"query-input":{"@type":"PropertyValueSpecification","valueRequired":true,"valueName":"search_term_string"}}],"inLanguage":"da-DK"}]}},"_links":{"self":[{"href":"https:\/\/danishfibres.com\/da\/wp-json\/wp\/v2\/pages\/1751","targetHints":{"allow":["GET"]}}],"collection":[{"href":"https:\/\/danishfibres.com\/da\/wp-json\/wp\/v2\/pages"}],"about":[{"href":"https:\/\/danishfibres.com\/da\/wp-json\/wp\/v2\/types\/page"}],"author":[{"embeddable":true,"href":"https:\/\/danishfibres.com\/da\/wp-json\/wp\/v2\/users\/2"}],"replies":[{"embeddable":true,"href":"https:\/\/danishfibres.com\/da\/wp-json\/wp\/v2\/comments?post=1751"}],"version-history":[{"count":13,"href":"https:\/\/danishfibres.com\/da\/wp-json\/wp\/v2\/pages\/1751\/revisions"}],"predecessor-version":[{"id":4998,"href":"https:\/\/danishfibres.com\/da\/wp-json\/wp\/v2\/pages\/1751\/revisions\/4998"}],"up":[{"embeddable":true,"href":"https:\/\/danishfibres.com\/da\/wp-json\/wp\/v2\/pages\/1020"}],"wp:attachment":[{"href":"https:\/\/danishfibres.com\/da\/wp-json\/wp\/v2\/media?parent=1751"}],"curies":[{"name":"wp","href":"https:\/\/api.w.org\/{rel}","templated":true}]}}