{"id":1893,"date":"2025-08-27T11:48:27","date_gmt":"2025-08-27T09:48:27","guid":{"rendered":"https:\/\/danishfibres.com\/konstruktionsfibre\/anvendelsesmuligheder\/fiberarmeret-cementpuds\/"},"modified":"2025-12-03T15:28:02","modified_gmt":"2025-12-03T14:28:02","slug":"fiberarmeret-cementpuds","status":"publish","type":"page","link":"https:\/\/danishfibres.com\/da\/konstruktionsfibre\/anvendelsesmuligheder\/fiberarmeret-cementpuds\/","title":{"rendered":"Fiberarmeret cementpuds"},"content":{"rendered":"\t\t<div data-elementor-type=\"wp-page\" data-elementor-id=\"1893\" class=\"elementor elementor-1893 elementor-1004\" data-elementor-post-type=\"page\">\n\t\t\t\t<div class=\"elementor-element elementor-element-14403a4 e-con-full e-flex e-con e-parent\" data-id=\"14403a4\" data-element_type=\"container\" data-e-type=\"container\" data-settings=\"{&quot;background_background&quot;:&quot;classic&quot;}\">\n\t\t<div class=\"elementor-element elementor-element-27b509c e-con-full e-flex e-con e-child\" data-id=\"27b509c\" data-element_type=\"container\" data-e-type=\"container\" data-settings=\"{&quot;background_background&quot;:&quot;classic&quot;}\">\n\t\t<div class=\"elementor-element elementor-element-99474b5 e-con-full e-flex e-con e-child\" data-id=\"99474b5\" data-element_type=\"container\" data-e-type=\"container\">\n\t\t\t\t<div class=\"elementor-element elementor-element-6ce7c3a elementor-widget elementor-widget-image\" data-id=\"6ce7c3a\" data-element_type=\"widget\" data-e-type=\"widget\" data-widget_type=\"image.default\">\n\t\t\t\t\t\t\t\t\t\t\t\t\t\t\t<img fetchpriority=\"high\" decoding=\"async\" width=\"800\" height=\"337\" src=\"https:\/\/danishfibres.com\/wp-content\/uploads\/reinforced_cement_render_danish_fibres.jpg\" class=\"attachment-large size-large wp-image-992\" alt=\"Reinforced cement render - Danish Fibres\" srcset=\"https:\/\/danishfibres.com\/wp-content\/uploads\/reinforced_cement_render_danish_fibres.jpg 830w, https:\/\/danishfibres.com\/wp-content\/uploads\/reinforced_cement_render_danish_fibres-300x127.jpg 300w, https:\/\/danishfibres.com\/wp-content\/uploads\/reinforced_cement_render_danish_fibres-768x324.jpg 768w\" sizes=\"(max-width: 800px) 100vw, 800px\" \/>\t\t\t\t\t\t\t\t\t\t\t\t\t\t\t<\/div>\n\t\t<div class=\"elementor-element elementor-element-360d7b8 e-con-full e-flex e-con e-child\" data-id=\"360d7b8\" data-element_type=\"container\" data-e-type=\"container\">\n\t\t\t\t<div class=\"elementor-element elementor-element-d5abbb1 elementor-widget elementor-widget-heading\" data-id=\"d5abbb1\" data-element_type=\"widget\" data-e-type=\"widget\" data-widget_type=\"heading.default\">\n\t\t\t\t\t<p class=\"elementor-heading-title elementor-size-default\">Anvendelsesmuligheder<\/p>\t\t\t\t<\/div>\n\t\t\t\t<div class=\"elementor-element elementor-element-ecef3e1 elementor-widget elementor-widget-heading\" data-id=\"ecef3e1\" data-element_type=\"widget\" data-e-type=\"widget\" data-widget_type=\"heading.default\">\n\t\t\t\t\t<h1 class=\"elementor-heading-title elementor-size-default\">Fiberarmeret cementpuds<\/h1>\t\t\t\t<\/div>\n\t\t\t\t<div class=\"elementor-element elementor-element-aaf7392 df-text elementor-widget elementor-widget-text-editor\" data-id=\"aaf7392\" data-element_type=\"widget\" data-e-type=\"widget\" data-widget_type=\"text-editor.default\">\n\t\t\t\t\t\t\t\t\t<p><strong>Vi tilbyder et s\u00e6rligt udvalg af Wiking\u00ae Konstruktionsfibre til cementpudsning. Fibrene er specielt udviklet til forbedring af cementpudsens ydeevne og vil g\u00f8re cementpudsning til et mere omkostningseffektivt projekt. <\/strong><\/p><p>Reduktion af plastkrympningsrevner<br>N\u00e5r Wiking\u00ae Konstruktionsfibre tils\u00e6ttes cementpudsblandingen, vil fibrene spredes og danne et tredimensionalt armeringssystem til forebyggelse af plastkrympning. Resultatet er en mere holdbar cementpuds og forebyggelse af fint tegnede revner p\u00e5 overfladen. <\/p><h2>Reduceret permeabilitet<\/h2><p>Ved anvendelse af en ikke-fibr\u00f8s blanding af cementpuds kan hydreret kalk (et biprodukt af hydrogeneret cement) for\u00e5rsage forstyrrelse og salpeterforvitring, hvilket kan efterlade grimme m\u00e6rker p\u00e5 det f\u00e6rdige produkt. Wiking\u00ae Konstruktionsfibre vil reducere disse problemer betydeligt ved at sikre en lav permeabilitet. <\/p><h2>\u00d8get kl\u00e6beevne<\/h2><p>N\u00e5r en overflade pudses \u2013 hvad enten der er tale om mursten, cement eller sten \u2013 kan det v\u00e6re et problem at f\u00e5 cementblandingen til at binde. Denne manglende kl\u00e6beevne kan f\u00f8re til dannelse af revner, og enhver p\u00e5virkning af overfladen vil medf\u00f8re, at cementmaterialet delaminerer. Men hvis Wiking\u00ae Konstruktionsfibre tils\u00e6ttes cementpudsen, sikrer fibrene et h\u00f8jt forhold mellem vand og cement ved ber\u00f8ringspunktet, hvorved kl\u00e6beevnen maksimeres.  <\/p>\t\t\t\t\t\t\t\t<\/div>\n\t\t\t\t<\/div>\n\t\t\t\t<\/div>\n\t\t<div class=\"elementor-element elementor-element-df0ceb3 e-con-full e-flex e-con e-child\" data-id=\"df0ceb3\" data-element_type=\"container\" data-e-type=\"container\">\n\t\t\t\t<div class=\"elementor-element elementor-element-8fed6df df-aside elementor-widget elementor-widget-text-editor\" data-id=\"8fed6df\" data-element_type=\"widget\" data-e-type=\"widget\" data-widget_type=\"text-editor.default\">\n\t\t\t\t\t\t\t\t\t<h2>Fordele ved Wiking\u00ae<br>Konstruktionsfibre til fiberarmeret cementpuds:<\/h2><ul><li>\u00d8get modstandsdygtighed over for plastkrympningsrevner<\/li><li>Forbedret slagstyrke<\/li><li>Forbedret kl\u00e6beevne<\/li><li>Reduceret permeabilitet<\/li><\/ul><h2>Relaterede<br>produkter:<\/h2><ul><li>Wiking\u00ae <a href=\"https:\/\/danishfibres.com\/da\/konstruktionsfibre\/wiking-mikrofibre\/\">Micro Fibres<\/a><\/li><\/ul>\t\t\t\t\t\t\t\t<\/div>\n\t\t\t\t<\/div>\n\t\t\t\t<\/div>\n\t\t\t\t<\/div>\n\t\t<div class=\"elementor-element elementor-element-ae64a01 e-flex e-con-boxed e-con e-parent\" data-id=\"ae64a01\" data-element_type=\"container\" data-e-type=\"container\" data-settings=\"{&quot;background_background&quot;:&quot;classic&quot;}\">\n\t\t\t\t\t<div class=\"e-con-inner\">\n\t\t<div class=\"elementor-element elementor-element-752ea5e e-con-full e-flex e-con e-child\" data-id=\"752ea5e\" data-element_type=\"container\" data-e-type=\"container\" data-settings=\"{&quot;background_background&quot;:&quot;classic&quot;}\">\n\t\t<div class=\"elementor-element elementor-element-a864d2e e-con-full e-flex e-con e-child\" data-id=\"a864d2e\" data-element_type=\"container\" data-e-type=\"container\">\n\t\t\t\t<div class=\"elementor-element elementor-element-b59f90d elementor-widget elementor-widget-heading\" data-id=\"b59f90d\" data-element_type=\"widget\" data-e-type=\"widget\" data-widget_type=\"heading.default\">\n\t\t\t\t\t<h2 class=\"elementor-heading-title elementor-size-default\">M\u00f8d vores salgsteam<\/h2>\t\t\t\t<\/div>\n\t\t<div class=\"elementor-element elementor-element-7a79f4c e-con-full e-flex e-con e-child\" data-id=\"7a79f4c\" data-element_type=\"container\" data-e-type=\"container\">\n\t\t<div class=\"elementor-element elementor-element-a08930d e-con-full e-flex e-con e-child\" data-id=\"a08930d\" data-element_type=\"container\" data-e-type=\"container\">\n\t\t\t\t<div class=\"elementor-element elementor-element-c09a543 sales-title elementor-widget elementor-widget-heading\" data-id=\"c09a543\" data-element_type=\"widget\" data-e-type=\"widget\" data-widget_type=\"heading.default\">\n\t\t\t\t\t<p class=\"elementor-heading-title elementor-size-default\">CEO\/President<\/p>\t\t\t\t<\/div>\n\t\t\t\t<div class=\"elementor-element elementor-element-163a64e sales-name elementor-widget elementor-widget-heading\" data-id=\"163a64e\" data-element_type=\"widget\" data-e-type=\"widget\" data-widget_type=\"heading.default\">\n\t\t\t\t\t<p class=\"elementor-heading-title elementor-size-default\">Palle Kuntz<\/p>\t\t\t\t<\/div>\n\t\t\t\t<div class=\"elementor-element elementor-element-5f39391 elementor-widget elementor-widget-heading\" data-id=\"5f39391\" data-element_type=\"widget\" data-e-type=\"widget\" data-widget_type=\"heading.default\">\n\t\t\t\t\t<p class=\"elementor-heading-title elementor-size-default\"><a href=\"tel:+4524659615\">+45 24 65 96 15<\/a><\/p>\t\t\t\t<\/div>\n\t\t\t\t<div class=\"elementor-element elementor-element-1e1316a sales-name elementor-widget elementor-widget-heading\" data-id=\"1e1316a\" data-element_type=\"widget\" data-e-type=\"widget\" data-widget_type=\"heading.default\">\n\t\t\t\t\t<p class=\"elementor-heading-title elementor-size-default\"><a href=\"mailto:pku@danishfibres.dk\">pku@danishfibres.dk<\/a><\/p>\t\t\t\t<\/div>\n\t\t\t\t<\/div>\n\t\t<div class=\"elementor-element elementor-element-e2bbeb4 e-con-full e-flex e-con e-child\" data-id=\"e2bbeb4\" data-element_type=\"container\" data-e-type=\"container\">\n\t\t\t\t<div class=\"elementor-element elementor-element-e069543 sales-title elementor-widget elementor-widget-heading\" data-id=\"e069543\" data-element_type=\"widget\" data-e-type=\"widget\" data-widget_type=\"heading.default\">\n\t\t\t\t\t<p class=\"elementor-heading-title elementor-size-default\">Sales Manager<\/p>\t\t\t\t<\/div>\n\t\t\t\t<div class=\"elementor-element elementor-element-40722c8 sales-name elementor-widget elementor-widget-heading\" data-id=\"40722c8\" data-element_type=\"widget\" data-e-type=\"widget\" data-widget_type=\"heading.default\">\n\t\t\t\t\t<p class=\"elementor-heading-title elementor-size-default\">David Etzerodt<\/p>\t\t\t\t<\/div>\n\t\t\t\t<div class=\"elementor-element elementor-element-9ac5c07 elementor-widget elementor-widget-heading\" data-id=\"9ac5c07\" data-element_type=\"widget\" data-e-type=\"widget\" data-widget_type=\"heading.default\">\n\t\t\t\t\t<p class=\"elementor-heading-title elementor-size-default\"><a href=\"tel:+4520580599\">+45 20 58 05 99<\/a><\/p>\t\t\t\t<\/div>\n\t\t\t\t<div class=\"elementor-element elementor-element-95ab609 sales-name elementor-widget elementor-widget-heading\" data-id=\"95ab609\" data-element_type=\"widget\" data-e-type=\"widget\" data-widget_type=\"heading.default\">\n\t\t\t\t\t<p class=\"elementor-heading-title elementor-size-default\"><a href=\"mailto:dke@danishfibres.dk\">dke@danishfibres.dk<\/a><\/p>\t\t\t\t<\/div>\n\t\t\t\t<\/div>\n\t\t\t\t<\/div>\n\t\t\t\t<div class=\"elementor-element elementor-element-6e5cdcc elementor-widget elementor-widget-button\" data-id=\"6e5cdcc\" data-element_type=\"widget\" data-e-type=\"widget\" data-widget_type=\"button.default\">\n\t\t\t\t\t\t\t\t\t\t<a class=\"elementor-button elementor-button-link elementor-size-sm\" href=\"https:\/\/danishfibres.com\/da\/kontakt\/\">\n\t\t\t\t\t\t<span class=\"elementor-button-content-wrapper\">\n\t\t\t\t\t\t\t\t\t<span class=\"elementor-button-text\">Kontakt os<\/span>\n\t\t\t\t\t<\/span>\n\t\t\t\t\t<\/a>\n\t\t\t\t\t\t\t\t<\/div>\n\t\t\t\t<\/div>\n\t\t<div class=\"elementor-element elementor-element-38a9ef8 e-con-full e-flex e-con e-child\" data-id=\"38a9ef8\" data-element_type=\"container\" data-e-type=\"container\" data-settings=\"{&quot;background_background&quot;:&quot;classic&quot;}\">\n\t\t\t\t<div class=\"elementor-element elementor-element-79df3c5 elementor-widget elementor-widget-image\" data-id=\"79df3c5\" data-element_type=\"widget\" data-e-type=\"widget\" data-widget_type=\"image.default\">\n\t\t\t\t\t\t\t\t\t\t\t\t\t\t\t<img decoding=\"async\" width=\"527\" height=\"278\" src=\"https:\/\/danishfibres.com\/wp-content\/uploads\/Our_Sales_Team_Danish_Fibres_subpage.jpg\" class=\"attachment-large size-large wp-image-243\" alt=\"\" srcset=\"https:\/\/danishfibres.com\/wp-content\/uploads\/Our_Sales_Team_Danish_Fibres_subpage.jpg 527w, https:\/\/danishfibres.com\/wp-content\/uploads\/Our_Sales_Team_Danish_Fibres_subpage-300x158.jpg 300w\" sizes=\"(max-width: 527px) 100vw, 527px\" \/>\t\t\t\t\t\t\t\t\t\t\t\t\t\t\t<\/div>\n\t\t\t\t<\/div>\n\t\t\t\t<\/div>\n\t\t\t\t\t<\/div>\n\t\t\t\t<\/div>\n\t\t\t\t<\/div>\n\t\t","protected":false},"excerpt":{"rendered":"<p>Anvendelsesmuligheder Fiberarmeret cementpuds Vi tilbyder et s\u00e6rligt udvalg af Wiking\u00ae Konstruktionsfibre til cementpudsning. Fibrene er specielt udviklet til forbedring af cementpudsens ydeevne og vil g\u00f8re cementpudsning til et mere omkostningseffektivt projekt. Reduktion af plastkrympningsrevnerN\u00e5r Wiking\u00ae Konstruktionsfibre tils\u00e6ttes cementpudsblandingen, vil fibrene spredes og danne et tredimensionalt armeringssystem til forebyggelse af plastkrympning. Resultatet er en mere holdbar [&hellip;]<\/p>\n","protected":false},"author":2,"featured_media":0,"parent":1028,"menu_order":0,"comment_status":"closed","ping_status":"closed","template":"","meta":{"_acf_changed":false,"footnotes":""},"class_list":["post-1893","page","type-page","status-publish","hentry"],"acf":[],"yoast_head":"<!-- This site is optimized with the Yoast SEO plugin v27.4 - https:\/\/yoast.com\/product\/yoast-seo-wordpress\/ -->\n<title>Fiberarmeret cementpuds - Danish Fibres<\/title>\n<meta name=\"description\" content=\"Styrk cementpuds med Wiking\u00ae fibre. Mindre revner, bedre slagstyrke og holdbarhed for robuste overflader.\" \/>\n<meta name=\"robots\" content=\"index, follow, max-snippet:-1, max-image-preview:large, max-video-preview:-1\" \/>\n<link rel=\"canonical\" href=\"https:\/\/danishfibres.com\/da\/konstruktionsfibre\/anvendelsesmuligheder\/fiberarmeret-cementpuds\/\" \/>\n<meta property=\"og:locale\" content=\"da_DK\" \/>\n<meta property=\"og:type\" content=\"article\" \/>\n<meta property=\"og:title\" content=\"Fiberarmeret cementpuds - Danish Fibres\" \/>\n<meta property=\"og:description\" content=\"Styrk cementpuds med Wiking\u00ae fibre. Mindre revner, bedre slagstyrke og holdbarhed for robuste overflader.\" \/>\n<meta property=\"og:url\" content=\"https:\/\/danishfibres.com\/da\/konstruktionsfibre\/anvendelsesmuligheder\/fiberarmeret-cementpuds\/\" \/>\n<meta property=\"og:site_name\" content=\"Danish Fibres\" \/>\n<meta property=\"article:modified_time\" content=\"2025-12-03T14:28:02+00:00\" \/>\n<meta property=\"og:image\" content=\"https:\/\/danishfibres.com\/wp-content\/uploads\/reinforced_cement_render_danish_fibres.jpg\" \/>\n\t<meta property=\"og:image:width\" content=\"830\" \/>\n\t<meta property=\"og:image:height\" content=\"350\" \/>\n\t<meta property=\"og:image:type\" content=\"image\/jpeg\" \/>\n<meta name=\"twitter:card\" content=\"summary_large_image\" \/>\n<meta name=\"twitter:label1\" content=\"Estimeret l\u00e6setid\" \/>\n\t<meta name=\"twitter:data1\" content=\"1 minut\" \/>\n<script type=\"application\/ld+json\" class=\"yoast-schema-graph\">{\"@context\":\"https:\\\/\\\/schema.org\",\"@graph\":[{\"@type\":\"WebPage\",\"@id\":\"https:\\\/\\\/danishfibres.com\\\/da\\\/konstruktionsfibre\\\/anvendelsesmuligheder\\\/fiberarmeret-cementpuds\\\/\",\"url\":\"https:\\\/\\\/danishfibres.com\\\/da\\\/konstruktionsfibre\\\/anvendelsesmuligheder\\\/fiberarmeret-cementpuds\\\/\",\"name\":\"Fiberarmeret cementpuds - Danish Fibres\",\"isPartOf\":{\"@id\":\"https:\\\/\\\/danishfibres.com\\\/da\\\/#website\"},\"primaryImageOfPage\":{\"@id\":\"https:\\\/\\\/danishfibres.com\\\/da\\\/konstruktionsfibre\\\/anvendelsesmuligheder\\\/fiberarmeret-cementpuds\\\/#primaryimage\"},\"image\":{\"@id\":\"https:\\\/\\\/danishfibres.com\\\/da\\\/konstruktionsfibre\\\/anvendelsesmuligheder\\\/fiberarmeret-cementpuds\\\/#primaryimage\"},\"thumbnailUrl\":\"https:\\\/\\\/danishfibres.com\\\/wp-content\\\/uploads\\\/reinforced_cement_render_danish_fibres.jpg\",\"datePublished\":\"2025-08-27T09:48:27+00:00\",\"dateModified\":\"2025-12-03T14:28:02+00:00\",\"description\":\"Styrk cementpuds med Wiking\u00ae fibre. Mindre revner, bedre slagstyrke og holdbarhed for robuste overflader.\",\"breadcrumb\":{\"@id\":\"https:\\\/\\\/danishfibres.com\\\/da\\\/konstruktionsfibre\\\/anvendelsesmuligheder\\\/fiberarmeret-cementpuds\\\/#breadcrumb\"},\"inLanguage\":\"da-DK\",\"potentialAction\":[{\"@type\":\"ReadAction\",\"target\":[\"https:\\\/\\\/danishfibres.com\\\/da\\\/konstruktionsfibre\\\/anvendelsesmuligheder\\\/fiberarmeret-cementpuds\\\/\"]}]},{\"@type\":\"ImageObject\",\"inLanguage\":\"da-DK\",\"@id\":\"https:\\\/\\\/danishfibres.com\\\/da\\\/konstruktionsfibre\\\/anvendelsesmuligheder\\\/fiberarmeret-cementpuds\\\/#primaryimage\",\"url\":\"https:\\\/\\\/danishfibres.com\\\/wp-content\\\/uploads\\\/reinforced_cement_render_danish_fibres.jpg\",\"contentUrl\":\"https:\\\/\\\/danishfibres.com\\\/wp-content\\\/uploads\\\/reinforced_cement_render_danish_fibres.jpg\"},{\"@type\":\"BreadcrumbList\",\"@id\":\"https:\\\/\\\/danishfibres.com\\\/da\\\/konstruktionsfibre\\\/anvendelsesmuligheder\\\/fiberarmeret-cementpuds\\\/#breadcrumb\",\"itemListElement\":[{\"@type\":\"ListItem\",\"position\":1,\"name\":\"Danish Fibres\",\"item\":\"https:\\\/\\\/danishfibres.com\\\/da\\\/forside\\\/\"},{\"@type\":\"ListItem\",\"position\":2,\"name\":\"Konstruktionsfibre\",\"item\":\"https:\\\/\\\/danishfibres.com\\\/da\\\/konstruktionsfibre\\\/\"},{\"@type\":\"ListItem\",\"position\":3,\"name\":\"Anvendelsesmuligheder\",\"item\":\"https:\\\/\\\/danishfibres.com\\\/da\\\/konstruktionsfibre\\\/anvendelsesmuligheder\\\/\"},{\"@type\":\"ListItem\",\"position\":4,\"name\":\"Fiberarmeret cementpuds\"}]},{\"@type\":\"WebSite\",\"@id\":\"https:\\\/\\\/danishfibres.com\\\/da\\\/#website\",\"url\":\"https:\\\/\\\/danishfibres.com\\\/da\\\/\",\"name\":\"Danish Fibres\",\"description\":\"Benefit from 40 years experience\",\"potentialAction\":[{\"@type\":\"SearchAction\",\"target\":{\"@type\":\"EntryPoint\",\"urlTemplate\":\"https:\\\/\\\/danishfibres.com\\\/da\\\/?s={search_term_string}\"},\"query-input\":{\"@type\":\"PropertyValueSpecification\",\"valueRequired\":true,\"valueName\":\"search_term_string\"}}],\"inLanguage\":\"da-DK\"}]}<\/script>\n<!-- \/ Yoast SEO plugin. -->","yoast_head_json":{"title":"Fiberarmeret cementpuds - Danish Fibres","description":"Styrk cementpuds med Wiking\u00ae fibre. Mindre revner, bedre slagstyrke og holdbarhed for robuste overflader.","robots":{"index":"index","follow":"follow","max-snippet":"max-snippet:-1","max-image-preview":"max-image-preview:large","max-video-preview":"max-video-preview:-1"},"canonical":"https:\/\/danishfibres.com\/da\/konstruktionsfibre\/anvendelsesmuligheder\/fiberarmeret-cementpuds\/","og_locale":"da_DK","og_type":"article","og_title":"Fiberarmeret cementpuds - Danish Fibres","og_description":"Styrk cementpuds med Wiking\u00ae fibre. Mindre revner, bedre slagstyrke og holdbarhed for robuste overflader.","og_url":"https:\/\/danishfibres.com\/da\/konstruktionsfibre\/anvendelsesmuligheder\/fiberarmeret-cementpuds\/","og_site_name":"Danish Fibres","article_modified_time":"2025-12-03T14:28:02+00:00","og_image":[{"width":830,"height":350,"url":"https:\/\/danishfibres.com\/wp-content\/uploads\/reinforced_cement_render_danish_fibres.jpg","type":"image\/jpeg"}],"twitter_card":"summary_large_image","twitter_misc":{"Estimeret l\u00e6setid":"1 minut"},"schema":{"@context":"https:\/\/schema.org","@graph":[{"@type":"WebPage","@id":"https:\/\/danishfibres.com\/da\/konstruktionsfibre\/anvendelsesmuligheder\/fiberarmeret-cementpuds\/","url":"https:\/\/danishfibres.com\/da\/konstruktionsfibre\/anvendelsesmuligheder\/fiberarmeret-cementpuds\/","name":"Fiberarmeret cementpuds - Danish Fibres","isPartOf":{"@id":"https:\/\/danishfibres.com\/da\/#website"},"primaryImageOfPage":{"@id":"https:\/\/danishfibres.com\/da\/konstruktionsfibre\/anvendelsesmuligheder\/fiberarmeret-cementpuds\/#primaryimage"},"image":{"@id":"https:\/\/danishfibres.com\/da\/konstruktionsfibre\/anvendelsesmuligheder\/fiberarmeret-cementpuds\/#primaryimage"},"thumbnailUrl":"https:\/\/danishfibres.com\/wp-content\/uploads\/reinforced_cement_render_danish_fibres.jpg","datePublished":"2025-08-27T09:48:27+00:00","dateModified":"2025-12-03T14:28:02+00:00","description":"Styrk cementpuds med Wiking\u00ae fibre. Mindre revner, bedre slagstyrke og holdbarhed for robuste overflader.","breadcrumb":{"@id":"https:\/\/danishfibres.com\/da\/konstruktionsfibre\/anvendelsesmuligheder\/fiberarmeret-cementpuds\/#breadcrumb"},"inLanguage":"da-DK","potentialAction":[{"@type":"ReadAction","target":["https:\/\/danishfibres.com\/da\/konstruktionsfibre\/anvendelsesmuligheder\/fiberarmeret-cementpuds\/"]}]},{"@type":"ImageObject","inLanguage":"da-DK","@id":"https:\/\/danishfibres.com\/da\/konstruktionsfibre\/anvendelsesmuligheder\/fiberarmeret-cementpuds\/#primaryimage","url":"https:\/\/danishfibres.com\/wp-content\/uploads\/reinforced_cement_render_danish_fibres.jpg","contentUrl":"https:\/\/danishfibres.com\/wp-content\/uploads\/reinforced_cement_render_danish_fibres.jpg"},{"@type":"BreadcrumbList","@id":"https:\/\/danishfibres.com\/da\/konstruktionsfibre\/anvendelsesmuligheder\/fiberarmeret-cementpuds\/#breadcrumb","itemListElement":[{"@type":"ListItem","position":1,"name":"Danish Fibres","item":"https:\/\/danishfibres.com\/da\/forside\/"},{"@type":"ListItem","position":2,"name":"Konstruktionsfibre","item":"https:\/\/danishfibres.com\/da\/konstruktionsfibre\/"},{"@type":"ListItem","position":3,"name":"Anvendelsesmuligheder","item":"https:\/\/danishfibres.com\/da\/konstruktionsfibre\/anvendelsesmuligheder\/"},{"@type":"ListItem","position":4,"name":"Fiberarmeret cementpuds"}]},{"@type":"WebSite","@id":"https:\/\/danishfibres.com\/da\/#website","url":"https:\/\/danishfibres.com\/da\/","name":"Danish Fibres","description":"Benefit from 40 years experience","potentialAction":[{"@type":"SearchAction","target":{"@type":"EntryPoint","urlTemplate":"https:\/\/danishfibres.com\/da\/?s={search_term_string}"},"query-input":{"@type":"PropertyValueSpecification","valueRequired":true,"valueName":"search_term_string"}}],"inLanguage":"da-DK"}]}},"_links":{"self":[{"href":"https:\/\/danishfibres.com\/da\/wp-json\/wp\/v2\/pages\/1893","targetHints":{"allow":["GET"]}}],"collection":[{"href":"https:\/\/danishfibres.com\/da\/wp-json\/wp\/v2\/pages"}],"about":[{"href":"https:\/\/danishfibres.com\/da\/wp-json\/wp\/v2\/types\/page"}],"author":[{"embeddable":true,"href":"https:\/\/danishfibres.com\/da\/wp-json\/wp\/v2\/users\/2"}],"replies":[{"embeddable":true,"href":"https:\/\/danishfibres.com\/da\/wp-json\/wp\/v2\/comments?post=1893"}],"version-history":[{"count":8,"href":"https:\/\/danishfibres.com\/da\/wp-json\/wp\/v2\/pages\/1893\/revisions"}],"predecessor-version":[{"id":4897,"href":"https:\/\/danishfibres.com\/da\/wp-json\/wp\/v2\/pages\/1893\/revisions\/4897"}],"up":[{"embeddable":true,"href":"https:\/\/danishfibres.com\/da\/wp-json\/wp\/v2\/pages\/1028"}],"wp:attachment":[{"href":"https:\/\/danishfibres.com\/da\/wp-json\/wp\/v2\/media?parent=1893"}],"curies":[{"name":"wp","href":"https:\/\/api.w.org\/{rel}","templated":true}]}}