{"id":1829,"date":"2025-08-29T09:42:37","date_gmt":"2025-08-29T07:42:37","guid":{"rendered":"https:\/\/danishfibres.com\/uber-uns\/danish-fibres-und-mikroplastik\/"},"modified":"2025-12-01T09:15:10","modified_gmt":"2025-12-01T08:15:10","slug":"danish-fibres-und-mikroplastik","status":"publish","type":"page","link":"https:\/\/danishfibres.com\/de\/ueber-uns\/danish-fibres-und-mikroplastik\/","title":{"rendered":"Danish Fibres und Mikroplastik"},"content":{"rendered":"\t\t<div data-elementor-type=\"wp-page\" data-elementor-id=\"1829\" class=\"elementor elementor-1829 elementor-1328\" data-elementor-post-type=\"page\">\n\t\t\t\t<div class=\"elementor-element elementor-element-1b49b50 e-flex e-con-boxed e-con e-parent\" data-id=\"1b49b50\" data-element_type=\"container\" data-e-type=\"container\" data-settings=\"{&quot;background_background&quot;:&quot;classic&quot;}\">\n\t\t\t\t\t<div class=\"e-con-inner\">\n\t\t\t\t<div class=\"elementor-element elementor-element-2eeed27 elementor-widget elementor-widget-breadcrumbs\" data-id=\"2eeed27\" data-element_type=\"widget\" data-e-type=\"widget\" data-widget_type=\"breadcrumbs.default\">\n\t\t\t\t\t<p id=\"breadcrumbs\"><span><span><a href=\"https:\/\/danishfibres.com\/de\/home\/\">Danish Fibres<\/a><\/span><\/span><\/p>\t\t\t\t<\/div>\n\t\t<div class=\"elementor-element elementor-element-7c5696f e-con-full e-flex e-con e-child\" data-id=\"7c5696f\" data-element_type=\"container\" data-e-type=\"container\" data-settings=\"{&quot;background_background&quot;:&quot;classic&quot;}\">\n\t\t<div class=\"elementor-element elementor-element-1b708e6 e-con-full e-flex e-con e-child\" data-id=\"1b708e6\" data-element_type=\"container\" data-e-type=\"container\">\n\t\t\t\t<div class=\"elementor-element elementor-element-16b086e elementor-widget elementor-widget-image\" data-id=\"16b086e\" data-element_type=\"widget\" data-e-type=\"widget\" data-widget_type=\"image.default\">\n\t\t\t\t\t\t\t\t\t\t\t\t\t\t\t<img fetchpriority=\"high\" decoding=\"async\" width=\"800\" height=\"337\" src=\"https:\/\/danishfibres.com\/wp-content\/uploads\/EU_Microplastics_Danish-Fibres_web.jpg\" class=\"attachment-large size-large wp-image-1332\" alt=\"EU Mikroplastics Danish Fibres\" srcset=\"https:\/\/danishfibres.com\/wp-content\/uploads\/EU_Microplastics_Danish-Fibres_web.jpg 830w, https:\/\/danishfibres.com\/wp-content\/uploads\/EU_Microplastics_Danish-Fibres_web-300x127.jpg 300w, https:\/\/danishfibres.com\/wp-content\/uploads\/EU_Microplastics_Danish-Fibres_web-768x324.jpg 768w\" sizes=\"(max-width: 800px) 100vw, 800px\" \/>\t\t\t\t\t\t\t\t\t\t\t\t\t\t\t<\/div>\n\t\t<div class=\"elementor-element elementor-element-7a80f8e e-con-full e-flex e-con e-child\" data-id=\"7a80f8e\" data-element_type=\"container\" data-e-type=\"container\">\n\t\t\t\t<div class=\"elementor-element elementor-element-37ceceb elementor-widget elementor-widget-heading\" data-id=\"37ceceb\" data-element_type=\"widget\" data-e-type=\"widget\" data-widget_type=\"heading.default\">\n\t\t\t\t\t<h1 class=\"elementor-heading-title elementor-size-default\">Danish Fibres und Mikroplastik<\/h1>\t\t\t\t<\/div>\n\t\t\t\t<div class=\"elementor-element elementor-element-b578c5f elementor-widget__width-inherit df-text elementor-widget elementor-widget-text-editor\" data-id=\"b578c5f\" data-element_type=\"widget\" data-e-type=\"widget\" data-widget_type=\"text-editor.default\">\n\t\t\t\t\t\t\t\t\t<p><strong>Bei Danish Fibres liefern wir hochwertige Polypropylenfasern f\u00fcr eine Vielzahl von Anwendungen, einschlie\u00dflich Betonverst\u00e4rkung, Bodenstabilisierung, Papierverst\u00e4rkung und mehr. Wir sind uns der Umweltprobleme bewusst, die Mikroplastik verursacht, und arbeiten stets daran, sicherzustellen, dass unsere Produkte den neuesten Vorschriften und Standards entsprechen. <\/strong><\/p><h2>Wir folgen genau den geltenden EU-Vorschriften<\/h2><p>Die Bauprodukteverordnung legt Anforderungen an Bauprodukte fest, einschlie\u00dflich Polymerfasern in Beton, und wir stellen sicher, dass unsere Produkte diese Anforderungen erf\u00fcllen, um hohe Leistung und \u00f6kologische Nachhaltigkeit zu gew\u00e4hrleisten. Dar\u00fcber hinaus erf\u00fcllen wir die Norm DS\/EN 14889-2:2006, die die Anforderungen an Polymerfasern in Beton beschreibt, um optimale Festigkeit und Haltbarkeit zu gew\u00e4hrleisten. <\/p><p>Um die Umweltauswirkungen von Mikroplastik zu minimieren, halten wir die Verordnung (EU) 2023\/2055 ein, die Produkte einschr\u00e4nkt, die Mikroplastik in die Umwelt freisetzen k\u00f6nnen. Wir arbeiten auch kontinuierlich daran, das Umweltprofil unserer Produkte gem\u00e4\u00df der \u00d6kodesign-Verordnung (EU) 2023\/2486 zu verbessern, die Anforderungen an die Umweltauswirkungen von Produkten, einschlie\u00dflich Emissionen aus Polymermaterialien, stellt. <\/p><p>Schlie\u00dflich stellen wir sicher, dass unsere Produkte mit Blick auf Nachhaltigkeit und minimale Umweltauswirkungen am Ende ihrer Nutzung gem\u00e4\u00df der Abfallrahmenrichtlinie (Richtlinie 2008\/98\/EG) entwickelt werden.<\/p><h2>Unsere Produkte<\/h2><p>Bauprodukte: Unsere Monofilament-Polypropylenfasern sind ideal zur Vermeidung von Rissen in Beton. Sie sind f\u00fcr den Einsatz in Beton zertifiziert und erf\u00fcllen die strengsten Anforderungen an Qualit\u00e4t und Leistung. <\/p><p>Technische Fasern: Unsere technischen Fasern, einschlie\u00dflich Wiking\u00ae-Fasern, sind f\u00fcr eine Vielzahl von Anwendungen wie Luftfiltration, Papierverst\u00e4rkung und Bodenstabilisierung entwickelt. Diese Fasern bestehen aus 100% jungfr\u00e4ulichem Polypropylen und bieten eine Reihe von Vorteilen, einschlie\u00dflich hoher Zugfestigkeit und Best\u00e4ndigkeit gegen biologische und chemische Angriffe. <\/p><p>Bei Danish Fibres sind wir bestrebt, Produkte zu liefern, die nicht nur Ihre Bed\u00fcrfnisse erf\u00fcllen, sondern auch zu einer nachhaltigen Zukunft beitragen.<\/p><p>Kontaktieren Sie uns f\u00fcr weitere Informationen und f\u00fcr ausf\u00fchrlichere Dokumentationen der einzelnen Produkte.<\/p><h2>Mehr erfahren:<\/h2><p>Die oben genannten EU-Vorschriften umfassen Folgendes:<\/p><ul><li><strong>Die Bauprodukteverordnung (EU) 2024\/3110<\/strong> legt Anforderungen an Bauprodukte fest, einschlie\u00dflich Polymerfasern in Beton, um Qualit\u00e4t und \u00f6kologische Nachhaltigkeit zu gew\u00e4hrleisten.<\/li><li><strong>DS\/EN 14889-2:2006<\/strong> is a harmonized standard that describes the requirements for polymer fibers in concrete and ensures optimal strength and durability.<\/li><li><strong>DS\/EN 14889-2:2006<\/strong> ist eine harmonisierte Norm, die die Anforderungen an Polymerfasern in Beton beschreibt und optimale Festigkeit und Haltbarkeit gew\u00e4hrleistet.<\/li><li><strong>Die Verordnung (EU) 2023\/2055<\/strong> \u00fcber Mikroplastik beschr\u00e4nkt Produkte, die Mikroplastik in die Umwelt freisetzen k\u00f6nnen, um die Umweltauswirkungen zu minimieren.<\/li><li><strong>Die \u00d6kodesign-Verordnung (EU) 2023\/2486<\/strong> stellt Anforderungen an die Umweltauswirkungen von Produkten, einschlie\u00dflich Emissionen aus Polymermaterialien, um Nachhaltigkeit zu f\u00f6rdern.<\/li><\/ul>\t\t\t\t\t\t\t\t<\/div>\n\t\t\t\t<\/div>\n\t\t\t\t<\/div>\n\t\t<div class=\"elementor-element elementor-element-27ab0d4 e-con-full e-flex e-con e-child\" data-id=\"27ab0d4\" data-element_type=\"container\" data-e-type=\"container\">\n\t\t\t\t<\/div>\n\t\t\t\t<\/div>\n\t\t\t\t\t<\/div>\n\t\t\t\t<\/div>\n\t\t<div class=\"elementor-element elementor-element-2d737fd e-flex e-con-boxed e-con e-parent\" data-id=\"2d737fd\" data-element_type=\"container\" data-e-type=\"container\" data-settings=\"{&quot;background_background&quot;:&quot;classic&quot;}\">\n\t\t\t\t\t<div class=\"e-con-inner\">\n\t\t<div class=\"elementor-element elementor-element-5fcfc2e e-con-full e-flex e-con e-child\" data-id=\"5fcfc2e\" data-element_type=\"container\" data-e-type=\"container\" data-settings=\"{&quot;background_background&quot;:&quot;classic&quot;}\">\n\t\t<div class=\"elementor-element elementor-element-1f09bed e-con-full e-flex e-con e-child\" data-id=\"1f09bed\" data-element_type=\"container\" data-e-type=\"container\">\n\t\t\t\t<div class=\"elementor-element elementor-element-099a8e9 elementor-widget elementor-widget-heading\" data-id=\"099a8e9\" data-element_type=\"widget\" data-e-type=\"widget\" data-widget_type=\"heading.default\">\n\t\t\t\t\t<h2 class=\"elementor-heading-title elementor-size-default\">Vereinbaren Sie einen Termin mit unserem Vertriebsteam<\/h2>\t\t\t\t<\/div>\n\t\t<div class=\"elementor-element elementor-element-087e023 e-con-full e-flex e-con e-child\" data-id=\"087e023\" data-element_type=\"container\" data-e-type=\"container\">\n\t\t<div class=\"elementor-element elementor-element-6f9e2c0 e-con-full e-flex e-con e-child\" data-id=\"6f9e2c0\" data-element_type=\"container\" data-e-type=\"container\">\n\t\t\t\t<div class=\"elementor-element elementor-element-b5555d5 sales-title elementor-widget elementor-widget-heading\" data-id=\"b5555d5\" data-element_type=\"widget\" data-e-type=\"widget\" data-widget_type=\"heading.default\">\n\t\t\t\t\t<p class=\"elementor-heading-title elementor-size-default\">CEO\/President<\/p>\t\t\t\t<\/div>\n\t\t\t\t<div class=\"elementor-element elementor-element-e318c47 sales-name elementor-widget elementor-widget-heading\" data-id=\"e318c47\" data-element_type=\"widget\" data-e-type=\"widget\" data-widget_type=\"heading.default\">\n\t\t\t\t\t<p class=\"elementor-heading-title elementor-size-default\">Palle Kuntz<\/p>\t\t\t\t<\/div>\n\t\t\t\t<div class=\"elementor-element elementor-element-3ea640d elementor-widget elementor-widget-heading\" data-id=\"3ea640d\" data-element_type=\"widget\" data-e-type=\"widget\" data-widget_type=\"heading.default\">\n\t\t\t\t\t<p class=\"elementor-heading-title elementor-size-default\"><a href=\"tel:+4524659615\">+45 24 65 96 15<\/a><\/p>\t\t\t\t<\/div>\n\t\t\t\t<div class=\"elementor-element elementor-element-fb10544 sales-name elementor-widget elementor-widget-heading\" data-id=\"fb10544\" data-element_type=\"widget\" data-e-type=\"widget\" data-widget_type=\"heading.default\">\n\t\t\t\t\t<p class=\"elementor-heading-title elementor-size-default\"><a href=\"mailto:pku@danishfibres.dk\">pku@danishfibres.dk<\/a><\/p>\t\t\t\t<\/div>\n\t\t\t\t<\/div>\n\t\t<div class=\"elementor-element elementor-element-f919ae7 e-con-full e-flex e-con e-child\" data-id=\"f919ae7\" data-element_type=\"container\" data-e-type=\"container\">\n\t\t\t\t<div class=\"elementor-element elementor-element-aa096b5 sales-title elementor-widget elementor-widget-heading\" data-id=\"aa096b5\" data-element_type=\"widget\" data-e-type=\"widget\" data-widget_type=\"heading.default\">\n\t\t\t\t\t<p class=\"elementor-heading-title elementor-size-default\">Vertriebsleiter<\/p>\t\t\t\t<\/div>\n\t\t\t\t<div class=\"elementor-element elementor-element-f9dd6b5 sales-name elementor-widget elementor-widget-heading\" data-id=\"f9dd6b5\" data-element_type=\"widget\" data-e-type=\"widget\" data-widget_type=\"heading.default\">\n\t\t\t\t\t<p class=\"elementor-heading-title elementor-size-default\">David Etzerodt<\/p>\t\t\t\t<\/div>\n\t\t\t\t<div class=\"elementor-element elementor-element-f106274 elementor-widget elementor-widget-heading\" data-id=\"f106274\" data-element_type=\"widget\" data-e-type=\"widget\" data-widget_type=\"heading.default\">\n\t\t\t\t\t<p class=\"elementor-heading-title elementor-size-default\"><a href=\"tel:+4520580599\">+45 20 58 05 99<\/a><\/p>\t\t\t\t<\/div>\n\t\t\t\t<div class=\"elementor-element elementor-element-c20d159 sales-name elementor-widget elementor-widget-heading\" data-id=\"c20d159\" data-element_type=\"widget\" data-e-type=\"widget\" data-widget_type=\"heading.default\">\n\t\t\t\t\t<p class=\"elementor-heading-title elementor-size-default\"><a href=\"mailto:dke@danishfibres.dk\">dke@danishfibres.dk<\/a><\/p>\t\t\t\t<\/div>\n\t\t\t\t<\/div>\n\t\t\t\t<\/div>\n\t\t\t\t<div class=\"elementor-element elementor-element-db0103d elementor-widget elementor-widget-button\" data-id=\"db0103d\" data-element_type=\"widget\" data-e-type=\"widget\" data-widget_type=\"button.default\">\n\t\t\t\t\t\t\t\t\t\t<a class=\"elementor-button elementor-button-link elementor-size-sm\" href=\"https:\/\/danishfibres.com\/de\/kontakt\/\">\n\t\t\t\t\t\t<span class=\"elementor-button-content-wrapper\">\n\t\t\t\t\t\t\t\t\t<span class=\"elementor-button-text\">Kontaktieren Sie uns<\/span>\n\t\t\t\t\t<\/span>\n\t\t\t\t\t<\/a>\n\t\t\t\t\t\t\t\t<\/div>\n\t\t\t\t<\/div>\n\t\t<div class=\"elementor-element elementor-element-40b3b2b e-con-full e-flex e-con e-child\" data-id=\"40b3b2b\" data-element_type=\"container\" data-e-type=\"container\" data-settings=\"{&quot;background_background&quot;:&quot;classic&quot;}\">\n\t\t\t\t<div class=\"elementor-element elementor-element-db2ea08 elementor-widget elementor-widget-image\" data-id=\"db2ea08\" data-element_type=\"widget\" data-e-type=\"widget\" data-widget_type=\"image.default\">\n\t\t\t\t\t\t\t\t\t\t\t\t\t\t\t<img decoding=\"async\" width=\"527\" height=\"278\" src=\"https:\/\/danishfibres.com\/wp-content\/uploads\/Our_Sales_Team_Danish_Fibres_subpage.jpg\" class=\"attachment-large size-large wp-image-244\" alt=\"\" srcset=\"https:\/\/danishfibres.com\/wp-content\/uploads\/Our_Sales_Team_Danish_Fibres_subpage.jpg 527w, https:\/\/danishfibres.com\/wp-content\/uploads\/Our_Sales_Team_Danish_Fibres_subpage-300x158.jpg 300w\" sizes=\"(max-width: 527px) 100vw, 527px\" \/>\t\t\t\t\t\t\t\t\t\t\t\t\t\t\t<\/div>\n\t\t\t\t<\/div>\n\t\t\t\t<\/div>\n\t\t\t\t\t<\/div>\n\t\t\t\t<\/div>\n\t\t<div class=\"elementor-element elementor-element-b25c8c6 e-grid e-con-boxed e-con e-parent\" data-id=\"b25c8c6\" data-element_type=\"container\" data-e-type=\"container\" data-settings=\"{&quot;background_background&quot;:&quot;classic&quot;}\">\n\t\t\t\t\t<div class=\"e-con-inner\">\n\t\t<div class=\"elementor-element elementor-element-5fb706b e-con-full e-flex e-con e-child\" data-id=\"5fb706b\" data-element_type=\"container\" data-e-type=\"container\">\n\t\t\t\t<div class=\"elementor-element elementor-element-445e075 elementor-widget elementor-widget-image\" data-id=\"445e075\" data-element_type=\"widget\" data-e-type=\"widget\" data-widget_type=\"image.default\">\n\t\t\t\t\t\t\t\t\t\t\t\t\t\t\t<img decoding=\"async\" src=\"https:\/\/danishfibres.com\/wp-content\/uploads\/Danish_Fibres_Construction_Technical_Fibres.jpg\" title=\"\" alt=\"\" loading=\"lazy\" \/>\t\t\t\t\t\t\t\t\t\t\t\t\t\t\t<\/div>\n\t\t\t\t<\/div>\n\t\t<div class=\"elementor-element elementor-element-34ac125 e-con-full clickable-parent e-flex e-con e-child\" data-id=\"34ac125\" data-element_type=\"container\" data-e-type=\"container\" data-settings=\"{&quot;background_background&quot;:&quot;classic&quot;}\">\n\t\t\t\t<div class=\"elementor-element elementor-element-4ccad47 elementor-widget elementor-widget-text-editor\" data-id=\"4ccad47\" data-element_type=\"widget\" data-e-type=\"widget\" data-widget_type=\"text-editor.default\">\n\t\t\t\t\t\t\t\t\t<p>Product information<\/p>\t\t\t\t\t\t\t\t<\/div>\n\t\t\t\t<div class=\"elementor-element elementor-element-437fc67 elementor-widget elementor-widget-text-editor\" data-id=\"437fc67\" data-element_type=\"widget\" data-e-type=\"widget\" data-widget_type=\"text-editor.default\">\n\t\t\t\t\t\t\t\t\t<p>Lernen Sie unser f\u00fchrendes Sortiment an Konstruktionsfasern Kennen<\/p>\t\t\t\t\t\t\t\t<\/div>\n\t\t\t\t<div class=\"elementor-element elementor-element-b09b997 elementor-widget elementor-widget-text-editor\" data-id=\"b09b997\" data-element_type=\"widget\" data-e-type=\"widget\" data-widget_type=\"text-editor.default\">\n\t\t\t\t\t\t\t\t\t<p>Hochwertige Polypropylenfasern zur Betonbewehrung, die rei\u00dffestigkeit, Zugfestigkeit und Brandschutz bieten<\/p>\t\t\t\t\t\t\t\t<\/div>\n\t\t\t\t<div class=\"elementor-element elementor-element-a117d0a elementor-widget elementor-widget-button\" data-id=\"a117d0a\" data-element_type=\"widget\" data-e-type=\"widget\" data-widget_type=\"button.default\">\n\t\t\t\t\t\t\t\t\t\t<a class=\"elementor-button elementor-button-link elementor-size-sm\" href=\"https:\/\/danishfibres.com\/de\/konstruktionsfasern\/technologie\/\">\n\t\t\t\t\t\t<span class=\"elementor-button-content-wrapper\">\n\t\t\t\t\t\t<span class=\"elementor-button-icon\">\n\t\t\t\t<svg aria-hidden=\"true\" class=\"e-font-icon-svg e-fas-chevron-right\" viewBox=\"0 0 320 512\" xmlns=\"http:\/\/www.w3.org\/2000\/svg\"><path d=\"M285.476 272.971L91.132 467.314c-9.373 9.373-24.569 9.373-33.941 0l-22.667-22.667c-9.357-9.357-9.375-24.522-.04-33.901L188.505 256 34.484 101.255c-9.335-9.379-9.317-24.544.04-33.901l22.667-22.667c9.373-9.373 24.569-9.373 33.941 0L285.475 239.03c9.373 9.372 9.373 24.568.001 33.941z\"><\/path><\/svg>\t\t\t<\/span>\n\t\t\t\t\t\t\t\t\t<span class=\"elementor-button-text\">Weiterlesen<\/span>\n\t\t\t\t\t<\/span>\n\t\t\t\t\t<\/a>\n\t\t\t\t\t\t\t\t<\/div>\n\t\t\t\t<\/div>\n\t\t\t\t\t<\/div>\n\t\t\t\t<\/div>\n\t\t\t\t<\/div>\n\t\t","protected":false},"excerpt":{"rendered":"<p>Danish Fibres und Mikroplastik Bei Danish Fibres liefern wir hochwertige Polypropylenfasern f\u00fcr eine Vielzahl von Anwendungen, einschlie\u00dflich Betonverst\u00e4rkung, Bodenstabilisierung, Papierverst\u00e4rkung und mehr. Wir sind uns der Umweltprobleme bewusst, die Mikroplastik verursacht, und arbeiten stets daran, sicherzustellen, dass unsere Produkte den neuesten Vorschriften und Standards entsprechen. Wir folgen genau den geltenden EU-Vorschriften Die Bauprodukteverordnung legt Anforderungen [&hellip;]<\/p>\n","protected":false},"author":2,"featured_media":0,"parent":2867,"menu_order":0,"comment_status":"closed","ping_status":"closed","template":"","meta":{"_acf_changed":false,"footnotes":""},"class_list":["post-1829","page","type-page","status-publish","hentry"],"acf":[],"yoast_head":"<!-- This site is optimized with the Yoast SEO plugin v27.4 - https:\/\/yoast.com\/product\/yoast-seo-wordpress\/ -->\n<title>Danish Fibres und Mikroplastik - Danish Fibres<\/title>\n<meta name=\"description\" content=\"Erfahren Sie, wie Danish Fibres die Auswirkungen von Mikroplastik mit innovativen Betonfaserl\u00f6sungen f\u00fcr nachhaltiges Bauen reduziert.\" \/>\n<meta name=\"robots\" content=\"index, follow, max-snippet:-1, max-image-preview:large, max-video-preview:-1\" \/>\n<link rel=\"canonical\" href=\"https:\/\/danishfibres.com\/de\/ueber-uns\/danish-fibres-und-mikroplastik\/\" \/>\n<meta property=\"og:locale\" content=\"de_DE\" \/>\n<meta property=\"og:type\" content=\"article\" \/>\n<meta property=\"og:title\" content=\"Danish Fibres und Mikroplastik - Danish Fibres\" \/>\n<meta property=\"og:description\" content=\"Erfahren Sie, wie Danish Fibres die Auswirkungen von Mikroplastik mit innovativen Betonfaserl\u00f6sungen f\u00fcr nachhaltiges Bauen reduziert.\" \/>\n<meta property=\"og:url\" content=\"https:\/\/danishfibres.com\/de\/ueber-uns\/danish-fibres-und-mikroplastik\/\" \/>\n<meta property=\"og:site_name\" content=\"Danish Fibres\" \/>\n<meta property=\"article:modified_time\" content=\"2025-12-01T08:15:10+00:00\" \/>\n<meta property=\"og:image\" content=\"https:\/\/danishfibres.com\/wp-content\/uploads\/EU_Microplastics_Danish-Fibres_web.jpg\" \/>\n\t<meta property=\"og:image:width\" content=\"830\" \/>\n\t<meta property=\"og:image:height\" content=\"350\" \/>\n\t<meta property=\"og:image:type\" content=\"image\/jpeg\" \/>\n<meta name=\"twitter:card\" content=\"summary_large_image\" \/>\n<meta name=\"twitter:label1\" content=\"Gesch\u00e4tzte Lesezeit\" \/>\n\t<meta name=\"twitter:data1\" content=\"2\u00a0Minuten\" \/>\n<script type=\"application\/ld+json\" class=\"yoast-schema-graph\">{\"@context\":\"https:\\\/\\\/schema.org\",\"@graph\":[{\"@type\":\"WebPage\",\"@id\":\"https:\\\/\\\/danishfibres.com\\\/de\\\/ueber-uns\\\/danish-fibres-und-mikroplastik\\\/\",\"url\":\"https:\\\/\\\/danishfibres.com\\\/de\\\/ueber-uns\\\/danish-fibres-und-mikroplastik\\\/\",\"name\":\"Danish Fibres und Mikroplastik - Danish Fibres\",\"isPartOf\":{\"@id\":\"https:\\\/\\\/danishfibres.com\\\/de\\\/#website\"},\"primaryImageOfPage\":{\"@id\":\"https:\\\/\\\/danishfibres.com\\\/de\\\/ueber-uns\\\/danish-fibres-und-mikroplastik\\\/#primaryimage\"},\"image\":{\"@id\":\"https:\\\/\\\/danishfibres.com\\\/de\\\/ueber-uns\\\/danish-fibres-und-mikroplastik\\\/#primaryimage\"},\"thumbnailUrl\":\"https:\\\/\\\/danishfibres.com\\\/wp-content\\\/uploads\\\/EU_Microplastics_Danish-Fibres_web.jpg\",\"datePublished\":\"2025-08-29T07:42:37+00:00\",\"dateModified\":\"2025-12-01T08:15:10+00:00\",\"description\":\"Erfahren Sie, wie Danish Fibres die Auswirkungen von Mikroplastik mit innovativen Betonfaserl\u00f6sungen f\u00fcr nachhaltiges Bauen reduziert.\",\"breadcrumb\":{\"@id\":\"https:\\\/\\\/danishfibres.com\\\/de\\\/ueber-uns\\\/danish-fibres-und-mikroplastik\\\/#breadcrumb\"},\"inLanguage\":\"de\",\"potentialAction\":[{\"@type\":\"ReadAction\",\"target\":[\"https:\\\/\\\/danishfibres.com\\\/de\\\/ueber-uns\\\/danish-fibres-und-mikroplastik\\\/\"]}]},{\"@type\":\"ImageObject\",\"inLanguage\":\"de\",\"@id\":\"https:\\\/\\\/danishfibres.com\\\/de\\\/ueber-uns\\\/danish-fibres-und-mikroplastik\\\/#primaryimage\",\"url\":\"https:\\\/\\\/danishfibres.com\\\/wp-content\\\/uploads\\\/EU_Microplastics_Danish-Fibres_web.jpg\",\"contentUrl\":\"https:\\\/\\\/danishfibres.com\\\/wp-content\\\/uploads\\\/EU_Microplastics_Danish-Fibres_web.jpg\"},{\"@type\":\"BreadcrumbList\",\"@id\":\"https:\\\/\\\/danishfibres.com\\\/de\\\/ueber-uns\\\/danish-fibres-und-mikroplastik\\\/#breadcrumb\",\"itemListElement\":[{\"@type\":\"ListItem\",\"position\":1,\"name\":\"Danish Fibres\",\"item\":\"https:\\\/\\\/danishfibres.com\\\/de\\\/home\\\/\"},{\"@type\":\"ListItem\",\"position\":2,\"name\":\"\u00dcber uns\",\"item\":\"https:\\\/\\\/danishfibres.com\\\/de\\\/ueber-uns\\\/\"},{\"@type\":\"ListItem\",\"position\":3,\"name\":\"Danish Fibres und Mikroplastik\"}]},{\"@type\":\"WebSite\",\"@id\":\"https:\\\/\\\/danishfibres.com\\\/de\\\/#website\",\"url\":\"https:\\\/\\\/danishfibres.com\\\/de\\\/\",\"name\":\"Danish Fibres\",\"description\":\"Benefit from 40 years experience\",\"potentialAction\":[{\"@type\":\"SearchAction\",\"target\":{\"@type\":\"EntryPoint\",\"urlTemplate\":\"https:\\\/\\\/danishfibres.com\\\/de\\\/?s={search_term_string}\"},\"query-input\":{\"@type\":\"PropertyValueSpecification\",\"valueRequired\":true,\"valueName\":\"search_term_string\"}}],\"inLanguage\":\"de\"}]}<\/script>\n<!-- \/ Yoast SEO plugin. -->","yoast_head_json":{"title":"Danish Fibres und Mikroplastik - Danish Fibres","description":"Erfahren Sie, wie Danish Fibres die Auswirkungen von Mikroplastik mit innovativen Betonfaserl\u00f6sungen f\u00fcr nachhaltiges Bauen reduziert.","robots":{"index":"index","follow":"follow","max-snippet":"max-snippet:-1","max-image-preview":"max-image-preview:large","max-video-preview":"max-video-preview:-1"},"canonical":"https:\/\/danishfibres.com\/de\/ueber-uns\/danish-fibres-und-mikroplastik\/","og_locale":"de_DE","og_type":"article","og_title":"Danish Fibres und Mikroplastik - Danish Fibres","og_description":"Erfahren Sie, wie Danish Fibres die Auswirkungen von Mikroplastik mit innovativen Betonfaserl\u00f6sungen f\u00fcr nachhaltiges Bauen reduziert.","og_url":"https:\/\/danishfibres.com\/de\/ueber-uns\/danish-fibres-und-mikroplastik\/","og_site_name":"Danish Fibres","article_modified_time":"2025-12-01T08:15:10+00:00","og_image":[{"width":830,"height":350,"url":"https:\/\/danishfibres.com\/wp-content\/uploads\/EU_Microplastics_Danish-Fibres_web.jpg","type":"image\/jpeg"}],"twitter_card":"summary_large_image","twitter_misc":{"Gesch\u00e4tzte Lesezeit":"2\u00a0Minuten"},"schema":{"@context":"https:\/\/schema.org","@graph":[{"@type":"WebPage","@id":"https:\/\/danishfibres.com\/de\/ueber-uns\/danish-fibres-und-mikroplastik\/","url":"https:\/\/danishfibres.com\/de\/ueber-uns\/danish-fibres-und-mikroplastik\/","name":"Danish Fibres und Mikroplastik - Danish Fibres","isPartOf":{"@id":"https:\/\/danishfibres.com\/de\/#website"},"primaryImageOfPage":{"@id":"https:\/\/danishfibres.com\/de\/ueber-uns\/danish-fibres-und-mikroplastik\/#primaryimage"},"image":{"@id":"https:\/\/danishfibres.com\/de\/ueber-uns\/danish-fibres-und-mikroplastik\/#primaryimage"},"thumbnailUrl":"https:\/\/danishfibres.com\/wp-content\/uploads\/EU_Microplastics_Danish-Fibres_web.jpg","datePublished":"2025-08-29T07:42:37+00:00","dateModified":"2025-12-01T08:15:10+00:00","description":"Erfahren Sie, wie Danish Fibres die Auswirkungen von Mikroplastik mit innovativen Betonfaserl\u00f6sungen f\u00fcr nachhaltiges Bauen reduziert.","breadcrumb":{"@id":"https:\/\/danishfibres.com\/de\/ueber-uns\/danish-fibres-und-mikroplastik\/#breadcrumb"},"inLanguage":"de","potentialAction":[{"@type":"ReadAction","target":["https:\/\/danishfibres.com\/de\/ueber-uns\/danish-fibres-und-mikroplastik\/"]}]},{"@type":"ImageObject","inLanguage":"de","@id":"https:\/\/danishfibres.com\/de\/ueber-uns\/danish-fibres-und-mikroplastik\/#primaryimage","url":"https:\/\/danishfibres.com\/wp-content\/uploads\/EU_Microplastics_Danish-Fibres_web.jpg","contentUrl":"https:\/\/danishfibres.com\/wp-content\/uploads\/EU_Microplastics_Danish-Fibres_web.jpg"},{"@type":"BreadcrumbList","@id":"https:\/\/danishfibres.com\/de\/ueber-uns\/danish-fibres-und-mikroplastik\/#breadcrumb","itemListElement":[{"@type":"ListItem","position":1,"name":"Danish Fibres","item":"https:\/\/danishfibres.com\/de\/home\/"},{"@type":"ListItem","position":2,"name":"\u00dcber uns","item":"https:\/\/danishfibres.com\/de\/ueber-uns\/"},{"@type":"ListItem","position":3,"name":"Danish Fibres und Mikroplastik"}]},{"@type":"WebSite","@id":"https:\/\/danishfibres.com\/de\/#website","url":"https:\/\/danishfibres.com\/de\/","name":"Danish Fibres","description":"Benefit from 40 years experience","potentialAction":[{"@type":"SearchAction","target":{"@type":"EntryPoint","urlTemplate":"https:\/\/danishfibres.com\/de\/?s={search_term_string}"},"query-input":{"@type":"PropertyValueSpecification","valueRequired":true,"valueName":"search_term_string"}}],"inLanguage":"de"}]}},"_links":{"self":[{"href":"https:\/\/danishfibres.com\/de\/wp-json\/wp\/v2\/pages\/1829","targetHints":{"allow":["GET"]}}],"collection":[{"href":"https:\/\/danishfibres.com\/de\/wp-json\/wp\/v2\/pages"}],"about":[{"href":"https:\/\/danishfibres.com\/de\/wp-json\/wp\/v2\/types\/page"}],"author":[{"embeddable":true,"href":"https:\/\/danishfibres.com\/de\/wp-json\/wp\/v2\/users\/2"}],"replies":[{"embeddable":true,"href":"https:\/\/danishfibres.com\/de\/wp-json\/wp\/v2\/comments?post=1829"}],"version-history":[{"count":7,"href":"https:\/\/danishfibres.com\/de\/wp-json\/wp\/v2\/pages\/1829\/revisions"}],"predecessor-version":[{"id":4804,"href":"https:\/\/danishfibres.com\/de\/wp-json\/wp\/v2\/pages\/1829\/revisions\/4804"}],"up":[{"embeddable":true,"href":"https:\/\/danishfibres.com\/de\/wp-json\/wp\/v2\/pages\/2867"}],"wp:attachment":[{"href":"https:\/\/danishfibres.com\/de\/wp-json\/wp\/v2\/media?parent=1829"}],"curies":[{"name":"wp","href":"https:\/\/api.w.org\/{rel}","templated":true}]}}