{"id":1844,"date":"2025-08-29T09:52:58","date_gmt":"2025-08-29T07:52:58","guid":{"rendered":"https:\/\/danishfibres.com\/uber-uns\/epd\/"},"modified":"2025-12-01T09:16:09","modified_gmt":"2025-12-01T08:16:09","slug":"epd","status":"publish","type":"page","link":"https:\/\/danishfibres.com\/de\/ueber-uns\/epd\/","title":{"rendered":"EPD"},"content":{"rendered":"\t\t<div data-elementor-type=\"wp-page\" data-elementor-id=\"1844\" class=\"elementor elementor-1844 elementor-1349\" data-elementor-post-type=\"page\">\n\t\t\t\t<div class=\"elementor-element elementor-element-21351f3 e-flex e-con-boxed e-con e-parent\" data-id=\"21351f3\" data-element_type=\"container\" data-e-type=\"container\" data-settings=\"{&quot;background_background&quot;:&quot;classic&quot;}\">\n\t\t\t\t\t<div class=\"e-con-inner\">\n\t\t\t\t<div class=\"elementor-element elementor-element-f107a04 elementor-widget elementor-widget-breadcrumbs\" data-id=\"f107a04\" data-element_type=\"widget\" data-e-type=\"widget\" data-widget_type=\"breadcrumbs.default\">\n\t\t\t\t\t<p id=\"breadcrumbs\"><span><span><a href=\"https:\/\/danishfibres.com\/de\/home\/\">Danish Fibres<\/a><\/span><\/span><\/p>\t\t\t\t<\/div>\n\t\t<div class=\"elementor-element elementor-element-7c5696f e-con-full e-flex e-con e-child\" data-id=\"7c5696f\" data-element_type=\"container\" data-e-type=\"container\" data-settings=\"{&quot;background_background&quot;:&quot;classic&quot;}\">\n\t\t<div class=\"elementor-element elementor-element-1b708e6 e-con-full e-flex e-con e-child\" data-id=\"1b708e6\" data-element_type=\"container\" data-e-type=\"container\">\n\t\t<div class=\"elementor-element elementor-element-7a80f8e e-con-full e-flex e-con e-child\" data-id=\"7a80f8e\" data-element_type=\"container\" data-e-type=\"container\">\n\t\t\t\t<div class=\"elementor-element elementor-element-37ceceb elementor-widget elementor-widget-heading\" data-id=\"37ceceb\" data-element_type=\"widget\" data-e-type=\"widget\" data-widget_type=\"heading.default\">\n\t\t\t\t\t<h1 class=\"elementor-heading-title elementor-size-default\">Mit EPDs zu mehr Nachhaltigkeit und Marktanteilen<\/h1>\t\t\t\t<\/div>\n\t\t\t\t<div class=\"elementor-element elementor-element-b578c5f elementor-widget__width-inherit df-text elementor-widget elementor-widget-text-editor\" data-id=\"b578c5f\" data-element_type=\"widget\" data-e-type=\"widget\" data-widget_type=\"text-editor.default\">\n\t\t\t\t\t\t\t\t\t<p>Bei Danish Fibres arbeiten wir gezielt an Nachhaltigkeit und CO\u2082-Reduktion. Unsere Polypropylenfasern zur Betonbewehrung ersetzen herk\u00f6mmliche Stahlfasern und senken so den \u00f6kologischen Fu\u00dfabdruck im Bauwesen. Um diese Wirkung transparent zu dokumentieren und den steigenden Anforderungen unserer Kunden gerecht zu werden, haben wir in Zusammenarbeit mit FORCE Technology Umweltproduktdeklarationen (EPDs) f\u00fcr unsere Fasern erstellen lassen.  <\/p><p>Das zeigt Wirkung: Unser Marktanteil in D\u00e4nemark ist von 2\u20133 % auf rund 35 % gestiegen \u2013 und wir rechnen mit bis zu 70 %, sobald weitere Faserprodukte EPD-zertifiziert sind. Die EPDs sind f\u00fcr uns ein zentraler Wettbewerbsvorteil und helfen unseren Kunden, ihre eigenen Klimaauswirkungen besser zu belegen und ihre Nachhaltigkeitsprofile zu st\u00e4rken. <\/p><p>Dank der Unterst\u00fctzung durch das SMV:Gr\u00f8n-Programmet und der professionellen Zusammenarbeit mit FORCE Technology konnten wir diesen wichtigen Schritt in unserer gr\u00fcnen Transformation schnell umsetzen.<\/p><p>Lesen Sie die vollst\u00e4ndige Fallstudie im Danisch bei FORCE Technology:<\/p><p><a href=\"https:\/\/forcetechnology.com\/da\/cases\/epd-oeger-markedsandele-danish-fibres\" target=\"_blank\" rel=\"noopener\">https:\/\/forcetechnology.com\/da\/cases\/epd-oeger-markedsandele-danish-fibres<\/a><\/p>\t\t\t\t\t\t\t\t<\/div>\n\t\t\t\t<\/div>\n\t\t\t\t<\/div>\n\t\t<div class=\"elementor-element elementor-element-27ab0d4 e-con-full e-flex e-con e-child\" data-id=\"27ab0d4\" data-element_type=\"container\" data-e-type=\"container\">\n\t\t\t\t<\/div>\n\t\t\t\t<\/div>\n\t\t\t\t\t<\/div>\n\t\t\t\t<\/div>\n\t\t<div class=\"elementor-element elementor-element-e26170b e-flex e-con-boxed e-con e-parent\" data-id=\"e26170b\" data-element_type=\"container\" data-e-type=\"container\" data-settings=\"{&quot;background_background&quot;:&quot;classic&quot;}\">\n\t\t\t\t\t<div class=\"e-con-inner\">\n\t\t<div class=\"elementor-element elementor-element-3b81045 e-con-full e-flex e-con e-child\" data-id=\"3b81045\" data-element_type=\"container\" data-e-type=\"container\" data-settings=\"{&quot;background_background&quot;:&quot;classic&quot;}\">\n\t\t<div class=\"elementor-element elementor-element-5112491 e-con-full e-flex e-con e-child\" data-id=\"5112491\" data-element_type=\"container\" data-e-type=\"container\">\n\t\t\t\t<div class=\"elementor-element elementor-element-6408381 elementor-widget elementor-widget-heading\" data-id=\"6408381\" data-element_type=\"widget\" data-e-type=\"widget\" data-widget_type=\"heading.default\">\n\t\t\t\t\t<h2 class=\"elementor-heading-title elementor-size-default\">Vereinbaren Sie einen Termin mit unserem Vertriebsteam<\/h2>\t\t\t\t<\/div>\n\t\t<div class=\"elementor-element elementor-element-e4381ba e-con-full e-flex e-con e-child\" data-id=\"e4381ba\" data-element_type=\"container\" data-e-type=\"container\">\n\t\t<div class=\"elementor-element elementor-element-2699f74 e-con-full e-flex e-con e-child\" data-id=\"2699f74\" data-element_type=\"container\" data-e-type=\"container\">\n\t\t\t\t<div class=\"elementor-element elementor-element-d77d3a2 sales-title elementor-widget elementor-widget-heading\" data-id=\"d77d3a2\" data-element_type=\"widget\" data-e-type=\"widget\" data-widget_type=\"heading.default\">\n\t\t\t\t\t<p class=\"elementor-heading-title elementor-size-default\">CEO\/President<\/p>\t\t\t\t<\/div>\n\t\t\t\t<div class=\"elementor-element elementor-element-097b99f sales-name elementor-widget elementor-widget-heading\" data-id=\"097b99f\" data-element_type=\"widget\" data-e-type=\"widget\" data-widget_type=\"heading.default\">\n\t\t\t\t\t<p class=\"elementor-heading-title elementor-size-default\">Palle Kuntz<\/p>\t\t\t\t<\/div>\n\t\t\t\t<div class=\"elementor-element elementor-element-bdf292c elementor-widget elementor-widget-heading\" data-id=\"bdf292c\" data-element_type=\"widget\" data-e-type=\"widget\" data-widget_type=\"heading.default\">\n\t\t\t\t\t<p class=\"elementor-heading-title elementor-size-default\"><a href=\"tel:+4524659615\">+45 24 65 96 15<\/a><\/p>\t\t\t\t<\/div>\n\t\t\t\t<div class=\"elementor-element elementor-element-b028260 sales-name elementor-widget elementor-widget-heading\" data-id=\"b028260\" data-element_type=\"widget\" data-e-type=\"widget\" data-widget_type=\"heading.default\">\n\t\t\t\t\t<p class=\"elementor-heading-title elementor-size-default\"><a href=\"mailto:pku@danishfibres.dk\">pku@danishfibres.dk<\/a><\/p>\t\t\t\t<\/div>\n\t\t\t\t<\/div>\n\t\t<div class=\"elementor-element elementor-element-31921c7 e-con-full e-flex e-con e-child\" data-id=\"31921c7\" data-element_type=\"container\" data-e-type=\"container\">\n\t\t\t\t<div class=\"elementor-element elementor-element-96aec82 sales-title elementor-widget elementor-widget-heading\" data-id=\"96aec82\" data-element_type=\"widget\" data-e-type=\"widget\" data-widget_type=\"heading.default\">\n\t\t\t\t\t<p class=\"elementor-heading-title elementor-size-default\">Vertriebsleiter<\/p>\t\t\t\t<\/div>\n\t\t\t\t<div class=\"elementor-element elementor-element-059c394 sales-name elementor-widget elementor-widget-heading\" data-id=\"059c394\" data-element_type=\"widget\" data-e-type=\"widget\" data-widget_type=\"heading.default\">\n\t\t\t\t\t<p class=\"elementor-heading-title elementor-size-default\">David Etzerodt<\/p>\t\t\t\t<\/div>\n\t\t\t\t<div class=\"elementor-element elementor-element-07fbcf2 elementor-widget elementor-widget-heading\" data-id=\"07fbcf2\" data-element_type=\"widget\" data-e-type=\"widget\" data-widget_type=\"heading.default\">\n\t\t\t\t\t<p class=\"elementor-heading-title elementor-size-default\"><a href=\"tel:+4520580599\">+45 20 58 05 99<\/a><\/p>\t\t\t\t<\/div>\n\t\t\t\t<div class=\"elementor-element elementor-element-3c24107 sales-name elementor-widget elementor-widget-heading\" data-id=\"3c24107\" data-element_type=\"widget\" data-e-type=\"widget\" data-widget_type=\"heading.default\">\n\t\t\t\t\t<p class=\"elementor-heading-title elementor-size-default\"><a href=\"mailto:dke@danishfibres.dk\">dke@danishfibres.dk<\/a><\/p>\t\t\t\t<\/div>\n\t\t\t\t<\/div>\n\t\t\t\t<\/div>\n\t\t\t\t<div class=\"elementor-element elementor-element-d1bc748 elementor-widget elementor-widget-button\" data-id=\"d1bc748\" data-element_type=\"widget\" data-e-type=\"widget\" data-widget_type=\"button.default\">\n\t\t\t\t\t\t\t\t\t\t<a class=\"elementor-button elementor-button-link elementor-size-sm\" href=\"https:\/\/danishfibres.com\/de\/kontakt\/\">\n\t\t\t\t\t\t<span class=\"elementor-button-content-wrapper\">\n\t\t\t\t\t\t\t\t\t<span class=\"elementor-button-text\">Kontaktieren Sie uns<\/span>\n\t\t\t\t\t<\/span>\n\t\t\t\t\t<\/a>\n\t\t\t\t\t\t\t\t<\/div>\n\t\t\t\t<\/div>\n\t\t<div class=\"elementor-element elementor-element-9d6f20b e-con-full e-flex e-con e-child\" data-id=\"9d6f20b\" data-element_type=\"container\" data-e-type=\"container\" data-settings=\"{&quot;background_background&quot;:&quot;classic&quot;}\">\n\t\t\t\t<div class=\"elementor-element elementor-element-9b8831a elementor-widget elementor-widget-image\" data-id=\"9b8831a\" data-element_type=\"widget\" data-e-type=\"widget\" data-widget_type=\"image.default\">\n\t\t\t\t\t\t\t\t\t\t\t\t\t\t\t<img fetchpriority=\"high\" decoding=\"async\" width=\"527\" height=\"278\" src=\"https:\/\/danishfibres.com\/wp-content\/uploads\/Our_Sales_Team_Danish_Fibres_subpage.jpg\" class=\"attachment-large size-large wp-image-244\" alt=\"\" srcset=\"https:\/\/danishfibres.com\/wp-content\/uploads\/Our_Sales_Team_Danish_Fibres_subpage.jpg 527w, https:\/\/danishfibres.com\/wp-content\/uploads\/Our_Sales_Team_Danish_Fibres_subpage-300x158.jpg 300w\" sizes=\"(max-width: 527px) 100vw, 527px\" \/>\t\t\t\t\t\t\t\t\t\t\t\t\t\t\t<\/div>\n\t\t\t\t<\/div>\n\t\t\t\t<\/div>\n\t\t\t\t\t<\/div>\n\t\t\t\t<\/div>\n\t\t<div class=\"elementor-element elementor-element-2eb2109 e-grid e-con-boxed e-con e-parent\" data-id=\"2eb2109\" data-element_type=\"container\" data-e-type=\"container\" data-settings=\"{&quot;background_background&quot;:&quot;classic&quot;}\">\n\t\t\t\t\t<div class=\"e-con-inner\">\n\t\t<div class=\"elementor-element elementor-element-f8e2bb2 e-con-full e-flex e-con e-child\" data-id=\"f8e2bb2\" data-element_type=\"container\" data-e-type=\"container\">\n\t\t\t\t<div class=\"elementor-element elementor-element-948ec48 elementor-widget elementor-widget-image\" data-id=\"948ec48\" data-element_type=\"widget\" data-e-type=\"widget\" data-widget_type=\"image.default\">\n\t\t\t\t\t\t\t\t\t\t\t\t\t\t\t<img decoding=\"async\" src=\"https:\/\/danishfibres.com\/wp-content\/uploads\/Danish_Fibres_Construction_Technical_Fibres.jpg\" title=\"\" alt=\"\" loading=\"lazy\" \/>\t\t\t\t\t\t\t\t\t\t\t\t\t\t\t<\/div>\n\t\t\t\t<\/div>\n\t\t<div class=\"elementor-element elementor-element-11e0ecf e-con-full clickable-parent e-flex e-con e-child\" data-id=\"11e0ecf\" data-element_type=\"container\" data-e-type=\"container\" data-settings=\"{&quot;background_background&quot;:&quot;classic&quot;}\">\n\t\t\t\t<div class=\"elementor-element elementor-element-20ad654 elementor-widget elementor-widget-text-editor\" data-id=\"20ad654\" data-element_type=\"widget\" data-e-type=\"widget\" data-widget_type=\"text-editor.default\">\n\t\t\t\t\t\t\t\t\t<p>Product information<\/p>\t\t\t\t\t\t\t\t<\/div>\n\t\t\t\t<div class=\"elementor-element elementor-element-44c850e elementor-widget elementor-widget-text-editor\" data-id=\"44c850e\" data-element_type=\"widget\" data-e-type=\"widget\" data-widget_type=\"text-editor.default\">\n\t\t\t\t\t\t\t\t\t<p>Lernen Sie unser f\u00fchrendes Sortiment an Konstruktionsfasern Kennen<\/p>\t\t\t\t\t\t\t\t<\/div>\n\t\t\t\t<div class=\"elementor-element elementor-element-f54e232 elementor-widget elementor-widget-text-editor\" data-id=\"f54e232\" data-element_type=\"widget\" data-e-type=\"widget\" data-widget_type=\"text-editor.default\">\n\t\t\t\t\t\t\t\t\t<p>Hochwertige Polypropylenfasern zur Betonbewehrung, die rei\u00dffestigkeit, Zugfestigkeit und Brandschutz bieten<\/p>\t\t\t\t\t\t\t\t<\/div>\n\t\t\t\t<div class=\"elementor-element elementor-element-515b07c elementor-widget elementor-widget-button\" data-id=\"515b07c\" data-element_type=\"widget\" data-e-type=\"widget\" data-widget_type=\"button.default\">\n\t\t\t\t\t\t\t\t\t\t<a class=\"elementor-button elementor-button-link elementor-size-sm\" href=\"https:\/\/danishfibres.com\/de\/konstruktionsfasern\/technologie\/\">\n\t\t\t\t\t\t<span class=\"elementor-button-content-wrapper\">\n\t\t\t\t\t\t<span class=\"elementor-button-icon\">\n\t\t\t\t<svg aria-hidden=\"true\" class=\"e-font-icon-svg e-fas-chevron-right\" viewBox=\"0 0 320 512\" xmlns=\"http:\/\/www.w3.org\/2000\/svg\"><path d=\"M285.476 272.971L91.132 467.314c-9.373 9.373-24.569 9.373-33.941 0l-22.667-22.667c-9.357-9.357-9.375-24.522-.04-33.901L188.505 256 34.484 101.255c-9.335-9.379-9.317-24.544.04-33.901l22.667-22.667c9.373-9.373 24.569-9.373 33.941 0L285.475 239.03c9.373 9.372 9.373 24.568.001 33.941z\"><\/path><\/svg>\t\t\t<\/span>\n\t\t\t\t\t\t\t\t\t<span class=\"elementor-button-text\">Weiterlesen<\/span>\n\t\t\t\t\t<\/span>\n\t\t\t\t\t<\/a>\n\t\t\t\t\t\t\t\t<\/div>\n\t\t\t\t<\/div>\n\t\t\t\t\t<\/div>\n\t\t\t\t<\/div>\n\t\t\t\t<\/div>\n\t\t","protected":false},"excerpt":{"rendered":"<p>Mit EPDs zu mehr Nachhaltigkeit und Marktanteilen Bei Danish Fibres arbeiten wir gezielt an Nachhaltigkeit und CO\u2082-Reduktion. Unsere Polypropylenfasern zur Betonbewehrung ersetzen herk\u00f6mmliche Stahlfasern und senken so den \u00f6kologischen Fu\u00dfabdruck im Bauwesen. Um diese Wirkung transparent zu dokumentieren und den steigenden Anforderungen unserer Kunden gerecht zu werden, haben wir in Zusammenarbeit mit FORCE Technology Umweltproduktdeklarationen [&hellip;]<\/p>\n","protected":false},"author":2,"featured_media":0,"parent":2867,"menu_order":0,"comment_status":"closed","ping_status":"closed","template":"","meta":{"_acf_changed":false,"footnotes":""},"class_list":["post-1844","page","type-page","status-publish","hentry"],"acf":[],"yoast_head":"<!-- This site is optimized with the Yoast SEO plugin v27.4 - https:\/\/yoast.com\/product\/yoast-seo-wordpress\/ -->\n<title>EPD - Danish Fibres<\/title>\n<meta name=\"description\" content=\"Entdecken Sie die Umweltproduktdeklarationen (EPD) von Danish Fibres f\u00fcr Betonfasern - Transparenz und Nachhaltigkeit im Bauwesen.\" \/>\n<meta name=\"robots\" content=\"index, follow, max-snippet:-1, max-image-preview:large, max-video-preview:-1\" \/>\n<link rel=\"canonical\" href=\"https:\/\/danishfibres.com\/de\/ueber-uns\/epd\/\" \/>\n<meta property=\"og:locale\" content=\"de_DE\" \/>\n<meta property=\"og:type\" content=\"article\" \/>\n<meta property=\"og:title\" content=\"EPD - Danish Fibres\" \/>\n<meta property=\"og:description\" content=\"Entdecken Sie die Umweltproduktdeklarationen (EPD) von Danish Fibres f\u00fcr Betonfasern - Transparenz und Nachhaltigkeit im Bauwesen.\" \/>\n<meta property=\"og:url\" content=\"https:\/\/danishfibres.com\/de\/ueber-uns\/epd\/\" \/>\n<meta property=\"og:site_name\" content=\"Danish Fibres\" \/>\n<meta property=\"article:modified_time\" content=\"2025-12-01T08:16:09+00:00\" \/>\n<meta property=\"og:image\" content=\"https:\/\/danishfibres.com\/wp-content\/uploads\/Our_Sales_Team_Danish_Fibres_subpage.jpg\" \/>\n\t<meta property=\"og:image:width\" content=\"527\" \/>\n\t<meta property=\"og:image:height\" content=\"278\" \/>\n\t<meta property=\"og:image:type\" content=\"image\/jpeg\" \/>\n<meta name=\"twitter:card\" content=\"summary_large_image\" \/>\n<meta name=\"twitter:label1\" content=\"Gesch\u00e4tzte Lesezeit\" \/>\n\t<meta name=\"twitter:data1\" content=\"1\u00a0Minute\" \/>\n<script type=\"application\/ld+json\" class=\"yoast-schema-graph\">{\"@context\":\"https:\\\/\\\/schema.org\",\"@graph\":[{\"@type\":\"WebPage\",\"@id\":\"https:\\\/\\\/danishfibres.com\\\/de\\\/ueber-uns\\\/epd\\\/\",\"url\":\"https:\\\/\\\/danishfibres.com\\\/de\\\/ueber-uns\\\/epd\\\/\",\"name\":\"EPD - Danish Fibres\",\"isPartOf\":{\"@id\":\"https:\\\/\\\/danishfibres.com\\\/de\\\/#website\"},\"primaryImageOfPage\":{\"@id\":\"https:\\\/\\\/danishfibres.com\\\/de\\\/ueber-uns\\\/epd\\\/#primaryimage\"},\"image\":{\"@id\":\"https:\\\/\\\/danishfibres.com\\\/de\\\/ueber-uns\\\/epd\\\/#primaryimage\"},\"thumbnailUrl\":\"https:\\\/\\\/danishfibres.com\\\/wp-content\\\/uploads\\\/Our_Sales_Team_Danish_Fibres_subpage.jpg\",\"datePublished\":\"2025-08-29T07:52:58+00:00\",\"dateModified\":\"2025-12-01T08:16:09+00:00\",\"description\":\"Entdecken Sie die Umweltproduktdeklarationen (EPD) von Danish Fibres f\u00fcr Betonfasern - Transparenz und Nachhaltigkeit im Bauwesen.\",\"breadcrumb\":{\"@id\":\"https:\\\/\\\/danishfibres.com\\\/de\\\/ueber-uns\\\/epd\\\/#breadcrumb\"},\"inLanguage\":\"de\",\"potentialAction\":[{\"@type\":\"ReadAction\",\"target\":[\"https:\\\/\\\/danishfibres.com\\\/de\\\/ueber-uns\\\/epd\\\/\"]}]},{\"@type\":\"ImageObject\",\"inLanguage\":\"de\",\"@id\":\"https:\\\/\\\/danishfibres.com\\\/de\\\/ueber-uns\\\/epd\\\/#primaryimage\",\"url\":\"https:\\\/\\\/danishfibres.com\\\/wp-content\\\/uploads\\\/Our_Sales_Team_Danish_Fibres_subpage.jpg\",\"contentUrl\":\"https:\\\/\\\/danishfibres.com\\\/wp-content\\\/uploads\\\/Our_Sales_Team_Danish_Fibres_subpage.jpg\"},{\"@type\":\"BreadcrumbList\",\"@id\":\"https:\\\/\\\/danishfibres.com\\\/de\\\/ueber-uns\\\/epd\\\/#breadcrumb\",\"itemListElement\":[{\"@type\":\"ListItem\",\"position\":1,\"name\":\"Danish Fibres\",\"item\":\"https:\\\/\\\/danishfibres.com\\\/de\\\/home\\\/\"},{\"@type\":\"ListItem\",\"position\":2,\"name\":\"\u00dcber uns\",\"item\":\"https:\\\/\\\/danishfibres.com\\\/de\\\/ueber-uns\\\/\"},{\"@type\":\"ListItem\",\"position\":3,\"name\":\"EPD\"}]},{\"@type\":\"WebSite\",\"@id\":\"https:\\\/\\\/danishfibres.com\\\/de\\\/#website\",\"url\":\"https:\\\/\\\/danishfibres.com\\\/de\\\/\",\"name\":\"Danish Fibres\",\"description\":\"Benefit from 40 years experience\",\"potentialAction\":[{\"@type\":\"SearchAction\",\"target\":{\"@type\":\"EntryPoint\",\"urlTemplate\":\"https:\\\/\\\/danishfibres.com\\\/de\\\/?s={search_term_string}\"},\"query-input\":{\"@type\":\"PropertyValueSpecification\",\"valueRequired\":true,\"valueName\":\"search_term_string\"}}],\"inLanguage\":\"de\"}]}<\/script>\n<!-- \/ Yoast SEO plugin. -->","yoast_head_json":{"title":"EPD - Danish Fibres","description":"Entdecken Sie die Umweltproduktdeklarationen (EPD) von Danish Fibres f\u00fcr Betonfasern - Transparenz und Nachhaltigkeit im Bauwesen.","robots":{"index":"index","follow":"follow","max-snippet":"max-snippet:-1","max-image-preview":"max-image-preview:large","max-video-preview":"max-video-preview:-1"},"canonical":"https:\/\/danishfibres.com\/de\/ueber-uns\/epd\/","og_locale":"de_DE","og_type":"article","og_title":"EPD - Danish Fibres","og_description":"Entdecken Sie die Umweltproduktdeklarationen (EPD) von Danish Fibres f\u00fcr Betonfasern - Transparenz und Nachhaltigkeit im Bauwesen.","og_url":"https:\/\/danishfibres.com\/de\/ueber-uns\/epd\/","og_site_name":"Danish Fibres","article_modified_time":"2025-12-01T08:16:09+00:00","og_image":[{"width":527,"height":278,"url":"https:\/\/danishfibres.com\/wp-content\/uploads\/Our_Sales_Team_Danish_Fibres_subpage.jpg","type":"image\/jpeg"}],"twitter_card":"summary_large_image","twitter_misc":{"Gesch\u00e4tzte Lesezeit":"1\u00a0Minute"},"schema":{"@context":"https:\/\/schema.org","@graph":[{"@type":"WebPage","@id":"https:\/\/danishfibres.com\/de\/ueber-uns\/epd\/","url":"https:\/\/danishfibres.com\/de\/ueber-uns\/epd\/","name":"EPD - Danish Fibres","isPartOf":{"@id":"https:\/\/danishfibres.com\/de\/#website"},"primaryImageOfPage":{"@id":"https:\/\/danishfibres.com\/de\/ueber-uns\/epd\/#primaryimage"},"image":{"@id":"https:\/\/danishfibres.com\/de\/ueber-uns\/epd\/#primaryimage"},"thumbnailUrl":"https:\/\/danishfibres.com\/wp-content\/uploads\/Our_Sales_Team_Danish_Fibres_subpage.jpg","datePublished":"2025-08-29T07:52:58+00:00","dateModified":"2025-12-01T08:16:09+00:00","description":"Entdecken Sie die Umweltproduktdeklarationen (EPD) von Danish Fibres f\u00fcr Betonfasern - Transparenz und Nachhaltigkeit im Bauwesen.","breadcrumb":{"@id":"https:\/\/danishfibres.com\/de\/ueber-uns\/epd\/#breadcrumb"},"inLanguage":"de","potentialAction":[{"@type":"ReadAction","target":["https:\/\/danishfibres.com\/de\/ueber-uns\/epd\/"]}]},{"@type":"ImageObject","inLanguage":"de","@id":"https:\/\/danishfibres.com\/de\/ueber-uns\/epd\/#primaryimage","url":"https:\/\/danishfibres.com\/wp-content\/uploads\/Our_Sales_Team_Danish_Fibres_subpage.jpg","contentUrl":"https:\/\/danishfibres.com\/wp-content\/uploads\/Our_Sales_Team_Danish_Fibres_subpage.jpg"},{"@type":"BreadcrumbList","@id":"https:\/\/danishfibres.com\/de\/ueber-uns\/epd\/#breadcrumb","itemListElement":[{"@type":"ListItem","position":1,"name":"Danish Fibres","item":"https:\/\/danishfibres.com\/de\/home\/"},{"@type":"ListItem","position":2,"name":"\u00dcber uns","item":"https:\/\/danishfibres.com\/de\/ueber-uns\/"},{"@type":"ListItem","position":3,"name":"EPD"}]},{"@type":"WebSite","@id":"https:\/\/danishfibres.com\/de\/#website","url":"https:\/\/danishfibres.com\/de\/","name":"Danish Fibres","description":"Benefit from 40 years experience","potentialAction":[{"@type":"SearchAction","target":{"@type":"EntryPoint","urlTemplate":"https:\/\/danishfibres.com\/de\/?s={search_term_string}"},"query-input":{"@type":"PropertyValueSpecification","valueRequired":true,"valueName":"search_term_string"}}],"inLanguage":"de"}]}},"_links":{"self":[{"href":"https:\/\/danishfibres.com\/de\/wp-json\/wp\/v2\/pages\/1844","targetHints":{"allow":["GET"]}}],"collection":[{"href":"https:\/\/danishfibres.com\/de\/wp-json\/wp\/v2\/pages"}],"about":[{"href":"https:\/\/danishfibres.com\/de\/wp-json\/wp\/v2\/types\/page"}],"author":[{"embeddable":true,"href":"https:\/\/danishfibres.com\/de\/wp-json\/wp\/v2\/users\/2"}],"replies":[{"embeddable":true,"href":"https:\/\/danishfibres.com\/de\/wp-json\/wp\/v2\/comments?post=1844"}],"version-history":[{"count":9,"href":"https:\/\/danishfibres.com\/de\/wp-json\/wp\/v2\/pages\/1844\/revisions"}],"predecessor-version":[{"id":4809,"href":"https:\/\/danishfibres.com\/de\/wp-json\/wp\/v2\/pages\/1844\/revisions\/4809"}],"up":[{"embeddable":true,"href":"https:\/\/danishfibres.com\/de\/wp-json\/wp\/v2\/pages\/2867"}],"wp:attachment":[{"href":"https:\/\/danishfibres.com\/de\/wp-json\/wp\/v2\/media?parent=1844"}],"curies":[{"name":"wp","href":"https:\/\/api.w.org\/{rel}","templated":true}]}}