{"id":1850,"date":"2025-08-29T15:11:52","date_gmt":"2025-08-29T13:11:52","guid":{"rendered":"https:\/\/danishfibres.com\/uber-uns\/unsere-geschichte\/"},"modified":"2025-12-01T08:48:15","modified_gmt":"2025-12-01T07:48:15","slug":"unsere-geschichte","status":"publish","type":"page","link":"https:\/\/danishfibres.com\/de\/ueber-uns\/unsere-geschichte\/","title":{"rendered":"Unsere Geschichte"},"content":{"rendered":"\t\t<div data-elementor-type=\"wp-page\" data-elementor-id=\"1850\" class=\"elementor elementor-1850 elementor-1603\" data-elementor-post-type=\"page\">\n\t\t\t\t<div class=\"elementor-element elementor-element-90fcba4 e-flex e-con-boxed e-con e-parent\" data-id=\"90fcba4\" data-element_type=\"container\" data-e-type=\"container\" data-settings=\"{&quot;background_background&quot;:&quot;classic&quot;}\">\n\t\t\t\t\t<div class=\"e-con-inner\">\n\t\t\t\t<div class=\"elementor-element elementor-element-8bd1938 elementor-widget elementor-widget-breadcrumbs\" data-id=\"8bd1938\" data-element_type=\"widget\" data-e-type=\"widget\" data-widget_type=\"breadcrumbs.default\">\n\t\t\t\t\t<p id=\"breadcrumbs\"><span><span><a href=\"https:\/\/danishfibres.com\/de\/home\/\">Danish Fibres<\/a><\/span><\/span><\/p>\t\t\t\t<\/div>\n\t\t<div class=\"elementor-element elementor-element-141f741 e-con-full e-flex e-con e-child\" data-id=\"141f741\" data-element_type=\"container\" data-e-type=\"container\" data-settings=\"{&quot;background_background&quot;:&quot;classic&quot;}\">\n\t\t<div class=\"elementor-element elementor-element-17b4a51 e-con-full e-flex e-con e-child\" data-id=\"17b4a51\" data-element_type=\"container\" data-e-type=\"container\">\n\t\t<div class=\"elementor-element elementor-element-e2456d3 e-con-full e-flex e-con e-child\" data-id=\"e2456d3\" data-element_type=\"container\" data-e-type=\"container\">\n\t\t\t\t<div class=\"elementor-element elementor-element-4890178 elementor-widget elementor-widget-heading\" data-id=\"4890178\" data-element_type=\"widget\" data-e-type=\"widget\" data-widget_type=\"heading.default\">\n\t\t\t\t\t<h1 class=\"elementor-heading-title elementor-size-default\">Unsere Geschichte<\/h1>\t\t\t\t<\/div>\n\t\t\t\t<div class=\"elementor-element elementor-element-ca0514c elementor-widget__width-inherit df-text elementor-widget elementor-widget-text-editor\" data-id=\"ca0514c\" data-element_type=\"widget\" data-e-type=\"widget\" data-widget_type=\"text-editor.default\">\n\t\t\t\t\t\t\t\t\t<p><strong>Seit \u00fcber 40 Jahren steht Danish Fibres A\/S an der Spitze der Produktion und Entwicklung von Polypropylenfasern.<\/strong><\/p><p>Unser Unternehmen, urspr\u00fcnglich unter dem Namen \u201eCemfiber A\/S\u201c gegr\u00fcndet, entstand in den 1980er-Jahren in Varde, D\u00e4nemark, als die industrielle Nutzung von Polypropylenfasern im Beton an Bedeutung gewann.<\/p><p>Von Anfang an haben wir es genossen, ein Vorreiter zu sein. 1985 erhielten wir das weltweit erste Patent f\u00fcr Polypropylen-Monofilamentfasern zur Sprengwirkungsbegrenzung. 1986 folgte ein weiteres Patent f\u00fcr Fasern, die sowohl zur Sprengwirkungsbegrenzung als auch zur Betonbewehrung eingesetzt werden konnten.  <\/p><p>Gesch\u00e4ftsf\u00fchrer Palle Kuntz trat 1996 in das Unternehmen ein und brachte langj\u00e4hrige Erfahrung aus der Glaswollfaserindustrie mit. 2004 \u00fcbernahmen Palle Kuntz und ein Partnerunternehmen die Firma und benannten sie in Danish Fibres A\/S um. Zwei Jahre sp\u00e4ter wurde Palle Kuntz Hauptaktion\u00e4r und konzentrierte sich auf den weiteren Ausbau der Kundenbasis.  <\/p><p>Heute produzieren und vertreiben wir Polypropylenfasern weltweit \u2013 unter anderem in Deutschland, Gro\u00dfbritannien, den USA, Kanada, China, Malaysia, Indien, Katar, Brasilien, Schweden, D\u00e4nemark und vielen weiteren L\u00e4ndern. Dank unserer hohen Qualit\u00e4tsstandards haben wir Fasern f\u00fcr einige der weltweit f\u00fchrenden Architektur- und Infrastrukturprojekte geliefert. <\/p><p>Wir entwickeln weiterhin neue Spezialfaserprodukte in Zusammenarbeit mit unseren Kunden. Eine aktuelle Innovation ist unsere mobile Faserschneidemaschine. <\/p><p>Danish Fibres A\/S hat ihren Sitz in Varde, D\u00e4nemark.<\/p>\t\t\t\t\t\t\t\t<\/div>\n\t\t\t\t<\/div>\n\t\t\t\t<\/div>\n\t\t<div class=\"elementor-element elementor-element-6ff0c5d e-con-full e-flex e-con e-child\" data-id=\"6ff0c5d\" data-element_type=\"container\" data-e-type=\"container\">\n\t\t\t\t<div class=\"elementor-element elementor-element-3c4b193 df-aside elementor-widget elementor-widget-text-editor\" data-id=\"3c4b193\" data-element_type=\"widget\" data-e-type=\"widget\" data-widget_type=\"text-editor.default\">\n\t\t\t\t\t\t\t\t\t<h2>Lesen Sie auch:<\/h2><ul><li><a href=\"https:\/\/danishfibres.com\/de\/konstruktionsfasern\/makrofasern\/\">Makrofasern<\/a><\/li><li><a href=\"https:\/\/danishfibres.com\/de\/konstruktionsfasern\/wiking-mikrofasern\/\">Mikrofasern<\/a><\/li><\/ul>\t\t\t\t\t\t\t\t<\/div>\n\t\t\t\t<\/div>\n\t\t\t\t<\/div>\n\t\t\t\t\t<\/div>\n\t\t\t\t<\/div>\n\t\t\t\t<\/div>\n\t\t","protected":false},"excerpt":{"rendered":"<p>Unsere Geschichte Seit \u00fcber 40 Jahren steht Danish Fibres A\/S an der Spitze der Produktion und Entwicklung von Polypropylenfasern. Unser Unternehmen, urspr\u00fcnglich unter dem Namen \u201eCemfiber A\/S\u201c gegr\u00fcndet, entstand in den 1980er-Jahren in Varde, D\u00e4nemark, als die industrielle Nutzung von Polypropylenfasern im Beton an Bedeutung gewann. Von Anfang an haben wir es genossen, ein Vorreiter [&hellip;]<\/p>\n","protected":false},"author":2,"featured_media":0,"parent":2867,"menu_order":0,"comment_status":"closed","ping_status":"closed","template":"","meta":{"_acf_changed":false,"footnotes":""},"class_list":["post-1850","page","type-page","status-publish","hentry"],"acf":[],"yoast_head":"<!-- This site is optimized with the Yoast SEO plugin v27.3 - https:\/\/yoast.com\/product\/yoast-seo-wordpress\/ -->\n<title>Unsere Geschichte - Danish Fibres<\/title>\n<meta name=\"description\" content=\"Entdecken Sie die Geschichte von Danish Fibres - von der Innovation bei Betonfasern bis hin zur globalen F\u00fchrungsrolle bei nachhaltigen Baul\u00f6sungen.\" \/>\n<meta name=\"robots\" content=\"index, follow, max-snippet:-1, max-image-preview:large, max-video-preview:-1\" \/>\n<link rel=\"canonical\" href=\"https:\/\/danishfibres.com\/de\/ueber-uns\/unsere-geschichte\/\" \/>\n<meta property=\"og:locale\" content=\"de_DE\" \/>\n<meta property=\"og:type\" content=\"article\" \/>\n<meta property=\"og:title\" content=\"Unsere Geschichte - Danish Fibres\" \/>\n<meta property=\"og:description\" content=\"Entdecken Sie die Geschichte von Danish Fibres - von der Innovation bei Betonfasern bis hin zur globalen F\u00fchrungsrolle bei nachhaltigen Baul\u00f6sungen.\" \/>\n<meta property=\"og:url\" content=\"https:\/\/danishfibres.com\/de\/ueber-uns\/unsere-geschichte\/\" \/>\n<meta property=\"og:site_name\" content=\"Danish Fibres\" \/>\n<meta property=\"article:modified_time\" content=\"2025-12-01T07:48:15+00:00\" \/>\n<meta name=\"twitter:card\" content=\"summary_large_image\" \/>\n<meta name=\"twitter:label1\" content=\"Gesch\u00e4tzte Lesezeit\" \/>\n\t<meta name=\"twitter:data1\" content=\"1\u00a0Minute\" \/>\n<script type=\"application\/ld+json\" class=\"yoast-schema-graph\">{\"@context\":\"https:\\\/\\\/schema.org\",\"@graph\":[{\"@type\":\"WebPage\",\"@id\":\"https:\\\/\\\/danishfibres.com\\\/de\\\/ueber-uns\\\/unsere-geschichte\\\/\",\"url\":\"https:\\\/\\\/danishfibres.com\\\/de\\\/ueber-uns\\\/unsere-geschichte\\\/\",\"name\":\"Unsere Geschichte - Danish Fibres\",\"isPartOf\":{\"@id\":\"https:\\\/\\\/danishfibres.com\\\/de\\\/#website\"},\"datePublished\":\"2025-08-29T13:11:52+00:00\",\"dateModified\":\"2025-12-01T07:48:15+00:00\",\"description\":\"Entdecken Sie die Geschichte von Danish Fibres - von der Innovation bei Betonfasern bis hin zur globalen F\u00fchrungsrolle bei nachhaltigen Baul\u00f6sungen.\",\"breadcrumb\":{\"@id\":\"https:\\\/\\\/danishfibres.com\\\/de\\\/ueber-uns\\\/unsere-geschichte\\\/#breadcrumb\"},\"inLanguage\":\"de\",\"potentialAction\":[{\"@type\":\"ReadAction\",\"target\":[\"https:\\\/\\\/danishfibres.com\\\/de\\\/ueber-uns\\\/unsere-geschichte\\\/\"]}]},{\"@type\":\"BreadcrumbList\",\"@id\":\"https:\\\/\\\/danishfibres.com\\\/de\\\/ueber-uns\\\/unsere-geschichte\\\/#breadcrumb\",\"itemListElement\":[{\"@type\":\"ListItem\",\"position\":1,\"name\":\"Danish Fibres\",\"item\":\"https:\\\/\\\/danishfibres.com\\\/de\\\/home\\\/\"},{\"@type\":\"ListItem\",\"position\":2,\"name\":\"\u00dcber uns\",\"item\":\"https:\\\/\\\/danishfibres.com\\\/de\\\/ueber-uns\\\/\"},{\"@type\":\"ListItem\",\"position\":3,\"name\":\"Unsere Geschichte\"}]},{\"@type\":\"WebSite\",\"@id\":\"https:\\\/\\\/danishfibres.com\\\/de\\\/#website\",\"url\":\"https:\\\/\\\/danishfibres.com\\\/de\\\/\",\"name\":\"Danish Fibres\",\"description\":\"Benefit from 40 years experience\",\"potentialAction\":[{\"@type\":\"SearchAction\",\"target\":{\"@type\":\"EntryPoint\",\"urlTemplate\":\"https:\\\/\\\/danishfibres.com\\\/de\\\/?s={search_term_string}\"},\"query-input\":{\"@type\":\"PropertyValueSpecification\",\"valueRequired\":true,\"valueName\":\"search_term_string\"}}],\"inLanguage\":\"de\"}]}<\/script>\n<!-- \/ Yoast SEO plugin. -->","yoast_head_json":{"title":"Unsere Geschichte - Danish Fibres","description":"Entdecken Sie die Geschichte von Danish Fibres - von der Innovation bei Betonfasern bis hin zur globalen F\u00fchrungsrolle bei nachhaltigen Baul\u00f6sungen.","robots":{"index":"index","follow":"follow","max-snippet":"max-snippet:-1","max-image-preview":"max-image-preview:large","max-video-preview":"max-video-preview:-1"},"canonical":"https:\/\/danishfibres.com\/de\/ueber-uns\/unsere-geschichte\/","og_locale":"de_DE","og_type":"article","og_title":"Unsere Geschichte - Danish Fibres","og_description":"Entdecken Sie die Geschichte von Danish Fibres - von der Innovation bei Betonfasern bis hin zur globalen F\u00fchrungsrolle bei nachhaltigen Baul\u00f6sungen.","og_url":"https:\/\/danishfibres.com\/de\/ueber-uns\/unsere-geschichte\/","og_site_name":"Danish Fibres","article_modified_time":"2025-12-01T07:48:15+00:00","twitter_card":"summary_large_image","twitter_misc":{"Gesch\u00e4tzte Lesezeit":"1\u00a0Minute"},"schema":{"@context":"https:\/\/schema.org","@graph":[{"@type":"WebPage","@id":"https:\/\/danishfibres.com\/de\/ueber-uns\/unsere-geschichte\/","url":"https:\/\/danishfibres.com\/de\/ueber-uns\/unsere-geschichte\/","name":"Unsere Geschichte - Danish Fibres","isPartOf":{"@id":"https:\/\/danishfibres.com\/de\/#website"},"datePublished":"2025-08-29T13:11:52+00:00","dateModified":"2025-12-01T07:48:15+00:00","description":"Entdecken Sie die Geschichte von Danish Fibres - von der Innovation bei Betonfasern bis hin zur globalen F\u00fchrungsrolle bei nachhaltigen Baul\u00f6sungen.","breadcrumb":{"@id":"https:\/\/danishfibres.com\/de\/ueber-uns\/unsere-geschichte\/#breadcrumb"},"inLanguage":"de","potentialAction":[{"@type":"ReadAction","target":["https:\/\/danishfibres.com\/de\/ueber-uns\/unsere-geschichte\/"]}]},{"@type":"BreadcrumbList","@id":"https:\/\/danishfibres.com\/de\/ueber-uns\/unsere-geschichte\/#breadcrumb","itemListElement":[{"@type":"ListItem","position":1,"name":"Danish Fibres","item":"https:\/\/danishfibres.com\/de\/home\/"},{"@type":"ListItem","position":2,"name":"\u00dcber uns","item":"https:\/\/danishfibres.com\/de\/ueber-uns\/"},{"@type":"ListItem","position":3,"name":"Unsere Geschichte"}]},{"@type":"WebSite","@id":"https:\/\/danishfibres.com\/de\/#website","url":"https:\/\/danishfibres.com\/de\/","name":"Danish Fibres","description":"Benefit from 40 years experience","potentialAction":[{"@type":"SearchAction","target":{"@type":"EntryPoint","urlTemplate":"https:\/\/danishfibres.com\/de\/?s={search_term_string}"},"query-input":{"@type":"PropertyValueSpecification","valueRequired":true,"valueName":"search_term_string"}}],"inLanguage":"de"}]}},"_links":{"self":[{"href":"https:\/\/danishfibres.com\/de\/wp-json\/wp\/v2\/pages\/1850","targetHints":{"allow":["GET"]}}],"collection":[{"href":"https:\/\/danishfibres.com\/de\/wp-json\/wp\/v2\/pages"}],"about":[{"href":"https:\/\/danishfibres.com\/de\/wp-json\/wp\/v2\/types\/page"}],"author":[{"embeddable":true,"href":"https:\/\/danishfibres.com\/de\/wp-json\/wp\/v2\/users\/2"}],"replies":[{"embeddable":true,"href":"https:\/\/danishfibres.com\/de\/wp-json\/wp\/v2\/comments?post=1850"}],"version-history":[{"count":8,"href":"https:\/\/danishfibres.com\/de\/wp-json\/wp\/v2\/pages\/1850\/revisions"}],"predecessor-version":[{"id":3417,"href":"https:\/\/danishfibres.com\/de\/wp-json\/wp\/v2\/pages\/1850\/revisions\/3417"}],"up":[{"embeddable":true,"href":"https:\/\/danishfibres.com\/de\/wp-json\/wp\/v2\/pages\/2867"}],"wp:attachment":[{"href":"https:\/\/danishfibres.com\/de\/wp-json\/wp\/v2\/media?parent=1850"}],"curies":[{"name":"wp","href":"https:\/\/api.w.org\/{rel}","templated":true}]}}