{"id":1856,"date":"2025-08-29T09:58:31","date_gmt":"2025-08-29T07:58:31","guid":{"rendered":"https:\/\/danishfibres.com\/uber-uns\/turning-torso\/"},"modified":"2025-12-01T09:10:37","modified_gmt":"2025-12-01T08:10:37","slug":"turning-torso","status":"publish","type":"page","link":"https:\/\/danishfibres.com\/de\/fallstudien\/turning-torso\/","title":{"rendered":"Turning Torso"},"content":{"rendered":"\t\t<div data-elementor-type=\"wp-page\" data-elementor-id=\"1856\" class=\"elementor elementor-1856 elementor-1359\" data-elementor-post-type=\"page\">\n\t\t\t\t<div class=\"elementor-element elementor-element-ae671e9 e-flex e-con-boxed e-con e-parent\" data-id=\"ae671e9\" data-element_type=\"container\" data-e-type=\"container\" data-settings=\"{&quot;background_background&quot;:&quot;classic&quot;}\">\n\t\t\t\t\t<div class=\"e-con-inner\">\n\t\t\t\t<div class=\"elementor-element elementor-element-0cd8626 elementor-widget elementor-widget-breadcrumbs\" data-id=\"0cd8626\" data-element_type=\"widget\" data-e-type=\"widget\" data-widget_type=\"breadcrumbs.default\">\n\t\t\t\t\t<p id=\"breadcrumbs\"><span><span><a href=\"https:\/\/danishfibres.com\/de\/home\/\">Danish Fibres<\/a><\/span><\/span><\/p>\t\t\t\t<\/div>\n\t\t<div class=\"elementor-element elementor-element-7c5696f e-con-full e-flex e-con e-child\" data-id=\"7c5696f\" data-element_type=\"container\" data-e-type=\"container\" data-settings=\"{&quot;background_background&quot;:&quot;classic&quot;}\">\n\t\t<div class=\"elementor-element elementor-element-1b708e6 e-con-full e-flex e-con e-child\" data-id=\"1b708e6\" data-element_type=\"container\" data-e-type=\"container\">\n\t\t\t\t<div class=\"elementor-element elementor-element-16b086e elementor-widget elementor-widget-image\" data-id=\"16b086e\" data-element_type=\"widget\" data-e-type=\"widget\" data-widget_type=\"image.default\">\n\t\t\t\t\t\t\t\t\t\t\t\t\t\t\t<img fetchpriority=\"high\" decoding=\"async\" width=\"800\" height=\"337\" src=\"https:\/\/danishfibres.com\/wp-content\/uploads\/turning_torso_construction_fibres_danish_fibres_case_2.jpg\" class=\"attachment-large size-large wp-image-1369\" alt=\"Turning Torso, Construction Fibres supplied by Danish Fibres\" srcset=\"https:\/\/danishfibres.com\/wp-content\/uploads\/turning_torso_construction_fibres_danish_fibres_case_2.jpg 830w, https:\/\/danishfibres.com\/wp-content\/uploads\/turning_torso_construction_fibres_danish_fibres_case_2-300x127.jpg 300w, https:\/\/danishfibres.com\/wp-content\/uploads\/turning_torso_construction_fibres_danish_fibres_case_2-768x324.jpg 768w\" sizes=\"(max-width: 800px) 100vw, 800px\" \/>\t\t\t\t\t\t\t\t\t\t\t\t\t\t\t<\/div>\n\t\t<div class=\"elementor-element elementor-element-7a80f8e e-con-full e-flex e-con e-child\" data-id=\"7a80f8e\" data-element_type=\"container\" data-e-type=\"container\">\n\t\t\t\t<div class=\"elementor-element elementor-element-4183b32 elementor-widget elementor-widget-text-editor\" data-id=\"4183b32\" data-element_type=\"widget\" data-e-type=\"widget\" data-widget_type=\"text-editor.default\">\n\t\t\t\t\t\t\t\t\t<p>Fallstudien<\/p>\t\t\t\t\t\t\t\t<\/div>\n\t\t\t\t<div class=\"elementor-element elementor-element-37ceceb elementor-widget elementor-widget-heading\" data-id=\"37ceceb\" data-element_type=\"widget\" data-e-type=\"widget\" data-widget_type=\"heading.default\">\n\t\t\t\t\t<h1 class=\"elementor-heading-title elementor-size-default\">Turning Torso \u2013 Wolkenkratzer<\/h1>\t\t\t\t<\/div>\n\t\t\t\t<div class=\"elementor-element elementor-element-b578c5f elementor-widget__width-inherit df-text elementor-widget elementor-widget-text-editor\" data-id=\"b578c5f\" data-element_type=\"widget\" data-e-type=\"widget\" data-widget_type=\"text-editor.default\">\n\t\t\t\t\t\t\t\t\t<p><strong>Wir sind der stolze Lieferant von Konstruktionsfasern f\u00fcr den preisgekr\u00f6nten Wolkenkratzer Turning Torso in Malm\u00f6, Schweden.<\/strong><\/p><p>Turning Torso wurde 2005 als das weltweit erste in sich verdrehte Hochhaus fertiggestellt. Das Geb\u00e4ude verdreht sich um 90 Grad entlang neun unregelm\u00e4\u00dfiger f\u00fcnfeckiger Abschnitte. Diese Drehung wird von einem \u00e4u\u00dferen Stahlrahmen unterst\u00fctzt.  <\/p><p>Die Form und das enorme Gewicht von Turning Torso ben\u00f6tigte Beton von au\u00dferordentlicher St\u00e4rke. Durch die Zugabe von Wiking\u00ae Mikrofasern zur Betonmischung erh\u00f6hte sich die Zugfestigkeit und die Rissbildung wurde reduziert. Gleichzeitig fungieren die Fasern als feuerhemmendes Material, wodurch das Risiko einer explosiven Fragmentierung im Brandfall minimiert wird.  <\/p><p>Bis heute ist Turning Torso das h\u00f6chste Geb\u00e4ude in Skandinavien. 2015 erhielt das Geb\u00e4ude den 10-Jahrespreis der CTBU.<\/p>\t\t\t\t\t\t\t\t<\/div>\n\t\t\t\t<\/div>\n\t\t\t\t<\/div>\n\t\t<div class=\"elementor-element elementor-element-27ab0d4 e-con-full e-flex e-con e-child\" data-id=\"27ab0d4\" data-element_type=\"container\" data-e-type=\"container\">\n\t\t\t\t<div class=\"elementor-element elementor-element-d8f2049 df-aside elementor-widget elementor-widget-text-editor\" data-id=\"d8f2049\" data-element_type=\"widget\" data-e-type=\"widget\" data-widget_type=\"text-editor.default\">\n\t\t\t\t\t\t\t\t\t<div class=\"wpb_text_column wpb_content_element detailfakta\"><div class=\"wpb_wrapper\"><h2><strong>Fakten:<\/strong><\/h2><\/div><\/div><div class=\"divider-wrap\" data-alignment=\"default\"><div class=\"divider\"><strong>Projekt:<\/strong><\/div><\/div><div class=\"wpb_text_column wpb_content_element faktaliste\"><div class=\"wpb_wrapper\"><p>Skyscraper<\/p><p><strong>Verwendete Fasern:<\/strong><br>Wiking\u00ae Mikrofasern 16 Mikron 6 mm<\/p><p><a class=\"nolinkorange\" href=\"https:\/\/danishfibres.com\/de\/konstruktionsfasern\/wiking-mikrofasern\/\">Lesen Sie mehr \u00fcber Wiking\u00ae Mikrofasern <\/a><\/p><\/div><\/div>\t\t\t\t\t\t\t\t<\/div>\n\t\t\t\t<\/div>\n\t\t\t\t<\/div>\n\t\t\t\t\t<\/div>\n\t\t\t\t<\/div>\n\t\t<div class=\"elementor-element elementor-element-a773b95 e-flex e-con-boxed e-con e-parent\" data-id=\"a773b95\" data-element_type=\"container\" data-e-type=\"container\" data-settings=\"{&quot;background_background&quot;:&quot;classic&quot;}\">\n\t\t\t\t\t<div class=\"e-con-inner\">\n\t\t<div class=\"elementor-element elementor-element-07e3f84 e-con-full e-flex e-con e-child\" data-id=\"07e3f84\" data-element_type=\"container\" data-e-type=\"container\" data-settings=\"{&quot;background_background&quot;:&quot;classic&quot;}\">\n\t\t<div class=\"elementor-element elementor-element-c356a0c e-con-full e-flex e-con e-child\" data-id=\"c356a0c\" data-element_type=\"container\" data-e-type=\"container\">\n\t\t\t\t<div class=\"elementor-element elementor-element-49bbfb1 elementor-widget elementor-widget-heading\" data-id=\"49bbfb1\" data-element_type=\"widget\" data-e-type=\"widget\" data-widget_type=\"heading.default\">\n\t\t\t\t\t<h2 class=\"elementor-heading-title elementor-size-default\">Vereinbaren Sie einen Termin mit unserem Vertriebsteam<\/h2>\t\t\t\t<\/div>\n\t\t<div class=\"elementor-element elementor-element-7af6bfe e-con-full e-flex e-con e-child\" data-id=\"7af6bfe\" data-element_type=\"container\" data-e-type=\"container\">\n\t\t<div class=\"elementor-element elementor-element-7d8e3a9 e-con-full e-flex e-con e-child\" data-id=\"7d8e3a9\" data-element_type=\"container\" data-e-type=\"container\">\n\t\t\t\t<div class=\"elementor-element elementor-element-50b970a sales-title elementor-widget elementor-widget-heading\" data-id=\"50b970a\" data-element_type=\"widget\" data-e-type=\"widget\" data-widget_type=\"heading.default\">\n\t\t\t\t\t<p class=\"elementor-heading-title elementor-size-default\">CEO\/President<\/p>\t\t\t\t<\/div>\n\t\t\t\t<div class=\"elementor-element elementor-element-1eff0c6 sales-name elementor-widget elementor-widget-heading\" data-id=\"1eff0c6\" data-element_type=\"widget\" data-e-type=\"widget\" data-widget_type=\"heading.default\">\n\t\t\t\t\t<p class=\"elementor-heading-title elementor-size-default\">Palle Kuntz<\/p>\t\t\t\t<\/div>\n\t\t\t\t<div class=\"elementor-element elementor-element-bbd367e elementor-widget elementor-widget-heading\" data-id=\"bbd367e\" data-element_type=\"widget\" data-e-type=\"widget\" data-widget_type=\"heading.default\">\n\t\t\t\t\t<p class=\"elementor-heading-title elementor-size-default\"><a href=\"tel:+4524659615\">+45 24 65 96 15<\/a><\/p>\t\t\t\t<\/div>\n\t\t\t\t<div class=\"elementor-element elementor-element-a53bf40 sales-name elementor-widget elementor-widget-heading\" data-id=\"a53bf40\" data-element_type=\"widget\" data-e-type=\"widget\" data-widget_type=\"heading.default\">\n\t\t\t\t\t<p class=\"elementor-heading-title elementor-size-default\"><a href=\"mailto:pku@danishfibres.dk\">pku@danishfibres.dk<\/a><\/p>\t\t\t\t<\/div>\n\t\t\t\t<\/div>\n\t\t<div class=\"elementor-element elementor-element-5cab7e8 e-con-full e-flex e-con e-child\" data-id=\"5cab7e8\" data-element_type=\"container\" data-e-type=\"container\">\n\t\t\t\t<div class=\"elementor-element elementor-element-c06e207 sales-title elementor-widget elementor-widget-heading\" data-id=\"c06e207\" data-element_type=\"widget\" data-e-type=\"widget\" data-widget_type=\"heading.default\">\n\t\t\t\t\t<p class=\"elementor-heading-title elementor-size-default\">Vertriebsleiter<\/p>\t\t\t\t<\/div>\n\t\t\t\t<div class=\"elementor-element elementor-element-797b09c sales-name elementor-widget elementor-widget-heading\" data-id=\"797b09c\" data-element_type=\"widget\" data-e-type=\"widget\" data-widget_type=\"heading.default\">\n\t\t\t\t\t<p class=\"elementor-heading-title elementor-size-default\">David Etzerodt<\/p>\t\t\t\t<\/div>\n\t\t\t\t<div class=\"elementor-element elementor-element-411780c elementor-widget elementor-widget-heading\" data-id=\"411780c\" data-element_type=\"widget\" data-e-type=\"widget\" data-widget_type=\"heading.default\">\n\t\t\t\t\t<p class=\"elementor-heading-title elementor-size-default\"><a href=\"tel:+4520580599\">+45 20 58 05 99<\/a><\/p>\t\t\t\t<\/div>\n\t\t\t\t<div class=\"elementor-element elementor-element-70d5124 sales-name elementor-widget elementor-widget-heading\" data-id=\"70d5124\" data-element_type=\"widget\" data-e-type=\"widget\" data-widget_type=\"heading.default\">\n\t\t\t\t\t<p class=\"elementor-heading-title elementor-size-default\"><a href=\"mailto:dke@danishfibres.dk\">dke@danishfibres.dk<\/a><\/p>\t\t\t\t<\/div>\n\t\t\t\t<\/div>\n\t\t\t\t<\/div>\n\t\t\t\t<div class=\"elementor-element elementor-element-c68fade elementor-widget elementor-widget-button\" data-id=\"c68fade\" data-element_type=\"widget\" data-e-type=\"widget\" data-widget_type=\"button.default\">\n\t\t\t\t\t\t\t\t\t\t<a class=\"elementor-button elementor-button-link elementor-size-sm\" href=\"https:\/\/danishfibres.com\/de\/kontakt\/\">\n\t\t\t\t\t\t<span class=\"elementor-button-content-wrapper\">\n\t\t\t\t\t\t\t\t\t<span class=\"elementor-button-text\">Kontaktieren Sie uns<\/span>\n\t\t\t\t\t<\/span>\n\t\t\t\t\t<\/a>\n\t\t\t\t\t\t\t\t<\/div>\n\t\t\t\t<\/div>\n\t\t<div class=\"elementor-element elementor-element-6b1cc9b e-con-full e-flex e-con e-child\" data-id=\"6b1cc9b\" data-element_type=\"container\" data-e-type=\"container\" data-settings=\"{&quot;background_background&quot;:&quot;classic&quot;}\">\n\t\t\t\t<div class=\"elementor-element elementor-element-d5fec0f elementor-widget elementor-widget-image\" data-id=\"d5fec0f\" data-element_type=\"widget\" data-e-type=\"widget\" data-widget_type=\"image.default\">\n\t\t\t\t\t\t\t\t\t\t\t\t\t\t\t<img decoding=\"async\" width=\"527\" height=\"278\" src=\"https:\/\/danishfibres.com\/wp-content\/uploads\/Our_Sales_Team_Danish_Fibres_subpage.jpg\" class=\"attachment-large size-large wp-image-244\" alt=\"\" srcset=\"https:\/\/danishfibres.com\/wp-content\/uploads\/Our_Sales_Team_Danish_Fibres_subpage.jpg 527w, https:\/\/danishfibres.com\/wp-content\/uploads\/Our_Sales_Team_Danish_Fibres_subpage-300x158.jpg 300w\" sizes=\"(max-width: 527px) 100vw, 527px\" \/>\t\t\t\t\t\t\t\t\t\t\t\t\t\t\t<\/div>\n\t\t\t\t<\/div>\n\t\t\t\t<\/div>\n\t\t\t\t\t<\/div>\n\t\t\t\t<\/div>\n\t\t<div class=\"elementor-element elementor-element-ea2fb25 e-grid e-con-boxed e-con e-parent\" data-id=\"ea2fb25\" data-element_type=\"container\" data-e-type=\"container\" data-settings=\"{&quot;background_background&quot;:&quot;classic&quot;}\">\n\t\t\t\t\t<div class=\"e-con-inner\">\n\t\t<div class=\"elementor-element elementor-element-82c52fb e-con-full e-flex e-con e-child\" data-id=\"82c52fb\" data-element_type=\"container\" data-e-type=\"container\">\n\t\t\t\t<div class=\"elementor-element elementor-element-093280c elementor-widget elementor-widget-image\" data-id=\"093280c\" data-element_type=\"widget\" data-e-type=\"widget\" data-widget_type=\"image.default\">\n\t\t\t\t\t\t\t\t\t\t\t\t\t\t\t<img decoding=\"async\" src=\"https:\/\/danishfibres.com\/wp-content\/uploads\/Danish_Fibres_Construction_Technical_Fibres.jpg\" title=\"\" alt=\"\" loading=\"lazy\" \/>\t\t\t\t\t\t\t\t\t\t\t\t\t\t\t<\/div>\n\t\t\t\t<\/div>\n\t\t<div class=\"elementor-element elementor-element-ea74b2c e-con-full clickable-parent e-flex e-con e-child\" data-id=\"ea74b2c\" data-element_type=\"container\" data-e-type=\"container\" data-settings=\"{&quot;background_background&quot;:&quot;classic&quot;}\">\n\t\t\t\t<div class=\"elementor-element elementor-element-bc76c2b elementor-widget elementor-widget-text-editor\" data-id=\"bc76c2b\" data-element_type=\"widget\" data-e-type=\"widget\" data-widget_type=\"text-editor.default\">\n\t\t\t\t\t\t\t\t\t<p>Product information<\/p>\t\t\t\t\t\t\t\t<\/div>\n\t\t\t\t<div class=\"elementor-element elementor-element-0fae8eb elementor-widget elementor-widget-text-editor\" data-id=\"0fae8eb\" data-element_type=\"widget\" data-e-type=\"widget\" data-widget_type=\"text-editor.default\">\n\t\t\t\t\t\t\t\t\t<p>Lernen Sie unser f\u00fchrendes Sortiment an Konstruktionsfasern Kennen<\/p>\t\t\t\t\t\t\t\t<\/div>\n\t\t\t\t<div class=\"elementor-element elementor-element-910ca84 elementor-widget elementor-widget-text-editor\" data-id=\"910ca84\" data-element_type=\"widget\" data-e-type=\"widget\" data-widget_type=\"text-editor.default\">\n\t\t\t\t\t\t\t\t\t<p>Hochwertige Polypropylenfasern zur Betonbewehrung, die rei\u00dffestigkeit, Zugfestigkeit und Brandschutz bieten<\/p>\t\t\t\t\t\t\t\t<\/div>\n\t\t\t\t<div class=\"elementor-element elementor-element-8863742 elementor-widget elementor-widget-button\" data-id=\"8863742\" data-element_type=\"widget\" data-e-type=\"widget\" data-widget_type=\"button.default\">\n\t\t\t\t\t\t\t\t\t\t<a class=\"elementor-button elementor-button-link elementor-size-sm\" href=\"https:\/\/danishfibres.com\/de\/konstruktionsfasern\/technologie\/\">\n\t\t\t\t\t\t<span class=\"elementor-button-content-wrapper\">\n\t\t\t\t\t\t<span class=\"elementor-button-icon\">\n\t\t\t\t<svg aria-hidden=\"true\" class=\"e-font-icon-svg e-fas-chevron-right\" viewBox=\"0 0 320 512\" xmlns=\"http:\/\/www.w3.org\/2000\/svg\"><path d=\"M285.476 272.971L91.132 467.314c-9.373 9.373-24.569 9.373-33.941 0l-22.667-22.667c-9.357-9.357-9.375-24.522-.04-33.901L188.505 256 34.484 101.255c-9.335-9.379-9.317-24.544.04-33.901l22.667-22.667c9.373-9.373 24.569-9.373 33.941 0L285.475 239.03c9.373 9.372 9.373 24.568.001 33.941z\"><\/path><\/svg>\t\t\t<\/span>\n\t\t\t\t\t\t\t\t\t<span class=\"elementor-button-text\">Weiterlesen<\/span>\n\t\t\t\t\t<\/span>\n\t\t\t\t\t<\/a>\n\t\t\t\t\t\t\t\t<\/div>\n\t\t\t\t<\/div>\n\t\t\t\t\t<\/div>\n\t\t\t\t<\/div>\n\t\t\t\t<\/div>\n\t\t","protected":false},"excerpt":{"rendered":"<p>Fallstudien Turning Torso \u2013 Wolkenkratzer Wir sind der stolze Lieferant von Konstruktionsfasern f\u00fcr den preisgekr\u00f6nten Wolkenkratzer Turning Torso in Malm\u00f6, Schweden. Turning Torso wurde 2005 als das weltweit erste in sich verdrehte Hochhaus fertiggestellt. Das Geb\u00e4ude verdreht sich um 90 Grad entlang neun unregelm\u00e4\u00dfiger f\u00fcnfeckiger Abschnitte. Diese Drehung wird von einem \u00e4u\u00dferen Stahlrahmen unterst\u00fctzt. Die [&hellip;]<\/p>\n","protected":false},"author":2,"featured_media":0,"parent":1862,"menu_order":0,"comment_status":"closed","ping_status":"closed","template":"","meta":{"_acf_changed":false,"footnotes":""},"class_list":["post-1856","page","type-page","status-publish","hentry"],"acf":[],"yoast_head":"<!-- This site is optimized with the Yoast SEO plugin v27.4 - https:\/\/yoast.com\/product\/yoast-seo-wordpress\/ -->\n<title>Turning Torso - Danish Fibres<\/title>\n<meta name=\"description\" content=\"Erfahren Sie, wie Danish Fibres den ikonischen Turning Torso mit Betonfasern f\u00fcr Festigkeit, Haltbarkeit und architektonische Qualit\u00e4t verst\u00e4rkte.\" \/>\n<meta name=\"robots\" content=\"index, follow, max-snippet:-1, max-image-preview:large, max-video-preview:-1\" \/>\n<link rel=\"canonical\" href=\"https:\/\/danishfibres.com\/de\/fallstudien\/turning-torso\/\" \/>\n<meta property=\"og:locale\" content=\"de_DE\" \/>\n<meta property=\"og:type\" content=\"article\" \/>\n<meta property=\"og:title\" content=\"Turning Torso - Danish Fibres\" \/>\n<meta property=\"og:description\" content=\"Erfahren Sie, wie Danish Fibres den ikonischen Turning Torso mit Betonfasern f\u00fcr Festigkeit, Haltbarkeit und architektonische Qualit\u00e4t verst\u00e4rkte.\" \/>\n<meta property=\"og:url\" content=\"https:\/\/danishfibres.com\/de\/fallstudien\/turning-torso\/\" \/>\n<meta property=\"og:site_name\" content=\"Danish Fibres\" \/>\n<meta property=\"article:modified_time\" content=\"2025-12-01T08:10:37+00:00\" \/>\n<meta property=\"og:image\" content=\"https:\/\/danishfibres.com\/wp-content\/uploads\/turning_torso_construction_fibres_danish_fibres_case_2.jpg\" \/>\n\t<meta property=\"og:image:width\" content=\"830\" \/>\n\t<meta property=\"og:image:height\" content=\"350\" \/>\n\t<meta property=\"og:image:type\" content=\"image\/jpeg\" \/>\n<meta name=\"twitter:card\" content=\"summary_large_image\" \/>\n<meta name=\"twitter:label1\" content=\"Gesch\u00e4tzte Lesezeit\" \/>\n\t<meta name=\"twitter:data1\" content=\"1\u00a0Minute\" \/>\n<script type=\"application\/ld+json\" class=\"yoast-schema-graph\">{\"@context\":\"https:\\\/\\\/schema.org\",\"@graph\":[{\"@type\":\"WebPage\",\"@id\":\"https:\\\/\\\/danishfibres.com\\\/de\\\/fallstudien\\\/turning-torso\\\/\",\"url\":\"https:\\\/\\\/danishfibres.com\\\/de\\\/fallstudien\\\/turning-torso\\\/\",\"name\":\"Turning Torso - Danish Fibres\",\"isPartOf\":{\"@id\":\"https:\\\/\\\/danishfibres.com\\\/de\\\/#website\"},\"primaryImageOfPage\":{\"@id\":\"https:\\\/\\\/danishfibres.com\\\/de\\\/fallstudien\\\/turning-torso\\\/#primaryimage\"},\"image\":{\"@id\":\"https:\\\/\\\/danishfibres.com\\\/de\\\/fallstudien\\\/turning-torso\\\/#primaryimage\"},\"thumbnailUrl\":\"https:\\\/\\\/danishfibres.com\\\/wp-content\\\/uploads\\\/turning_torso_construction_fibres_danish_fibres_case_2.jpg\",\"datePublished\":\"2025-08-29T07:58:31+00:00\",\"dateModified\":\"2025-12-01T08:10:37+00:00\",\"description\":\"Erfahren Sie, wie Danish Fibres den ikonischen Turning Torso mit Betonfasern f\u00fcr Festigkeit, Haltbarkeit und architektonische Qualit\u00e4t verst\u00e4rkte.\",\"breadcrumb\":{\"@id\":\"https:\\\/\\\/danishfibres.com\\\/de\\\/fallstudien\\\/turning-torso\\\/#breadcrumb\"},\"inLanguage\":\"de\",\"potentialAction\":[{\"@type\":\"ReadAction\",\"target\":[\"https:\\\/\\\/danishfibres.com\\\/de\\\/fallstudien\\\/turning-torso\\\/\"]}]},{\"@type\":\"ImageObject\",\"inLanguage\":\"de\",\"@id\":\"https:\\\/\\\/danishfibres.com\\\/de\\\/fallstudien\\\/turning-torso\\\/#primaryimage\",\"url\":\"https:\\\/\\\/danishfibres.com\\\/wp-content\\\/uploads\\\/turning_torso_construction_fibres_danish_fibres_case_2.jpg\",\"contentUrl\":\"https:\\\/\\\/danishfibres.com\\\/wp-content\\\/uploads\\\/turning_torso_construction_fibres_danish_fibres_case_2.jpg\"},{\"@type\":\"BreadcrumbList\",\"@id\":\"https:\\\/\\\/danishfibres.com\\\/de\\\/fallstudien\\\/turning-torso\\\/#breadcrumb\",\"itemListElement\":[{\"@type\":\"ListItem\",\"position\":1,\"name\":\"Danish Fibres\",\"item\":\"https:\\\/\\\/danishfibres.com\\\/de\\\/home\\\/\"},{\"@type\":\"ListItem\",\"position\":2,\"name\":\"Fallstudien\",\"item\":\"https:\\\/\\\/danishfibres.com\\\/de\\\/fallstudien\\\/\"},{\"@type\":\"ListItem\",\"position\":3,\"name\":\"Turning Torso\"}]},{\"@type\":\"WebSite\",\"@id\":\"https:\\\/\\\/danishfibres.com\\\/de\\\/#website\",\"url\":\"https:\\\/\\\/danishfibres.com\\\/de\\\/\",\"name\":\"Danish Fibres\",\"description\":\"Benefit from 40 years experience\",\"potentialAction\":[{\"@type\":\"SearchAction\",\"target\":{\"@type\":\"EntryPoint\",\"urlTemplate\":\"https:\\\/\\\/danishfibres.com\\\/de\\\/?s={search_term_string}\"},\"query-input\":{\"@type\":\"PropertyValueSpecification\",\"valueRequired\":true,\"valueName\":\"search_term_string\"}}],\"inLanguage\":\"de\"}]}<\/script>\n<!-- \/ Yoast SEO plugin. -->","yoast_head_json":{"title":"Turning Torso - Danish Fibres","description":"Erfahren Sie, wie Danish Fibres den ikonischen Turning Torso mit Betonfasern f\u00fcr Festigkeit, Haltbarkeit und architektonische Qualit\u00e4t verst\u00e4rkte.","robots":{"index":"index","follow":"follow","max-snippet":"max-snippet:-1","max-image-preview":"max-image-preview:large","max-video-preview":"max-video-preview:-1"},"canonical":"https:\/\/danishfibres.com\/de\/fallstudien\/turning-torso\/","og_locale":"de_DE","og_type":"article","og_title":"Turning Torso - Danish Fibres","og_description":"Erfahren Sie, wie Danish Fibres den ikonischen Turning Torso mit Betonfasern f\u00fcr Festigkeit, Haltbarkeit und architektonische Qualit\u00e4t verst\u00e4rkte.","og_url":"https:\/\/danishfibres.com\/de\/fallstudien\/turning-torso\/","og_site_name":"Danish Fibres","article_modified_time":"2025-12-01T08:10:37+00:00","og_image":[{"width":830,"height":350,"url":"https:\/\/danishfibres.com\/wp-content\/uploads\/turning_torso_construction_fibres_danish_fibres_case_2.jpg","type":"image\/jpeg"}],"twitter_card":"summary_large_image","twitter_misc":{"Gesch\u00e4tzte Lesezeit":"1\u00a0Minute"},"schema":{"@context":"https:\/\/schema.org","@graph":[{"@type":"WebPage","@id":"https:\/\/danishfibres.com\/de\/fallstudien\/turning-torso\/","url":"https:\/\/danishfibres.com\/de\/fallstudien\/turning-torso\/","name":"Turning Torso - Danish Fibres","isPartOf":{"@id":"https:\/\/danishfibres.com\/de\/#website"},"primaryImageOfPage":{"@id":"https:\/\/danishfibres.com\/de\/fallstudien\/turning-torso\/#primaryimage"},"image":{"@id":"https:\/\/danishfibres.com\/de\/fallstudien\/turning-torso\/#primaryimage"},"thumbnailUrl":"https:\/\/danishfibres.com\/wp-content\/uploads\/turning_torso_construction_fibres_danish_fibres_case_2.jpg","datePublished":"2025-08-29T07:58:31+00:00","dateModified":"2025-12-01T08:10:37+00:00","description":"Erfahren Sie, wie Danish Fibres den ikonischen Turning Torso mit Betonfasern f\u00fcr Festigkeit, Haltbarkeit und architektonische Qualit\u00e4t verst\u00e4rkte.","breadcrumb":{"@id":"https:\/\/danishfibres.com\/de\/fallstudien\/turning-torso\/#breadcrumb"},"inLanguage":"de","potentialAction":[{"@type":"ReadAction","target":["https:\/\/danishfibres.com\/de\/fallstudien\/turning-torso\/"]}]},{"@type":"ImageObject","inLanguage":"de","@id":"https:\/\/danishfibres.com\/de\/fallstudien\/turning-torso\/#primaryimage","url":"https:\/\/danishfibres.com\/wp-content\/uploads\/turning_torso_construction_fibres_danish_fibres_case_2.jpg","contentUrl":"https:\/\/danishfibres.com\/wp-content\/uploads\/turning_torso_construction_fibres_danish_fibres_case_2.jpg"},{"@type":"BreadcrumbList","@id":"https:\/\/danishfibres.com\/de\/fallstudien\/turning-torso\/#breadcrumb","itemListElement":[{"@type":"ListItem","position":1,"name":"Danish Fibres","item":"https:\/\/danishfibres.com\/de\/home\/"},{"@type":"ListItem","position":2,"name":"Fallstudien","item":"https:\/\/danishfibres.com\/de\/fallstudien\/"},{"@type":"ListItem","position":3,"name":"Turning Torso"}]},{"@type":"WebSite","@id":"https:\/\/danishfibres.com\/de\/#website","url":"https:\/\/danishfibres.com\/de\/","name":"Danish Fibres","description":"Benefit from 40 years experience","potentialAction":[{"@type":"SearchAction","target":{"@type":"EntryPoint","urlTemplate":"https:\/\/danishfibres.com\/de\/?s={search_term_string}"},"query-input":{"@type":"PropertyValueSpecification","valueRequired":true,"valueName":"search_term_string"}}],"inLanguage":"de"}]}},"_links":{"self":[{"href":"https:\/\/danishfibres.com\/de\/wp-json\/wp\/v2\/pages\/1856","targetHints":{"allow":["GET"]}}],"collection":[{"href":"https:\/\/danishfibres.com\/de\/wp-json\/wp\/v2\/pages"}],"about":[{"href":"https:\/\/danishfibres.com\/de\/wp-json\/wp\/v2\/types\/page"}],"author":[{"embeddable":true,"href":"https:\/\/danishfibres.com\/de\/wp-json\/wp\/v2\/users\/2"}],"replies":[{"embeddable":true,"href":"https:\/\/danishfibres.com\/de\/wp-json\/wp\/v2\/comments?post=1856"}],"version-history":[{"count":11,"href":"https:\/\/danishfibres.com\/de\/wp-json\/wp\/v2\/pages\/1856\/revisions"}],"predecessor-version":[{"id":4779,"href":"https:\/\/danishfibres.com\/de\/wp-json\/wp\/v2\/pages\/1856\/revisions\/4779"}],"up":[{"embeddable":true,"href":"https:\/\/danishfibres.com\/de\/wp-json\/wp\/v2\/pages\/1862"}],"wp:attachment":[{"href":"https:\/\/danishfibres.com\/de\/wp-json\/wp\/v2\/media?parent=1856"}],"curies":[{"name":"wp","href":"https:\/\/api.w.org\/{rel}","templated":true}]}}