{"id":1872,"date":"2025-08-27T10:54:40","date_gmt":"2025-08-27T08:54:40","guid":{"rendered":"https:\/\/danishfibres.com\/anwendungen\/fasern-fuer-betoninnenboeden\/"},"modified":"2025-12-03T15:17:10","modified_gmt":"2025-12-03T14:17:10","slug":"fasern-fuer-betoninnenboeden","status":"publish","type":"page","link":"https:\/\/danishfibres.com\/de\/konstruktionsfasern\/anwendungen\/fasern-fuer-betoninnenboeden\/","title":{"rendered":"Fasern f\u00fcr Betoninnenb\u00f6den"},"content":{"rendered":"\t\t<div data-elementor-type=\"wp-page\" data-elementor-id=\"1872\" class=\"elementor elementor-1872 elementor-960\" data-elementor-post-type=\"page\">\n\t\t\t\t<div class=\"elementor-element elementor-element-0538ba2 e-con-full e-flex e-con e-parent\" data-id=\"0538ba2\" data-element_type=\"container\" data-e-type=\"container\" data-settings=\"{&quot;background_background&quot;:&quot;classic&quot;}\">\n\t\t<div class=\"elementor-element elementor-element-594b0fe e-con-full e-flex e-con e-child\" data-id=\"594b0fe\" data-element_type=\"container\" data-e-type=\"container\" data-settings=\"{&quot;background_background&quot;:&quot;classic&quot;}\">\n\t\t<div class=\"elementor-element elementor-element-bc4223c e-con-full e-flex e-con e-child\" data-id=\"bc4223c\" data-element_type=\"container\" data-e-type=\"container\">\n\t\t\t\t<div class=\"elementor-element elementor-element-ef2ddc1 elementor-widget elementor-widget-image\" data-id=\"ef2ddc1\" data-element_type=\"widget\" data-e-type=\"widget\" data-widget_type=\"image.default\">\n\t\t\t\t\t\t\t\t\t\t\t\t\t\t\t<img fetchpriority=\"high\" decoding=\"async\" width=\"800\" height=\"337\" src=\"https:\/\/danishfibres.com\/wp-content\/uploads\/indoor_concrete_floors_danish_fibres.png\" class=\"attachment-large size-large wp-image-959\" alt=\"Indoor concrete floors reinforcement\" srcset=\"https:\/\/danishfibres.com\/wp-content\/uploads\/indoor_concrete_floors_danish_fibres.png 830w, https:\/\/danishfibres.com\/wp-content\/uploads\/indoor_concrete_floors_danish_fibres-300x127.png 300w, https:\/\/danishfibres.com\/wp-content\/uploads\/indoor_concrete_floors_danish_fibres-768x324.png 768w\" sizes=\"(max-width: 800px) 100vw, 800px\" \/>\t\t\t\t\t\t\t\t\t\t\t\t\t\t\t<\/div>\n\t\t<div class=\"elementor-element elementor-element-e54d416 e-con-full e-flex e-con e-child\" data-id=\"e54d416\" data-element_type=\"container\" data-e-type=\"container\">\n\t\t\t\t<div class=\"elementor-element elementor-element-d02139b elementor-widget elementor-widget-heading\" data-id=\"d02139b\" data-element_type=\"widget\" data-e-type=\"widget\" data-widget_type=\"heading.default\">\n\t\t\t\t\t<p class=\"elementor-heading-title elementor-size-default\">Anwendungen<\/p>\t\t\t\t<\/div>\n\t\t\t\t<div class=\"elementor-element elementor-element-a455a52 elementor-widget elementor-widget-heading\" data-id=\"a455a52\" data-element_type=\"widget\" data-e-type=\"widget\" data-widget_type=\"heading.default\">\n\t\t\t\t\t<h1 class=\"elementor-heading-title elementor-size-default\">Fasern f\u00fcr Betoninnenb\u00f6den<\/h1>\t\t\t\t<\/div>\n\t\t\t\t<div class=\"elementor-element elementor-element-9eae9f4 df-text elementor-widget elementor-widget-text-editor\" data-id=\"9eae9f4\" data-element_type=\"widget\" data-e-type=\"widget\" data-widget_type=\"text-editor.default\">\n\t\t\t\t\t\t\t\t\t<p><strong>Wir bieten eine Reihe von Wiking\u00ae-Konstruktionsfasern an, um die Leistung von Betoninnenb\u00f6den zu verbessern.<\/strong><\/p><p>Die meisten Betonb\u00f6den sind \u00e4u\u00dferen Kr\u00e4ften ausgesetzt, welche die Qualit\u00e4t des Betons schw\u00e4chen k\u00f6nnen. Eine Betonbewehrung ist daher unerl\u00e4sslich, um f\u00fcr einen festen und langlebigen Betonboden im Innenbereich zu sorgen. <\/p><h2><strong>Risspr\u00fcfung bei Betonb\u00f6den<\/strong><\/h2><p>In der Aush\u00e4rtungsphase k\u00f6nnen klimatische Bedingungen (z.B. extreme Temperaturen oder starke Winde) dazu f\u00fchren, dass \u00fcbersch\u00fcssiges Wasser an der Betonoberfl\u00e4che verdunstet, wodurch sich Schrumpfrisse bilden.<\/p><p>Mit Wiking\u00ae-Konstruktionsfasern, welche der Betonmischung hinzugef\u00fcgt werden, verringert sich die Anzahl der Schrumpfrisse im Beton, da die Fasern ihre Zugfestigkeit bereits in der H\u00e4rtungsphase entwickeln. Somit k\u00f6nnen Schrumpfrisse vermieden werden. Gleicherma\u00dfen verhindern die Konstruktionsfasern von Wiking\u00ae auch die Bildung von Setzungsrissen.  <\/p><h2><strong>Erh\u00f6hte Festigkeit von Betonb\u00f6den<\/strong><\/h2><p>Die Festigkeit und die Eigenschaften von Betonb\u00f6den k\u00f6nnen aufgrund von St\u00f6\u00dfen und Unebenheiten In Mitleidenschaft gezogen werden, beispielsweise durch schwere Gegenst\u00e4nde und gr\u00f6\u00dfere Lasten (Gabelstapler und Lastkraftwagen). Besonders die Kanten zwischen den Bodeneinheiten und den erh\u00f6hten Teilen des Betonfertigteils sind gef\u00e4hrdet. <\/p><p>Wenn Sie die Wiking\u00ae Konstruktionsfasern der Betonmischung beimischen, steigen die Schlag- und die Abriebfestigkeit des Betons. Diese verbesserte Schlagfestigkeit kann auf die hohe Menge an absorbierter Energie zur\u00fcckgef\u00fchrt werden, die durch die Brechung, die Dehnung und das Ziehen der Fasern aufgenommen werden kann, sobald das Zementbindemittel verflogen ist. <\/p><p>Studien zeigen, dass durch den Einschluss von Fasern der Zerfall von Beton durch Verschlei\u00df um bis zu 39% reduziert werden kann.<\/p>\t\t\t\t\t\t\t\t<\/div>\n\t\t\t\t<\/div>\n\t\t\t\t<\/div>\n\t\t<div class=\"elementor-element elementor-element-d70877f e-con-full e-flex e-con e-child\" data-id=\"d70877f\" data-element_type=\"container\" data-e-type=\"container\">\n\t\t\t\t<div class=\"elementor-element elementor-element-818895b df-aside elementor-widget elementor-widget-text-editor\" data-id=\"818895b\" data-element_type=\"widget\" data-e-type=\"widget\" data-widget_type=\"text-editor.default\">\n\t\t\t\t\t\t\t\t\t<h2>Vorteile von Wiking\u00ae \nKonstruktionsfasern f\u00fcr Innenb\u00f6den<\/h2>\n<ul>\n \t<li>Verbesserte Rei\u00dffestigkeit<\/li>\n \t<li>Verbesserte Abriebfestigkeit<\/li>\n \t<li>Verbesserte Schlagfestigkeit<\/li>\n \t<li>Schnellere und einfachere Platzierung<\/li>\n<\/ul>\n<h2>\u00c4hnliche Produkte:<\/h2>\n<ul>\n \t<li>Wiking\u00ae <a href=\"https:\/\/danishfibres.com\/de\/konstruktionsfasern\/wiking-mikrofasern\/\">Microfasern<\/a><\/li>\n \t<li>Wiking\u00ae <a href=\"https:\/\/danishfibres.com\/de\/konstruktionsfasern\/makrofasern\/\">Macrofasern<\/a><\/li>\n<\/ul>\t\t\t\t\t\t\t\t<\/div>\n\t\t\t\t<\/div>\n\t\t\t\t<\/div>\n\t\t\t\t<\/div>\n\t\t<div class=\"elementor-element elementor-element-92e214e e-flex e-con-boxed e-con e-parent\" data-id=\"92e214e\" data-element_type=\"container\" data-e-type=\"container\" data-settings=\"{&quot;background_background&quot;:&quot;classic&quot;}\">\n\t\t\t\t\t<div class=\"e-con-inner\">\n\t\t<div class=\"elementor-element elementor-element-7131466 e-con-full e-flex e-con e-child\" data-id=\"7131466\" data-element_type=\"container\" data-e-type=\"container\" data-settings=\"{&quot;background_background&quot;:&quot;classic&quot;}\">\n\t\t<div class=\"elementor-element elementor-element-5a6fc97 e-con-full e-flex e-con e-child\" data-id=\"5a6fc97\" data-element_type=\"container\" data-e-type=\"container\">\n\t\t\t\t<div class=\"elementor-element elementor-element-cca7f3c elementor-widget elementor-widget-heading\" data-id=\"cca7f3c\" data-element_type=\"widget\" data-e-type=\"widget\" data-widget_type=\"heading.default\">\n\t\t\t\t\t<h2 class=\"elementor-heading-title elementor-size-default\">Vereinbaren Sie einen Termin mit unserem Vertriebsteam<\/h2>\t\t\t\t<\/div>\n\t\t<div class=\"elementor-element elementor-element-9ec9f61 e-con-full e-flex e-con e-child\" data-id=\"9ec9f61\" data-element_type=\"container\" data-e-type=\"container\">\n\t\t<div class=\"elementor-element elementor-element-f63d4f4 e-con-full e-flex e-con e-child\" data-id=\"f63d4f4\" data-element_type=\"container\" data-e-type=\"container\">\n\t\t\t\t<div class=\"elementor-element elementor-element-c07f475 sales-title elementor-widget elementor-widget-heading\" data-id=\"c07f475\" data-element_type=\"widget\" data-e-type=\"widget\" data-widget_type=\"heading.default\">\n\t\t\t\t\t<p class=\"elementor-heading-title elementor-size-default\">CEO\/President<\/p>\t\t\t\t<\/div>\n\t\t\t\t<div class=\"elementor-element elementor-element-3724500 sales-name elementor-widget elementor-widget-heading\" data-id=\"3724500\" data-element_type=\"widget\" data-e-type=\"widget\" data-widget_type=\"heading.default\">\n\t\t\t\t\t<p class=\"elementor-heading-title elementor-size-default\">Palle Kuntz<\/p>\t\t\t\t<\/div>\n\t\t\t\t<div class=\"elementor-element elementor-element-5822535 elementor-widget elementor-widget-heading\" data-id=\"5822535\" data-element_type=\"widget\" data-e-type=\"widget\" data-widget_type=\"heading.default\">\n\t\t\t\t\t<p class=\"elementor-heading-title elementor-size-default\"><a href=\"tel:+4524659615\">+45 24 65 96 15<\/a><\/p>\t\t\t\t<\/div>\n\t\t\t\t<div class=\"elementor-element elementor-element-4860f04 sales-name elementor-widget elementor-widget-heading\" data-id=\"4860f04\" data-element_type=\"widget\" data-e-type=\"widget\" data-widget_type=\"heading.default\">\n\t\t\t\t\t<p class=\"elementor-heading-title elementor-size-default\"><a href=\"mailto:pku@danishfibres.dk\">pku@danishfibres.dk<\/a><\/p>\t\t\t\t<\/div>\n\t\t\t\t<\/div>\n\t\t<div class=\"elementor-element elementor-element-7e07c6d e-con-full e-flex e-con e-child\" data-id=\"7e07c6d\" data-element_type=\"container\" data-e-type=\"container\">\n\t\t\t\t<div class=\"elementor-element elementor-element-f284938 sales-title elementor-widget elementor-widget-heading\" data-id=\"f284938\" data-element_type=\"widget\" data-e-type=\"widget\" data-widget_type=\"heading.default\">\n\t\t\t\t\t<p class=\"elementor-heading-title elementor-size-default\">Vertriebsleiter<\/p>\t\t\t\t<\/div>\n\t\t\t\t<div class=\"elementor-element elementor-element-c8b8d88 sales-name elementor-widget elementor-widget-heading\" data-id=\"c8b8d88\" data-element_type=\"widget\" data-e-type=\"widget\" data-widget_type=\"heading.default\">\n\t\t\t\t\t<p class=\"elementor-heading-title elementor-size-default\">David Etzerodt<\/p>\t\t\t\t<\/div>\n\t\t\t\t<div class=\"elementor-element elementor-element-d91a73c elementor-widget elementor-widget-heading\" data-id=\"d91a73c\" data-element_type=\"widget\" data-e-type=\"widget\" data-widget_type=\"heading.default\">\n\t\t\t\t\t<p class=\"elementor-heading-title elementor-size-default\"><a href=\"tel:+4520580599\">+45 20 58 05 99<\/a><\/p>\t\t\t\t<\/div>\n\t\t\t\t<div class=\"elementor-element elementor-element-f93729d sales-name elementor-widget elementor-widget-heading\" data-id=\"f93729d\" data-element_type=\"widget\" data-e-type=\"widget\" data-widget_type=\"heading.default\">\n\t\t\t\t\t<p class=\"elementor-heading-title elementor-size-default\"><a href=\"mailto:dke@danishfibres.dk\">dke@danishfibres.dk<\/a><\/p>\t\t\t\t<\/div>\n\t\t\t\t<\/div>\n\t\t\t\t<\/div>\n\t\t\t\t<div class=\"elementor-element elementor-element-9af64f7 elementor-widget elementor-widget-button\" data-id=\"9af64f7\" data-element_type=\"widget\" data-e-type=\"widget\" data-widget_type=\"button.default\">\n\t\t\t\t\t\t\t\t\t\t<a class=\"elementor-button elementor-button-link elementor-size-sm\" href=\"https:\/\/danishfibres.com\/de\/kontakt\/\">\n\t\t\t\t\t\t<span class=\"elementor-button-content-wrapper\">\n\t\t\t\t\t\t\t\t\t<span class=\"elementor-button-text\">Kontaktieren Sie uns<\/span>\n\t\t\t\t\t<\/span>\n\t\t\t\t\t<\/a>\n\t\t\t\t\t\t\t\t<\/div>\n\t\t\t\t<\/div>\n\t\t<div class=\"elementor-element elementor-element-eda7091 e-con-full e-flex e-con e-child\" data-id=\"eda7091\" data-element_type=\"container\" data-e-type=\"container\" data-settings=\"{&quot;background_background&quot;:&quot;classic&quot;}\">\n\t\t\t\t<div class=\"elementor-element elementor-element-d445794 elementor-widget elementor-widget-image\" data-id=\"d445794\" data-element_type=\"widget\" data-e-type=\"widget\" data-widget_type=\"image.default\">\n\t\t\t\t\t\t\t\t\t\t\t\t\t\t\t<img decoding=\"async\" width=\"527\" height=\"278\" src=\"https:\/\/danishfibres.com\/wp-content\/uploads\/Our_Sales_Team_Danish_Fibres_subpage.jpg\" class=\"attachment-large size-large wp-image-244\" alt=\"\" srcset=\"https:\/\/danishfibres.com\/wp-content\/uploads\/Our_Sales_Team_Danish_Fibres_subpage.jpg 527w, https:\/\/danishfibres.com\/wp-content\/uploads\/Our_Sales_Team_Danish_Fibres_subpage-300x158.jpg 300w\" sizes=\"(max-width: 527px) 100vw, 527px\" \/>\t\t\t\t\t\t\t\t\t\t\t\t\t\t\t<\/div>\n\t\t\t\t<\/div>\n\t\t\t\t<\/div>\n\t\t\t\t\t<\/div>\n\t\t\t\t<\/div>\n\t\t\t\t<\/div>\n\t\t","protected":false},"excerpt":{"rendered":"<p>Anwendungen Fasern f\u00fcr Betoninnenb\u00f6den Wir bieten eine Reihe von Wiking\u00ae-Konstruktionsfasern an, um die Leistung von Betoninnenb\u00f6den zu verbessern. Die meisten Betonb\u00f6den sind \u00e4u\u00dferen Kr\u00e4ften ausgesetzt, welche die Qualit\u00e4t des Betons schw\u00e4chen k\u00f6nnen. Eine Betonbewehrung ist daher unerl\u00e4sslich, um f\u00fcr einen festen und langlebigen Betonboden im Innenbereich zu sorgen. Risspr\u00fcfung bei Betonb\u00f6den In der Aush\u00e4rtungsphase k\u00f6nnen [&hellip;]<\/p>\n","protected":false},"author":2,"featured_media":0,"parent":1868,"menu_order":0,"comment_status":"closed","ping_status":"closed","template":"","meta":{"_acf_changed":false,"footnotes":""},"class_list":["post-1872","page","type-page","status-publish","hentry"],"acf":[],"yoast_head":"<!-- This site is optimized with the Yoast SEO plugin v27.4 - https:\/\/yoast.com\/product\/yoast-seo-wordpress\/ -->\n<title>Fasern f\u00fcr Betoninnenb\u00f6den - Danish Fibres<\/title>\n<meta name=\"description\" content=\"Mit Wiking\u00ae Fasern: Weniger Risse, h\u00f6here Schlagfestigkeit und verbesserte Verschlei\u00dffestigkeit f\u00fcr langlebige Innenbetonb\u00f6den.\" \/>\n<meta name=\"robots\" content=\"index, follow, max-snippet:-1, max-image-preview:large, max-video-preview:-1\" \/>\n<link rel=\"canonical\" href=\"https:\/\/danishfibres.com\/de\/konstruktionsfasern\/anwendungen\/fasern-fuer-betoninnenboeden\/\" \/>\n<meta property=\"og:locale\" content=\"de_DE\" \/>\n<meta property=\"og:type\" content=\"article\" \/>\n<meta property=\"og:title\" content=\"Fasern f\u00fcr Betoninnenb\u00f6den - Danish Fibres\" \/>\n<meta property=\"og:description\" content=\"Mit Wiking\u00ae Fasern: Weniger Risse, h\u00f6here Schlagfestigkeit und verbesserte Verschlei\u00dffestigkeit f\u00fcr langlebige Innenbetonb\u00f6den.\" \/>\n<meta property=\"og:url\" content=\"https:\/\/danishfibres.com\/de\/konstruktionsfasern\/anwendungen\/fasern-fuer-betoninnenboeden\/\" \/>\n<meta property=\"og:site_name\" content=\"Danish Fibres\" \/>\n<meta property=\"article:modified_time\" content=\"2025-12-03T14:17:10+00:00\" \/>\n<meta property=\"og:image\" content=\"https:\/\/danishfibres.com\/wp-content\/uploads\/indoor_concrete_floors_danish_fibres.png\" \/>\n\t<meta property=\"og:image:width\" content=\"830\" \/>\n\t<meta property=\"og:image:height\" content=\"350\" \/>\n\t<meta property=\"og:image:type\" content=\"image\/png\" \/>\n<meta name=\"twitter:card\" content=\"summary_large_image\" \/>\n<meta name=\"twitter:label1\" content=\"Gesch\u00e4tzte Lesezeit\" \/>\n\t<meta name=\"twitter:data1\" content=\"2\u00a0Minuten\" \/>\n<script type=\"application\/ld+json\" class=\"yoast-schema-graph\">{\"@context\":\"https:\\\/\\\/schema.org\",\"@graph\":[{\"@type\":\"WebPage\",\"@id\":\"https:\\\/\\\/danishfibres.com\\\/de\\\/konstruktionsfasern\\\/anwendungen\\\/fasern-fuer-betoninnenboeden\\\/\",\"url\":\"https:\\\/\\\/danishfibres.com\\\/de\\\/konstruktionsfasern\\\/anwendungen\\\/fasern-fuer-betoninnenboeden\\\/\",\"name\":\"Fasern f\u00fcr Betoninnenb\u00f6den - Danish Fibres\",\"isPartOf\":{\"@id\":\"https:\\\/\\\/danishfibres.com\\\/de\\\/#website\"},\"primaryImageOfPage\":{\"@id\":\"https:\\\/\\\/danishfibres.com\\\/de\\\/konstruktionsfasern\\\/anwendungen\\\/fasern-fuer-betoninnenboeden\\\/#primaryimage\"},\"image\":{\"@id\":\"https:\\\/\\\/danishfibres.com\\\/de\\\/konstruktionsfasern\\\/anwendungen\\\/fasern-fuer-betoninnenboeden\\\/#primaryimage\"},\"thumbnailUrl\":\"https:\\\/\\\/danishfibres.com\\\/wp-content\\\/uploads\\\/indoor_concrete_floors_danish_fibres.png\",\"datePublished\":\"2025-08-27T08:54:40+00:00\",\"dateModified\":\"2025-12-03T14:17:10+00:00\",\"description\":\"Mit Wiking\u00ae Fasern: Weniger Risse, h\u00f6here Schlagfestigkeit und verbesserte Verschlei\u00dffestigkeit f\u00fcr langlebige Innenbetonb\u00f6den.\",\"breadcrumb\":{\"@id\":\"https:\\\/\\\/danishfibres.com\\\/de\\\/konstruktionsfasern\\\/anwendungen\\\/fasern-fuer-betoninnenboeden\\\/#breadcrumb\"},\"inLanguage\":\"de\",\"potentialAction\":[{\"@type\":\"ReadAction\",\"target\":[\"https:\\\/\\\/danishfibres.com\\\/de\\\/konstruktionsfasern\\\/anwendungen\\\/fasern-fuer-betoninnenboeden\\\/\"]}]},{\"@type\":\"ImageObject\",\"inLanguage\":\"de\",\"@id\":\"https:\\\/\\\/danishfibres.com\\\/de\\\/konstruktionsfasern\\\/anwendungen\\\/fasern-fuer-betoninnenboeden\\\/#primaryimage\",\"url\":\"https:\\\/\\\/danishfibres.com\\\/wp-content\\\/uploads\\\/indoor_concrete_floors_danish_fibres.png\",\"contentUrl\":\"https:\\\/\\\/danishfibres.com\\\/wp-content\\\/uploads\\\/indoor_concrete_floors_danish_fibres.png\"},{\"@type\":\"BreadcrumbList\",\"@id\":\"https:\\\/\\\/danishfibres.com\\\/de\\\/konstruktionsfasern\\\/anwendungen\\\/fasern-fuer-betoninnenboeden\\\/#breadcrumb\",\"itemListElement\":[{\"@type\":\"ListItem\",\"position\":1,\"name\":\"Danish Fibres\",\"item\":\"https:\\\/\\\/danishfibres.com\\\/de\\\/home\\\/\"},{\"@type\":\"ListItem\",\"position\":2,\"name\":\"Konstruktionsfasern\",\"item\":\"https:\\\/\\\/danishfibres.com\\\/de\\\/konstruktionsfasern\\\/\"},{\"@type\":\"ListItem\",\"position\":3,\"name\":\"Anwendungen\",\"item\":\"https:\\\/\\\/danishfibres.com\\\/de\\\/konstruktionsfasern\\\/anwendungen\\\/\"},{\"@type\":\"ListItem\",\"position\":4,\"name\":\"Fasern f\u00fcr Betoninnenb\u00f6den\"}]},{\"@type\":\"WebSite\",\"@id\":\"https:\\\/\\\/danishfibres.com\\\/de\\\/#website\",\"url\":\"https:\\\/\\\/danishfibres.com\\\/de\\\/\",\"name\":\"Danish Fibres\",\"description\":\"Benefit from 40 years experience\",\"potentialAction\":[{\"@type\":\"SearchAction\",\"target\":{\"@type\":\"EntryPoint\",\"urlTemplate\":\"https:\\\/\\\/danishfibres.com\\\/de\\\/?s={search_term_string}\"},\"query-input\":{\"@type\":\"PropertyValueSpecification\",\"valueRequired\":true,\"valueName\":\"search_term_string\"}}],\"inLanguage\":\"de\"}]}<\/script>\n<!-- \/ Yoast SEO plugin. -->","yoast_head_json":{"title":"Fasern f\u00fcr Betoninnenb\u00f6den - Danish Fibres","description":"Mit Wiking\u00ae Fasern: Weniger Risse, h\u00f6here Schlagfestigkeit und verbesserte Verschlei\u00dffestigkeit f\u00fcr langlebige Innenbetonb\u00f6den.","robots":{"index":"index","follow":"follow","max-snippet":"max-snippet:-1","max-image-preview":"max-image-preview:large","max-video-preview":"max-video-preview:-1"},"canonical":"https:\/\/danishfibres.com\/de\/konstruktionsfasern\/anwendungen\/fasern-fuer-betoninnenboeden\/","og_locale":"de_DE","og_type":"article","og_title":"Fasern f\u00fcr Betoninnenb\u00f6den - Danish Fibres","og_description":"Mit Wiking\u00ae Fasern: Weniger Risse, h\u00f6here Schlagfestigkeit und verbesserte Verschlei\u00dffestigkeit f\u00fcr langlebige Innenbetonb\u00f6den.","og_url":"https:\/\/danishfibres.com\/de\/konstruktionsfasern\/anwendungen\/fasern-fuer-betoninnenboeden\/","og_site_name":"Danish Fibres","article_modified_time":"2025-12-03T14:17:10+00:00","og_image":[{"width":830,"height":350,"url":"https:\/\/danishfibres.com\/wp-content\/uploads\/indoor_concrete_floors_danish_fibres.png","type":"image\/png"}],"twitter_card":"summary_large_image","twitter_misc":{"Gesch\u00e4tzte Lesezeit":"2\u00a0Minuten"},"schema":{"@context":"https:\/\/schema.org","@graph":[{"@type":"WebPage","@id":"https:\/\/danishfibres.com\/de\/konstruktionsfasern\/anwendungen\/fasern-fuer-betoninnenboeden\/","url":"https:\/\/danishfibres.com\/de\/konstruktionsfasern\/anwendungen\/fasern-fuer-betoninnenboeden\/","name":"Fasern f\u00fcr Betoninnenb\u00f6den - Danish Fibres","isPartOf":{"@id":"https:\/\/danishfibres.com\/de\/#website"},"primaryImageOfPage":{"@id":"https:\/\/danishfibres.com\/de\/konstruktionsfasern\/anwendungen\/fasern-fuer-betoninnenboeden\/#primaryimage"},"image":{"@id":"https:\/\/danishfibres.com\/de\/konstruktionsfasern\/anwendungen\/fasern-fuer-betoninnenboeden\/#primaryimage"},"thumbnailUrl":"https:\/\/danishfibres.com\/wp-content\/uploads\/indoor_concrete_floors_danish_fibres.png","datePublished":"2025-08-27T08:54:40+00:00","dateModified":"2025-12-03T14:17:10+00:00","description":"Mit Wiking\u00ae Fasern: Weniger Risse, h\u00f6here Schlagfestigkeit und verbesserte Verschlei\u00dffestigkeit f\u00fcr langlebige Innenbetonb\u00f6den.","breadcrumb":{"@id":"https:\/\/danishfibres.com\/de\/konstruktionsfasern\/anwendungen\/fasern-fuer-betoninnenboeden\/#breadcrumb"},"inLanguage":"de","potentialAction":[{"@type":"ReadAction","target":["https:\/\/danishfibres.com\/de\/konstruktionsfasern\/anwendungen\/fasern-fuer-betoninnenboeden\/"]}]},{"@type":"ImageObject","inLanguage":"de","@id":"https:\/\/danishfibres.com\/de\/konstruktionsfasern\/anwendungen\/fasern-fuer-betoninnenboeden\/#primaryimage","url":"https:\/\/danishfibres.com\/wp-content\/uploads\/indoor_concrete_floors_danish_fibres.png","contentUrl":"https:\/\/danishfibres.com\/wp-content\/uploads\/indoor_concrete_floors_danish_fibres.png"},{"@type":"BreadcrumbList","@id":"https:\/\/danishfibres.com\/de\/konstruktionsfasern\/anwendungen\/fasern-fuer-betoninnenboeden\/#breadcrumb","itemListElement":[{"@type":"ListItem","position":1,"name":"Danish Fibres","item":"https:\/\/danishfibres.com\/de\/home\/"},{"@type":"ListItem","position":2,"name":"Konstruktionsfasern","item":"https:\/\/danishfibres.com\/de\/konstruktionsfasern\/"},{"@type":"ListItem","position":3,"name":"Anwendungen","item":"https:\/\/danishfibres.com\/de\/konstruktionsfasern\/anwendungen\/"},{"@type":"ListItem","position":4,"name":"Fasern f\u00fcr Betoninnenb\u00f6den"}]},{"@type":"WebSite","@id":"https:\/\/danishfibres.com\/de\/#website","url":"https:\/\/danishfibres.com\/de\/","name":"Danish Fibres","description":"Benefit from 40 years experience","potentialAction":[{"@type":"SearchAction","target":{"@type":"EntryPoint","urlTemplate":"https:\/\/danishfibres.com\/de\/?s={search_term_string}"},"query-input":{"@type":"PropertyValueSpecification","valueRequired":true,"valueName":"search_term_string"}}],"inLanguage":"de"}]}},"_links":{"self":[{"href":"https:\/\/danishfibres.com\/de\/wp-json\/wp\/v2\/pages\/1872","targetHints":{"allow":["GET"]}}],"collection":[{"href":"https:\/\/danishfibres.com\/de\/wp-json\/wp\/v2\/pages"}],"about":[{"href":"https:\/\/danishfibres.com\/de\/wp-json\/wp\/v2\/types\/page"}],"author":[{"embeddable":true,"href":"https:\/\/danishfibres.com\/de\/wp-json\/wp\/v2\/users\/2"}],"replies":[{"embeddable":true,"href":"https:\/\/danishfibres.com\/de\/wp-json\/wp\/v2\/comments?post=1872"}],"version-history":[{"count":7,"href":"https:\/\/danishfibres.com\/de\/wp-json\/wp\/v2\/pages\/1872\/revisions"}],"predecessor-version":[{"id":3576,"href":"https:\/\/danishfibres.com\/de\/wp-json\/wp\/v2\/pages\/1872\/revisions\/3576"}],"up":[{"embeddable":true,"href":"https:\/\/danishfibres.com\/de\/wp-json\/wp\/v2\/pages\/1868"}],"wp:attachment":[{"href":"https:\/\/danishfibres.com\/de\/wp-json\/wp\/v2\/media?parent=1872"}],"curies":[{"name":"wp","href":"https:\/\/api.w.org\/{rel}","templated":true}]}}