{"id":1877,"date":"2025-08-27T11:37:39","date_gmt":"2025-08-27T09:37:39","guid":{"rendered":"https:\/\/danishfibres.com\/anwendungen\/fasern-fuer-wasserresistenten-beton\/"},"modified":"2025-12-03T15:23:05","modified_gmt":"2025-12-03T14:23:05","slug":"fasern-fuer-wasserresistenten-beton","status":"publish","type":"page","link":"https:\/\/danishfibres.com\/de\/konstruktionsfasern\/anwendungen\/fasern-fuer-wasserresistenten-beton\/","title":{"rendered":"Fasern f\u00fcr wasserresistenten Beton"},"content":{"rendered":"\t\t<div data-elementor-type=\"wp-page\" data-elementor-id=\"1877\" class=\"elementor elementor-1877 elementor-994\" data-elementor-post-type=\"page\">\n\t\t\t\t<div class=\"elementor-element elementor-element-3176327 e-con-full e-flex e-con e-parent\" data-id=\"3176327\" data-element_type=\"container\" data-e-type=\"container\" data-settings=\"{&quot;background_background&quot;:&quot;classic&quot;}\">\n\t\t<div class=\"elementor-element elementor-element-ed7c1f4 e-con-full e-flex e-con e-child\" data-id=\"ed7c1f4\" data-element_type=\"container\" data-e-type=\"container\" data-settings=\"{&quot;background_background&quot;:&quot;classic&quot;}\">\n\t\t<div class=\"elementor-element elementor-element-d52dae1 e-con-full e-flex e-con e-child\" data-id=\"d52dae1\" data-element_type=\"container\" data-e-type=\"container\">\n\t\t\t\t<div class=\"elementor-element elementor-element-749e809 elementor-widget elementor-widget-image\" data-id=\"749e809\" data-element_type=\"widget\" data-e-type=\"widget\" data-widget_type=\"image.default\">\n\t\t\t\t\t\t\t\t\t\t\t\t\t\t\t<img fetchpriority=\"high\" decoding=\"async\" width=\"800\" height=\"289\" src=\"https:\/\/danishfibres.com\/wp-content\/uploads\/maritime_concrete_danish_fibres.jpg\" class=\"attachment-large size-large wp-image-985\" alt=\"Marine concrete reinforcement - Danish Fibres\" srcset=\"https:\/\/danishfibres.com\/wp-content\/uploads\/maritime_concrete_danish_fibres.jpg 830w, https:\/\/danishfibres.com\/wp-content\/uploads\/maritime_concrete_danish_fibres-300x108.jpg 300w, https:\/\/danishfibres.com\/wp-content\/uploads\/maritime_concrete_danish_fibres-768x278.jpg 768w\" sizes=\"(max-width: 800px) 100vw, 800px\" \/>\t\t\t\t\t\t\t\t\t\t\t\t\t\t\t<\/div>\n\t\t<div class=\"elementor-element elementor-element-005d7d4 e-con-full e-flex e-con e-child\" data-id=\"005d7d4\" data-element_type=\"container\" data-e-type=\"container\">\n\t\t\t\t<div class=\"elementor-element elementor-element-6731682 elementor-widget elementor-widget-heading\" data-id=\"6731682\" data-element_type=\"widget\" data-e-type=\"widget\" data-widget_type=\"heading.default\">\n\t\t\t\t\t<p class=\"elementor-heading-title elementor-size-default\">Anwendungen<\/p>\t\t\t\t<\/div>\n\t\t\t\t<div class=\"elementor-element elementor-element-b44ed5a elementor-widget elementor-widget-heading\" data-id=\"b44ed5a\" data-element_type=\"widget\" data-e-type=\"widget\" data-widget_type=\"heading.default\">\n\t\t\t\t\t<h1 class=\"elementor-heading-title elementor-size-default\">Fasern f\u00fcr wasserresistenten Beton<\/h1>\t\t\t\t<\/div>\n\t\t\t\t<div class=\"elementor-element elementor-element-936f968 df-text elementor-widget elementor-widget-text-editor\" data-id=\"936f968\" data-element_type=\"widget\" data-e-type=\"widget\" data-widget_type=\"text-editor.default\">\n\t\t\t\t\t\t\t\t\t<p><strong>Wasserresistenter Beton ist sehr harten Bedingungen ausgesetzt. Somit spielen Haltbarkeit und die strukturelle Zuverl\u00e4ssigkeit hier eine wichtige Rolle. Deshalb bieten wir von Danish Fibres ein gro\u00dfes Sortiment an Konstruktionsfasern f\u00fcr die Bewehrung von wasserfestem Beton an. <\/strong><\/p><p>Betonstrukturen in der Meeresumwelt besitzen aufgrund der erschwerten Bedingungen, die durch das Meerwasser verursacht werden, ein h\u00f6heres Risiko, schnell zu verfallen. Wasserresistenter Beton ist nicht nur chemischen Angriffen durch das Meereswasser ausgesetzt, sondern die st\u00e4ndigen Wellenbewegungen, der mitgeschwemmte Sand und der Kies haben negative Auswirkungen auf den Beton. Als Folge zersplittert der Beton und die Stahlst\u00e4be und Stahlgitter beginnen zu korrodieren.  <\/p><h2><strong>Konstruktionsfasern zur Erh\u00f6hung der Haltbarkeit in der Meeresumwelt<\/strong><\/h2><p>Wir von Danish Fibres haben daher ein gro\u00dfes Sortiment an Konstruktionsfasern entwickelt, welche die Haltbarkeit von wasserresistentem Beton erh\u00f6hen sollen. Wenn Sie die Wiking\u00ae Konstruktionsfasern von Danish Fibres der Betonmischung beimischen, reduzieren sich die Verschlei\u00dfsch\u00e4den um bis zu 40% und die Schlagfestigkeit steigt um 400%. <\/p><p>Dar\u00fcber hinaus reduzieren die Konstruktionsfasern von Danish Fibres die Wasseraufnahme des Betons und machen den Beton widerstandsf\u00e4higer gegen Permeation. Der Grund daf\u00fcr ist, dass die Fasern eine dreidimensionale Matrix bilden, welche der Bildung von Schrumpfrissen im Beton vorbeugt. Zudem ist der Beton weniger Chlorid Angriffen ausgesetzt, was zu den h\u00e4ufigsten Schadensursachen bei wasserfestem Beton geh\u00f6rt.  <\/p>\t\t\t\t\t\t\t\t<\/div>\n\t\t\t\t<\/div>\n\t\t\t\t<\/div>\n\t\t<div class=\"elementor-element elementor-element-bb9cf73 e-con-full e-flex e-con e-child\" data-id=\"bb9cf73\" data-element_type=\"container\" data-e-type=\"container\">\n\t\t\t\t<div class=\"elementor-element elementor-element-f0adf5b df-aside elementor-widget elementor-widget-text-editor\" data-id=\"f0adf5b\" data-element_type=\"widget\" data-e-type=\"widget\" data-widget_type=\"text-editor.default\">\n\t\t\t\t\t\t\t\t\t<h2>Vorteile des Einsatzes von Fasern f\u00fcr wasserresistenten Beton:<\/h2>\n<ul>\n \t<li>Vermeidung von Rissen<\/li>\n \t<li>Weniger Verschlei\u00dfsch\u00e4den<\/li>\n \t<li>Verbesserte Schlagfestigkeit<\/li>\n \t<li>Erh\u00f6hter Widerstand gegen Frost und Tau<\/li>\n \t<li>Reduzierte Durchl\u00e4ssigkeit<\/li>\n<\/ul>\n<h2>\u00c4hnliche Produkte:<\/h2>\n<ul>\n \t<li>Wiking\u00ae <a href=\"https:\/\/danishfibres.com\/de\/konstruktionsfasern\/wiking-mikrofasern\/\">Microfasern<\/a><\/li>\n \t<li>Wiking\u00ae <a href=\"https:\/\/danishfibres.com\/de\/konstruktionsfasern\/makrofasern\/\">Macrofasern<\/a><\/li>\n<\/ul>\t\t\t\t\t\t\t\t<\/div>\n\t\t\t\t<\/div>\n\t\t\t\t<\/div>\n\t\t\t\t<\/div>\n\t\t<div class=\"elementor-element elementor-element-24f8e6d e-flex e-con-boxed e-con e-parent\" data-id=\"24f8e6d\" data-element_type=\"container\" data-e-type=\"container\" data-settings=\"{&quot;background_background&quot;:&quot;classic&quot;}\">\n\t\t\t\t\t<div class=\"e-con-inner\">\n\t\t<div class=\"elementor-element elementor-element-345e232 e-con-full e-flex e-con e-child\" data-id=\"345e232\" data-element_type=\"container\" data-e-type=\"container\" data-settings=\"{&quot;background_background&quot;:&quot;classic&quot;}\">\n\t\t<div class=\"elementor-element elementor-element-312cb24 e-con-full e-flex e-con e-child\" data-id=\"312cb24\" data-element_type=\"container\" data-e-type=\"container\">\n\t\t\t\t<div class=\"elementor-element elementor-element-3f2dae7 elementor-widget elementor-widget-heading\" data-id=\"3f2dae7\" data-element_type=\"widget\" data-e-type=\"widget\" data-widget_type=\"heading.default\">\n\t\t\t\t\t<h2 class=\"elementor-heading-title elementor-size-default\">Vereinbaren Sie einen Termin mit unserem Vertriebsteam<\/h2>\t\t\t\t<\/div>\n\t\t<div class=\"elementor-element elementor-element-4ce9628 e-con-full e-flex e-con e-child\" data-id=\"4ce9628\" data-element_type=\"container\" data-e-type=\"container\">\n\t\t<div class=\"elementor-element elementor-element-d5975d4 e-con-full e-flex e-con e-child\" data-id=\"d5975d4\" data-element_type=\"container\" data-e-type=\"container\">\n\t\t\t\t<div class=\"elementor-element elementor-element-718199d sales-title elementor-widget elementor-widget-heading\" data-id=\"718199d\" data-element_type=\"widget\" data-e-type=\"widget\" data-widget_type=\"heading.default\">\n\t\t\t\t\t<p class=\"elementor-heading-title elementor-size-default\">CEO\/President<\/p>\t\t\t\t<\/div>\n\t\t\t\t<div class=\"elementor-element elementor-element-5d6ac5f sales-name elementor-widget elementor-widget-heading\" data-id=\"5d6ac5f\" data-element_type=\"widget\" data-e-type=\"widget\" data-widget_type=\"heading.default\">\n\t\t\t\t\t<p class=\"elementor-heading-title elementor-size-default\">Palle Kuntz<\/p>\t\t\t\t<\/div>\n\t\t\t\t<div class=\"elementor-element elementor-element-990b7b6 elementor-widget elementor-widget-heading\" data-id=\"990b7b6\" data-element_type=\"widget\" data-e-type=\"widget\" data-widget_type=\"heading.default\">\n\t\t\t\t\t<p class=\"elementor-heading-title elementor-size-default\"><a href=\"tel:+4524659615\">+45 24 65 96 15<\/a><\/p>\t\t\t\t<\/div>\n\t\t\t\t<div class=\"elementor-element elementor-element-eec5b25 sales-name elementor-widget elementor-widget-heading\" data-id=\"eec5b25\" data-element_type=\"widget\" data-e-type=\"widget\" data-widget_type=\"heading.default\">\n\t\t\t\t\t<p class=\"elementor-heading-title elementor-size-default\"><a href=\"mailto:pku@danishfibres.dk\">pku@danishfibres.dk<\/a><\/p>\t\t\t\t<\/div>\n\t\t\t\t<\/div>\n\t\t<div class=\"elementor-element elementor-element-93dc63c e-con-full e-flex e-con e-child\" data-id=\"93dc63c\" data-element_type=\"container\" data-e-type=\"container\">\n\t\t\t\t<div class=\"elementor-element elementor-element-8ede11e sales-title elementor-widget elementor-widget-heading\" data-id=\"8ede11e\" data-element_type=\"widget\" data-e-type=\"widget\" data-widget_type=\"heading.default\">\n\t\t\t\t\t<p class=\"elementor-heading-title elementor-size-default\">Vertriebsleiter<\/p>\t\t\t\t<\/div>\n\t\t\t\t<div class=\"elementor-element elementor-element-1dcb320 sales-name elementor-widget elementor-widget-heading\" data-id=\"1dcb320\" data-element_type=\"widget\" data-e-type=\"widget\" data-widget_type=\"heading.default\">\n\t\t\t\t\t<p class=\"elementor-heading-title elementor-size-default\">David Etzerodt<\/p>\t\t\t\t<\/div>\n\t\t\t\t<div class=\"elementor-element elementor-element-d29ba68 elementor-widget elementor-widget-heading\" data-id=\"d29ba68\" data-element_type=\"widget\" data-e-type=\"widget\" data-widget_type=\"heading.default\">\n\t\t\t\t\t<p class=\"elementor-heading-title elementor-size-default\"><a href=\"tel:+4520580599\">+45 20 58 05 99<\/a><\/p>\t\t\t\t<\/div>\n\t\t\t\t<div class=\"elementor-element elementor-element-d07e023 sales-name elementor-widget elementor-widget-heading\" data-id=\"d07e023\" data-element_type=\"widget\" data-e-type=\"widget\" data-widget_type=\"heading.default\">\n\t\t\t\t\t<p class=\"elementor-heading-title elementor-size-default\"><a href=\"mailto:dke@danishfibres.dk\">dke@danishfibres.dk<\/a><\/p>\t\t\t\t<\/div>\n\t\t\t\t<\/div>\n\t\t\t\t<\/div>\n\t\t\t\t<div class=\"elementor-element elementor-element-4903669 elementor-widget elementor-widget-button\" data-id=\"4903669\" data-element_type=\"widget\" data-e-type=\"widget\" data-widget_type=\"button.default\">\n\t\t\t\t\t\t\t\t\t\t<a class=\"elementor-button elementor-button-link elementor-size-sm\" href=\"https:\/\/danishfibres.com\/de\/kontakt\/\">\n\t\t\t\t\t\t<span class=\"elementor-button-content-wrapper\">\n\t\t\t\t\t\t\t\t\t<span class=\"elementor-button-text\">Kontaktieren Sie uns<\/span>\n\t\t\t\t\t<\/span>\n\t\t\t\t\t<\/a>\n\t\t\t\t\t\t\t\t<\/div>\n\t\t\t\t<\/div>\n\t\t<div class=\"elementor-element elementor-element-7c12f7c e-con-full e-flex e-con e-child\" data-id=\"7c12f7c\" data-element_type=\"container\" data-e-type=\"container\" data-settings=\"{&quot;background_background&quot;:&quot;classic&quot;}\">\n\t\t\t\t<div class=\"elementor-element elementor-element-a7543b2 elementor-widget elementor-widget-image\" data-id=\"a7543b2\" data-element_type=\"widget\" data-e-type=\"widget\" data-widget_type=\"image.default\">\n\t\t\t\t\t\t\t\t\t\t\t\t\t\t\t<img decoding=\"async\" width=\"527\" height=\"278\" src=\"https:\/\/danishfibres.com\/wp-content\/uploads\/Our_Sales_Team_Danish_Fibres_subpage.jpg\" class=\"attachment-large size-large wp-image-244\" alt=\"\" srcset=\"https:\/\/danishfibres.com\/wp-content\/uploads\/Our_Sales_Team_Danish_Fibres_subpage.jpg 527w, https:\/\/danishfibres.com\/wp-content\/uploads\/Our_Sales_Team_Danish_Fibres_subpage-300x158.jpg 300w\" sizes=\"(max-width: 527px) 100vw, 527px\" \/>\t\t\t\t\t\t\t\t\t\t\t\t\t\t\t<\/div>\n\t\t\t\t<\/div>\n\t\t\t\t<\/div>\n\t\t\t\t\t<\/div>\n\t\t\t\t<\/div>\n\t\t\t\t<\/div>\n\t\t","protected":false},"excerpt":{"rendered":"<p>Anwendungen Fasern f\u00fcr wasserresistenten Beton Wasserresistenter Beton ist sehr harten Bedingungen ausgesetzt. Somit spielen Haltbarkeit und die strukturelle Zuverl\u00e4ssigkeit hier eine wichtige Rolle. Deshalb bieten wir von Danish Fibres ein gro\u00dfes Sortiment an Konstruktionsfasern f\u00fcr die Bewehrung von wasserfestem Beton an. Betonstrukturen in der Meeresumwelt besitzen aufgrund der erschwerten Bedingungen, die durch das Meerwasser verursacht [&hellip;]<\/p>\n","protected":false},"author":2,"featured_media":0,"parent":1868,"menu_order":0,"comment_status":"closed","ping_status":"closed","template":"","meta":{"_acf_changed":false,"footnotes":""},"class_list":["post-1877","page","type-page","status-publish","hentry"],"acf":[],"yoast_head":"<!-- This site is optimized with the Yoast SEO plugin v27.4 - https:\/\/yoast.com\/product\/yoast-seo-wordpress\/ -->\n<title>Fasern f\u00fcr wasserresistenten Beton - Danish Fibres<\/title>\n<meta name=\"description\" content=\"Mit Wiking\u00ae Fasern: Weniger Risse, geringere Wasseraufnahme und h\u00f6here Schlagfestigkeit f\u00fcr langlebige wasserresistenten beton-Konstruktionen.\" \/>\n<meta name=\"robots\" content=\"index, follow, max-snippet:-1, max-image-preview:large, max-video-preview:-1\" \/>\n<link rel=\"canonical\" href=\"https:\/\/danishfibres.com\/de\/konstruktionsfasern\/anwendungen\/fasern-fuer-wasserresistenten-beton\/\" \/>\n<meta property=\"og:locale\" content=\"de_DE\" \/>\n<meta property=\"og:type\" content=\"article\" \/>\n<meta property=\"og:title\" content=\"Fasern f\u00fcr wasserresistenten Beton - Danish Fibres\" \/>\n<meta property=\"og:description\" content=\"Mit Wiking\u00ae Fasern: Weniger Risse, geringere Wasseraufnahme und h\u00f6here Schlagfestigkeit f\u00fcr langlebige wasserresistenten beton-Konstruktionen.\" \/>\n<meta property=\"og:url\" content=\"https:\/\/danishfibres.com\/de\/konstruktionsfasern\/anwendungen\/fasern-fuer-wasserresistenten-beton\/\" \/>\n<meta property=\"og:site_name\" content=\"Danish Fibres\" \/>\n<meta property=\"article:modified_time\" content=\"2025-12-03T14:23:05+00:00\" \/>\n<meta property=\"og:image\" content=\"https:\/\/danishfibres.com\/wp-content\/uploads\/maritime_concrete_danish_fibres.jpg\" \/>\n\t<meta property=\"og:image:width\" content=\"830\" \/>\n\t<meta property=\"og:image:height\" content=\"300\" \/>\n\t<meta property=\"og:image:type\" content=\"image\/jpeg\" \/>\n<meta name=\"twitter:card\" content=\"summary_large_image\" \/>\n<meta name=\"twitter:label1\" content=\"Gesch\u00e4tzte Lesezeit\" \/>\n\t<meta name=\"twitter:data1\" content=\"1\u00a0Minute\" \/>\n<script type=\"application\/ld+json\" class=\"yoast-schema-graph\">{\"@context\":\"https:\\\/\\\/schema.org\",\"@graph\":[{\"@type\":\"WebPage\",\"@id\":\"https:\\\/\\\/danishfibres.com\\\/de\\\/konstruktionsfasern\\\/anwendungen\\\/fasern-fuer-wasserresistenten-beton\\\/\",\"url\":\"https:\\\/\\\/danishfibres.com\\\/de\\\/konstruktionsfasern\\\/anwendungen\\\/fasern-fuer-wasserresistenten-beton\\\/\",\"name\":\"Fasern f\u00fcr wasserresistenten Beton - Danish Fibres\",\"isPartOf\":{\"@id\":\"https:\\\/\\\/danishfibres.com\\\/de\\\/#website\"},\"primaryImageOfPage\":{\"@id\":\"https:\\\/\\\/danishfibres.com\\\/de\\\/konstruktionsfasern\\\/anwendungen\\\/fasern-fuer-wasserresistenten-beton\\\/#primaryimage\"},\"image\":{\"@id\":\"https:\\\/\\\/danishfibres.com\\\/de\\\/konstruktionsfasern\\\/anwendungen\\\/fasern-fuer-wasserresistenten-beton\\\/#primaryimage\"},\"thumbnailUrl\":\"https:\\\/\\\/danishfibres.com\\\/wp-content\\\/uploads\\\/maritime_concrete_danish_fibres.jpg\",\"datePublished\":\"2025-08-27T09:37:39+00:00\",\"dateModified\":\"2025-12-03T14:23:05+00:00\",\"description\":\"Mit Wiking\u00ae Fasern: Weniger Risse, geringere Wasseraufnahme und h\u00f6here Schlagfestigkeit f\u00fcr langlebige wasserresistenten beton-Konstruktionen.\",\"breadcrumb\":{\"@id\":\"https:\\\/\\\/danishfibres.com\\\/de\\\/konstruktionsfasern\\\/anwendungen\\\/fasern-fuer-wasserresistenten-beton\\\/#breadcrumb\"},\"inLanguage\":\"de\",\"potentialAction\":[{\"@type\":\"ReadAction\",\"target\":[\"https:\\\/\\\/danishfibres.com\\\/de\\\/konstruktionsfasern\\\/anwendungen\\\/fasern-fuer-wasserresistenten-beton\\\/\"]}]},{\"@type\":\"ImageObject\",\"inLanguage\":\"de\",\"@id\":\"https:\\\/\\\/danishfibres.com\\\/de\\\/konstruktionsfasern\\\/anwendungen\\\/fasern-fuer-wasserresistenten-beton\\\/#primaryimage\",\"url\":\"https:\\\/\\\/danishfibres.com\\\/wp-content\\\/uploads\\\/maritime_concrete_danish_fibres.jpg\",\"contentUrl\":\"https:\\\/\\\/danishfibres.com\\\/wp-content\\\/uploads\\\/maritime_concrete_danish_fibres.jpg\"},{\"@type\":\"BreadcrumbList\",\"@id\":\"https:\\\/\\\/danishfibres.com\\\/de\\\/konstruktionsfasern\\\/anwendungen\\\/fasern-fuer-wasserresistenten-beton\\\/#breadcrumb\",\"itemListElement\":[{\"@type\":\"ListItem\",\"position\":1,\"name\":\"Danish Fibres\",\"item\":\"https:\\\/\\\/danishfibres.com\\\/de\\\/home\\\/\"},{\"@type\":\"ListItem\",\"position\":2,\"name\":\"Konstruktionsfasern\",\"item\":\"https:\\\/\\\/danishfibres.com\\\/de\\\/konstruktionsfasern\\\/\"},{\"@type\":\"ListItem\",\"position\":3,\"name\":\"Anwendungen\",\"item\":\"https:\\\/\\\/danishfibres.com\\\/de\\\/konstruktionsfasern\\\/anwendungen\\\/\"},{\"@type\":\"ListItem\",\"position\":4,\"name\":\"Fasern f\u00fcr wasserresistenten Beton\"}]},{\"@type\":\"WebSite\",\"@id\":\"https:\\\/\\\/danishfibres.com\\\/de\\\/#website\",\"url\":\"https:\\\/\\\/danishfibres.com\\\/de\\\/\",\"name\":\"Danish Fibres\",\"description\":\"Benefit from 40 years experience\",\"potentialAction\":[{\"@type\":\"SearchAction\",\"target\":{\"@type\":\"EntryPoint\",\"urlTemplate\":\"https:\\\/\\\/danishfibres.com\\\/de\\\/?s={search_term_string}\"},\"query-input\":{\"@type\":\"PropertyValueSpecification\",\"valueRequired\":true,\"valueName\":\"search_term_string\"}}],\"inLanguage\":\"de\"}]}<\/script>\n<!-- \/ Yoast SEO plugin. -->","yoast_head_json":{"title":"Fasern f\u00fcr wasserresistenten Beton - Danish Fibres","description":"Mit Wiking\u00ae Fasern: Weniger Risse, geringere Wasseraufnahme und h\u00f6here Schlagfestigkeit f\u00fcr langlebige wasserresistenten beton-Konstruktionen.","robots":{"index":"index","follow":"follow","max-snippet":"max-snippet:-1","max-image-preview":"max-image-preview:large","max-video-preview":"max-video-preview:-1"},"canonical":"https:\/\/danishfibres.com\/de\/konstruktionsfasern\/anwendungen\/fasern-fuer-wasserresistenten-beton\/","og_locale":"de_DE","og_type":"article","og_title":"Fasern f\u00fcr wasserresistenten Beton - Danish Fibres","og_description":"Mit Wiking\u00ae Fasern: Weniger Risse, geringere Wasseraufnahme und h\u00f6here Schlagfestigkeit f\u00fcr langlebige wasserresistenten beton-Konstruktionen.","og_url":"https:\/\/danishfibres.com\/de\/konstruktionsfasern\/anwendungen\/fasern-fuer-wasserresistenten-beton\/","og_site_name":"Danish Fibres","article_modified_time":"2025-12-03T14:23:05+00:00","og_image":[{"width":830,"height":300,"url":"https:\/\/danishfibres.com\/wp-content\/uploads\/maritime_concrete_danish_fibres.jpg","type":"image\/jpeg"}],"twitter_card":"summary_large_image","twitter_misc":{"Gesch\u00e4tzte Lesezeit":"1\u00a0Minute"},"schema":{"@context":"https:\/\/schema.org","@graph":[{"@type":"WebPage","@id":"https:\/\/danishfibres.com\/de\/konstruktionsfasern\/anwendungen\/fasern-fuer-wasserresistenten-beton\/","url":"https:\/\/danishfibres.com\/de\/konstruktionsfasern\/anwendungen\/fasern-fuer-wasserresistenten-beton\/","name":"Fasern f\u00fcr wasserresistenten Beton - Danish Fibres","isPartOf":{"@id":"https:\/\/danishfibres.com\/de\/#website"},"primaryImageOfPage":{"@id":"https:\/\/danishfibres.com\/de\/konstruktionsfasern\/anwendungen\/fasern-fuer-wasserresistenten-beton\/#primaryimage"},"image":{"@id":"https:\/\/danishfibres.com\/de\/konstruktionsfasern\/anwendungen\/fasern-fuer-wasserresistenten-beton\/#primaryimage"},"thumbnailUrl":"https:\/\/danishfibres.com\/wp-content\/uploads\/maritime_concrete_danish_fibres.jpg","datePublished":"2025-08-27T09:37:39+00:00","dateModified":"2025-12-03T14:23:05+00:00","description":"Mit Wiking\u00ae Fasern: Weniger Risse, geringere Wasseraufnahme und h\u00f6here Schlagfestigkeit f\u00fcr langlebige wasserresistenten beton-Konstruktionen.","breadcrumb":{"@id":"https:\/\/danishfibres.com\/de\/konstruktionsfasern\/anwendungen\/fasern-fuer-wasserresistenten-beton\/#breadcrumb"},"inLanguage":"de","potentialAction":[{"@type":"ReadAction","target":["https:\/\/danishfibres.com\/de\/konstruktionsfasern\/anwendungen\/fasern-fuer-wasserresistenten-beton\/"]}]},{"@type":"ImageObject","inLanguage":"de","@id":"https:\/\/danishfibres.com\/de\/konstruktionsfasern\/anwendungen\/fasern-fuer-wasserresistenten-beton\/#primaryimage","url":"https:\/\/danishfibres.com\/wp-content\/uploads\/maritime_concrete_danish_fibres.jpg","contentUrl":"https:\/\/danishfibres.com\/wp-content\/uploads\/maritime_concrete_danish_fibres.jpg"},{"@type":"BreadcrumbList","@id":"https:\/\/danishfibres.com\/de\/konstruktionsfasern\/anwendungen\/fasern-fuer-wasserresistenten-beton\/#breadcrumb","itemListElement":[{"@type":"ListItem","position":1,"name":"Danish Fibres","item":"https:\/\/danishfibres.com\/de\/home\/"},{"@type":"ListItem","position":2,"name":"Konstruktionsfasern","item":"https:\/\/danishfibres.com\/de\/konstruktionsfasern\/"},{"@type":"ListItem","position":3,"name":"Anwendungen","item":"https:\/\/danishfibres.com\/de\/konstruktionsfasern\/anwendungen\/"},{"@type":"ListItem","position":4,"name":"Fasern f\u00fcr wasserresistenten Beton"}]},{"@type":"WebSite","@id":"https:\/\/danishfibres.com\/de\/#website","url":"https:\/\/danishfibres.com\/de\/","name":"Danish Fibres","description":"Benefit from 40 years experience","potentialAction":[{"@type":"SearchAction","target":{"@type":"EntryPoint","urlTemplate":"https:\/\/danishfibres.com\/de\/?s={search_term_string}"},"query-input":{"@type":"PropertyValueSpecification","valueRequired":true,"valueName":"search_term_string"}}],"inLanguage":"de"}]}},"_links":{"self":[{"href":"https:\/\/danishfibres.com\/de\/wp-json\/wp\/v2\/pages\/1877","targetHints":{"allow":["GET"]}}],"collection":[{"href":"https:\/\/danishfibres.com\/de\/wp-json\/wp\/v2\/pages"}],"about":[{"href":"https:\/\/danishfibres.com\/de\/wp-json\/wp\/v2\/types\/page"}],"author":[{"embeddable":true,"href":"https:\/\/danishfibres.com\/de\/wp-json\/wp\/v2\/users\/2"}],"replies":[{"embeddable":true,"href":"https:\/\/danishfibres.com\/de\/wp-json\/wp\/v2\/comments?post=1877"}],"version-history":[{"count":5,"href":"https:\/\/danishfibres.com\/de\/wp-json\/wp\/v2\/pages\/1877\/revisions"}],"predecessor-version":[{"id":3572,"href":"https:\/\/danishfibres.com\/de\/wp-json\/wp\/v2\/pages\/1877\/revisions\/3572"}],"up":[{"embeddable":true,"href":"https:\/\/danishfibres.com\/de\/wp-json\/wp\/v2\/pages\/1868"}],"wp:attachment":[{"href":"https:\/\/danishfibres.com\/de\/wp-json\/wp\/v2\/media?parent=1877"}],"curies":[{"name":"wp","href":"https:\/\/api.w.org\/{rel}","templated":true}]}}