{"id":1882,"date":"2025-08-27T11:07:44","date_gmt":"2025-08-27T09:07:44","guid":{"rendered":"https:\/\/danishfibres.com\/anwendungen\/fasern-fuer-aussenbeton\/"},"modified":"2025-12-03T15:25:31","modified_gmt":"2025-12-03T14:25:31","slug":"fasern-fuer-aussenbeton","status":"publish","type":"page","link":"https:\/\/danishfibres.com\/de\/konstruktionsfasern\/anwendungen\/fasern-fuer-aussenbeton\/","title":{"rendered":"Fasern f\u00fcr Au\u00dfenbeton"},"content":{"rendered":"\t\t<div data-elementor-type=\"wp-page\" data-elementor-id=\"1882\" class=\"elementor elementor-1882 elementor-970\" data-elementor-post-type=\"page\">\n\t\t\t\t<div class=\"elementor-element elementor-element-6d44a8a e-con-full e-flex e-con e-parent\" data-id=\"6d44a8a\" data-element_type=\"container\" data-e-type=\"container\" data-settings=\"{&quot;background_background&quot;:&quot;classic&quot;}\">\n\t\t<div class=\"elementor-element elementor-element-bb718b3 e-con-full e-flex e-con e-child\" data-id=\"bb718b3\" data-element_type=\"container\" data-e-type=\"container\" data-settings=\"{&quot;background_background&quot;:&quot;classic&quot;}\">\n\t\t<div class=\"elementor-element elementor-element-2c5221f e-con-full e-flex e-con e-child\" data-id=\"2c5221f\" data-element_type=\"container\" data-e-type=\"container\">\n\t\t\t\t<div class=\"elementor-element elementor-element-8ef68e3 elementor-widget elementor-widget-image\" data-id=\"8ef68e3\" data-element_type=\"widget\" data-e-type=\"widget\" data-widget_type=\"image.default\">\n\t\t\t\t\t\t\t\t\t\t\t\t\t\t\t<img fetchpriority=\"high\" decoding=\"async\" width=\"800\" height=\"337\" src=\"https:\/\/danishfibres.com\/wp-content\/uploads\/outdoor_concrete_danish_fibres.jpg\" class=\"attachment-large size-large wp-image-969\" alt=\"Outdoor concrete reinforcement - Danish Fibres\" srcset=\"https:\/\/danishfibres.com\/wp-content\/uploads\/outdoor_concrete_danish_fibres.jpg 830w, https:\/\/danishfibres.com\/wp-content\/uploads\/outdoor_concrete_danish_fibres-300x127.jpg 300w, https:\/\/danishfibres.com\/wp-content\/uploads\/outdoor_concrete_danish_fibres-768x324.jpg 768w\" sizes=\"(max-width: 800px) 100vw, 800px\" \/>\t\t\t\t\t\t\t\t\t\t\t\t\t\t\t<\/div>\n\t\t<div class=\"elementor-element elementor-element-d3de84e e-con-full e-flex e-con e-child\" data-id=\"d3de84e\" data-element_type=\"container\" data-e-type=\"container\">\n\t\t\t\t<div class=\"elementor-element elementor-element-800c7db elementor-widget elementor-widget-heading\" data-id=\"800c7db\" data-element_type=\"widget\" data-e-type=\"widget\" data-widget_type=\"heading.default\">\n\t\t\t\t\t<p class=\"elementor-heading-title elementor-size-default\">Anwendungen<\/p>\t\t\t\t<\/div>\n\t\t\t\t<div class=\"elementor-element elementor-element-35af58c elementor-widget elementor-widget-heading\" data-id=\"35af58c\" data-element_type=\"widget\" data-e-type=\"widget\" data-widget_type=\"heading.default\">\n\t\t\t\t\t<h1 class=\"elementor-heading-title elementor-size-default\">Fasern f\u00fcr Au\u00dfenbeton<\/h1>\t\t\t\t<\/div>\n\t\t\t\t<div class=\"elementor-element elementor-element-6bc4afb df-text elementor-widget elementor-widget-text-editor\" data-id=\"6bc4afb\" data-element_type=\"widget\" data-e-type=\"widget\" data-widget_type=\"text-editor.default\">\n\t\t\t\t\t\t\t\t\t<p><strong>Im Freien ist Beton h\u00e4ufig rauen Wetterbedingungen und regelm\u00e4\u00dfigem starkem Verkehr ausgesetzt, der zu schnellem Verfall f\u00fchren kann. Aus diesem Grund haben wir die Wiking\u00ae-Konstruktionsfasern entwickelt, die verhindern, dass die Betonfundamente im Freien zerfallen. <\/strong><\/p><p>Wenn Sie die Wiking\u00ae Konstruktionsfasern der Betonmischung beimischen, steigt die Widerstandsf\u00e4higkeit des Au\u00dfenbetons gegen\u00fcber \u00e4u\u00dferen Kr\u00e4ften, die zu Rissen und allgemeinem Verfall f\u00fchren k\u00f6nnen.<\/p><h2><strong>Frost- und Tauwiderstand<\/strong><\/h2><p>W\u00e4hrend der Trocknungs- und H\u00e4rtungsphase des Au\u00dfenbetons bieten die Konstruktionsfasern von Danish Fibres eine hohe Widerstandsf\u00e4higkeit gegen\u00fcber klimatischen Bedingungen. Die Fasern bewirken, dass sich die Zugfestigkeit bereits in der H\u00e4rtungsphase entwickelt, wodurch sowohl die Gr\u00f6\u00dfe als auch die H\u00e4ufigkeit von Rissen verringert werden. <\/p><p>Im geh\u00e4rteten Zustand weisen die Wiking\u00ae Konstruktionsfasern eine langlebigere Struktur und Oberfl\u00e4che auf, wodurch der Beton besser vor Besch\u00e4digungen durch periodisches Gefrieren und Tauen gesch\u00fctzt ist.<\/p><h2><strong>Schlagfestigkeit<\/strong><\/h2><p>Wiking\u00ae-Konstruktionsfasern sorgen zudem f\u00fcr eine hohe Schlagfestigkeit im Beton. Dies kann auf die hohe Menge an absorbierter Energie zur\u00fcckgef\u00fchrt werden, die durch die Brechung, die Dehnung und das Ziehen der Fasern aufgenommen werden kann, sobald das Zementbindemittel verflogen ist. <\/p><p>Eine verbesserte Haftqualit\u00e4t im Zementbindemittel f\u00fchrt auch zu einer besseren Verformbarkeit und zu einer langlebigeren Betonoberfl\u00e4che.<\/p>\t\t\t\t\t\t\t\t<\/div>\n\t\t\t\t<\/div>\n\t\t\t\t<\/div>\n\t\t<div class=\"elementor-element elementor-element-4ac7422 e-con-full e-flex e-con e-child\" data-id=\"4ac7422\" data-element_type=\"container\" data-e-type=\"container\">\n\t\t\t\t<div class=\"elementor-element elementor-element-6bae1e9 df-aside elementor-widget elementor-widget-text-editor\" data-id=\"6bae1e9\" data-element_type=\"widget\" data-e-type=\"widget\" data-widget_type=\"text-editor.default\">\n\t\t\t\t\t\t\t\t\t<h2>Vorteile von Wiking\u00ae Konstruktionsfasern f\u00fcr Au\u00dfenbeton<\/h2>\n<ul>\n \t<li>Vermeidung von Rissen<\/li>\n \t<li>Verbesserte Best\u00e4ndigkeit gegen Frost und Tau<\/li>\n \t<li>Verbesserte Schlagfestigkeit<\/li>\n \t<li>Verbesserte Abriebfestigkeit<\/li>\n \t<li>Reduzierte Durchl\u00e4ssigkeit<\/li>\n \t<li>Fasern rosten oder korrodieren nicht<\/li>\n \t<li>\n<\/li><\/ul>\n<h2>\u00c4hnliche Produkte:<\/h2>\n<ul>\n \t<li>Wiking\u00ae <a href=\"https:\/\/danishfibres.com\/de\/konstruktionsfasern\/wiking-mikrofasern\/\">Microfasern<\/a><\/li>\n \t<li>Wiking\u00ae <a href=\"https:\/\/danishfibres.com\/de\/konstruktionsfasern\/makrofasern\/\">Macrofasern<\/a><\/li>\n<\/ul>\t\t\t\t\t\t\t\t<\/div>\n\t\t\t\t<\/div>\n\t\t\t\t<\/div>\n\t\t\t\t<\/div>\n\t\t<div class=\"elementor-element elementor-element-1093235 e-flex e-con-boxed e-con e-parent\" data-id=\"1093235\" data-element_type=\"container\" data-e-type=\"container\" data-settings=\"{&quot;background_background&quot;:&quot;classic&quot;}\">\n\t\t\t\t\t<div class=\"e-con-inner\">\n\t\t<div class=\"elementor-element elementor-element-e7c5e9e e-con-full e-flex e-con e-child\" data-id=\"e7c5e9e\" data-element_type=\"container\" data-e-type=\"container\" data-settings=\"{&quot;background_background&quot;:&quot;classic&quot;}\">\n\t\t<div class=\"elementor-element elementor-element-244007a e-con-full e-flex e-con e-child\" data-id=\"244007a\" data-element_type=\"container\" data-e-type=\"container\">\n\t\t\t\t<div class=\"elementor-element elementor-element-a5eaa4c elementor-widget elementor-widget-heading\" data-id=\"a5eaa4c\" data-element_type=\"widget\" data-e-type=\"widget\" data-widget_type=\"heading.default\">\n\t\t\t\t\t<h2 class=\"elementor-heading-title elementor-size-default\">Vereinbaren Sie einen Termin mit unserem Vertriebsteam<\/h2>\t\t\t\t<\/div>\n\t\t<div class=\"elementor-element elementor-element-3c1d4f7 e-con-full e-flex e-con e-child\" data-id=\"3c1d4f7\" data-element_type=\"container\" data-e-type=\"container\">\n\t\t<div class=\"elementor-element elementor-element-728d99d e-con-full e-flex e-con e-child\" data-id=\"728d99d\" data-element_type=\"container\" data-e-type=\"container\">\n\t\t\t\t<div class=\"elementor-element elementor-element-3b4b6ee sales-title elementor-widget elementor-widget-heading\" data-id=\"3b4b6ee\" data-element_type=\"widget\" data-e-type=\"widget\" data-widget_type=\"heading.default\">\n\t\t\t\t\t<p class=\"elementor-heading-title elementor-size-default\">CEO\/President<\/p>\t\t\t\t<\/div>\n\t\t\t\t<div class=\"elementor-element elementor-element-93bcabb sales-name elementor-widget elementor-widget-heading\" data-id=\"93bcabb\" data-element_type=\"widget\" data-e-type=\"widget\" data-widget_type=\"heading.default\">\n\t\t\t\t\t<p class=\"elementor-heading-title elementor-size-default\">Palle Kuntz<\/p>\t\t\t\t<\/div>\n\t\t\t\t<div class=\"elementor-element elementor-element-247be31 elementor-widget elementor-widget-heading\" data-id=\"247be31\" data-element_type=\"widget\" data-e-type=\"widget\" data-widget_type=\"heading.default\">\n\t\t\t\t\t<p class=\"elementor-heading-title elementor-size-default\"><a href=\"tel:+4524659615\">+45 24 65 96 15<\/a><\/p>\t\t\t\t<\/div>\n\t\t\t\t<div class=\"elementor-element elementor-element-f43af48 sales-name elementor-widget elementor-widget-heading\" data-id=\"f43af48\" data-element_type=\"widget\" data-e-type=\"widget\" data-widget_type=\"heading.default\">\n\t\t\t\t\t<p class=\"elementor-heading-title elementor-size-default\"><a href=\"mailto:pku@danishfibres.dk\">pku@danishfibres.dk<\/a><\/p>\t\t\t\t<\/div>\n\t\t\t\t<\/div>\n\t\t<div class=\"elementor-element elementor-element-df23141 e-con-full e-flex e-con e-child\" data-id=\"df23141\" data-element_type=\"container\" data-e-type=\"container\">\n\t\t\t\t<div class=\"elementor-element elementor-element-94d1937 sales-title elementor-widget elementor-widget-heading\" data-id=\"94d1937\" data-element_type=\"widget\" data-e-type=\"widget\" data-widget_type=\"heading.default\">\n\t\t\t\t\t<p class=\"elementor-heading-title elementor-size-default\">Vertriebsleiter<\/p>\t\t\t\t<\/div>\n\t\t\t\t<div class=\"elementor-element elementor-element-64b2b25 sales-name elementor-widget elementor-widget-heading\" data-id=\"64b2b25\" data-element_type=\"widget\" data-e-type=\"widget\" data-widget_type=\"heading.default\">\n\t\t\t\t\t<p class=\"elementor-heading-title elementor-size-default\">David Etzerodt<\/p>\t\t\t\t<\/div>\n\t\t\t\t<div class=\"elementor-element elementor-element-3c4dfb9 elementor-widget elementor-widget-heading\" data-id=\"3c4dfb9\" data-element_type=\"widget\" data-e-type=\"widget\" data-widget_type=\"heading.default\">\n\t\t\t\t\t<p class=\"elementor-heading-title elementor-size-default\"><a href=\"tel:+4520580599\">+45 20 58 05 99<\/a><\/p>\t\t\t\t<\/div>\n\t\t\t\t<div class=\"elementor-element elementor-element-cce2852 sales-name elementor-widget elementor-widget-heading\" data-id=\"cce2852\" data-element_type=\"widget\" data-e-type=\"widget\" data-widget_type=\"heading.default\">\n\t\t\t\t\t<p class=\"elementor-heading-title elementor-size-default\"><a href=\"mailto:dke@danishfibres.dk\">dke@danishfibres.dk<\/a><\/p>\t\t\t\t<\/div>\n\t\t\t\t<\/div>\n\t\t\t\t<\/div>\n\t\t\t\t<div class=\"elementor-element elementor-element-542ea14 elementor-widget elementor-widget-button\" data-id=\"542ea14\" data-element_type=\"widget\" data-e-type=\"widget\" data-widget_type=\"button.default\">\n\t\t\t\t\t\t\t\t\t\t<a class=\"elementor-button elementor-button-link elementor-size-sm\" href=\"https:\/\/danishfibres.com\/de\/kontakt\/\">\n\t\t\t\t\t\t<span class=\"elementor-button-content-wrapper\">\n\t\t\t\t\t\t\t\t\t<span class=\"elementor-button-text\">Kontaktieren Sie uns<\/span>\n\t\t\t\t\t<\/span>\n\t\t\t\t\t<\/a>\n\t\t\t\t\t\t\t\t<\/div>\n\t\t\t\t<\/div>\n\t\t<div class=\"elementor-element elementor-element-4476bfb e-con-full e-flex e-con e-child\" data-id=\"4476bfb\" data-element_type=\"container\" data-e-type=\"container\" data-settings=\"{&quot;background_background&quot;:&quot;classic&quot;}\">\n\t\t\t\t<div class=\"elementor-element elementor-element-3a2c025 elementor-widget elementor-widget-image\" data-id=\"3a2c025\" data-element_type=\"widget\" data-e-type=\"widget\" data-widget_type=\"image.default\">\n\t\t\t\t\t\t\t\t\t\t\t\t\t\t\t<img decoding=\"async\" width=\"527\" height=\"278\" src=\"https:\/\/danishfibres.com\/wp-content\/uploads\/Our_Sales_Team_Danish_Fibres_subpage.jpg\" class=\"attachment-large size-large wp-image-244\" alt=\"\" srcset=\"https:\/\/danishfibres.com\/wp-content\/uploads\/Our_Sales_Team_Danish_Fibres_subpage.jpg 527w, https:\/\/danishfibres.com\/wp-content\/uploads\/Our_Sales_Team_Danish_Fibres_subpage-300x158.jpg 300w\" sizes=\"(max-width: 527px) 100vw, 527px\" \/>\t\t\t\t\t\t\t\t\t\t\t\t\t\t\t<\/div>\n\t\t\t\t<\/div>\n\t\t\t\t<\/div>\n\t\t\t\t\t<\/div>\n\t\t\t\t<\/div>\n\t\t\t\t<\/div>\n\t\t","protected":false},"excerpt":{"rendered":"<p>Anwendungen Fasern f\u00fcr Au\u00dfenbeton Im Freien ist Beton h\u00e4ufig rauen Wetterbedingungen und regelm\u00e4\u00dfigem starkem Verkehr ausgesetzt, der zu schnellem Verfall f\u00fchren kann. Aus diesem Grund haben wir die Wiking\u00ae-Konstruktionsfasern entwickelt, die verhindern, dass die Betonfundamente im Freien zerfallen. Wenn Sie die Wiking\u00ae Konstruktionsfasern der Betonmischung beimischen, steigt die Widerstandsf\u00e4higkeit des Au\u00dfenbetons gegen\u00fcber \u00e4u\u00dferen Kr\u00e4ften, die [&hellip;]<\/p>\n","protected":false},"author":2,"featured_media":0,"parent":1868,"menu_order":0,"comment_status":"closed","ping_status":"closed","template":"","meta":{"_acf_changed":false,"footnotes":""},"class_list":["post-1882","page","type-page","status-publish","hentry"],"acf":[],"yoast_head":"<!-- This site is optimized with the Yoast SEO plugin v27.4 - https:\/\/yoast.com\/product\/yoast-seo-wordpress\/ -->\n<title>Fasern f\u00fcr Au\u00dfenbeton - Danish Fibres<\/title>\n<meta name=\"description\" content=\"Mit Wiking\u00ae Fasern: Weniger Risse, bessere Verschlei\u00dffestigkeit und h\u00f6here Haltbarkeit f\u00fcr robuste Au\u00dfenbetonfl\u00e4chen.\" \/>\n<meta name=\"robots\" content=\"index, follow, max-snippet:-1, max-image-preview:large, max-video-preview:-1\" \/>\n<link rel=\"canonical\" href=\"https:\/\/danishfibres.com\/de\/konstruktionsfasern\/anwendungen\/fasern-fuer-aussenbeton\/\" \/>\n<meta property=\"og:locale\" content=\"de_DE\" \/>\n<meta property=\"og:type\" content=\"article\" \/>\n<meta property=\"og:title\" content=\"Fasern f\u00fcr Au\u00dfenbeton - Danish Fibres\" \/>\n<meta property=\"og:description\" content=\"Mit Wiking\u00ae Fasern: Weniger Risse, bessere Verschlei\u00dffestigkeit und h\u00f6here Haltbarkeit f\u00fcr robuste Au\u00dfenbetonfl\u00e4chen.\" \/>\n<meta property=\"og:url\" content=\"https:\/\/danishfibres.com\/de\/konstruktionsfasern\/anwendungen\/fasern-fuer-aussenbeton\/\" \/>\n<meta property=\"og:site_name\" content=\"Danish Fibres\" \/>\n<meta property=\"article:modified_time\" content=\"2025-12-03T14:25:31+00:00\" \/>\n<meta property=\"og:image\" content=\"https:\/\/danishfibres.com\/wp-content\/uploads\/outdoor_concrete_danish_fibres.jpg\" \/>\n\t<meta property=\"og:image:width\" content=\"830\" \/>\n\t<meta property=\"og:image:height\" content=\"350\" \/>\n\t<meta property=\"og:image:type\" content=\"image\/jpeg\" \/>\n<meta name=\"twitter:card\" content=\"summary_large_image\" \/>\n<meta name=\"twitter:label1\" content=\"Gesch\u00e4tzte Lesezeit\" \/>\n\t<meta name=\"twitter:data1\" content=\"1\u00a0Minute\" \/>\n<script type=\"application\/ld+json\" class=\"yoast-schema-graph\">{\"@context\":\"https:\\\/\\\/schema.org\",\"@graph\":[{\"@type\":\"WebPage\",\"@id\":\"https:\\\/\\\/danishfibres.com\\\/de\\\/konstruktionsfasern\\\/anwendungen\\\/fasern-fuer-aussenbeton\\\/\",\"url\":\"https:\\\/\\\/danishfibres.com\\\/de\\\/konstruktionsfasern\\\/anwendungen\\\/fasern-fuer-aussenbeton\\\/\",\"name\":\"Fasern f\u00fcr Au\u00dfenbeton - Danish Fibres\",\"isPartOf\":{\"@id\":\"https:\\\/\\\/danishfibres.com\\\/de\\\/#website\"},\"primaryImageOfPage\":{\"@id\":\"https:\\\/\\\/danishfibres.com\\\/de\\\/konstruktionsfasern\\\/anwendungen\\\/fasern-fuer-aussenbeton\\\/#primaryimage\"},\"image\":{\"@id\":\"https:\\\/\\\/danishfibres.com\\\/de\\\/konstruktionsfasern\\\/anwendungen\\\/fasern-fuer-aussenbeton\\\/#primaryimage\"},\"thumbnailUrl\":\"https:\\\/\\\/danishfibres.com\\\/wp-content\\\/uploads\\\/outdoor_concrete_danish_fibres.jpg\",\"datePublished\":\"2025-08-27T09:07:44+00:00\",\"dateModified\":\"2025-12-03T14:25:31+00:00\",\"description\":\"Mit Wiking\u00ae Fasern: Weniger Risse, bessere Verschlei\u00dffestigkeit und h\u00f6here Haltbarkeit f\u00fcr robuste Au\u00dfenbetonfl\u00e4chen.\",\"breadcrumb\":{\"@id\":\"https:\\\/\\\/danishfibres.com\\\/de\\\/konstruktionsfasern\\\/anwendungen\\\/fasern-fuer-aussenbeton\\\/#breadcrumb\"},\"inLanguage\":\"de\",\"potentialAction\":[{\"@type\":\"ReadAction\",\"target\":[\"https:\\\/\\\/danishfibres.com\\\/de\\\/konstruktionsfasern\\\/anwendungen\\\/fasern-fuer-aussenbeton\\\/\"]}]},{\"@type\":\"ImageObject\",\"inLanguage\":\"de\",\"@id\":\"https:\\\/\\\/danishfibres.com\\\/de\\\/konstruktionsfasern\\\/anwendungen\\\/fasern-fuer-aussenbeton\\\/#primaryimage\",\"url\":\"https:\\\/\\\/danishfibres.com\\\/wp-content\\\/uploads\\\/outdoor_concrete_danish_fibres.jpg\",\"contentUrl\":\"https:\\\/\\\/danishfibres.com\\\/wp-content\\\/uploads\\\/outdoor_concrete_danish_fibres.jpg\"},{\"@type\":\"BreadcrumbList\",\"@id\":\"https:\\\/\\\/danishfibres.com\\\/de\\\/konstruktionsfasern\\\/anwendungen\\\/fasern-fuer-aussenbeton\\\/#breadcrumb\",\"itemListElement\":[{\"@type\":\"ListItem\",\"position\":1,\"name\":\"Danish Fibres\",\"item\":\"https:\\\/\\\/danishfibres.com\\\/de\\\/home\\\/\"},{\"@type\":\"ListItem\",\"position\":2,\"name\":\"Konstruktionsfasern\",\"item\":\"https:\\\/\\\/danishfibres.com\\\/de\\\/konstruktionsfasern\\\/\"},{\"@type\":\"ListItem\",\"position\":3,\"name\":\"Anwendungen\",\"item\":\"https:\\\/\\\/danishfibres.com\\\/de\\\/konstruktionsfasern\\\/anwendungen\\\/\"},{\"@type\":\"ListItem\",\"position\":4,\"name\":\"Fasern f\u00fcr Au\u00dfenbeton\"}]},{\"@type\":\"WebSite\",\"@id\":\"https:\\\/\\\/danishfibres.com\\\/de\\\/#website\",\"url\":\"https:\\\/\\\/danishfibres.com\\\/de\\\/\",\"name\":\"Danish Fibres\",\"description\":\"Benefit from 40 years experience\",\"potentialAction\":[{\"@type\":\"SearchAction\",\"target\":{\"@type\":\"EntryPoint\",\"urlTemplate\":\"https:\\\/\\\/danishfibres.com\\\/de\\\/?s={search_term_string}\"},\"query-input\":{\"@type\":\"PropertyValueSpecification\",\"valueRequired\":true,\"valueName\":\"search_term_string\"}}],\"inLanguage\":\"de\"}]}<\/script>\n<!-- \/ Yoast SEO plugin. -->","yoast_head_json":{"title":"Fasern f\u00fcr Au\u00dfenbeton - Danish Fibres","description":"Mit Wiking\u00ae Fasern: Weniger Risse, bessere Verschlei\u00dffestigkeit und h\u00f6here Haltbarkeit f\u00fcr robuste Au\u00dfenbetonfl\u00e4chen.","robots":{"index":"index","follow":"follow","max-snippet":"max-snippet:-1","max-image-preview":"max-image-preview:large","max-video-preview":"max-video-preview:-1"},"canonical":"https:\/\/danishfibres.com\/de\/konstruktionsfasern\/anwendungen\/fasern-fuer-aussenbeton\/","og_locale":"de_DE","og_type":"article","og_title":"Fasern f\u00fcr Au\u00dfenbeton - Danish Fibres","og_description":"Mit Wiking\u00ae Fasern: Weniger Risse, bessere Verschlei\u00dffestigkeit und h\u00f6here Haltbarkeit f\u00fcr robuste Au\u00dfenbetonfl\u00e4chen.","og_url":"https:\/\/danishfibres.com\/de\/konstruktionsfasern\/anwendungen\/fasern-fuer-aussenbeton\/","og_site_name":"Danish Fibres","article_modified_time":"2025-12-03T14:25:31+00:00","og_image":[{"width":830,"height":350,"url":"https:\/\/danishfibres.com\/wp-content\/uploads\/outdoor_concrete_danish_fibres.jpg","type":"image\/jpeg"}],"twitter_card":"summary_large_image","twitter_misc":{"Gesch\u00e4tzte Lesezeit":"1\u00a0Minute"},"schema":{"@context":"https:\/\/schema.org","@graph":[{"@type":"WebPage","@id":"https:\/\/danishfibres.com\/de\/konstruktionsfasern\/anwendungen\/fasern-fuer-aussenbeton\/","url":"https:\/\/danishfibres.com\/de\/konstruktionsfasern\/anwendungen\/fasern-fuer-aussenbeton\/","name":"Fasern f\u00fcr Au\u00dfenbeton - Danish Fibres","isPartOf":{"@id":"https:\/\/danishfibres.com\/de\/#website"},"primaryImageOfPage":{"@id":"https:\/\/danishfibres.com\/de\/konstruktionsfasern\/anwendungen\/fasern-fuer-aussenbeton\/#primaryimage"},"image":{"@id":"https:\/\/danishfibres.com\/de\/konstruktionsfasern\/anwendungen\/fasern-fuer-aussenbeton\/#primaryimage"},"thumbnailUrl":"https:\/\/danishfibres.com\/wp-content\/uploads\/outdoor_concrete_danish_fibres.jpg","datePublished":"2025-08-27T09:07:44+00:00","dateModified":"2025-12-03T14:25:31+00:00","description":"Mit Wiking\u00ae Fasern: Weniger Risse, bessere Verschlei\u00dffestigkeit und h\u00f6here Haltbarkeit f\u00fcr robuste Au\u00dfenbetonfl\u00e4chen.","breadcrumb":{"@id":"https:\/\/danishfibres.com\/de\/konstruktionsfasern\/anwendungen\/fasern-fuer-aussenbeton\/#breadcrumb"},"inLanguage":"de","potentialAction":[{"@type":"ReadAction","target":["https:\/\/danishfibres.com\/de\/konstruktionsfasern\/anwendungen\/fasern-fuer-aussenbeton\/"]}]},{"@type":"ImageObject","inLanguage":"de","@id":"https:\/\/danishfibres.com\/de\/konstruktionsfasern\/anwendungen\/fasern-fuer-aussenbeton\/#primaryimage","url":"https:\/\/danishfibres.com\/wp-content\/uploads\/outdoor_concrete_danish_fibres.jpg","contentUrl":"https:\/\/danishfibres.com\/wp-content\/uploads\/outdoor_concrete_danish_fibres.jpg"},{"@type":"BreadcrumbList","@id":"https:\/\/danishfibres.com\/de\/konstruktionsfasern\/anwendungen\/fasern-fuer-aussenbeton\/#breadcrumb","itemListElement":[{"@type":"ListItem","position":1,"name":"Danish Fibres","item":"https:\/\/danishfibres.com\/de\/home\/"},{"@type":"ListItem","position":2,"name":"Konstruktionsfasern","item":"https:\/\/danishfibres.com\/de\/konstruktionsfasern\/"},{"@type":"ListItem","position":3,"name":"Anwendungen","item":"https:\/\/danishfibres.com\/de\/konstruktionsfasern\/anwendungen\/"},{"@type":"ListItem","position":4,"name":"Fasern f\u00fcr Au\u00dfenbeton"}]},{"@type":"WebSite","@id":"https:\/\/danishfibres.com\/de\/#website","url":"https:\/\/danishfibres.com\/de\/","name":"Danish Fibres","description":"Benefit from 40 years experience","potentialAction":[{"@type":"SearchAction","target":{"@type":"EntryPoint","urlTemplate":"https:\/\/danishfibres.com\/de\/?s={search_term_string}"},"query-input":{"@type":"PropertyValueSpecification","valueRequired":true,"valueName":"search_term_string"}}],"inLanguage":"de"}]}},"_links":{"self":[{"href":"https:\/\/danishfibres.com\/de\/wp-json\/wp\/v2\/pages\/1882","targetHints":{"allow":["GET"]}}],"collection":[{"href":"https:\/\/danishfibres.com\/de\/wp-json\/wp\/v2\/pages"}],"about":[{"href":"https:\/\/danishfibres.com\/de\/wp-json\/wp\/v2\/types\/page"}],"author":[{"embeddable":true,"href":"https:\/\/danishfibres.com\/de\/wp-json\/wp\/v2\/users\/2"}],"replies":[{"embeddable":true,"href":"https:\/\/danishfibres.com\/de\/wp-json\/wp\/v2\/comments?post=1882"}],"version-history":[{"count":7,"href":"https:\/\/danishfibres.com\/de\/wp-json\/wp\/v2\/pages\/1882\/revisions"}],"predecessor-version":[{"id":3574,"href":"https:\/\/danishfibres.com\/de\/wp-json\/wp\/v2\/pages\/1882\/revisions\/3574"}],"up":[{"embeddable":true,"href":"https:\/\/danishfibres.com\/de\/wp-json\/wp\/v2\/pages\/1868"}],"wp:attachment":[{"href":"https:\/\/danishfibres.com\/de\/wp-json\/wp\/v2\/media?parent=1882"}],"curies":[{"name":"wp","href":"https:\/\/api.w.org\/{rel}","templated":true}]}}