{"id":1889,"date":"2025-08-27T11:48:27","date_gmt":"2025-08-27T09:48:27","guid":{"rendered":"https:\/\/danishfibres.com\/anwendungen\/faserverstaerkter-zementputz\/"},"modified":"2025-12-03T15:28:33","modified_gmt":"2025-12-03T14:28:33","slug":"faserverstaerkter-zementputz","status":"publish","type":"page","link":"https:\/\/danishfibres.com\/de\/konstruktionsfasern\/anwendungen\/faserverstaerkter-zementputz\/","title":{"rendered":"Faserverst\u00e4rkter Zementputz"},"content":{"rendered":"\t\t<div data-elementor-type=\"wp-page\" data-elementor-id=\"1889\" class=\"elementor elementor-1889 elementor-1004\" data-elementor-post-type=\"page\">\n\t\t\t\t<div class=\"elementor-element elementor-element-14403a4 e-con-full e-flex e-con e-parent\" data-id=\"14403a4\" data-element_type=\"container\" data-e-type=\"container\" data-settings=\"{&quot;background_background&quot;:&quot;classic&quot;}\">\n\t\t<div class=\"elementor-element elementor-element-27b509c e-con-full e-flex e-con e-child\" data-id=\"27b509c\" data-element_type=\"container\" data-e-type=\"container\" data-settings=\"{&quot;background_background&quot;:&quot;classic&quot;}\">\n\t\t<div class=\"elementor-element elementor-element-99474b5 e-con-full e-flex e-con e-child\" data-id=\"99474b5\" data-element_type=\"container\" data-e-type=\"container\">\n\t\t\t\t<div class=\"elementor-element elementor-element-6ce7c3a elementor-widget elementor-widget-image\" data-id=\"6ce7c3a\" data-element_type=\"widget\" data-e-type=\"widget\" data-widget_type=\"image.default\">\n\t\t\t\t\t\t\t\t\t\t\t\t\t\t\t<img fetchpriority=\"high\" decoding=\"async\" width=\"800\" height=\"337\" src=\"https:\/\/danishfibres.com\/wp-content\/uploads\/reinforced_cement_render_danish_fibres.jpg\" class=\"attachment-large size-large wp-image-993\" alt=\"Reinforced cement render - Danish Fibres\" srcset=\"https:\/\/danishfibres.com\/wp-content\/uploads\/reinforced_cement_render_danish_fibres.jpg 830w, https:\/\/danishfibres.com\/wp-content\/uploads\/reinforced_cement_render_danish_fibres-300x127.jpg 300w, https:\/\/danishfibres.com\/wp-content\/uploads\/reinforced_cement_render_danish_fibres-768x324.jpg 768w\" sizes=\"(max-width: 800px) 100vw, 800px\" \/>\t\t\t\t\t\t\t\t\t\t\t\t\t\t\t<\/div>\n\t\t<div class=\"elementor-element elementor-element-360d7b8 e-con-full e-flex e-con e-child\" data-id=\"360d7b8\" data-element_type=\"container\" data-e-type=\"container\">\n\t\t\t\t<div class=\"elementor-element elementor-element-d5abbb1 elementor-widget elementor-widget-heading\" data-id=\"d5abbb1\" data-element_type=\"widget\" data-e-type=\"widget\" data-widget_type=\"heading.default\">\n\t\t\t\t\t<p class=\"elementor-heading-title elementor-size-default\">Anwendungen<\/p>\t\t\t\t<\/div>\n\t\t\t\t<div class=\"elementor-element elementor-element-ecef3e1 elementor-widget elementor-widget-heading\" data-id=\"ecef3e1\" data-element_type=\"widget\" data-e-type=\"widget\" data-widget_type=\"heading.default\">\n\t\t\t\t\t<h1 class=\"elementor-heading-title elementor-size-default\">Faserverst\u00e4rkter Zementputz<\/h1>\t\t\t\t<\/div>\n\t\t\t\t<div class=\"elementor-element elementor-element-aaf7392 df-text elementor-widget elementor-widget-text-editor\" data-id=\"aaf7392\" data-element_type=\"widget\" data-e-type=\"widget\" data-widget_type=\"text-editor.default\">\n\t\t\t\t\t\t\t\t\t<p><strong>Wir von Danish Fibres bieten ein breites Sortiment an Konstruktionsfasern f\u00fcr das Zementputzen an. Die Fasern sind speziell f\u00fcr zur Verbesserung von Zementputz entwickelt worden. Mit Hilfe unserer Fasern wird Zementputzen zu einer kosteng\u00fcnstigen Arbeit. <\/strong><\/p><p>Weniger Kunststoff-Schrumpfrisse<br>Wenn die Mikrofasern von Danish Fibres dem Zementputz hinzugef\u00fcgt werden, verteilen sich die Fasern und bilden eine dreidimensionale Matrix aus, welche verhindert, dass es zu Schrumpfrissen kommt. Das Ergebnis ist ein widerstandsf\u00e4higer Zementputz. Feine Risse auf der Oberfl\u00e4che werden vermieden. <\/p><h2>Reduzierte Durchl\u00e4ssigkeit<\/h2><p>Wenn Sie aber eine Zementputzmischung ohne Fasern verwenden, kann Kalkhydrat (ein Nebenprodukt von hydriertem Zement) Salpeterf\u00e4ule verursachen, was zu h\u00e4sslichen Flecken auf dem Endprodukt f\u00fchrt. Die Konstruktionsfasern von Danish Fibres reduzieren diese Probleme erheblich, indem sie eine niedrige Permeabilit\u00e4t gew\u00e4hrleisten. <\/p><h2>Erh\u00f6hte Haftung<\/h2><p>Wenn Sie eine Oberfl\u00e4che verputzen \u2013 unabh\u00e4ngig davon, ob es Ziegel, Zement oder Stein ist -, kann es zum Problem werden, dass die Zementputzmischung nicht haften bleibt. Diese mangelnde Haftung kann zu Rissen f\u00fchren und s\u00e4mtlicher Druck auf die Oberfl\u00e4che f\u00fchrt dazu, dass sich der Zementputz l\u00f6st. Wenn Sie aber Konstruktionsfasern von Danish Fibres dem Zementputz hinzuf\u00fcgen, sorgen die Fasern am Kontaktpunkt f\u00fcr ein optimales Wasser-Zement-Verh\u00e4ltnis, wodurch es zu maximalem Halt kommt.  <\/p>\t\t\t\t\t\t\t\t<\/div>\n\t\t\t\t<\/div>\n\t\t\t\t<\/div>\n\t\t<div class=\"elementor-element elementor-element-df0ceb3 e-con-full e-flex e-con e-child\" data-id=\"df0ceb3\" data-element_type=\"container\" data-e-type=\"container\">\n\t\t\t\t<div class=\"elementor-element elementor-element-8fed6df df-aside elementor-widget elementor-widget-text-editor\" data-id=\"8fed6df\" data-element_type=\"widget\" data-e-type=\"widget\" data-widget_type=\"text-editor.default\">\n\t\t\t\t\t\t\t\t\t<h2>Vorteile von Wiking\u00ae Konstruktion Fasern f\u00fcr bewehrten Zementputz:<\/h2><ul><li>Verringerte Kunststoff-Schrumpfrisse<\/li><li>Verbesserte Schlagfestigkeit<\/li><li>Verbesserte Haftung<\/li><li>Reduzierte Durchl\u00e4ssigkeit<\/li><\/ul><h2>\u00c4hnliche Produkte:<\/h2><ul><li>Wiking\u00ae <a href=\"https:\/\/danishfibres.com\/de\/konstruktionsfasern\/wiking-mikrofasern\/\">Microfasern<\/a><\/li><\/ul>\t\t\t\t\t\t\t\t<\/div>\n\t\t\t\t<\/div>\n\t\t\t\t<\/div>\n\t\t\t\t<\/div>\n\t\t<div class=\"elementor-element elementor-element-ae64a01 e-flex e-con-boxed e-con e-parent\" data-id=\"ae64a01\" data-element_type=\"container\" data-e-type=\"container\" data-settings=\"{&quot;background_background&quot;:&quot;classic&quot;}\">\n\t\t\t\t\t<div class=\"e-con-inner\">\n\t\t<div class=\"elementor-element elementor-element-752ea5e e-con-full e-flex e-con e-child\" data-id=\"752ea5e\" data-element_type=\"container\" data-e-type=\"container\" data-settings=\"{&quot;background_background&quot;:&quot;classic&quot;}\">\n\t\t<div class=\"elementor-element elementor-element-a864d2e e-con-full e-flex e-con e-child\" data-id=\"a864d2e\" data-element_type=\"container\" data-e-type=\"container\">\n\t\t\t\t<div class=\"elementor-element elementor-element-b59f90d elementor-widget elementor-widget-heading\" data-id=\"b59f90d\" data-element_type=\"widget\" data-e-type=\"widget\" data-widget_type=\"heading.default\">\n\t\t\t\t\t<h2 class=\"elementor-heading-title elementor-size-default\">Vereinbaren Sie einen Termin mit unserem Vertriebsteam<\/h2>\t\t\t\t<\/div>\n\t\t<div class=\"elementor-element elementor-element-7a79f4c e-con-full e-flex e-con e-child\" data-id=\"7a79f4c\" data-element_type=\"container\" data-e-type=\"container\">\n\t\t<div class=\"elementor-element elementor-element-a08930d e-con-full e-flex e-con e-child\" data-id=\"a08930d\" data-element_type=\"container\" data-e-type=\"container\">\n\t\t\t\t<div class=\"elementor-element elementor-element-c09a543 sales-title elementor-widget elementor-widget-heading\" data-id=\"c09a543\" data-element_type=\"widget\" data-e-type=\"widget\" data-widget_type=\"heading.default\">\n\t\t\t\t\t<p class=\"elementor-heading-title elementor-size-default\">CEO\/President<\/p>\t\t\t\t<\/div>\n\t\t\t\t<div class=\"elementor-element elementor-element-163a64e sales-name elementor-widget elementor-widget-heading\" data-id=\"163a64e\" data-element_type=\"widget\" data-e-type=\"widget\" data-widget_type=\"heading.default\">\n\t\t\t\t\t<p class=\"elementor-heading-title elementor-size-default\">Palle Kuntz<\/p>\t\t\t\t<\/div>\n\t\t\t\t<div class=\"elementor-element elementor-element-5f39391 elementor-widget elementor-widget-heading\" data-id=\"5f39391\" data-element_type=\"widget\" data-e-type=\"widget\" data-widget_type=\"heading.default\">\n\t\t\t\t\t<p class=\"elementor-heading-title elementor-size-default\"><a href=\"tel:+4524659615\">+45 24 65 96 15<\/a><\/p>\t\t\t\t<\/div>\n\t\t\t\t<div class=\"elementor-element elementor-element-1e1316a sales-name elementor-widget elementor-widget-heading\" data-id=\"1e1316a\" data-element_type=\"widget\" data-e-type=\"widget\" data-widget_type=\"heading.default\">\n\t\t\t\t\t<p class=\"elementor-heading-title elementor-size-default\"><a href=\"mailto:pku@danishfibres.dk\">pku@danishfibres.dk<\/a><\/p>\t\t\t\t<\/div>\n\t\t\t\t<\/div>\n\t\t<div class=\"elementor-element elementor-element-e2bbeb4 e-con-full e-flex e-con e-child\" data-id=\"e2bbeb4\" data-element_type=\"container\" data-e-type=\"container\">\n\t\t\t\t<div class=\"elementor-element elementor-element-e069543 sales-title elementor-widget elementor-widget-heading\" data-id=\"e069543\" data-element_type=\"widget\" data-e-type=\"widget\" data-widget_type=\"heading.default\">\n\t\t\t\t\t<p class=\"elementor-heading-title elementor-size-default\">Vertriebsleiter<\/p>\t\t\t\t<\/div>\n\t\t\t\t<div class=\"elementor-element elementor-element-40722c8 sales-name elementor-widget elementor-widget-heading\" data-id=\"40722c8\" data-element_type=\"widget\" data-e-type=\"widget\" data-widget_type=\"heading.default\">\n\t\t\t\t\t<p class=\"elementor-heading-title elementor-size-default\">David Etzerodt<\/p>\t\t\t\t<\/div>\n\t\t\t\t<div class=\"elementor-element elementor-element-9ac5c07 elementor-widget elementor-widget-heading\" data-id=\"9ac5c07\" data-element_type=\"widget\" data-e-type=\"widget\" data-widget_type=\"heading.default\">\n\t\t\t\t\t<p class=\"elementor-heading-title elementor-size-default\"><a href=\"tel:+4520580599\">+45 20 58 05 99<\/a><\/p>\t\t\t\t<\/div>\n\t\t\t\t<div class=\"elementor-element elementor-element-95ab609 sales-name elementor-widget elementor-widget-heading\" data-id=\"95ab609\" data-element_type=\"widget\" data-e-type=\"widget\" data-widget_type=\"heading.default\">\n\t\t\t\t\t<p class=\"elementor-heading-title elementor-size-default\"><a href=\"mailto:dke@danishfibres.dk\">dke@danishfibres.dk<\/a><\/p>\t\t\t\t<\/div>\n\t\t\t\t<\/div>\n\t\t\t\t<\/div>\n\t\t\t\t<div class=\"elementor-element elementor-element-6e5cdcc elementor-widget elementor-widget-button\" data-id=\"6e5cdcc\" data-element_type=\"widget\" data-e-type=\"widget\" data-widget_type=\"button.default\">\n\t\t\t\t\t\t\t\t\t\t<a class=\"elementor-button elementor-button-link elementor-size-sm\" href=\"https:\/\/danishfibres.com\/de\/kontakt\/\">\n\t\t\t\t\t\t<span class=\"elementor-button-content-wrapper\">\n\t\t\t\t\t\t\t\t\t<span class=\"elementor-button-text\">Kontaktieren Sie uns<\/span>\n\t\t\t\t\t<\/span>\n\t\t\t\t\t<\/a>\n\t\t\t\t\t\t\t\t<\/div>\n\t\t\t\t<\/div>\n\t\t<div class=\"elementor-element elementor-element-38a9ef8 e-con-full e-flex e-con e-child\" data-id=\"38a9ef8\" data-element_type=\"container\" data-e-type=\"container\" data-settings=\"{&quot;background_background&quot;:&quot;classic&quot;}\">\n\t\t\t\t<div class=\"elementor-element elementor-element-79df3c5 elementor-widget elementor-widget-image\" data-id=\"79df3c5\" data-element_type=\"widget\" data-e-type=\"widget\" data-widget_type=\"image.default\">\n\t\t\t\t\t\t\t\t\t\t\t\t\t\t\t<img decoding=\"async\" width=\"527\" height=\"278\" src=\"https:\/\/danishfibres.com\/wp-content\/uploads\/Our_Sales_Team_Danish_Fibres_subpage.jpg\" class=\"attachment-large size-large wp-image-244\" alt=\"\" srcset=\"https:\/\/danishfibres.com\/wp-content\/uploads\/Our_Sales_Team_Danish_Fibres_subpage.jpg 527w, https:\/\/danishfibres.com\/wp-content\/uploads\/Our_Sales_Team_Danish_Fibres_subpage-300x158.jpg 300w\" sizes=\"(max-width: 527px) 100vw, 527px\" \/>\t\t\t\t\t\t\t\t\t\t\t\t\t\t\t<\/div>\n\t\t\t\t<\/div>\n\t\t\t\t<\/div>\n\t\t\t\t\t<\/div>\n\t\t\t\t<\/div>\n\t\t\t\t<\/div>\n\t\t","protected":false},"excerpt":{"rendered":"<p>Anwendungen Faserverst\u00e4rkter Zementputz Wir von Danish Fibres bieten ein breites Sortiment an Konstruktionsfasern f\u00fcr das Zementputzen an. Die Fasern sind speziell f\u00fcr zur Verbesserung von Zementputz entwickelt worden. Mit Hilfe unserer Fasern wird Zementputzen zu einer kosteng\u00fcnstigen Arbeit. Weniger Kunststoff-SchrumpfrisseWenn die Mikrofasern von Danish Fibres dem Zementputz hinzugef\u00fcgt werden, verteilen sich die Fasern und bilden [&hellip;]<\/p>\n","protected":false},"author":2,"featured_media":0,"parent":1868,"menu_order":0,"comment_status":"closed","ping_status":"closed","template":"","meta":{"_acf_changed":false,"footnotes":""},"class_list":["post-1889","page","type-page","status-publish","hentry"],"acf":[],"yoast_head":"<!-- This site is optimized with the Yoast SEO plugin v27.4 - https:\/\/yoast.com\/product\/yoast-seo-wordpress\/ -->\n<title>Faserverst\u00e4rkter Zementputz - Danish Fibres<\/title>\n<meta name=\"description\" content=\"Verbessern Sie Zementputz mit Wiking\u00ae Fasern. Verringern Sie Risse, erh\u00f6hen Sie die Haltbarkeit und Sto\u00dffestigkeit f\u00fcr langlebige Oberfl\u00e4chen.\" \/>\n<meta name=\"robots\" content=\"index, follow, max-snippet:-1, max-image-preview:large, max-video-preview:-1\" \/>\n<link rel=\"canonical\" href=\"https:\/\/danishfibres.com\/de\/konstruktionsfasern\/anwendungen\/faserverstaerkter-zementputz\/\" \/>\n<meta property=\"og:locale\" content=\"de_DE\" \/>\n<meta property=\"og:type\" content=\"article\" \/>\n<meta property=\"og:title\" content=\"Faserverst\u00e4rkter Zementputz - Danish Fibres\" \/>\n<meta property=\"og:description\" content=\"Verbessern Sie Zementputz mit Wiking\u00ae Fasern. Verringern Sie Risse, erh\u00f6hen Sie die Haltbarkeit und Sto\u00dffestigkeit f\u00fcr langlebige Oberfl\u00e4chen.\" \/>\n<meta property=\"og:url\" content=\"https:\/\/danishfibres.com\/de\/konstruktionsfasern\/anwendungen\/faserverstaerkter-zementputz\/\" \/>\n<meta property=\"og:site_name\" content=\"Danish Fibres\" \/>\n<meta property=\"article:modified_time\" content=\"2025-12-03T14:28:33+00:00\" \/>\n<meta property=\"og:image\" content=\"https:\/\/danishfibres.com\/wp-content\/uploads\/reinforced_cement_render_danish_fibres.jpg\" \/>\n\t<meta property=\"og:image:width\" content=\"830\" \/>\n\t<meta property=\"og:image:height\" content=\"350\" \/>\n\t<meta property=\"og:image:type\" content=\"image\/jpeg\" \/>\n<meta name=\"twitter:card\" content=\"summary_large_image\" \/>\n<meta name=\"twitter:label1\" content=\"Gesch\u00e4tzte Lesezeit\" \/>\n\t<meta name=\"twitter:data1\" content=\"1\u00a0Minute\" \/>\n<script type=\"application\/ld+json\" class=\"yoast-schema-graph\">{\"@context\":\"https:\\\/\\\/schema.org\",\"@graph\":[{\"@type\":\"WebPage\",\"@id\":\"https:\\\/\\\/danishfibres.com\\\/de\\\/konstruktionsfasern\\\/anwendungen\\\/faserverstaerkter-zementputz\\\/\",\"url\":\"https:\\\/\\\/danishfibres.com\\\/de\\\/konstruktionsfasern\\\/anwendungen\\\/faserverstaerkter-zementputz\\\/\",\"name\":\"Faserverst\u00e4rkter Zementputz - Danish Fibres\",\"isPartOf\":{\"@id\":\"https:\\\/\\\/danishfibres.com\\\/de\\\/#website\"},\"primaryImageOfPage\":{\"@id\":\"https:\\\/\\\/danishfibres.com\\\/de\\\/konstruktionsfasern\\\/anwendungen\\\/faserverstaerkter-zementputz\\\/#primaryimage\"},\"image\":{\"@id\":\"https:\\\/\\\/danishfibres.com\\\/de\\\/konstruktionsfasern\\\/anwendungen\\\/faserverstaerkter-zementputz\\\/#primaryimage\"},\"thumbnailUrl\":\"https:\\\/\\\/danishfibres.com\\\/wp-content\\\/uploads\\\/reinforced_cement_render_danish_fibres.jpg\",\"datePublished\":\"2025-08-27T09:48:27+00:00\",\"dateModified\":\"2025-12-03T14:28:33+00:00\",\"description\":\"Verbessern Sie Zementputz mit Wiking\u00ae Fasern. Verringern Sie Risse, erh\u00f6hen Sie die Haltbarkeit und Sto\u00dffestigkeit f\u00fcr langlebige Oberfl\u00e4chen.\",\"breadcrumb\":{\"@id\":\"https:\\\/\\\/danishfibres.com\\\/de\\\/konstruktionsfasern\\\/anwendungen\\\/faserverstaerkter-zementputz\\\/#breadcrumb\"},\"inLanguage\":\"de\",\"potentialAction\":[{\"@type\":\"ReadAction\",\"target\":[\"https:\\\/\\\/danishfibres.com\\\/de\\\/konstruktionsfasern\\\/anwendungen\\\/faserverstaerkter-zementputz\\\/\"]}]},{\"@type\":\"ImageObject\",\"inLanguage\":\"de\",\"@id\":\"https:\\\/\\\/danishfibres.com\\\/de\\\/konstruktionsfasern\\\/anwendungen\\\/faserverstaerkter-zementputz\\\/#primaryimage\",\"url\":\"https:\\\/\\\/danishfibres.com\\\/wp-content\\\/uploads\\\/reinforced_cement_render_danish_fibres.jpg\",\"contentUrl\":\"https:\\\/\\\/danishfibres.com\\\/wp-content\\\/uploads\\\/reinforced_cement_render_danish_fibres.jpg\"},{\"@type\":\"BreadcrumbList\",\"@id\":\"https:\\\/\\\/danishfibres.com\\\/de\\\/konstruktionsfasern\\\/anwendungen\\\/faserverstaerkter-zementputz\\\/#breadcrumb\",\"itemListElement\":[{\"@type\":\"ListItem\",\"position\":1,\"name\":\"Danish Fibres\",\"item\":\"https:\\\/\\\/danishfibres.com\\\/de\\\/home\\\/\"},{\"@type\":\"ListItem\",\"position\":2,\"name\":\"Konstruktionsfasern\",\"item\":\"https:\\\/\\\/danishfibres.com\\\/de\\\/konstruktionsfasern\\\/\"},{\"@type\":\"ListItem\",\"position\":3,\"name\":\"Anwendungen\",\"item\":\"https:\\\/\\\/danishfibres.com\\\/de\\\/konstruktionsfasern\\\/anwendungen\\\/\"},{\"@type\":\"ListItem\",\"position\":4,\"name\":\"Faserverst\u00e4rkter Zementputz\"}]},{\"@type\":\"WebSite\",\"@id\":\"https:\\\/\\\/danishfibres.com\\\/de\\\/#website\",\"url\":\"https:\\\/\\\/danishfibres.com\\\/de\\\/\",\"name\":\"Danish Fibres\",\"description\":\"Benefit from 40 years experience\",\"potentialAction\":[{\"@type\":\"SearchAction\",\"target\":{\"@type\":\"EntryPoint\",\"urlTemplate\":\"https:\\\/\\\/danishfibres.com\\\/de\\\/?s={search_term_string}\"},\"query-input\":{\"@type\":\"PropertyValueSpecification\",\"valueRequired\":true,\"valueName\":\"search_term_string\"}}],\"inLanguage\":\"de\"}]}<\/script>\n<!-- \/ Yoast SEO plugin. -->","yoast_head_json":{"title":"Faserverst\u00e4rkter Zementputz - Danish Fibres","description":"Verbessern Sie Zementputz mit Wiking\u00ae Fasern. Verringern Sie Risse, erh\u00f6hen Sie die Haltbarkeit und Sto\u00dffestigkeit f\u00fcr langlebige Oberfl\u00e4chen.","robots":{"index":"index","follow":"follow","max-snippet":"max-snippet:-1","max-image-preview":"max-image-preview:large","max-video-preview":"max-video-preview:-1"},"canonical":"https:\/\/danishfibres.com\/de\/konstruktionsfasern\/anwendungen\/faserverstaerkter-zementputz\/","og_locale":"de_DE","og_type":"article","og_title":"Faserverst\u00e4rkter Zementputz - Danish Fibres","og_description":"Verbessern Sie Zementputz mit Wiking\u00ae Fasern. Verringern Sie Risse, erh\u00f6hen Sie die Haltbarkeit und Sto\u00dffestigkeit f\u00fcr langlebige Oberfl\u00e4chen.","og_url":"https:\/\/danishfibres.com\/de\/konstruktionsfasern\/anwendungen\/faserverstaerkter-zementputz\/","og_site_name":"Danish Fibres","article_modified_time":"2025-12-03T14:28:33+00:00","og_image":[{"width":830,"height":350,"url":"https:\/\/danishfibres.com\/wp-content\/uploads\/reinforced_cement_render_danish_fibres.jpg","type":"image\/jpeg"}],"twitter_card":"summary_large_image","twitter_misc":{"Gesch\u00e4tzte Lesezeit":"1\u00a0Minute"},"schema":{"@context":"https:\/\/schema.org","@graph":[{"@type":"WebPage","@id":"https:\/\/danishfibres.com\/de\/konstruktionsfasern\/anwendungen\/faserverstaerkter-zementputz\/","url":"https:\/\/danishfibres.com\/de\/konstruktionsfasern\/anwendungen\/faserverstaerkter-zementputz\/","name":"Faserverst\u00e4rkter Zementputz - Danish Fibres","isPartOf":{"@id":"https:\/\/danishfibres.com\/de\/#website"},"primaryImageOfPage":{"@id":"https:\/\/danishfibres.com\/de\/konstruktionsfasern\/anwendungen\/faserverstaerkter-zementputz\/#primaryimage"},"image":{"@id":"https:\/\/danishfibres.com\/de\/konstruktionsfasern\/anwendungen\/faserverstaerkter-zementputz\/#primaryimage"},"thumbnailUrl":"https:\/\/danishfibres.com\/wp-content\/uploads\/reinforced_cement_render_danish_fibres.jpg","datePublished":"2025-08-27T09:48:27+00:00","dateModified":"2025-12-03T14:28:33+00:00","description":"Verbessern Sie Zementputz mit Wiking\u00ae Fasern. Verringern Sie Risse, erh\u00f6hen Sie die Haltbarkeit und Sto\u00dffestigkeit f\u00fcr langlebige Oberfl\u00e4chen.","breadcrumb":{"@id":"https:\/\/danishfibres.com\/de\/konstruktionsfasern\/anwendungen\/faserverstaerkter-zementputz\/#breadcrumb"},"inLanguage":"de","potentialAction":[{"@type":"ReadAction","target":["https:\/\/danishfibres.com\/de\/konstruktionsfasern\/anwendungen\/faserverstaerkter-zementputz\/"]}]},{"@type":"ImageObject","inLanguage":"de","@id":"https:\/\/danishfibres.com\/de\/konstruktionsfasern\/anwendungen\/faserverstaerkter-zementputz\/#primaryimage","url":"https:\/\/danishfibres.com\/wp-content\/uploads\/reinforced_cement_render_danish_fibres.jpg","contentUrl":"https:\/\/danishfibres.com\/wp-content\/uploads\/reinforced_cement_render_danish_fibres.jpg"},{"@type":"BreadcrumbList","@id":"https:\/\/danishfibres.com\/de\/konstruktionsfasern\/anwendungen\/faserverstaerkter-zementputz\/#breadcrumb","itemListElement":[{"@type":"ListItem","position":1,"name":"Danish Fibres","item":"https:\/\/danishfibres.com\/de\/home\/"},{"@type":"ListItem","position":2,"name":"Konstruktionsfasern","item":"https:\/\/danishfibres.com\/de\/konstruktionsfasern\/"},{"@type":"ListItem","position":3,"name":"Anwendungen","item":"https:\/\/danishfibres.com\/de\/konstruktionsfasern\/anwendungen\/"},{"@type":"ListItem","position":4,"name":"Faserverst\u00e4rkter Zementputz"}]},{"@type":"WebSite","@id":"https:\/\/danishfibres.com\/de\/#website","url":"https:\/\/danishfibres.com\/de\/","name":"Danish Fibres","description":"Benefit from 40 years experience","potentialAction":[{"@type":"SearchAction","target":{"@type":"EntryPoint","urlTemplate":"https:\/\/danishfibres.com\/de\/?s={search_term_string}"},"query-input":{"@type":"PropertyValueSpecification","valueRequired":true,"valueName":"search_term_string"}}],"inLanguage":"de"}]}},"_links":{"self":[{"href":"https:\/\/danishfibres.com\/de\/wp-json\/wp\/v2\/pages\/1889","targetHints":{"allow":["GET"]}}],"collection":[{"href":"https:\/\/danishfibres.com\/de\/wp-json\/wp\/v2\/pages"}],"about":[{"href":"https:\/\/danishfibres.com\/de\/wp-json\/wp\/v2\/types\/page"}],"author":[{"embeddable":true,"href":"https:\/\/danishfibres.com\/de\/wp-json\/wp\/v2\/users\/2"}],"replies":[{"embeddable":true,"href":"https:\/\/danishfibres.com\/de\/wp-json\/wp\/v2\/comments?post=1889"}],"version-history":[{"count":6,"href":"https:\/\/danishfibres.com\/de\/wp-json\/wp\/v2\/pages\/1889\/revisions"}],"predecessor-version":[{"id":3568,"href":"https:\/\/danishfibres.com\/de\/wp-json\/wp\/v2\/pages\/1889\/revisions\/3568"}],"up":[{"embeddable":true,"href":"https:\/\/danishfibres.com\/de\/wp-json\/wp\/v2\/pages\/1868"}],"wp:attachment":[{"href":"https:\/\/danishfibres.com\/de\/wp-json\/wp\/v2\/media?parent=1889"}],"curies":[{"name":"wp","href":"https:\/\/api.w.org\/{rel}","templated":true}]}}