{"id":1902,"date":"2025-08-27T11:45:26","date_gmt":"2025-08-27T09:45:26","guid":{"rendered":"https:\/\/danishfibres.com\/anwendungen\/fasern-fuer-spritzbeton\/"},"modified":"2025-12-03T15:29:59","modified_gmt":"2025-12-03T14:29:59","slug":"fasern-fuer-spritzbeton","status":"publish","type":"page","link":"https:\/\/danishfibres.com\/de\/konstruktionsfasern\/anwendungen\/fasern-fuer-spritzbeton\/","title":{"rendered":"Fasern f\u00fcr Spritzbeton"},"content":{"rendered":"\t\t<div data-elementor-type=\"wp-page\" data-elementor-id=\"1902\" class=\"elementor elementor-1902 elementor-998\" data-elementor-post-type=\"page\">\n\t\t\t\t<div class=\"elementor-element elementor-element-46111d2 e-con-full e-flex e-con e-parent\" data-id=\"46111d2\" data-element_type=\"container\" data-e-type=\"container\" data-settings=\"{&quot;background_background&quot;:&quot;classic&quot;}\">\n\t\t<div class=\"elementor-element elementor-element-65bf41b e-con-full e-flex e-con e-child\" data-id=\"65bf41b\" data-element_type=\"container\" data-e-type=\"container\" data-settings=\"{&quot;background_background&quot;:&quot;classic&quot;}\">\n\t\t<div class=\"elementor-element elementor-element-6182908 e-con-full e-flex e-con e-child\" data-id=\"6182908\" data-element_type=\"container\" data-e-type=\"container\">\n\t\t\t\t<div class=\"elementor-element elementor-element-a2cd454 elementor-widget elementor-widget-image\" data-id=\"a2cd454\" data-element_type=\"widget\" data-e-type=\"widget\" data-widget_type=\"image.default\">\n\t\t\t\t\t\t\t\t\t\t\t\t\t\t\t<img fetchpriority=\"high\" decoding=\"async\" width=\"800\" height=\"337\" src=\"https:\/\/danishfibres.com\/wp-content\/uploads\/shotcrete_danish_fibres.jpg\" class=\"attachment-large size-large wp-image-989\" alt=\"Reinforced Shotcrete - Danish Fibres\" srcset=\"https:\/\/danishfibres.com\/wp-content\/uploads\/shotcrete_danish_fibres.jpg 830w, https:\/\/danishfibres.com\/wp-content\/uploads\/shotcrete_danish_fibres-300x127.jpg 300w, https:\/\/danishfibres.com\/wp-content\/uploads\/shotcrete_danish_fibres-768x324.jpg 768w\" sizes=\"(max-width: 800px) 100vw, 800px\" \/>\t\t\t\t\t\t\t\t\t\t\t\t\t\t\t<\/div>\n\t\t<div class=\"elementor-element elementor-element-bb9e06f e-con-full e-flex e-con e-child\" data-id=\"bb9e06f\" data-element_type=\"container\" data-e-type=\"container\">\n\t\t\t\t<div class=\"elementor-element elementor-element-ea4a65e elementor-widget elementor-widget-heading\" data-id=\"ea4a65e\" data-element_type=\"widget\" data-e-type=\"widget\" data-widget_type=\"heading.default\">\n\t\t\t\t\t<p class=\"elementor-heading-title elementor-size-default\">Anwendungen<\/p>\t\t\t\t<\/div>\n\t\t\t\t<div class=\"elementor-element elementor-element-3dcc6ed elementor-widget elementor-widget-heading\" data-id=\"3dcc6ed\" data-element_type=\"widget\" data-e-type=\"widget\" data-widget_type=\"heading.default\">\n\t\t\t\t\t<h1 class=\"elementor-heading-title elementor-size-default\">Fasern f\u00fcr Spritzbeton<\/h1>\t\t\t\t<\/div>\n\t\t\t\t<div class=\"elementor-element elementor-element-ea195e7 df-text elementor-widget elementor-widget-text-editor\" data-id=\"ea195e7\" data-element_type=\"widget\" data-e-type=\"widget\" data-widget_type=\"text-editor.default\">\n\t\t\t\t\t\t\t\t\t<p><strong>Wir von Wiking\u00ae haben eine Reihe von Konstruktionsfasern entwickelt, um die Qualit\u00e4t des Spritzbetons zu verbessern \u2013 sowohl bei der Nassmischung als auch bei der Trockenmischung. Die Fasern reduzieren das R\u00fcckprallverhalten des Spritzbetons und beugen der Rissbildung vor. <\/strong><\/p><p>Spritzbeton (Spr\u00fchbeton) ist ein Verfahren, bei dem hochfester Beton oder M\u00f6rtel auf eine Oberfl\u00e4che gespr\u00fcht wird, wobei Druckluft verwendet wird, um den Beton oder den M\u00f6rtel mit hoher Geschwindigkeit durch einen Schlauch zu pressen. Diese Auftragsweise macht den Spritzbeton haltbarer als herk\u00f6mmlichen Beton. <\/p><h2><strong>Reduziertes R\u00fcckprallverhalten von Spritzbeton<\/strong><\/h2><p>Ein Spr\u00fchvorgang mit hoher Geschwindigkeit ist notwendig, um ein starkes und dauerhaftes Ergebnis zu erzielen. Eine hohe Geschwindigkeit bedeutet jedoch auch, dass ein Teil des Spritzbetons von der Oberfl\u00e4che abprallt. Somit wird ein Teil des Spritzbetons nicht genutzt: ein kostspieliges Verfahren, das in manchen F\u00e4llen sogar einen Verlust von 40% bedeutet. Zudem enth\u00e4lt der Spritzbeton, welcher zur\u00fcckprallt, die gr\u00f6\u00dften Partikel der Spritzbetonmischung. Als Folge \u00fcbersteigt die Dicke des aufgetragenen Spritzbetons die erwartete Menge. Somit ist der Spritzbeton anf\u00e4lliger gegen\u00fcber Schrumpfvorg\u00e4ngen.    <\/p><p>Wenn Sie die Wiking\u00ae Konstruktionsfasern von Danish Fibres zum Spritzbeton hinzuf\u00fcgen, verst\u00e4rkt sich die Koh\u00e4renz der Mischung merklich, indem sich die Zementmaterialien mechanisch miteinander verbinden. Infolgedessen reduziert sich das R\u00fcckprallverhalten des Spritzbetons merklich. <\/p><h2><strong>Weniger Schrumpfrisse<\/strong><\/h2><p>Spritzbeton leidet ebenfalls an Schrumpfrissen. Wenn Sie aber die Konstruktionsfasern von Danish Fibres dem Spritzbeton hinzuf\u00fcgen, steigt die Zugverformungskapazit\u00e4t w\u00e4hrend der plastischen Phase an, welche der Bildung von Schrumpfrissen vorbeugt. <\/p><p>Die Konstruktionsfasern von Danish Fibres erh\u00f6hen zudem die Widerstandsf\u00e4higkeit des Spritzbetons gegen Frost und Tauvorg\u00e4nge, indem sie eine widerstandsf\u00e4hige Oberfl\u00e4che schaffen, die das Eindringen von Wasser und chemischen Fl\u00fcssigkeiten verhindert.<\/p>\t\t\t\t\t\t\t\t<\/div>\n\t\t\t\t<\/div>\n\t\t\t\t<\/div>\n\t\t<div class=\"elementor-element elementor-element-267bf7e e-con-full e-flex e-con e-child\" data-id=\"267bf7e\" data-element_type=\"container\" data-e-type=\"container\">\n\t\t\t\t<div class=\"elementor-element elementor-element-7dd8cb6 df-aside elementor-widget elementor-widget-text-editor\" data-id=\"7dd8cb6\" data-element_type=\"widget\" data-e-type=\"widget\" data-widget_type=\"text-editor.default\">\n\t\t\t\t\t\t\t\t\t<h2>Vorteile von Wiking\u00ae Konstruktionsfasern f\u00fcr Spritzbeton<\/h2><ul><li>Reduziertes R\u00fcckprallverhalten von Spritzbeton<\/li><li>Verringerte Kunststoff-Schrumpfrisse<\/li><li>Verbesserte Best\u00e4ndigkeit bei Frost und Auftauen<\/li><li>Erh\u00f6hte Haftung<\/li><li>Reduzierte Durchl\u00e4ssigkeit<\/li><\/ul><h2>\u00c4hnliche Produkte:<\/h2><ul><li>Wiking\u00ae <a href=\"https:\/\/danishfibres.com\/de\/konstruktionsfasern\/wiking-mikrofasern\/\">Microfasern<\/a><\/li><\/ul>\t\t\t\t\t\t\t\t<\/div>\n\t\t\t\t<\/div>\n\t\t\t\t<\/div>\n\t\t\t\t<\/div>\n\t\t<div class=\"elementor-element elementor-element-8677f8c e-flex e-con-boxed e-con e-parent\" data-id=\"8677f8c\" data-element_type=\"container\" data-e-type=\"container\" data-settings=\"{&quot;background_background&quot;:&quot;classic&quot;}\">\n\t\t\t\t\t<div class=\"e-con-inner\">\n\t\t<div class=\"elementor-element elementor-element-a7c486b e-con-full e-flex e-con e-child\" data-id=\"a7c486b\" data-element_type=\"container\" data-e-type=\"container\" data-settings=\"{&quot;background_background&quot;:&quot;classic&quot;}\">\n\t\t<div class=\"elementor-element elementor-element-d2cc31e e-con-full e-flex e-con e-child\" data-id=\"d2cc31e\" data-element_type=\"container\" data-e-type=\"container\">\n\t\t\t\t<div class=\"elementor-element elementor-element-06548ee elementor-widget elementor-widget-heading\" data-id=\"06548ee\" data-element_type=\"widget\" data-e-type=\"widget\" data-widget_type=\"heading.default\">\n\t\t\t\t\t<h2 class=\"elementor-heading-title elementor-size-default\">Vereinbaren Sie einen Termin mit unserem Vertriebsteam<\/h2>\t\t\t\t<\/div>\n\t\t<div class=\"elementor-element elementor-element-1e48cb9 e-con-full e-flex e-con e-child\" data-id=\"1e48cb9\" data-element_type=\"container\" data-e-type=\"container\">\n\t\t<div class=\"elementor-element elementor-element-a40ed37 e-con-full e-flex e-con e-child\" data-id=\"a40ed37\" data-element_type=\"container\" data-e-type=\"container\">\n\t\t\t\t<div class=\"elementor-element elementor-element-e7d6a2b sales-title elementor-widget elementor-widget-heading\" data-id=\"e7d6a2b\" data-element_type=\"widget\" data-e-type=\"widget\" data-widget_type=\"heading.default\">\n\t\t\t\t\t<p class=\"elementor-heading-title elementor-size-default\">CEO\/President<\/p>\t\t\t\t<\/div>\n\t\t\t\t<div class=\"elementor-element elementor-element-172afca sales-name elementor-widget elementor-widget-heading\" data-id=\"172afca\" data-element_type=\"widget\" data-e-type=\"widget\" data-widget_type=\"heading.default\">\n\t\t\t\t\t<p class=\"elementor-heading-title elementor-size-default\">Palle Kuntz<\/p>\t\t\t\t<\/div>\n\t\t\t\t<div class=\"elementor-element elementor-element-dc93a85 elementor-widget elementor-widget-heading\" data-id=\"dc93a85\" data-element_type=\"widget\" data-e-type=\"widget\" data-widget_type=\"heading.default\">\n\t\t\t\t\t<p class=\"elementor-heading-title elementor-size-default\"><a href=\"tel:+4524659615\">+45 24 65 96 15<\/a><\/p>\t\t\t\t<\/div>\n\t\t\t\t<div class=\"elementor-element elementor-element-d4cca03 sales-name elementor-widget elementor-widget-heading\" data-id=\"d4cca03\" data-element_type=\"widget\" data-e-type=\"widget\" data-widget_type=\"heading.default\">\n\t\t\t\t\t<p class=\"elementor-heading-title elementor-size-default\"><a href=\"mailto:pku@danishfibres.dk\">pku@danishfibres.dk<\/a><\/p>\t\t\t\t<\/div>\n\t\t\t\t<\/div>\n\t\t<div class=\"elementor-element elementor-element-2f03984 e-con-full e-flex e-con e-child\" data-id=\"2f03984\" data-element_type=\"container\" data-e-type=\"container\">\n\t\t\t\t<div class=\"elementor-element elementor-element-bc12148 sales-title elementor-widget elementor-widget-heading\" data-id=\"bc12148\" data-element_type=\"widget\" data-e-type=\"widget\" data-widget_type=\"heading.default\">\n\t\t\t\t\t<p class=\"elementor-heading-title elementor-size-default\">Vertriebsleiter<\/p>\t\t\t\t<\/div>\n\t\t\t\t<div class=\"elementor-element elementor-element-24f65b6 sales-name elementor-widget elementor-widget-heading\" data-id=\"24f65b6\" data-element_type=\"widget\" data-e-type=\"widget\" data-widget_type=\"heading.default\">\n\t\t\t\t\t<p class=\"elementor-heading-title elementor-size-default\">David Etzerodt<\/p>\t\t\t\t<\/div>\n\t\t\t\t<div class=\"elementor-element elementor-element-07d4a13 elementor-widget elementor-widget-heading\" data-id=\"07d4a13\" data-element_type=\"widget\" data-e-type=\"widget\" data-widget_type=\"heading.default\">\n\t\t\t\t\t<p class=\"elementor-heading-title elementor-size-default\"><a href=\"tel:+4520580599\">+45 20 58 05 99<\/a><\/p>\t\t\t\t<\/div>\n\t\t\t\t<div class=\"elementor-element elementor-element-a384b30 sales-name elementor-widget elementor-widget-heading\" data-id=\"a384b30\" data-element_type=\"widget\" data-e-type=\"widget\" data-widget_type=\"heading.default\">\n\t\t\t\t\t<p class=\"elementor-heading-title elementor-size-default\"><a href=\"mailto:dke@danishfibres.dk\">dke@danishfibres.dk<\/a><\/p>\t\t\t\t<\/div>\n\t\t\t\t<\/div>\n\t\t\t\t<\/div>\n\t\t\t\t<div class=\"elementor-element elementor-element-448f63c elementor-widget elementor-widget-button\" data-id=\"448f63c\" data-element_type=\"widget\" data-e-type=\"widget\" data-widget_type=\"button.default\">\n\t\t\t\t\t\t\t\t\t\t<a class=\"elementor-button elementor-button-link elementor-size-sm\" href=\"https:\/\/danishfibres.com\/de\/kontakt\/\">\n\t\t\t\t\t\t<span class=\"elementor-button-content-wrapper\">\n\t\t\t\t\t\t\t\t\t<span class=\"elementor-button-text\">Kontaktieren Sie uns<\/span>\n\t\t\t\t\t<\/span>\n\t\t\t\t\t<\/a>\n\t\t\t\t\t\t\t\t<\/div>\n\t\t\t\t<\/div>\n\t\t<div class=\"elementor-element elementor-element-6e18e11 e-con-full e-flex e-con e-child\" data-id=\"6e18e11\" data-element_type=\"container\" data-e-type=\"container\" data-settings=\"{&quot;background_background&quot;:&quot;classic&quot;}\">\n\t\t\t\t<div class=\"elementor-element elementor-element-5cc24ae elementor-widget elementor-widget-image\" data-id=\"5cc24ae\" data-element_type=\"widget\" data-e-type=\"widget\" data-widget_type=\"image.default\">\n\t\t\t\t\t\t\t\t\t\t\t\t\t\t\t<img decoding=\"async\" width=\"527\" height=\"278\" src=\"https:\/\/danishfibres.com\/wp-content\/uploads\/Our_Sales_Team_Danish_Fibres_subpage.jpg\" class=\"attachment-large size-large wp-image-244\" alt=\"\" srcset=\"https:\/\/danishfibres.com\/wp-content\/uploads\/Our_Sales_Team_Danish_Fibres_subpage.jpg 527w, https:\/\/danishfibres.com\/wp-content\/uploads\/Our_Sales_Team_Danish_Fibres_subpage-300x158.jpg 300w\" sizes=\"(max-width: 527px) 100vw, 527px\" \/>\t\t\t\t\t\t\t\t\t\t\t\t\t\t\t<\/div>\n\t\t\t\t<\/div>\n\t\t\t\t<\/div>\n\t\t\t\t\t<\/div>\n\t\t\t\t<\/div>\n\t\t\t\t<\/div>\n\t\t","protected":false},"excerpt":{"rendered":"<p>Anwendungen Fasern f\u00fcr Spritzbeton Wir von Wiking\u00ae haben eine Reihe von Konstruktionsfasern entwickelt, um die Qualit\u00e4t des Spritzbetons zu verbessern \u2013 sowohl bei der Nassmischung als auch bei der Trockenmischung. Die Fasern reduzieren das R\u00fcckprallverhalten des Spritzbetons und beugen der Rissbildung vor. Spritzbeton (Spr\u00fchbeton) ist ein Verfahren, bei dem hochfester Beton oder M\u00f6rtel auf eine [&hellip;]<\/p>\n","protected":false},"author":2,"featured_media":0,"parent":1868,"menu_order":0,"comment_status":"closed","ping_status":"closed","template":"","meta":{"_acf_changed":false,"footnotes":""},"class_list":["post-1902","page","type-page","status-publish","hentry"],"acf":[],"yoast_head":"<!-- This site is optimized with the Yoast SEO plugin v27.3 - https:\/\/yoast.com\/product\/yoast-seo-wordpress\/ -->\n<title>Fasern f\u00fcr Spritzbeton - Danish Fibres<\/title>\n<meta name=\"description\" content=\"Mit Wiking\u00ae Fasern: Weniger Risse, h\u00f6here Schlagfestigkeit und verbesserte Haltbarkeit f\u00fcr Tunnel, H\u00e4nge und anspruchsvolle Betonprojekte.\" \/>\n<meta name=\"robots\" content=\"index, follow, max-snippet:-1, max-image-preview:large, max-video-preview:-1\" \/>\n<link rel=\"canonical\" href=\"https:\/\/danishfibres.com\/de\/konstruktionsfasern\/anwendungen\/fasern-fuer-spritzbeton\/\" \/>\n<meta property=\"og:locale\" content=\"de_DE\" \/>\n<meta property=\"og:type\" content=\"article\" \/>\n<meta property=\"og:title\" content=\"Fasern f\u00fcr Spritzbeton - Danish Fibres\" \/>\n<meta property=\"og:description\" content=\"Mit Wiking\u00ae Fasern: Weniger Risse, h\u00f6here Schlagfestigkeit und verbesserte Haltbarkeit f\u00fcr Tunnel, H\u00e4nge und anspruchsvolle Betonprojekte.\" \/>\n<meta property=\"og:url\" content=\"https:\/\/danishfibres.com\/de\/konstruktionsfasern\/anwendungen\/fasern-fuer-spritzbeton\/\" \/>\n<meta property=\"og:site_name\" content=\"Danish Fibres\" \/>\n<meta property=\"article:modified_time\" content=\"2025-12-03T14:29:59+00:00\" \/>\n<meta property=\"og:image\" content=\"https:\/\/danishfibres.com\/wp-content\/uploads\/shotcrete_danish_fibres.jpg\" \/>\n\t<meta property=\"og:image:width\" content=\"830\" \/>\n\t<meta property=\"og:image:height\" content=\"350\" \/>\n\t<meta property=\"og:image:type\" content=\"image\/jpeg\" \/>\n<meta name=\"twitter:card\" content=\"summary_large_image\" \/>\n<meta name=\"twitter:label1\" content=\"Gesch\u00e4tzte Lesezeit\" \/>\n\t<meta name=\"twitter:data1\" content=\"2\u00a0Minuten\" \/>\n<script type=\"application\/ld+json\" class=\"yoast-schema-graph\">{\"@context\":\"https:\\\/\\\/schema.org\",\"@graph\":[{\"@type\":\"WebPage\",\"@id\":\"https:\\\/\\\/danishfibres.com\\\/de\\\/konstruktionsfasern\\\/anwendungen\\\/fasern-fuer-spritzbeton\\\/\",\"url\":\"https:\\\/\\\/danishfibres.com\\\/de\\\/konstruktionsfasern\\\/anwendungen\\\/fasern-fuer-spritzbeton\\\/\",\"name\":\"Fasern f\u00fcr Spritzbeton - Danish Fibres\",\"isPartOf\":{\"@id\":\"https:\\\/\\\/danishfibres.com\\\/de\\\/#website\"},\"primaryImageOfPage\":{\"@id\":\"https:\\\/\\\/danishfibres.com\\\/de\\\/konstruktionsfasern\\\/anwendungen\\\/fasern-fuer-spritzbeton\\\/#primaryimage\"},\"image\":{\"@id\":\"https:\\\/\\\/danishfibres.com\\\/de\\\/konstruktionsfasern\\\/anwendungen\\\/fasern-fuer-spritzbeton\\\/#primaryimage\"},\"thumbnailUrl\":\"https:\\\/\\\/danishfibres.com\\\/wp-content\\\/uploads\\\/shotcrete_danish_fibres.jpg\",\"datePublished\":\"2025-08-27T09:45:26+00:00\",\"dateModified\":\"2025-12-03T14:29:59+00:00\",\"description\":\"Mit Wiking\u00ae Fasern: Weniger Risse, h\u00f6here Schlagfestigkeit und verbesserte Haltbarkeit f\u00fcr Tunnel, H\u00e4nge und anspruchsvolle Betonprojekte.\",\"breadcrumb\":{\"@id\":\"https:\\\/\\\/danishfibres.com\\\/de\\\/konstruktionsfasern\\\/anwendungen\\\/fasern-fuer-spritzbeton\\\/#breadcrumb\"},\"inLanguage\":\"de\",\"potentialAction\":[{\"@type\":\"ReadAction\",\"target\":[\"https:\\\/\\\/danishfibres.com\\\/de\\\/konstruktionsfasern\\\/anwendungen\\\/fasern-fuer-spritzbeton\\\/\"]}]},{\"@type\":\"ImageObject\",\"inLanguage\":\"de\",\"@id\":\"https:\\\/\\\/danishfibres.com\\\/de\\\/konstruktionsfasern\\\/anwendungen\\\/fasern-fuer-spritzbeton\\\/#primaryimage\",\"url\":\"https:\\\/\\\/danishfibres.com\\\/wp-content\\\/uploads\\\/shotcrete_danish_fibres.jpg\",\"contentUrl\":\"https:\\\/\\\/danishfibres.com\\\/wp-content\\\/uploads\\\/shotcrete_danish_fibres.jpg\"},{\"@type\":\"BreadcrumbList\",\"@id\":\"https:\\\/\\\/danishfibres.com\\\/de\\\/konstruktionsfasern\\\/anwendungen\\\/fasern-fuer-spritzbeton\\\/#breadcrumb\",\"itemListElement\":[{\"@type\":\"ListItem\",\"position\":1,\"name\":\"Danish Fibres\",\"item\":\"https:\\\/\\\/danishfibres.com\\\/de\\\/home\\\/\"},{\"@type\":\"ListItem\",\"position\":2,\"name\":\"Konstruktionsfasern\",\"item\":\"https:\\\/\\\/danishfibres.com\\\/de\\\/konstruktionsfasern\\\/\"},{\"@type\":\"ListItem\",\"position\":3,\"name\":\"Anwendungen\",\"item\":\"https:\\\/\\\/danishfibres.com\\\/de\\\/konstruktionsfasern\\\/anwendungen\\\/\"},{\"@type\":\"ListItem\",\"position\":4,\"name\":\"Fasern f\u00fcr Spritzbeton\"}]},{\"@type\":\"WebSite\",\"@id\":\"https:\\\/\\\/danishfibres.com\\\/de\\\/#website\",\"url\":\"https:\\\/\\\/danishfibres.com\\\/de\\\/\",\"name\":\"Danish Fibres\",\"description\":\"Benefit from 40 years experience\",\"potentialAction\":[{\"@type\":\"SearchAction\",\"target\":{\"@type\":\"EntryPoint\",\"urlTemplate\":\"https:\\\/\\\/danishfibres.com\\\/de\\\/?s={search_term_string}\"},\"query-input\":{\"@type\":\"PropertyValueSpecification\",\"valueRequired\":true,\"valueName\":\"search_term_string\"}}],\"inLanguage\":\"de\"}]}<\/script>\n<!-- \/ Yoast SEO plugin. -->","yoast_head_json":{"title":"Fasern f\u00fcr Spritzbeton - Danish Fibres","description":"Mit Wiking\u00ae Fasern: Weniger Risse, h\u00f6here Schlagfestigkeit und verbesserte Haltbarkeit f\u00fcr Tunnel, H\u00e4nge und anspruchsvolle Betonprojekte.","robots":{"index":"index","follow":"follow","max-snippet":"max-snippet:-1","max-image-preview":"max-image-preview:large","max-video-preview":"max-video-preview:-1"},"canonical":"https:\/\/danishfibres.com\/de\/konstruktionsfasern\/anwendungen\/fasern-fuer-spritzbeton\/","og_locale":"de_DE","og_type":"article","og_title":"Fasern f\u00fcr Spritzbeton - Danish Fibres","og_description":"Mit Wiking\u00ae Fasern: Weniger Risse, h\u00f6here Schlagfestigkeit und verbesserte Haltbarkeit f\u00fcr Tunnel, H\u00e4nge und anspruchsvolle Betonprojekte.","og_url":"https:\/\/danishfibres.com\/de\/konstruktionsfasern\/anwendungen\/fasern-fuer-spritzbeton\/","og_site_name":"Danish Fibres","article_modified_time":"2025-12-03T14:29:59+00:00","og_image":[{"width":830,"height":350,"url":"https:\/\/danishfibres.com\/wp-content\/uploads\/shotcrete_danish_fibres.jpg","type":"image\/jpeg"}],"twitter_card":"summary_large_image","twitter_misc":{"Gesch\u00e4tzte Lesezeit":"2\u00a0Minuten"},"schema":{"@context":"https:\/\/schema.org","@graph":[{"@type":"WebPage","@id":"https:\/\/danishfibres.com\/de\/konstruktionsfasern\/anwendungen\/fasern-fuer-spritzbeton\/","url":"https:\/\/danishfibres.com\/de\/konstruktionsfasern\/anwendungen\/fasern-fuer-spritzbeton\/","name":"Fasern f\u00fcr Spritzbeton - Danish Fibres","isPartOf":{"@id":"https:\/\/danishfibres.com\/de\/#website"},"primaryImageOfPage":{"@id":"https:\/\/danishfibres.com\/de\/konstruktionsfasern\/anwendungen\/fasern-fuer-spritzbeton\/#primaryimage"},"image":{"@id":"https:\/\/danishfibres.com\/de\/konstruktionsfasern\/anwendungen\/fasern-fuer-spritzbeton\/#primaryimage"},"thumbnailUrl":"https:\/\/danishfibres.com\/wp-content\/uploads\/shotcrete_danish_fibres.jpg","datePublished":"2025-08-27T09:45:26+00:00","dateModified":"2025-12-03T14:29:59+00:00","description":"Mit Wiking\u00ae Fasern: Weniger Risse, h\u00f6here Schlagfestigkeit und verbesserte Haltbarkeit f\u00fcr Tunnel, H\u00e4nge und anspruchsvolle Betonprojekte.","breadcrumb":{"@id":"https:\/\/danishfibres.com\/de\/konstruktionsfasern\/anwendungen\/fasern-fuer-spritzbeton\/#breadcrumb"},"inLanguage":"de","potentialAction":[{"@type":"ReadAction","target":["https:\/\/danishfibres.com\/de\/konstruktionsfasern\/anwendungen\/fasern-fuer-spritzbeton\/"]}]},{"@type":"ImageObject","inLanguage":"de","@id":"https:\/\/danishfibres.com\/de\/konstruktionsfasern\/anwendungen\/fasern-fuer-spritzbeton\/#primaryimage","url":"https:\/\/danishfibres.com\/wp-content\/uploads\/shotcrete_danish_fibres.jpg","contentUrl":"https:\/\/danishfibres.com\/wp-content\/uploads\/shotcrete_danish_fibres.jpg"},{"@type":"BreadcrumbList","@id":"https:\/\/danishfibres.com\/de\/konstruktionsfasern\/anwendungen\/fasern-fuer-spritzbeton\/#breadcrumb","itemListElement":[{"@type":"ListItem","position":1,"name":"Danish Fibres","item":"https:\/\/danishfibres.com\/de\/home\/"},{"@type":"ListItem","position":2,"name":"Konstruktionsfasern","item":"https:\/\/danishfibres.com\/de\/konstruktionsfasern\/"},{"@type":"ListItem","position":3,"name":"Anwendungen","item":"https:\/\/danishfibres.com\/de\/konstruktionsfasern\/anwendungen\/"},{"@type":"ListItem","position":4,"name":"Fasern f\u00fcr Spritzbeton"}]},{"@type":"WebSite","@id":"https:\/\/danishfibres.com\/de\/#website","url":"https:\/\/danishfibres.com\/de\/","name":"Danish Fibres","description":"Benefit from 40 years experience","potentialAction":[{"@type":"SearchAction","target":{"@type":"EntryPoint","urlTemplate":"https:\/\/danishfibres.com\/de\/?s={search_term_string}"},"query-input":{"@type":"PropertyValueSpecification","valueRequired":true,"valueName":"search_term_string"}}],"inLanguage":"de"}]}},"_links":{"self":[{"href":"https:\/\/danishfibres.com\/de\/wp-json\/wp\/v2\/pages\/1902","targetHints":{"allow":["GET"]}}],"collection":[{"href":"https:\/\/danishfibres.com\/de\/wp-json\/wp\/v2\/pages"}],"about":[{"href":"https:\/\/danishfibres.com\/de\/wp-json\/wp\/v2\/types\/page"}],"author":[{"embeddable":true,"href":"https:\/\/danishfibres.com\/de\/wp-json\/wp\/v2\/users\/2"}],"replies":[{"embeddable":true,"href":"https:\/\/danishfibres.com\/de\/wp-json\/wp\/v2\/comments?post=1902"}],"version-history":[{"count":6,"href":"https:\/\/danishfibres.com\/de\/wp-json\/wp\/v2\/pages\/1902\/revisions"}],"predecessor-version":[{"id":3566,"href":"https:\/\/danishfibres.com\/de\/wp-json\/wp\/v2\/pages\/1902\/revisions\/3566"}],"up":[{"embeddable":true,"href":"https:\/\/danishfibres.com\/de\/wp-json\/wp\/v2\/pages\/1868"}],"wp:attachment":[{"href":"https:\/\/danishfibres.com\/de\/wp-json\/wp\/v2\/media?parent=1902"}],"curies":[{"name":"wp","href":"https:\/\/api.w.org\/{rel}","templated":true}]}}