{"id":1910,"date":"2025-08-25T14:31:50","date_gmt":"2025-08-25T12:31:50","guid":{"rendered":"https:\/\/danishfibres.com\/anwendungen\/fasern-fuer-tunnel-und-brandschutz\/"},"modified":"2025-12-03T15:33:20","modified_gmt":"2025-12-03T14:33:20","slug":"fasern-fuer-tunnel-und-brandschutz","status":"publish","type":"page","link":"https:\/\/danishfibres.com\/de\/konstruktionsfasern\/anwendungen\/fasern-fuer-tunnel-und-brandschutz\/","title":{"rendered":"Fasern f\u00fcr Tunnel und Brandschutz"},"content":{"rendered":"\t\t<div data-elementor-type=\"wp-page\" data-elementor-id=\"1910\" class=\"elementor elementor-1910 elementor-853\" data-elementor-post-type=\"page\">\n\t\t\t\t<div class=\"elementor-element elementor-element-6238c52 e-con-full e-flex e-con e-parent\" data-id=\"6238c52\" data-element_type=\"container\" data-e-type=\"container\" data-settings=\"{&quot;background_background&quot;:&quot;classic&quot;}\">\n\t\t<div class=\"elementor-element elementor-element-6d173ea e-con-full e-flex e-con e-child\" data-id=\"6d173ea\" data-element_type=\"container\" data-e-type=\"container\" data-settings=\"{&quot;background_background&quot;:&quot;classic&quot;}\">\n\t\t<div class=\"elementor-element elementor-element-c9c1678 e-con-full e-flex e-con e-child\" data-id=\"c9c1678\" data-element_type=\"container\" data-e-type=\"container\">\n\t\t\t\t<div class=\"elementor-element elementor-element-67414f8 elementor-widget elementor-widget-image\" data-id=\"67414f8\" data-element_type=\"widget\" data-e-type=\"widget\" data-widget_type=\"image.default\">\n\t\t\t\t\t\t\t\t\t\t\t\t\t\t\t<img fetchpriority=\"high\" decoding=\"async\" width=\"800\" height=\"337\" src=\"https:\/\/danishfibres.com\/wp-content\/uploads\/Tunnels-Danish-Fibres.jpg\" class=\"attachment-large size-large wp-image-852\" alt=\"\" srcset=\"https:\/\/danishfibres.com\/wp-content\/uploads\/Tunnels-Danish-Fibres.jpg 830w, https:\/\/danishfibres.com\/wp-content\/uploads\/Tunnels-Danish-Fibres-300x127.jpg 300w, https:\/\/danishfibres.com\/wp-content\/uploads\/Tunnels-Danish-Fibres-768x324.jpg 768w\" sizes=\"(max-width: 800px) 100vw, 800px\" \/>\t\t\t\t\t\t\t\t\t\t\t\t\t\t\t<\/div>\n\t\t<div class=\"elementor-element elementor-element-22301d1 e-con-full e-flex e-con e-child\" data-id=\"22301d1\" data-element_type=\"container\" data-e-type=\"container\">\n\t\t\t\t<div class=\"elementor-element elementor-element-16e41ea elementor-widget elementor-widget-heading\" data-id=\"16e41ea\" data-element_type=\"widget\" data-e-type=\"widget\" data-widget_type=\"heading.default\">\n\t\t\t\t\t<p class=\"elementor-heading-title elementor-size-default\">Anwendungen<\/p>\t\t\t\t<\/div>\n\t\t\t\t<div class=\"elementor-element elementor-element-6831a2b elementor-widget elementor-widget-heading\" data-id=\"6831a2b\" data-element_type=\"widget\" data-e-type=\"widget\" data-widget_type=\"heading.default\">\n\t\t\t\t\t<h1 class=\"elementor-heading-title elementor-size-default\">Fasern f\u00fcr Tunnel und Brandschutz<\/h1>\t\t\t\t<\/div>\n\t\t\t\t<div class=\"elementor-element elementor-element-d763b95 df-text elementor-widget elementor-widget-text-editor\" data-id=\"d763b95\" data-element_type=\"widget\" data-e-type=\"widget\" data-widget_type=\"text-editor.default\">\n\t\t\t\t\t\t\t\t\t<p><strong>Wir haben ein breites Sortiment an zertifizierten Konstruktionsfasern f\u00fcr den Tunnelbau entwickelt. Die Fasern sollen den Brandschutz verbessern und die Zugfestigkeit erh\u00f6hen. <\/strong><\/p><p>In den letzten Jahren gab es in zahlreichen europ\u00e4ischen Betontunneln mehrere Br\u00e4nde. Als Konsequenz daraus ist die Vermeidung explosiver Fragmentierung im Beton zu einer enorm wichtigen Fragestellung geworden, um die Tunnelsicherheit zu gew\u00e4hrleisten. <\/p><h2>Explosive Fragmentierung in Betontunnelbau<\/h2><p>Das Ph\u00e4nomen der explosiven Zersplitterung tritt auf, wenn der Beton hohen Temperaturen ausgesetzt ist, z.B. bei einem Kohlenwasserstofffeuer.<\/p><p>Speziell f\u00fcr den Tunnelbau wird ein speziell verdichteter, hochqualitativer Beton verwendet, der eine geringe Durchl\u00e4ssigkeit aufweist. Dies bedeutet, dass die Poren im Beton leicht mit Feuchtigkeit ges\u00e4ttigt worden sind. Im Falle eines Feuers verdunstet durch die Hitze die Feuchtigkeit, was wiederum zu einem Druckanstieg in den Betonporen f\u00fchrt. Infolgedessen zerrei\u00dft der Beton sprengstoffartig. Dieser Sprengstoffvorgang kann sehr schnell erfolgen. Daher ist es wichtig, das Risiko in dieser Hinsicht zu reduzieren.    <\/p><h2>Reduzierung des Sprengrisikos<\/h2><p>Eine Reihe unserer <a href=\"https:\/\/danishfibres.com\/de\/konstruktionsfasern\/wiking-mikrofasern\/\">Wikinger\u00ae-Mikrofasern<\/a> ist speziell daf\u00fcr entwickelt worden, um das Risiko einer explosiven Betonzersplitterung zu reduzieren. Wenn diese Fasern der Betonmischung zugesetzt werden, erh\u00f6ht sich die Durchl\u00e4ssigkeit des Betons w\u00e4hrend des Erhitzens, wodurch sich der Druck in den Poren verringert. Dadurch reduziert sich das Gesamtrisiko einer explosiven Fragmentierung.<\/p><p>Die Erkl\u00e4rung daf\u00fcr ist wie folgt: Die Wiking\u00ae-Mikrofasern beginnen bei 160 \u00b0 C zu schmelzen und l\u00f6sen sich bei 360 \u00b0 C vollst\u00e4ndig auf. Dadurch erh\u00e4lt der Beton Millionen von Kapillaren, aus denen die Feuchtigkeit entweichen kann. Infolgedessen entsteht kein Druck und es kommt zu keiner Explosion. <\/p><h2>Erh\u00f6hte Zeit, um, im Falle einer Havarie, sicher entkommen zu k\u00f6nnen<\/h2><p>Dadurch, dass es zu keiner explosiven Zersplitterung kommt, gewinnt eine Rettungsmannschaft mehr Zeit, um Kontrolle \u00fcber ein Feuer zu gelangen und um Menschen zu evakuieren. Viele Leben k\u00f6nnen daher gerettet werden. Tats\u00e4chlich zeigen Studien, dass Wiking\u00ae-Mikrofasern die verf\u00fcgbare sichere Fluchtzeit von 20 Minuten auf 70-90 Minuten erh\u00f6hen k\u00f6nnen!  <\/p><h2>Fasern zur proaktiven Vermeidung von Schrumpfrissen<\/h2><p>Ein weiterer Vorteil der Mikrofasern von Wiking\u00ae ist, dass sie in der Betonmischung eine dreidimensionale Matrix bilden, die proaktiv die Bildung von Schrumpfrissen im Beton verhindert.<\/p><h2>Tunnelzertifizierung<\/h2><p>Wiking\u00ae-Mikrofasern besitzen f\u00fcr den Tunnelbau die Allgemeine bauaufsichtliche Zulassung (AbZ). Dies garantiert, dass unsere Fasern das geforderte Qualit\u00e4tsniveau in Bezug auf Zugfestigkeit und passiven Brandschutz erf\u00fcllen. Nur drei Unternehmen weltweit besitzen diese Zertifizierung f\u00fcr Tunnelfasern.  <\/p><h2>Brandpr\u00fcfung von faserverst\u00e4rktem Beton<\/h2>\t\t\t\t\t\t\t\t<\/div>\n\t\t\t\t<div class=\"elementor-element elementor-element-943f9e4 elementor-widget elementor-widget-video\" data-id=\"943f9e4\" data-element_type=\"widget\" data-e-type=\"widget\" data-settings=\"{&quot;youtube_url&quot;:&quot;https:\\\/\\\/www.youtube.com\\\/watch?v=Vk3xHekbWuw&quot;,&quot;video_type&quot;:&quot;youtube&quot;,&quot;controls&quot;:&quot;yes&quot;}\" data-widget_type=\"video.default\">\n\t\t\t\t\t\t\t<div class=\"elementor-wrapper elementor-open-inline\">\n\t\t\t<div class=\"elementor-video\"><\/div>\t\t<\/div>\n\t\t\t\t\t\t<\/div>\n\t\t\t\t<\/div>\n\t\t\t\t<\/div>\n\t\t<div class=\"elementor-element elementor-element-704aef9 e-con-full e-flex e-con e-child\" data-id=\"704aef9\" data-element_type=\"container\" data-e-type=\"container\">\n\t\t\t\t<div class=\"elementor-element elementor-element-0d78824 df-aside elementor-widget elementor-widget-text-editor\" data-id=\"0d78824\" data-element_type=\"widget\" data-e-type=\"widget\" data-widget_type=\"text-editor.default\">\n\t\t\t\t\t\t\t\t\t<h2>Vorteile des Einsatzes<br> von Wiking\u00ae-Mikrofasern<br>beim Tunnelbau:<\/h2>\n<ul>\n \t<li>Reduziertes Risiko f\u00fcr explosive Fragmentierung<\/li>\n \t<li>Erh\u00f6hte Best\u00e4ndigkeit gegen\u00fcber Schrumpf- und Setzungsrisse<\/li>\n \t<li>Erh\u00f6hte Zeit, um, im Falle einer Havarie, sicher entkommen zu k\u00f6nnen<\/li>\n \t<li>Zus\u00e4tzliche dreidimensionale Verst\u00e4rkungsstruktur<\/li>\n<\/ul>\n<h2>Andere Anwendungen:<\/h2>\n<ul>\n \t<li>Skyscrapers<\/li>\n \t<li>Bridges<\/li>\n \t<li>Tiefgaragenpl\u00e4tze<\/li>\n \t<li>Kabelkan\u00e4le<\/li>\n<\/ul>\n<h2>Zertifizierte Wiking\u00ae Mikrofasern f\u00fcr den Tunnelbau:<\/h2>\n<ul>\n \t<li>Wiking\u00ae Mikro 18 \u03bcm<\/li>\n \t<li>Wiking\u00ae Mikro 15 \u03bcm<\/li>\n<\/ul>\n<a href=\"https:\/\/danishfibres.com\/de\/konstruktionsfasern\/wiking-mikrofasern\/\">Weiterlesen<\/a>\t\t\t\t\t\t\t\t<\/div>\n\t\t\t\t<\/div>\n\t\t\t\t<\/div>\n\t\t\t\t<\/div>\n\t\t<div class=\"elementor-element elementor-element-c2e3272 e-flex e-con-boxed e-con e-parent\" data-id=\"c2e3272\" data-element_type=\"container\" data-e-type=\"container\" data-settings=\"{&quot;background_background&quot;:&quot;classic&quot;}\">\n\t\t\t\t\t<div class=\"e-con-inner\">\n\t\t<div class=\"elementor-element elementor-element-1c1cde5 e-con-full e-flex e-con e-child\" data-id=\"1c1cde5\" data-element_type=\"container\" data-e-type=\"container\" data-settings=\"{&quot;background_background&quot;:&quot;classic&quot;}\">\n\t\t<div class=\"elementor-element elementor-element-d54fa21 e-con-full e-flex e-con e-child\" data-id=\"d54fa21\" data-element_type=\"container\" data-e-type=\"container\">\n\t\t\t\t<div class=\"elementor-element elementor-element-d4f1983 elementor-widget elementor-widget-heading\" data-id=\"d4f1983\" data-element_type=\"widget\" data-e-type=\"widget\" data-widget_type=\"heading.default\">\n\t\t\t\t\t<h2 class=\"elementor-heading-title elementor-size-default\">Vereinbaren Sie einen Termin mit unserem Vertriebsteam<\/h2>\t\t\t\t<\/div>\n\t\t<div class=\"elementor-element elementor-element-5d410cb e-con-full e-flex e-con e-child\" data-id=\"5d410cb\" data-element_type=\"container\" data-e-type=\"container\">\n\t\t<div class=\"elementor-element elementor-element-9c37142 e-con-full e-flex e-con e-child\" data-id=\"9c37142\" data-element_type=\"container\" data-e-type=\"container\">\n\t\t\t\t<div class=\"elementor-element elementor-element-50192b2 sales-title elementor-widget elementor-widget-heading\" data-id=\"50192b2\" data-element_type=\"widget\" data-e-type=\"widget\" data-widget_type=\"heading.default\">\n\t\t\t\t\t<p class=\"elementor-heading-title elementor-size-default\">CEO\/President<\/p>\t\t\t\t<\/div>\n\t\t\t\t<div class=\"elementor-element elementor-element-014b699 sales-name elementor-widget elementor-widget-heading\" data-id=\"014b699\" data-element_type=\"widget\" data-e-type=\"widget\" data-widget_type=\"heading.default\">\n\t\t\t\t\t<p class=\"elementor-heading-title elementor-size-default\">Palle Kuntz<\/p>\t\t\t\t<\/div>\n\t\t\t\t<div class=\"elementor-element elementor-element-303260c elementor-widget elementor-widget-heading\" data-id=\"303260c\" data-element_type=\"widget\" data-e-type=\"widget\" data-widget_type=\"heading.default\">\n\t\t\t\t\t<p class=\"elementor-heading-title elementor-size-default\"><a href=\"tel:+4524659615\">+45 24 65 96 15<\/a><\/p>\t\t\t\t<\/div>\n\t\t\t\t<div class=\"elementor-element elementor-element-f9105d9 sales-name elementor-widget elementor-widget-heading\" data-id=\"f9105d9\" data-element_type=\"widget\" data-e-type=\"widget\" data-widget_type=\"heading.default\">\n\t\t\t\t\t<p class=\"elementor-heading-title elementor-size-default\"><a href=\"mailto:pku@danishfibres.dk\">pku@danishfibres.dk<\/a><\/p>\t\t\t\t<\/div>\n\t\t\t\t<\/div>\n\t\t<div class=\"elementor-element elementor-element-14292bb e-con-full e-flex e-con e-child\" data-id=\"14292bb\" data-element_type=\"container\" data-e-type=\"container\">\n\t\t\t\t<div class=\"elementor-element elementor-element-796ab72 sales-title elementor-widget elementor-widget-heading\" data-id=\"796ab72\" data-element_type=\"widget\" data-e-type=\"widget\" data-widget_type=\"heading.default\">\n\t\t\t\t\t<p class=\"elementor-heading-title elementor-size-default\">Vertriebsleiter<\/p>\t\t\t\t<\/div>\n\t\t\t\t<div class=\"elementor-element elementor-element-40d2325 sales-name elementor-widget elementor-widget-heading\" data-id=\"40d2325\" data-element_type=\"widget\" data-e-type=\"widget\" data-widget_type=\"heading.default\">\n\t\t\t\t\t<p class=\"elementor-heading-title elementor-size-default\">David Etzerodt<\/p>\t\t\t\t<\/div>\n\t\t\t\t<div class=\"elementor-element elementor-element-ca8f1fe elementor-widget elementor-widget-heading\" data-id=\"ca8f1fe\" data-element_type=\"widget\" data-e-type=\"widget\" data-widget_type=\"heading.default\">\n\t\t\t\t\t<p class=\"elementor-heading-title elementor-size-default\"><a href=\"tel:+4520580599\">+45 20 58 05 99<\/a><\/p>\t\t\t\t<\/div>\n\t\t\t\t<div class=\"elementor-element elementor-element-18243d2 sales-name elementor-widget elementor-widget-heading\" data-id=\"18243d2\" data-element_type=\"widget\" data-e-type=\"widget\" data-widget_type=\"heading.default\">\n\t\t\t\t\t<p class=\"elementor-heading-title elementor-size-default\"><a href=\"mailto:dke@danishfibres.dk\">dke@danishfibres.dk<\/a><\/p>\t\t\t\t<\/div>\n\t\t\t\t<\/div>\n\t\t\t\t<\/div>\n\t\t\t\t<div class=\"elementor-element elementor-element-004dfba elementor-widget elementor-widget-button\" data-id=\"004dfba\" data-element_type=\"widget\" data-e-type=\"widget\" data-widget_type=\"button.default\">\n\t\t\t\t\t\t\t\t\t\t<a class=\"elementor-button elementor-button-link elementor-size-sm\" href=\"https:\/\/danishfibres.com\/de\/kontakt\/\">\n\t\t\t\t\t\t<span class=\"elementor-button-content-wrapper\">\n\t\t\t\t\t\t\t\t\t<span class=\"elementor-button-text\">Kontaktieren Sie uns<\/span>\n\t\t\t\t\t<\/span>\n\t\t\t\t\t<\/a>\n\t\t\t\t\t\t\t\t<\/div>\n\t\t\t\t<\/div>\n\t\t<div class=\"elementor-element elementor-element-9946bd0 e-con-full e-flex e-con e-child\" data-id=\"9946bd0\" data-element_type=\"container\" data-e-type=\"container\" data-settings=\"{&quot;background_background&quot;:&quot;classic&quot;}\">\n\t\t\t\t<div class=\"elementor-element elementor-element-025c9b3 elementor-widget elementor-widget-image\" data-id=\"025c9b3\" data-element_type=\"widget\" data-e-type=\"widget\" data-widget_type=\"image.default\">\n\t\t\t\t\t\t\t\t\t\t\t\t\t\t\t<img decoding=\"async\" width=\"527\" height=\"278\" src=\"https:\/\/danishfibres.com\/wp-content\/uploads\/Our_Sales_Team_Danish_Fibres_subpage.jpg\" class=\"attachment-large size-large wp-image-244\" alt=\"\" srcset=\"https:\/\/danishfibres.com\/wp-content\/uploads\/Our_Sales_Team_Danish_Fibres_subpage.jpg 527w, https:\/\/danishfibres.com\/wp-content\/uploads\/Our_Sales_Team_Danish_Fibres_subpage-300x158.jpg 300w\" sizes=\"(max-width: 527px) 100vw, 527px\" \/>\t\t\t\t\t\t\t\t\t\t\t\t\t\t\t<\/div>\n\t\t\t\t<\/div>\n\t\t\t\t<\/div>\n\t\t\t\t\t<\/div>\n\t\t\t\t<\/div>\n\t\t\t\t<\/div>\n\t\t","protected":false},"excerpt":{"rendered":"<p>Anwendungen Fasern f\u00fcr Tunnel und Brandschutz Wir haben ein breites Sortiment an zertifizierten Konstruktionsfasern f\u00fcr den Tunnelbau entwickelt. Die Fasern sollen den Brandschutz verbessern und die Zugfestigkeit erh\u00f6hen. In den letzten Jahren gab es in zahlreichen europ\u00e4ischen Betontunneln mehrere Br\u00e4nde. Als Konsequenz daraus ist die Vermeidung explosiver Fragmentierung im Beton zu einer enorm wichtigen Fragestellung [&hellip;]<\/p>\n","protected":false},"author":2,"featured_media":0,"parent":1868,"menu_order":0,"comment_status":"closed","ping_status":"closed","template":"","meta":{"_acf_changed":false,"footnotes":""},"class_list":["post-1910","page","type-page","status-publish","hentry"],"acf":[],"yoast_head":"<!-- This site is optimized with the Yoast SEO plugin v27.4 - https:\/\/yoast.com\/product\/yoast-seo-wordpress\/ -->\n<title>Fasern f\u00fcr Tunnel und Brandschutz - Danish Fibres<\/title>\n<meta name=\"description\" content=\"Mit Wiking\u00ae Fasern: Weniger Risse, h\u00f6here Brandschutzleistung und verbesserte Haltbarkeit f\u00fcr Tunnelbeton unter extremen Bedingungen.\" \/>\n<meta name=\"robots\" content=\"index, follow, max-snippet:-1, max-image-preview:large, max-video-preview:-1\" \/>\n<link rel=\"canonical\" href=\"https:\/\/danishfibres.com\/de\/konstruktionsfasern\/anwendungen\/fasern-fuer-tunnel-und-brandschutz\/\" \/>\n<meta property=\"og:locale\" content=\"de_DE\" \/>\n<meta property=\"og:type\" content=\"article\" \/>\n<meta property=\"og:title\" content=\"Fasern f\u00fcr Tunnel und Brandschutz - Danish Fibres\" \/>\n<meta property=\"og:description\" content=\"Mit Wiking\u00ae Fasern: Weniger Risse, h\u00f6here Brandschutzleistung und verbesserte Haltbarkeit f\u00fcr Tunnelbeton unter extremen Bedingungen.\" \/>\n<meta property=\"og:url\" content=\"https:\/\/danishfibres.com\/de\/konstruktionsfasern\/anwendungen\/fasern-fuer-tunnel-und-brandschutz\/\" \/>\n<meta property=\"og:site_name\" content=\"Danish Fibres\" \/>\n<meta property=\"article:modified_time\" content=\"2025-12-03T14:33:20+00:00\" \/>\n<meta property=\"og:image\" content=\"https:\/\/danishfibres.com\/wp-content\/uploads\/Tunnels-Danish-Fibres.jpg\" \/>\n\t<meta property=\"og:image:width\" content=\"830\" \/>\n\t<meta property=\"og:image:height\" content=\"350\" \/>\n\t<meta property=\"og:image:type\" content=\"image\/jpeg\" \/>\n<meta name=\"twitter:card\" content=\"summary_large_image\" \/>\n<meta name=\"twitter:label1\" content=\"Gesch\u00e4tzte Lesezeit\" \/>\n\t<meta name=\"twitter:data1\" content=\"3\u00a0Minuten\" \/>\n<script type=\"application\/ld+json\" class=\"yoast-schema-graph\">{\"@context\":\"https:\\\/\\\/schema.org\",\"@graph\":[{\"@type\":\"WebPage\",\"@id\":\"https:\\\/\\\/danishfibres.com\\\/de\\\/konstruktionsfasern\\\/anwendungen\\\/fasern-fuer-tunnel-und-brandschutz\\\/\",\"url\":\"https:\\\/\\\/danishfibres.com\\\/de\\\/konstruktionsfasern\\\/anwendungen\\\/fasern-fuer-tunnel-und-brandschutz\\\/\",\"name\":\"Fasern f\u00fcr Tunnel und Brandschutz - Danish Fibres\",\"isPartOf\":{\"@id\":\"https:\\\/\\\/danishfibres.com\\\/de\\\/#website\"},\"primaryImageOfPage\":{\"@id\":\"https:\\\/\\\/danishfibres.com\\\/de\\\/konstruktionsfasern\\\/anwendungen\\\/fasern-fuer-tunnel-und-brandschutz\\\/#primaryimage\"},\"image\":{\"@id\":\"https:\\\/\\\/danishfibres.com\\\/de\\\/konstruktionsfasern\\\/anwendungen\\\/fasern-fuer-tunnel-und-brandschutz\\\/#primaryimage\"},\"thumbnailUrl\":\"https:\\\/\\\/danishfibres.com\\\/wp-content\\\/uploads\\\/Tunnels-Danish-Fibres.jpg\",\"datePublished\":\"2025-08-25T12:31:50+00:00\",\"dateModified\":\"2025-12-03T14:33:20+00:00\",\"description\":\"Mit Wiking\u00ae Fasern: Weniger Risse, h\u00f6here Brandschutzleistung und verbesserte Haltbarkeit f\u00fcr Tunnelbeton unter extremen Bedingungen.\",\"breadcrumb\":{\"@id\":\"https:\\\/\\\/danishfibres.com\\\/de\\\/konstruktionsfasern\\\/anwendungen\\\/fasern-fuer-tunnel-und-brandschutz\\\/#breadcrumb\"},\"inLanguage\":\"de\",\"potentialAction\":[{\"@type\":\"ReadAction\",\"target\":[\"https:\\\/\\\/danishfibres.com\\\/de\\\/konstruktionsfasern\\\/anwendungen\\\/fasern-fuer-tunnel-und-brandschutz\\\/\"]}]},{\"@type\":\"ImageObject\",\"inLanguage\":\"de\",\"@id\":\"https:\\\/\\\/danishfibres.com\\\/de\\\/konstruktionsfasern\\\/anwendungen\\\/fasern-fuer-tunnel-und-brandschutz\\\/#primaryimage\",\"url\":\"https:\\\/\\\/danishfibres.com\\\/wp-content\\\/uploads\\\/Tunnels-Danish-Fibres.jpg\",\"contentUrl\":\"https:\\\/\\\/danishfibres.com\\\/wp-content\\\/uploads\\\/Tunnels-Danish-Fibres.jpg\"},{\"@type\":\"BreadcrumbList\",\"@id\":\"https:\\\/\\\/danishfibres.com\\\/de\\\/konstruktionsfasern\\\/anwendungen\\\/fasern-fuer-tunnel-und-brandschutz\\\/#breadcrumb\",\"itemListElement\":[{\"@type\":\"ListItem\",\"position\":1,\"name\":\"Danish Fibres\",\"item\":\"https:\\\/\\\/danishfibres.com\\\/de\\\/home\\\/\"},{\"@type\":\"ListItem\",\"position\":2,\"name\":\"Konstruktionsfasern\",\"item\":\"https:\\\/\\\/danishfibres.com\\\/de\\\/konstruktionsfasern\\\/\"},{\"@type\":\"ListItem\",\"position\":3,\"name\":\"Anwendungen\",\"item\":\"https:\\\/\\\/danishfibres.com\\\/de\\\/konstruktionsfasern\\\/anwendungen\\\/\"},{\"@type\":\"ListItem\",\"position\":4,\"name\":\"Fasern f\u00fcr Tunnel und Brandschutz\"}]},{\"@type\":\"WebSite\",\"@id\":\"https:\\\/\\\/danishfibres.com\\\/de\\\/#website\",\"url\":\"https:\\\/\\\/danishfibres.com\\\/de\\\/\",\"name\":\"Danish Fibres\",\"description\":\"Benefit from 40 years experience\",\"potentialAction\":[{\"@type\":\"SearchAction\",\"target\":{\"@type\":\"EntryPoint\",\"urlTemplate\":\"https:\\\/\\\/danishfibres.com\\\/de\\\/?s={search_term_string}\"},\"query-input\":{\"@type\":\"PropertyValueSpecification\",\"valueRequired\":true,\"valueName\":\"search_term_string\"}}],\"inLanguage\":\"de\"}]}<\/script>\n<!-- \/ Yoast SEO plugin. -->","yoast_head_json":{"title":"Fasern f\u00fcr Tunnel und Brandschutz - Danish Fibres","description":"Mit Wiking\u00ae Fasern: Weniger Risse, h\u00f6here Brandschutzleistung und verbesserte Haltbarkeit f\u00fcr Tunnelbeton unter extremen Bedingungen.","robots":{"index":"index","follow":"follow","max-snippet":"max-snippet:-1","max-image-preview":"max-image-preview:large","max-video-preview":"max-video-preview:-1"},"canonical":"https:\/\/danishfibres.com\/de\/konstruktionsfasern\/anwendungen\/fasern-fuer-tunnel-und-brandschutz\/","og_locale":"de_DE","og_type":"article","og_title":"Fasern f\u00fcr Tunnel und Brandschutz - Danish Fibres","og_description":"Mit Wiking\u00ae Fasern: Weniger Risse, h\u00f6here Brandschutzleistung und verbesserte Haltbarkeit f\u00fcr Tunnelbeton unter extremen Bedingungen.","og_url":"https:\/\/danishfibres.com\/de\/konstruktionsfasern\/anwendungen\/fasern-fuer-tunnel-und-brandschutz\/","og_site_name":"Danish Fibres","article_modified_time":"2025-12-03T14:33:20+00:00","og_image":[{"width":830,"height":350,"url":"https:\/\/danishfibres.com\/wp-content\/uploads\/Tunnels-Danish-Fibres.jpg","type":"image\/jpeg"}],"twitter_card":"summary_large_image","twitter_misc":{"Gesch\u00e4tzte Lesezeit":"3\u00a0Minuten"},"schema":{"@context":"https:\/\/schema.org","@graph":[{"@type":"WebPage","@id":"https:\/\/danishfibres.com\/de\/konstruktionsfasern\/anwendungen\/fasern-fuer-tunnel-und-brandschutz\/","url":"https:\/\/danishfibres.com\/de\/konstruktionsfasern\/anwendungen\/fasern-fuer-tunnel-und-brandschutz\/","name":"Fasern f\u00fcr Tunnel und Brandschutz - Danish Fibres","isPartOf":{"@id":"https:\/\/danishfibres.com\/de\/#website"},"primaryImageOfPage":{"@id":"https:\/\/danishfibres.com\/de\/konstruktionsfasern\/anwendungen\/fasern-fuer-tunnel-und-brandschutz\/#primaryimage"},"image":{"@id":"https:\/\/danishfibres.com\/de\/konstruktionsfasern\/anwendungen\/fasern-fuer-tunnel-und-brandschutz\/#primaryimage"},"thumbnailUrl":"https:\/\/danishfibres.com\/wp-content\/uploads\/Tunnels-Danish-Fibres.jpg","datePublished":"2025-08-25T12:31:50+00:00","dateModified":"2025-12-03T14:33:20+00:00","description":"Mit Wiking\u00ae Fasern: Weniger Risse, h\u00f6here Brandschutzleistung und verbesserte Haltbarkeit f\u00fcr Tunnelbeton unter extremen Bedingungen.","breadcrumb":{"@id":"https:\/\/danishfibres.com\/de\/konstruktionsfasern\/anwendungen\/fasern-fuer-tunnel-und-brandschutz\/#breadcrumb"},"inLanguage":"de","potentialAction":[{"@type":"ReadAction","target":["https:\/\/danishfibres.com\/de\/konstruktionsfasern\/anwendungen\/fasern-fuer-tunnel-und-brandschutz\/"]}]},{"@type":"ImageObject","inLanguage":"de","@id":"https:\/\/danishfibres.com\/de\/konstruktionsfasern\/anwendungen\/fasern-fuer-tunnel-und-brandschutz\/#primaryimage","url":"https:\/\/danishfibres.com\/wp-content\/uploads\/Tunnels-Danish-Fibres.jpg","contentUrl":"https:\/\/danishfibres.com\/wp-content\/uploads\/Tunnels-Danish-Fibres.jpg"},{"@type":"BreadcrumbList","@id":"https:\/\/danishfibres.com\/de\/konstruktionsfasern\/anwendungen\/fasern-fuer-tunnel-und-brandschutz\/#breadcrumb","itemListElement":[{"@type":"ListItem","position":1,"name":"Danish Fibres","item":"https:\/\/danishfibres.com\/de\/home\/"},{"@type":"ListItem","position":2,"name":"Konstruktionsfasern","item":"https:\/\/danishfibres.com\/de\/konstruktionsfasern\/"},{"@type":"ListItem","position":3,"name":"Anwendungen","item":"https:\/\/danishfibres.com\/de\/konstruktionsfasern\/anwendungen\/"},{"@type":"ListItem","position":4,"name":"Fasern f\u00fcr Tunnel und Brandschutz"}]},{"@type":"WebSite","@id":"https:\/\/danishfibres.com\/de\/#website","url":"https:\/\/danishfibres.com\/de\/","name":"Danish Fibres","description":"Benefit from 40 years experience","potentialAction":[{"@type":"SearchAction","target":{"@type":"EntryPoint","urlTemplate":"https:\/\/danishfibres.com\/de\/?s={search_term_string}"},"query-input":{"@type":"PropertyValueSpecification","valueRequired":true,"valueName":"search_term_string"}}],"inLanguage":"de"}]}},"_links":{"self":[{"href":"https:\/\/danishfibres.com\/de\/wp-json\/wp\/v2\/pages\/1910","targetHints":{"allow":["GET"]}}],"collection":[{"href":"https:\/\/danishfibres.com\/de\/wp-json\/wp\/v2\/pages"}],"about":[{"href":"https:\/\/danishfibres.com\/de\/wp-json\/wp\/v2\/types\/page"}],"author":[{"embeddable":true,"href":"https:\/\/danishfibres.com\/de\/wp-json\/wp\/v2\/users\/2"}],"replies":[{"embeddable":true,"href":"https:\/\/danishfibres.com\/de\/wp-json\/wp\/v2\/comments?post=1910"}],"version-history":[{"count":7,"href":"https:\/\/danishfibres.com\/de\/wp-json\/wp\/v2\/pages\/1910\/revisions"}],"predecessor-version":[{"id":3564,"href":"https:\/\/danishfibres.com\/de\/wp-json\/wp\/v2\/pages\/1910\/revisions\/3564"}],"up":[{"embeddable":true,"href":"https:\/\/danishfibres.com\/de\/wp-json\/wp\/v2\/pages\/1868"}],"wp:attachment":[{"href":"https:\/\/danishfibres.com\/de\/wp-json\/wp\/v2\/media?parent=1910"}],"curies":[{"name":"wp","href":"https:\/\/api.w.org\/{rel}","templated":true}]}}