{"id":2015,"date":"2025-08-29T09:01:44","date_gmt":"2025-08-29T07:01:44","guid":{"rendered":"https:\/\/danishfibres.com\/uber-uns\/unsere-staerken\/"},"modified":"2025-12-01T08:46:03","modified_gmt":"2025-12-01T07:46:03","slug":"unsere-staerken","status":"publish","type":"page","link":"https:\/\/danishfibres.com\/de\/ueber-uns\/unsere-staerken\/","title":{"rendered":"Unsere St\u00e4rken"},"content":{"rendered":"\t\t<div data-elementor-type=\"wp-page\" data-elementor-id=\"2015\" class=\"elementor elementor-2015 elementor-1272\" data-elementor-post-type=\"page\">\n\t\t\t\t<div class=\"elementor-element elementor-element-9ebc6b2 e-flex e-con-boxed e-con e-parent\" data-id=\"9ebc6b2\" data-element_type=\"container\" data-e-type=\"container\" data-settings=\"{&quot;background_background&quot;:&quot;classic&quot;}\">\n\t\t\t\t\t<div class=\"e-con-inner\">\n\t\t\t\t<div class=\"elementor-element elementor-element-fdfe7b4 elementor-widget elementor-widget-breadcrumbs\" data-id=\"fdfe7b4\" data-element_type=\"widget\" data-e-type=\"widget\" data-widget_type=\"breadcrumbs.default\">\n\t\t\t\t\t<p id=\"breadcrumbs\"><span><span><a href=\"https:\/\/danishfibres.com\/de\/home\/\">Danish Fibres<\/a><\/span><\/span><\/p>\t\t\t\t<\/div>\n\t\t<div class=\"elementor-element elementor-element-7c5696f e-con-full e-flex e-con e-child\" data-id=\"7c5696f\" data-element_type=\"container\" data-e-type=\"container\" data-settings=\"{&quot;background_background&quot;:&quot;classic&quot;}\">\n\t\t<div class=\"elementor-element elementor-element-1b708e6 e-con-full e-flex e-con e-child\" data-id=\"1b708e6\" data-element_type=\"container\" data-e-type=\"container\">\n\t\t\t\t<div class=\"elementor-element elementor-element-16b086e elementor-widget elementor-widget-image\" data-id=\"16b086e\" data-element_type=\"widget\" data-e-type=\"widget\" data-widget_type=\"image.default\">\n\t\t\t\t\t\t\t\t\t\t\t\t\t\t\t<img fetchpriority=\"high\" decoding=\"async\" width=\"800\" height=\"337\" src=\"https:\/\/danishfibres.com\/wp-content\/uploads\/our_strengths_danish_fibres_micro_fibres.png\" class=\"attachment-large size-large wp-image-1252\" alt=\"Our Strengths, micro fibres, Danish Fibres\" srcset=\"https:\/\/danishfibres.com\/wp-content\/uploads\/our_strengths_danish_fibres_micro_fibres.png 830w, https:\/\/danishfibres.com\/wp-content\/uploads\/our_strengths_danish_fibres_micro_fibres-300x127.png 300w, https:\/\/danishfibres.com\/wp-content\/uploads\/our_strengths_danish_fibres_micro_fibres-768x324.png 768w\" sizes=\"(max-width: 800px) 100vw, 800px\" \/>\t\t\t\t\t\t\t\t\t\t\t\t\t\t\t<\/div>\n\t\t<div class=\"elementor-element elementor-element-7a80f8e e-con-full e-flex e-con e-child\" data-id=\"7a80f8e\" data-element_type=\"container\" data-e-type=\"container\">\n\t\t\t\t<div class=\"elementor-element elementor-element-37ceceb elementor-widget elementor-widget-heading\" data-id=\"37ceceb\" data-element_type=\"widget\" data-e-type=\"widget\" data-widget_type=\"heading.default\">\n\t\t\t\t\t<h1 class=\"elementor-heading-title elementor-size-default\">Unsere St\u00e4rken<\/h1>\t\t\t\t<\/div>\n\t\t\t\t<div class=\"elementor-element elementor-element-b578c5f elementor-widget__width-inherit df-text elementor-widget elementor-widget-text-editor\" data-id=\"b578c5f\" data-element_type=\"widget\" data-e-type=\"widget\" data-widget_type=\"text-editor.default\">\n\t\t\t\t\t\t\t\t\t<h2>1. Profitieren Sie von 40 Jahren Erfahrung<\/h2><p>Seit der Gr\u00fcndung der Polypropylenfaserproduktion Mitte der 1980er Jahre k\u00f6nnen Sie darauf vertrauen, dass wir \u00fcber das erforderliche Fachwissen und Know-how verf\u00fcgen, um f\u00fcr Ihren Anwendungszweck die optimale Faser bereitstellen zu k\u00f6nnen.<\/p><h2>2. Einzigartige Qualit\u00e4tsmerkmale<\/h2><p>Sparen Sie Kosten und Zeit \u2013 und erzielen Sie ein besseres Endergebnis \u2013 mit der einzigartigen Qualit\u00e4t von Danish Fibres. Um Ihnen ein paar Beispiele zu nennen: <\/p><p><strong>\u2022 &lt; 1% Lufteintritt im Beton<\/strong><br>For the production of construction fibres, we use a special mix,F\u00fcr die Herstellung der Konstruktionsfasern von Danish Fibres haben wir eine spezielle Avivage entwickelt, <a href=\"https:\/\/danishfibres.com\/de\/konstruktionsfasern\/technologie\/\">welche die Luftzufuhr im Beton auf weniger als 1% reduziert<\/a> \u2013 viel weniger als die Polypropylenfaserprodukte unserer Mitbewerber.<\/p><p><strong>\u2022 Verhinderung von statischer Elektrizit\u00e4t<\/strong><br>Wenn wir Filtrationsfasern herstellen, arbeiten wir bei geringer Geschwindigkeit, <a href=\"https:\/\/danishfibres.com\/de\/konstruktionsfasern\/technologie\/\">sodass sich die Fasern nicht elektrostatisch aufladen.<\/a> Unsere Kunden brauchen somit kein spezielles \u00d6l anwenden, um sich der statischen Elektrizit\u00e4t ihrer Fasern zu entledigen.<\/p><p><strong>\u2022 Saubere Schnitte<\/strong><br>Standardm\u00e4\u00dfig wechseln wir bei der Herstellung die Klingen regelm\u00e4\u00dfig, um saubere Schnitte und gut getrennte Fasen bereitstellen zu k\u00f6nnen.<\/p><h2>3. Schnelle und flexible Lieferung<\/h2><p>Wir haben unseren Produktionsfluss optimiert, um schnell auf Kundenw\u00fcnsche reagieren und unsere Produktion an individuelle Bed\u00fcrfnisse anpassen zu k\u00f6nnen. Wir wissen, dass Zeit f\u00fcr unsere Kunden Geld ist. Daher haben bei uns Liefergeschwindigkeit und das Einhalten von Vereinbarungen immer die h\u00f6chste Priorit\u00e4t. <\/p><p>Au\u00dferdem verf\u00fcgen wir \u00fcber ein starkes Netzwerk an Partnerfirmen, die es uns erm\u00f6glichen, unsere Produktion einfach an die Nachfrage anzupassen.<\/p><h2>4. Innovation im Mittelpunkt<\/h2><p>Wir entwickeln uns gerne weiter und entdecken gemeinsam mit unseren Kunden neue Faserl\u00f6sungen. 1985 erhielten wir das weltweit erste Patent f\u00fcr Polypropylenfasern zur Sprengwirkungsbegrenzung. Seitdem setzen wir unsere Innovationsarbeit kontinuierlich fort.  <\/p><p>Zu den j\u00fcngsten Innovationen z\u00e4hlen unsere <a href=\"https:\/\/danishfibres.com\/de\/konstruktionsfasern\/vor-ort-faser-schneidemaschine\/\">mobile Faserschneidemaschine<\/a> f\u00fcr Baustellen sowie weitere kundenspezifisch entwickelte L\u00f6sungen.<\/p><h2>5. Zertifizierte Qualit\u00e4tsstandards<\/h2><p>Um unseren Kunden die h\u00f6chste Qualit\u00e4t bereitstellen zu k\u00f6nnen, haben wir ein Qualit\u00e4tsmanagementsystem entwickelt und versuchen kontinuierlich, unsere Standards zu erh\u00f6hen. Infolgedessen<a href=\"https:\/\/danishfibres.com\/de\/ueber-uns\/zertifizierungen\/\"> haben wir eine Reihe von Zertifizierungen erworben<\/a>, einschlie\u00dflich der Allgemeinen bauaufsichtlichen Zulassung (abZ) \u2013 die derzeit weltweit nur drei Unternehmen in der Faserproduktion besitzen. <\/p>\t\t\t\t\t\t\t\t<\/div>\n\t\t\t\t<\/div>\n\t\t\t\t<\/div>\n\t\t<div class=\"elementor-element elementor-element-27ab0d4 e-con-full e-flex e-con e-child\" data-id=\"27ab0d4\" data-element_type=\"container\" data-e-type=\"container\">\n\t\t\t\t<div class=\"elementor-element elementor-element-d8f2049 df-aside elementor-widget elementor-widget-text-editor\" data-id=\"d8f2049\" data-element_type=\"widget\" data-e-type=\"widget\" data-widget_type=\"text-editor.default\">\n\t\t\t\t\t\t\t\t\t<h2>Lesen Sie auch:<\/h2><ul><li><a href=\"https:\/\/danishfibres.com\/de\/konstruktionsfasern\/makrofasern\/\">Makrofasern<\/a><\/li><li><a href=\"https:\/\/danishfibres.com\/de\/konstruktionsfasern\/wiking-mikrofasern\/\">Mikrofasern<\/a><\/li><\/ul>\t\t\t\t\t\t\t\t<\/div>\n\t\t\t\t<\/div>\n\t\t\t\t<\/div>\n\t\t\t\t\t<\/div>\n\t\t\t\t<\/div>\n\t\t<div class=\"elementor-element elementor-element-760786a e-flex e-con-boxed e-con e-parent\" data-id=\"760786a\" data-element_type=\"container\" data-e-type=\"container\" data-settings=\"{&quot;background_background&quot;:&quot;classic&quot;}\">\n\t\t\t\t\t<div class=\"e-con-inner\">\n\t\t<div class=\"elementor-element elementor-element-06f60b2 e-con-full e-flex e-con e-child\" data-id=\"06f60b2\" data-element_type=\"container\" data-e-type=\"container\" data-settings=\"{&quot;background_background&quot;:&quot;classic&quot;}\">\n\t\t<div class=\"elementor-element elementor-element-515c864 e-con-full e-flex e-con e-child\" data-id=\"515c864\" data-element_type=\"container\" data-e-type=\"container\">\n\t\t\t\t<div class=\"elementor-element elementor-element-dcd9051 elementor-widget elementor-widget-heading\" data-id=\"dcd9051\" data-element_type=\"widget\" data-e-type=\"widget\" data-widget_type=\"heading.default\">\n\t\t\t\t\t<h2 class=\"elementor-heading-title elementor-size-default\">Vereinbaren Sie einen Termin mit unserem Vertriebsteam<\/h2>\t\t\t\t<\/div>\n\t\t<div class=\"elementor-element elementor-element-03b79d1 e-con-full e-flex e-con e-child\" data-id=\"03b79d1\" data-element_type=\"container\" data-e-type=\"container\">\n\t\t<div class=\"elementor-element elementor-element-f623105 e-con-full e-flex e-con e-child\" data-id=\"f623105\" data-element_type=\"container\" data-e-type=\"container\">\n\t\t\t\t<div class=\"elementor-element elementor-element-a47604a sales-title elementor-widget elementor-widget-heading\" data-id=\"a47604a\" data-element_type=\"widget\" data-e-type=\"widget\" data-widget_type=\"heading.default\">\n\t\t\t\t\t<p class=\"elementor-heading-title elementor-size-default\">CEO\/President<\/p>\t\t\t\t<\/div>\n\t\t\t\t<div class=\"elementor-element elementor-element-c00e152 sales-name elementor-widget elementor-widget-heading\" data-id=\"c00e152\" data-element_type=\"widget\" data-e-type=\"widget\" data-widget_type=\"heading.default\">\n\t\t\t\t\t<p class=\"elementor-heading-title elementor-size-default\">Palle Kuntz<\/p>\t\t\t\t<\/div>\n\t\t\t\t<div class=\"elementor-element elementor-element-79ec183 elementor-widget elementor-widget-heading\" data-id=\"79ec183\" data-element_type=\"widget\" data-e-type=\"widget\" data-widget_type=\"heading.default\">\n\t\t\t\t\t<p class=\"elementor-heading-title elementor-size-default\"><a href=\"tel:+4524659615\">+45 24 65 96 15<\/a><\/p>\t\t\t\t<\/div>\n\t\t\t\t<div class=\"elementor-element elementor-element-689c7da sales-name elementor-widget elementor-widget-heading\" data-id=\"689c7da\" data-element_type=\"widget\" data-e-type=\"widget\" data-widget_type=\"heading.default\">\n\t\t\t\t\t<p class=\"elementor-heading-title elementor-size-default\"><a href=\"mailto:pku@danishfibres.dk\">pku@danishfibres.dk<\/a><\/p>\t\t\t\t<\/div>\n\t\t\t\t<\/div>\n\t\t<div class=\"elementor-element elementor-element-df34fb9 e-con-full e-flex e-con e-child\" data-id=\"df34fb9\" data-element_type=\"container\" data-e-type=\"container\">\n\t\t\t\t<div class=\"elementor-element elementor-element-20e10f2 sales-title elementor-widget elementor-widget-heading\" data-id=\"20e10f2\" data-element_type=\"widget\" data-e-type=\"widget\" data-widget_type=\"heading.default\">\n\t\t\t\t\t<p class=\"elementor-heading-title elementor-size-default\">Vertriebsleiter<\/p>\t\t\t\t<\/div>\n\t\t\t\t<div class=\"elementor-element elementor-element-93a7bad sales-name elementor-widget elementor-widget-heading\" data-id=\"93a7bad\" data-element_type=\"widget\" data-e-type=\"widget\" data-widget_type=\"heading.default\">\n\t\t\t\t\t<p class=\"elementor-heading-title elementor-size-default\">David Etzerodt<\/p>\t\t\t\t<\/div>\n\t\t\t\t<div class=\"elementor-element elementor-element-a69da42 elementor-widget elementor-widget-heading\" data-id=\"a69da42\" data-element_type=\"widget\" data-e-type=\"widget\" data-widget_type=\"heading.default\">\n\t\t\t\t\t<p class=\"elementor-heading-title elementor-size-default\"><a href=\"tel:+4520580599\">+45 20 58 05 99<\/a><\/p>\t\t\t\t<\/div>\n\t\t\t\t<div class=\"elementor-element elementor-element-43a358e sales-name elementor-widget elementor-widget-heading\" data-id=\"43a358e\" data-element_type=\"widget\" data-e-type=\"widget\" data-widget_type=\"heading.default\">\n\t\t\t\t\t<p class=\"elementor-heading-title elementor-size-default\"><a href=\"mailto:dke@danishfibres.dk\">dke@danishfibres.dk<\/a><\/p>\t\t\t\t<\/div>\n\t\t\t\t<\/div>\n\t\t\t\t<\/div>\n\t\t\t\t<div class=\"elementor-element elementor-element-124ee3e elementor-widget elementor-widget-button\" data-id=\"124ee3e\" data-element_type=\"widget\" data-e-type=\"widget\" data-widget_type=\"button.default\">\n\t\t\t\t\t\t\t\t\t\t<a class=\"elementor-button elementor-button-link elementor-size-sm\" href=\"https:\/\/danishfibres.com\/de\/kontakt\/\">\n\t\t\t\t\t\t<span class=\"elementor-button-content-wrapper\">\n\t\t\t\t\t\t\t\t\t<span class=\"elementor-button-text\">Kontaktieren Sie uns<\/span>\n\t\t\t\t\t<\/span>\n\t\t\t\t\t<\/a>\n\t\t\t\t\t\t\t\t<\/div>\n\t\t\t\t<\/div>\n\t\t<div class=\"elementor-element elementor-element-2044c2e e-con-full e-flex e-con e-child\" data-id=\"2044c2e\" data-element_type=\"container\" data-e-type=\"container\" data-settings=\"{&quot;background_background&quot;:&quot;classic&quot;}\">\n\t\t\t\t<div class=\"elementor-element elementor-element-51015cc elementor-widget elementor-widget-image\" data-id=\"51015cc\" data-element_type=\"widget\" data-e-type=\"widget\" data-widget_type=\"image.default\">\n\t\t\t\t\t\t\t\t\t\t\t\t\t\t\t<img decoding=\"async\" width=\"527\" height=\"278\" src=\"https:\/\/danishfibres.com\/wp-content\/uploads\/Our_Sales_Team_Danish_Fibres_subpage.jpg\" class=\"attachment-large size-large wp-image-244\" alt=\"\" srcset=\"https:\/\/danishfibres.com\/wp-content\/uploads\/Our_Sales_Team_Danish_Fibres_subpage.jpg 527w, https:\/\/danishfibres.com\/wp-content\/uploads\/Our_Sales_Team_Danish_Fibres_subpage-300x158.jpg 300w\" sizes=\"(max-width: 527px) 100vw, 527px\" \/>\t\t\t\t\t\t\t\t\t\t\t\t\t\t\t<\/div>\n\t\t\t\t<\/div>\n\t\t\t\t<\/div>\n\t\t\t\t\t<\/div>\n\t\t\t\t<\/div>\n\t\t<div class=\"elementor-element elementor-element-1352b3d e-grid e-con-boxed e-con e-parent\" data-id=\"1352b3d\" data-element_type=\"container\" data-e-type=\"container\" data-settings=\"{&quot;background_background&quot;:&quot;classic&quot;}\">\n\t\t\t\t\t<div class=\"e-con-inner\">\n\t\t<div class=\"elementor-element elementor-element-407a7d0 e-con-full e-flex e-con e-child\" data-id=\"407a7d0\" data-element_type=\"container\" data-e-type=\"container\">\n\t\t\t\t<div class=\"elementor-element elementor-element-86e735a elementor-widget elementor-widget-image\" data-id=\"86e735a\" data-element_type=\"widget\" data-e-type=\"widget\" data-widget_type=\"image.default\">\n\t\t\t\t\t\t\t\t\t\t\t\t\t\t\t<img decoding=\"async\" src=\"https:\/\/danishfibres.com\/wp-content\/uploads\/Danish_Fibres_Construction_Technical_Fibres.jpg\" title=\"\" alt=\"\" loading=\"lazy\" \/>\t\t\t\t\t\t\t\t\t\t\t\t\t\t\t<\/div>\n\t\t\t\t<\/div>\n\t\t<div class=\"elementor-element elementor-element-af621ad e-con-full clickable-parent e-flex e-con e-child\" data-id=\"af621ad\" data-element_type=\"container\" data-e-type=\"container\" data-settings=\"{&quot;background_background&quot;:&quot;classic&quot;}\">\n\t\t\t\t<div class=\"elementor-element elementor-element-9f5c3f6 elementor-widget elementor-widget-text-editor\" data-id=\"9f5c3f6\" data-element_type=\"widget\" data-e-type=\"widget\" data-widget_type=\"text-editor.default\">\n\t\t\t\t\t\t\t\t\t<p>Product information<\/p>\t\t\t\t\t\t\t\t<\/div>\n\t\t\t\t<div class=\"elementor-element elementor-element-24fb2e2 elementor-widget elementor-widget-text-editor\" data-id=\"24fb2e2\" data-element_type=\"widget\" data-e-type=\"widget\" data-widget_type=\"text-editor.default\">\n\t\t\t\t\t\t\t\t\t<p>Lernen Sie unser f\u00fchrendes Sortiment an Konstruktionsfasern Kennen<\/p>\t\t\t\t\t\t\t\t<\/div>\n\t\t\t\t<div class=\"elementor-element elementor-element-6bb659a elementor-widget elementor-widget-text-editor\" data-id=\"6bb659a\" data-element_type=\"widget\" data-e-type=\"widget\" data-widget_type=\"text-editor.default\">\n\t\t\t\t\t\t\t\t\t<p>Hochwertige Polypropylenfasern zur Betonbewehrung, die Rei\u00dffestigkeit, Zugfestigkeit und Brandschutz bieten.<\/p>\t\t\t\t\t\t\t\t<\/div>\n\t\t\t\t<div class=\"elementor-element elementor-element-3acf10e elementor-widget elementor-widget-button\" data-id=\"3acf10e\" data-element_type=\"widget\" data-e-type=\"widget\" data-widget_type=\"button.default\">\n\t\t\t\t\t\t\t\t\t\t<a class=\"elementor-button elementor-button-link elementor-size-sm\" href=\"https:\/\/danishfibres.com\/de\/konstruktionsfasern\/\">\n\t\t\t\t\t\t<span class=\"elementor-button-content-wrapper\">\n\t\t\t\t\t\t<span class=\"elementor-button-icon\">\n\t\t\t\t<svg aria-hidden=\"true\" class=\"e-font-icon-svg e-fas-chevron-right\" viewBox=\"0 0 320 512\" xmlns=\"http:\/\/www.w3.org\/2000\/svg\"><path d=\"M285.476 272.971L91.132 467.314c-9.373 9.373-24.569 9.373-33.941 0l-22.667-22.667c-9.357-9.357-9.375-24.522-.04-33.901L188.505 256 34.484 101.255c-9.335-9.379-9.317-24.544.04-33.901l22.667-22.667c9.373-9.373 24.569-9.373 33.941 0L285.475 239.03c9.373 9.372 9.373 24.568.001 33.941z\"><\/path><\/svg>\t\t\t<\/span>\n\t\t\t\t\t\t\t\t\t<span class=\"elementor-button-text\">Weiterlesen<br><\/span>\n\t\t\t\t\t<\/span>\n\t\t\t\t\t<\/a>\n\t\t\t\t\t\t\t\t<\/div>\n\t\t\t\t<\/div>\n\t\t\t\t\t<\/div>\n\t\t\t\t<\/div>\n\t\t\t\t<\/div>\n\t\t","protected":false},"excerpt":{"rendered":"<p>Unsere St\u00e4rken 1. Profitieren Sie von 40 Jahren Erfahrung Seit der Gr\u00fcndung der Polypropylenfaserproduktion Mitte der 1980er Jahre k\u00f6nnen Sie darauf vertrauen, dass wir \u00fcber das erforderliche Fachwissen und Know-how verf\u00fcgen, um f\u00fcr Ihren Anwendungszweck die optimale Faser bereitstellen zu k\u00f6nnen. 2. Einzigartige Qualit\u00e4tsmerkmale Sparen Sie Kosten und Zeit \u2013 und erzielen Sie ein besseres [&hellip;]<\/p>\n","protected":false},"author":2,"featured_media":0,"parent":2867,"menu_order":0,"comment_status":"closed","ping_status":"closed","template":"","meta":{"_acf_changed":false,"footnotes":""},"class_list":["post-2015","page","type-page","status-publish","hentry"],"acf":[],"yoast_head":"<!-- This site is optimized with the Yoast SEO plugin v27.4 - https:\/\/yoast.com\/product\/yoast-seo-wordpress\/ -->\n<title>Unsere St\u00e4rken - Danish Fibres<\/title>\n<meta name=\"description\" content=\"Erfahren Sie mehr \u00fcber die St\u00e4rken von Danish Fibres \u2013 Innovation, Qualit\u00e4t und Nachhaltigkeit bei Betonfaserl\u00f6sungen.\" \/>\n<meta name=\"robots\" content=\"index, follow, max-snippet:-1, max-image-preview:large, max-video-preview:-1\" \/>\n<link rel=\"canonical\" href=\"https:\/\/danishfibres.com\/de\/ueber-uns\/unsere-staerken\/\" \/>\n<meta property=\"og:locale\" content=\"de_DE\" \/>\n<meta property=\"og:type\" content=\"article\" \/>\n<meta property=\"og:title\" content=\"Unsere St\u00e4rken - Danish Fibres\" \/>\n<meta property=\"og:description\" content=\"Erfahren Sie mehr \u00fcber die St\u00e4rken von Danish Fibres \u2013 Innovation, Qualit\u00e4t und Nachhaltigkeit bei Betonfaserl\u00f6sungen.\" \/>\n<meta property=\"og:url\" content=\"https:\/\/danishfibres.com\/de\/ueber-uns\/unsere-staerken\/\" \/>\n<meta property=\"og:site_name\" content=\"Danish Fibres\" \/>\n<meta property=\"article:modified_time\" content=\"2025-12-01T07:46:03+00:00\" \/>\n<meta property=\"og:image\" content=\"https:\/\/danishfibres.com\/wp-content\/uploads\/our_strengths_danish_fibres_micro_fibres.png\" \/>\n\t<meta property=\"og:image:width\" content=\"830\" \/>\n\t<meta property=\"og:image:height\" content=\"350\" \/>\n\t<meta property=\"og:image:type\" content=\"image\/png\" \/>\n<meta name=\"twitter:card\" content=\"summary_large_image\" \/>\n<meta name=\"twitter:label1\" content=\"Gesch\u00e4tzte Lesezeit\" \/>\n\t<meta name=\"twitter:data1\" content=\"2\u00a0Minuten\" \/>\n<script type=\"application\/ld+json\" class=\"yoast-schema-graph\">{\"@context\":\"https:\\\/\\\/schema.org\",\"@graph\":[{\"@type\":\"WebPage\",\"@id\":\"https:\\\/\\\/danishfibres.com\\\/de\\\/ueber-uns\\\/unsere-staerken\\\/\",\"url\":\"https:\\\/\\\/danishfibres.com\\\/de\\\/ueber-uns\\\/unsere-staerken\\\/\",\"name\":\"Unsere St\u00e4rken - Danish Fibres\",\"isPartOf\":{\"@id\":\"https:\\\/\\\/danishfibres.com\\\/de\\\/#website\"},\"primaryImageOfPage\":{\"@id\":\"https:\\\/\\\/danishfibres.com\\\/de\\\/ueber-uns\\\/unsere-staerken\\\/#primaryimage\"},\"image\":{\"@id\":\"https:\\\/\\\/danishfibres.com\\\/de\\\/ueber-uns\\\/unsere-staerken\\\/#primaryimage\"},\"thumbnailUrl\":\"https:\\\/\\\/danishfibres.com\\\/wp-content\\\/uploads\\\/our_strengths_danish_fibres_micro_fibres.png\",\"datePublished\":\"2025-08-29T07:01:44+00:00\",\"dateModified\":\"2025-12-01T07:46:03+00:00\",\"description\":\"Erfahren Sie mehr \u00fcber die St\u00e4rken von Danish Fibres \u2013 Innovation, Qualit\u00e4t und Nachhaltigkeit bei Betonfaserl\u00f6sungen.\",\"breadcrumb\":{\"@id\":\"https:\\\/\\\/danishfibres.com\\\/de\\\/ueber-uns\\\/unsere-staerken\\\/#breadcrumb\"},\"inLanguage\":\"de\",\"potentialAction\":[{\"@type\":\"ReadAction\",\"target\":[\"https:\\\/\\\/danishfibres.com\\\/de\\\/ueber-uns\\\/unsere-staerken\\\/\"]}]},{\"@type\":\"ImageObject\",\"inLanguage\":\"de\",\"@id\":\"https:\\\/\\\/danishfibres.com\\\/de\\\/ueber-uns\\\/unsere-staerken\\\/#primaryimage\",\"url\":\"https:\\\/\\\/danishfibres.com\\\/wp-content\\\/uploads\\\/our_strengths_danish_fibres_micro_fibres.png\",\"contentUrl\":\"https:\\\/\\\/danishfibres.com\\\/wp-content\\\/uploads\\\/our_strengths_danish_fibres_micro_fibres.png\"},{\"@type\":\"BreadcrumbList\",\"@id\":\"https:\\\/\\\/danishfibres.com\\\/de\\\/ueber-uns\\\/unsere-staerken\\\/#breadcrumb\",\"itemListElement\":[{\"@type\":\"ListItem\",\"position\":1,\"name\":\"Danish Fibres\",\"item\":\"https:\\\/\\\/danishfibres.com\\\/de\\\/home\\\/\"},{\"@type\":\"ListItem\",\"position\":2,\"name\":\"\u00dcber uns\",\"item\":\"https:\\\/\\\/danishfibres.com\\\/de\\\/ueber-uns\\\/\"},{\"@type\":\"ListItem\",\"position\":3,\"name\":\"Unsere St\u00e4rken\"}]},{\"@type\":\"WebSite\",\"@id\":\"https:\\\/\\\/danishfibres.com\\\/de\\\/#website\",\"url\":\"https:\\\/\\\/danishfibres.com\\\/de\\\/\",\"name\":\"Danish Fibres\",\"description\":\"Benefit from 40 years experience\",\"potentialAction\":[{\"@type\":\"SearchAction\",\"target\":{\"@type\":\"EntryPoint\",\"urlTemplate\":\"https:\\\/\\\/danishfibres.com\\\/de\\\/?s={search_term_string}\"},\"query-input\":{\"@type\":\"PropertyValueSpecification\",\"valueRequired\":true,\"valueName\":\"search_term_string\"}}],\"inLanguage\":\"de\"}]}<\/script>\n<!-- \/ Yoast SEO plugin. -->","yoast_head_json":{"title":"Unsere St\u00e4rken - Danish Fibres","description":"Erfahren Sie mehr \u00fcber die St\u00e4rken von Danish Fibres \u2013 Innovation, Qualit\u00e4t und Nachhaltigkeit bei Betonfaserl\u00f6sungen.","robots":{"index":"index","follow":"follow","max-snippet":"max-snippet:-1","max-image-preview":"max-image-preview:large","max-video-preview":"max-video-preview:-1"},"canonical":"https:\/\/danishfibres.com\/de\/ueber-uns\/unsere-staerken\/","og_locale":"de_DE","og_type":"article","og_title":"Unsere St\u00e4rken - Danish Fibres","og_description":"Erfahren Sie mehr \u00fcber die St\u00e4rken von Danish Fibres \u2013 Innovation, Qualit\u00e4t und Nachhaltigkeit bei Betonfaserl\u00f6sungen.","og_url":"https:\/\/danishfibres.com\/de\/ueber-uns\/unsere-staerken\/","og_site_name":"Danish Fibres","article_modified_time":"2025-12-01T07:46:03+00:00","og_image":[{"width":830,"height":350,"url":"https:\/\/danishfibres.com\/wp-content\/uploads\/our_strengths_danish_fibres_micro_fibres.png","type":"image\/png"}],"twitter_card":"summary_large_image","twitter_misc":{"Gesch\u00e4tzte Lesezeit":"2\u00a0Minuten"},"schema":{"@context":"https:\/\/schema.org","@graph":[{"@type":"WebPage","@id":"https:\/\/danishfibres.com\/de\/ueber-uns\/unsere-staerken\/","url":"https:\/\/danishfibres.com\/de\/ueber-uns\/unsere-staerken\/","name":"Unsere St\u00e4rken - Danish Fibres","isPartOf":{"@id":"https:\/\/danishfibres.com\/de\/#website"},"primaryImageOfPage":{"@id":"https:\/\/danishfibres.com\/de\/ueber-uns\/unsere-staerken\/#primaryimage"},"image":{"@id":"https:\/\/danishfibres.com\/de\/ueber-uns\/unsere-staerken\/#primaryimage"},"thumbnailUrl":"https:\/\/danishfibres.com\/wp-content\/uploads\/our_strengths_danish_fibres_micro_fibres.png","datePublished":"2025-08-29T07:01:44+00:00","dateModified":"2025-12-01T07:46:03+00:00","description":"Erfahren Sie mehr \u00fcber die St\u00e4rken von Danish Fibres \u2013 Innovation, Qualit\u00e4t und Nachhaltigkeit bei Betonfaserl\u00f6sungen.","breadcrumb":{"@id":"https:\/\/danishfibres.com\/de\/ueber-uns\/unsere-staerken\/#breadcrumb"},"inLanguage":"de","potentialAction":[{"@type":"ReadAction","target":["https:\/\/danishfibres.com\/de\/ueber-uns\/unsere-staerken\/"]}]},{"@type":"ImageObject","inLanguage":"de","@id":"https:\/\/danishfibres.com\/de\/ueber-uns\/unsere-staerken\/#primaryimage","url":"https:\/\/danishfibres.com\/wp-content\/uploads\/our_strengths_danish_fibres_micro_fibres.png","contentUrl":"https:\/\/danishfibres.com\/wp-content\/uploads\/our_strengths_danish_fibres_micro_fibres.png"},{"@type":"BreadcrumbList","@id":"https:\/\/danishfibres.com\/de\/ueber-uns\/unsere-staerken\/#breadcrumb","itemListElement":[{"@type":"ListItem","position":1,"name":"Danish Fibres","item":"https:\/\/danishfibres.com\/de\/home\/"},{"@type":"ListItem","position":2,"name":"\u00dcber uns","item":"https:\/\/danishfibres.com\/de\/ueber-uns\/"},{"@type":"ListItem","position":3,"name":"Unsere St\u00e4rken"}]},{"@type":"WebSite","@id":"https:\/\/danishfibres.com\/de\/#website","url":"https:\/\/danishfibres.com\/de\/","name":"Danish Fibres","description":"Benefit from 40 years experience","potentialAction":[{"@type":"SearchAction","target":{"@type":"EntryPoint","urlTemplate":"https:\/\/danishfibres.com\/de\/?s={search_term_string}"},"query-input":{"@type":"PropertyValueSpecification","valueRequired":true,"valueName":"search_term_string"}}],"inLanguage":"de"}]}},"_links":{"self":[{"href":"https:\/\/danishfibres.com\/de\/wp-json\/wp\/v2\/pages\/2015","targetHints":{"allow":["GET"]}}],"collection":[{"href":"https:\/\/danishfibres.com\/de\/wp-json\/wp\/v2\/pages"}],"about":[{"href":"https:\/\/danishfibres.com\/de\/wp-json\/wp\/v2\/types\/page"}],"author":[{"embeddable":true,"href":"https:\/\/danishfibres.com\/de\/wp-json\/wp\/v2\/users\/2"}],"replies":[{"embeddable":true,"href":"https:\/\/danishfibres.com\/de\/wp-json\/wp\/v2\/comments?post=2015"}],"version-history":[{"count":14,"href":"https:\/\/danishfibres.com\/de\/wp-json\/wp\/v2\/pages\/2015\/revisions"}],"predecessor-version":[{"id":4725,"href":"https:\/\/danishfibres.com\/de\/wp-json\/wp\/v2\/pages\/2015\/revisions\/4725"}],"up":[{"embeddable":true,"href":"https:\/\/danishfibres.com\/de\/wp-json\/wp\/v2\/pages\/2867"}],"wp:attachment":[{"href":"https:\/\/danishfibres.com\/de\/wp-json\/wp\/v2\/media?parent=2015"}],"curies":[{"name":"wp","href":"https:\/\/api.w.org\/{rel}","templated":true}]}}