{"id":2024,"date":"2025-08-29T09:28:34","date_gmt":"2025-08-29T07:28:34","guid":{"rendered":"https:\/\/danishfibres.com\/uber-uns\/nachhaltigkeit\/"},"modified":"2025-12-01T09:13:49","modified_gmt":"2025-12-01T08:13:49","slug":"nachhaltigkeit","status":"publish","type":"page","link":"https:\/\/danishfibres.com\/de\/ueber-uns\/nachhaltigkeit\/","title":{"rendered":"Nachhaltigkeit"},"content":{"rendered":"\t\t<div data-elementor-type=\"wp-page\" data-elementor-id=\"2024\" class=\"elementor elementor-2024 elementor-1308\" data-elementor-post-type=\"page\">\n\t\t\t\t<div class=\"elementor-element elementor-element-64d5568 e-flex e-con-boxed e-con e-parent\" data-id=\"64d5568\" data-element_type=\"container\" data-e-type=\"container\" data-settings=\"{&quot;background_background&quot;:&quot;classic&quot;}\">\n\t\t\t\t\t<div class=\"e-con-inner\">\n\t\t\t\t<div class=\"elementor-element elementor-element-92640d7 elementor-widget elementor-widget-breadcrumbs\" data-id=\"92640d7\" data-element_type=\"widget\" data-e-type=\"widget\" data-widget_type=\"breadcrumbs.default\">\n\t\t\t\t\t<p id=\"breadcrumbs\"><span><span><a href=\"https:\/\/danishfibres.com\/de\/home\/\">Danish Fibres<\/a><\/span><\/span><\/p>\t\t\t\t<\/div>\n\t\t<div class=\"elementor-element elementor-element-7c5696f e-con-full e-flex e-con e-child\" data-id=\"7c5696f\" data-element_type=\"container\" data-e-type=\"container\" data-settings=\"{&quot;background_background&quot;:&quot;classic&quot;}\">\n\t\t<div class=\"elementor-element elementor-element-1b708e6 e-con-full e-flex e-con e-child\" data-id=\"1b708e6\" data-element_type=\"container\" data-e-type=\"container\">\n\t\t<div class=\"elementor-element elementor-element-7a80f8e e-con-full e-flex e-con e-child\" data-id=\"7a80f8e\" data-element_type=\"container\" data-e-type=\"container\">\n\t\t\t\t<div class=\"elementor-element elementor-element-37ceceb elementor-widget elementor-widget-heading\" data-id=\"37ceceb\" data-element_type=\"widget\" data-e-type=\"widget\" data-widget_type=\"heading.default\">\n\t\t\t\t\t<h1 class=\"elementor-heading-title elementor-size-default\">Nachhaltigkeit<\/h1>\t\t\t\t<\/div>\n\t\t\t\t<div class=\"elementor-element elementor-element-b578c5f elementor-widget__width-inherit df-text elementor-widget elementor-widget-text-editor\" data-id=\"b578c5f\" data-element_type=\"widget\" data-e-type=\"widget\" data-widget_type=\"text-editor.default\">\n\t\t\t\t\t\t\t\t\t<p><strong>Wir glauben fest daran, dass eine nachhaltige Gesch\u00e4ftsstrategie eine Bereicherung f\u00fcr die Umwelt, den Umsatz sowie f\u00fcr den Kunden bedeutet.<\/strong><\/p><p>Daher haben wir in den letzten zwei Jahrzehnten stark in die Entwicklung von nachhaltigen Gesch\u00e4ftspraktiken investiert. Hier sind ein paar Beispiele unserer gr\u00fcnen Initiativen: <\/p><h2>Sicherstellung energieeffizienter Produktion<\/h2><ul><li>Wir haben alle Antriebe in unserer Produktionsst\u00e4tte durch neue, hocheffiziente Ausf\u00fchrungen ersetzt. Heute verwenden alle unsere Produktionslinien energieeffiziente Antriebe. Dadurch konnten wir unseren j\u00e4hrlichen Energieverbrauch halbieren.  <\/li><li>Um verschwenderische Praktiken, wie zum Beispiel Energieverluste verursacht durch mechanischen Fehler oder Wartungsbed\u00fcrfnisse, zu eliminieren, kontrollieren wir unseren Energieverbrauch ununterbrochen.<\/li><li>Des Weiteren haben wir unseren Diesel-Gabelstapler durch ein Elektromodel ersetzt das keine Emission erzeugt.<\/li><\/ul><h2>Verbesserung der Ressourceneffizienz durch Produktinnovation<\/h2><ul><li>Wir verwenden reines Polypropylen f\u00fcr die Herstellung unserer Fasern. Polypropylen ist der energieeffizienteste Rohstoff unter den synthetischen Faserstoffen, da es als Nebenprodukt erzeugt wird. Daher wird auch weniger Energie f\u00fcr die Produktion ben\u00f6tigt.  <\/li><li>Wir sind gerade dabei einen neuen Faserstoff mit verbesserten Oberfl\u00e4cheneigenschaften zu entwickeln der die Rissbildung im Beton verhindern soll. Daher wird eine geringere Menge an Polypropylen-Faserstoff in der Betonmischung ben\u00f6tigt, was hingegen zu einer energieeffizienteren L\u00f6sung f\u00fchrt. <\/li><li>Wir haben au\u00dferdem eine bauseitige Schneidemaschine entworfen, die es dem Kunden erm\u00f6glicht Abfallmengen zu reduzieren. Mit der Maschine k\u00f6nnen unsere Kunden je nach Bedarf Werg in verschiedene L\u00e4ngen schneiden. Dadurch m\u00fcssen unsere Kunden nicht l\u00e4nger \u00fcberz\u00e4hlige Mengen an spezifisch langen Faserstoffen kaufen und k\u00f6nnen au\u00dferdem das \u00fcbersch\u00fcssige Werg f\u00fcr andere Bauprojekte verwenden.  <\/li><\/ul><h2>Einsatz einer kritischen Herangehensweise bez\u00fcglich der Lieferantenauswahl<\/h2><ul><li>Wenn wir unsere Lieferanten w\u00e4hlen, schauen wir nicht nur auf Preis und Qualit\u00e4t. Wir pr\u00fcfen auch ob sich unsere Lieferanten nach den jeweiligen Umweltstandarden richten, wie zum Beispiel in Bezug auf Umweltmanagement, Verschmutzungskontrolle und soziale Unternehmensverantwortung. <\/li><\/ul><h2>Verb\u00fcndung mit Kunden um eine gr\u00fcne Lieferstrategie zu gew\u00e4hrleisten<\/h2><ul><li>Wir arbeiten eng mit unseren Kunden zusammen um die Lieferkette sowie unsere Distributionslogistik zu optimieren. Anstelle des Kundenlagers, k\u00f6nnen wir zum Beispiel direkt an die Baustelle liefern. Auf diese Weise reduzieren wir Transportzeit, Kosten und CO2-Emissionen. Um das Interesse unserer Klienten zu sch\u00fctzen, unterschreiben wir dabei jedes Mal einen Kundenschutzvertrag.   <\/li><li>Wir investieren auch in ein neues Verpackungssystem, das die wirksame Lagerung w\u00e4hrend des Transports gew\u00e4hrleisten soll. Das Ziel ist die Menge des Faserstoffs pro Kiste zu erh\u00f6hen, was wiederum Kosten und CO2-Emission spart. <\/li><\/ul><h2>Umweltzertifizierungen<\/h2><ul><li>Seit 2004 sind wir ISO 14001 zertifiziert, welches die internationalen Standarte f\u00fcr Umweltmanagementsysteme setzt, und wir betreiben Nachhaltigkeit-Reporting.<\/li><\/ul>\t\t\t\t\t\t\t\t<\/div>\n\t\t\t\t<\/div>\n\t\t\t\t<\/div>\n\t\t<div class=\"elementor-element elementor-element-27ab0d4 e-con-full e-flex e-con e-child\" data-id=\"27ab0d4\" data-element_type=\"container\" data-e-type=\"container\">\n\t\t\t\t<div class=\"elementor-element elementor-element-00d36ca df-aside elementor-widget elementor-widget-text-editor\" data-id=\"00d36ca\" data-element_type=\"widget\" data-e-type=\"widget\" data-widget_type=\"text-editor.default\">\n\t\t\t\t\t\t\t\t\t<h2>Lesen Sie auch:<\/h2><ul><li><a href=\"https:\/\/danishfibres.com\/de\/konstruktionsfasern\/makrofasern\/\">Makrofasern<\/a><\/li><li><a href=\"https:\/\/danishfibres.com\/de\/konstruktionsfasern\/wiking-mikrofasern\/\">Mikrofasern<\/a><\/li><\/ul>\t\t\t\t\t\t\t\t<\/div>\n\t\t\t\t<\/div>\n\t\t\t\t<\/div>\n\t\t\t\t\t<\/div>\n\t\t\t\t<\/div>\n\t\t<div class=\"elementor-element elementor-element-c70c172 e-flex e-con-boxed e-con e-parent\" data-id=\"c70c172\" data-element_type=\"container\" data-e-type=\"container\" data-settings=\"{&quot;background_background&quot;:&quot;classic&quot;}\">\n\t\t\t\t\t<div class=\"e-con-inner\">\n\t\t<div class=\"elementor-element elementor-element-9e35a16 e-con-full e-flex e-con e-child\" data-id=\"9e35a16\" data-element_type=\"container\" data-e-type=\"container\" data-settings=\"{&quot;background_background&quot;:&quot;classic&quot;}\">\n\t\t<div class=\"elementor-element elementor-element-5d8a7a0 e-con-full e-flex e-con e-child\" data-id=\"5d8a7a0\" data-element_type=\"container\" data-e-type=\"container\">\n\t\t\t\t<div class=\"elementor-element elementor-element-4ece9f1 elementor-widget elementor-widget-heading\" data-id=\"4ece9f1\" data-element_type=\"widget\" data-e-type=\"widget\" data-widget_type=\"heading.default\">\n\t\t\t\t\t<h2 class=\"elementor-heading-title elementor-size-default\">Vereinbaren Sie einen Termin mit unserem Vertriebsteam<\/h2>\t\t\t\t<\/div>\n\t\t<div class=\"elementor-element elementor-element-5e0ed29 e-con-full e-flex e-con e-child\" data-id=\"5e0ed29\" data-element_type=\"container\" data-e-type=\"container\">\n\t\t<div class=\"elementor-element elementor-element-fdb479d e-con-full e-flex e-con e-child\" data-id=\"fdb479d\" data-element_type=\"container\" data-e-type=\"container\">\n\t\t\t\t<div class=\"elementor-element elementor-element-285e9f1 sales-title elementor-widget elementor-widget-heading\" data-id=\"285e9f1\" data-element_type=\"widget\" data-e-type=\"widget\" data-widget_type=\"heading.default\">\n\t\t\t\t\t<p class=\"elementor-heading-title elementor-size-default\">CEO\/President<\/p>\t\t\t\t<\/div>\n\t\t\t\t<div class=\"elementor-element elementor-element-bfc2cad sales-name elementor-widget elementor-widget-heading\" data-id=\"bfc2cad\" data-element_type=\"widget\" data-e-type=\"widget\" data-widget_type=\"heading.default\">\n\t\t\t\t\t<p class=\"elementor-heading-title elementor-size-default\">Palle Kuntz<\/p>\t\t\t\t<\/div>\n\t\t\t\t<div class=\"elementor-element elementor-element-ced4ecb elementor-widget elementor-widget-heading\" data-id=\"ced4ecb\" data-element_type=\"widget\" data-e-type=\"widget\" data-widget_type=\"heading.default\">\n\t\t\t\t\t<p class=\"elementor-heading-title elementor-size-default\"><a href=\"tel:+4524659615\">+45 24 65 96 15<\/a><\/p>\t\t\t\t<\/div>\n\t\t\t\t<div class=\"elementor-element elementor-element-210ec0a sales-name elementor-widget elementor-widget-heading\" data-id=\"210ec0a\" data-element_type=\"widget\" data-e-type=\"widget\" data-widget_type=\"heading.default\">\n\t\t\t\t\t<p class=\"elementor-heading-title elementor-size-default\"><a href=\"mailto:pku@danishfibres.dk\">pku@danishfibres.dk<\/a><\/p>\t\t\t\t<\/div>\n\t\t\t\t<\/div>\n\t\t<div class=\"elementor-element elementor-element-2829d5d e-con-full e-flex e-con e-child\" data-id=\"2829d5d\" data-element_type=\"container\" data-e-type=\"container\">\n\t\t\t\t<div class=\"elementor-element elementor-element-dfa13b6 sales-title elementor-widget elementor-widget-heading\" data-id=\"dfa13b6\" data-element_type=\"widget\" data-e-type=\"widget\" data-widget_type=\"heading.default\">\n\t\t\t\t\t<p class=\"elementor-heading-title elementor-size-default\">Vertriebsleiter<\/p>\t\t\t\t<\/div>\n\t\t\t\t<div class=\"elementor-element elementor-element-d566e44 sales-name elementor-widget elementor-widget-heading\" data-id=\"d566e44\" data-element_type=\"widget\" data-e-type=\"widget\" data-widget_type=\"heading.default\">\n\t\t\t\t\t<p class=\"elementor-heading-title elementor-size-default\">David Etzerodt<\/p>\t\t\t\t<\/div>\n\t\t\t\t<div class=\"elementor-element elementor-element-2ec0124 elementor-widget elementor-widget-heading\" data-id=\"2ec0124\" data-element_type=\"widget\" data-e-type=\"widget\" data-widget_type=\"heading.default\">\n\t\t\t\t\t<p class=\"elementor-heading-title elementor-size-default\"><a href=\"tel:+4520580599\">+45 20 58 05 99<\/a><\/p>\t\t\t\t<\/div>\n\t\t\t\t<div class=\"elementor-element elementor-element-0e0485e sales-name elementor-widget elementor-widget-heading\" data-id=\"0e0485e\" data-element_type=\"widget\" data-e-type=\"widget\" data-widget_type=\"heading.default\">\n\t\t\t\t\t<p class=\"elementor-heading-title elementor-size-default\"><a href=\"mailto:dke@danishfibres.dk\">dke@danishfibres.dk<\/a><\/p>\t\t\t\t<\/div>\n\t\t\t\t<\/div>\n\t\t\t\t<\/div>\n\t\t\t\t<div class=\"elementor-element elementor-element-cd19e1d elementor-widget elementor-widget-button\" data-id=\"cd19e1d\" data-element_type=\"widget\" data-e-type=\"widget\" data-widget_type=\"button.default\">\n\t\t\t\t\t\t\t\t\t\t<a class=\"elementor-button elementor-button-link elementor-size-sm\" href=\"https:\/\/danishfibres.com\/de\/kontakt\/\">\n\t\t\t\t\t\t<span class=\"elementor-button-content-wrapper\">\n\t\t\t\t\t\t\t\t\t<span class=\"elementor-button-text\">Kontaktieren Sie uns<\/span>\n\t\t\t\t\t<\/span>\n\t\t\t\t\t<\/a>\n\t\t\t\t\t\t\t\t<\/div>\n\t\t\t\t<\/div>\n\t\t<div class=\"elementor-element elementor-element-acdef2d e-con-full e-flex e-con e-child\" data-id=\"acdef2d\" data-element_type=\"container\" data-e-type=\"container\" data-settings=\"{&quot;background_background&quot;:&quot;classic&quot;}\">\n\t\t\t\t<div class=\"elementor-element elementor-element-9cdadff elementor-widget elementor-widget-image\" data-id=\"9cdadff\" data-element_type=\"widget\" data-e-type=\"widget\" data-widget_type=\"image.default\">\n\t\t\t\t\t\t\t\t\t\t\t\t\t\t\t<img fetchpriority=\"high\" decoding=\"async\" width=\"527\" height=\"278\" src=\"https:\/\/danishfibres.com\/wp-content\/uploads\/Our_Sales_Team_Danish_Fibres_subpage.jpg\" class=\"attachment-large size-large wp-image-244\" alt=\"\" srcset=\"https:\/\/danishfibres.com\/wp-content\/uploads\/Our_Sales_Team_Danish_Fibres_subpage.jpg 527w, https:\/\/danishfibres.com\/wp-content\/uploads\/Our_Sales_Team_Danish_Fibres_subpage-300x158.jpg 300w\" sizes=\"(max-width: 527px) 100vw, 527px\" \/>\t\t\t\t\t\t\t\t\t\t\t\t\t\t\t<\/div>\n\t\t\t\t<\/div>\n\t\t\t\t<\/div>\n\t\t\t\t\t<\/div>\n\t\t\t\t<\/div>\n\t\t<div class=\"elementor-element elementor-element-a43fec9 e-grid e-con-boxed e-con e-parent\" data-id=\"a43fec9\" data-element_type=\"container\" data-e-type=\"container\" data-settings=\"{&quot;background_background&quot;:&quot;classic&quot;}\">\n\t\t\t\t\t<div class=\"e-con-inner\">\n\t\t<div class=\"elementor-element elementor-element-a527b67 e-con-full e-flex e-con e-child\" data-id=\"a527b67\" data-element_type=\"container\" data-e-type=\"container\">\n\t\t\t\t<div class=\"elementor-element elementor-element-c3783d4 elementor-widget elementor-widget-image\" data-id=\"c3783d4\" data-element_type=\"widget\" data-e-type=\"widget\" data-widget_type=\"image.default\">\n\t\t\t\t\t\t\t\t\t\t\t\t\t\t\t<img decoding=\"async\" src=\"https:\/\/danishfibres.com\/wp-content\/uploads\/Danish_Fibres_Construction_Technical_Fibres.jpg\" title=\"\" alt=\"\" loading=\"lazy\" \/>\t\t\t\t\t\t\t\t\t\t\t\t\t\t\t<\/div>\n\t\t\t\t<\/div>\n\t\t<div class=\"elementor-element elementor-element-ca77e96 e-con-full clickable-parent e-flex e-con e-child\" data-id=\"ca77e96\" data-element_type=\"container\" data-e-type=\"container\" data-settings=\"{&quot;background_background&quot;:&quot;classic&quot;}\">\n\t\t\t\t<div class=\"elementor-element elementor-element-680f9cc elementor-widget elementor-widget-text-editor\" data-id=\"680f9cc\" data-element_type=\"widget\" data-e-type=\"widget\" data-widget_type=\"text-editor.default\">\n\t\t\t\t\t\t\t\t\t<p>Product information<\/p>\t\t\t\t\t\t\t\t<\/div>\n\t\t\t\t<div class=\"elementor-element elementor-element-3a65493 elementor-widget elementor-widget-text-editor\" data-id=\"3a65493\" data-element_type=\"widget\" data-e-type=\"widget\" data-widget_type=\"text-editor.default\">\n\t\t\t\t\t\t\t\t\t<p>Lernen Sie unser f\u00fchrendes Sortiment an Konstruktionsfasern Kennen<\/p>\t\t\t\t\t\t\t\t<\/div>\n\t\t\t\t<div class=\"elementor-element elementor-element-6d31867 elementor-widget elementor-widget-text-editor\" data-id=\"6d31867\" data-element_type=\"widget\" data-e-type=\"widget\" data-widget_type=\"text-editor.default\">\n\t\t\t\t\t\t\t\t\t<p>Hochwertige Polypropylenfasern zur Betonbewehrung, die rei\u00dffestigkeit, Zugfestigkeit und Brandschutz bieten<\/p>\t\t\t\t\t\t\t\t<\/div>\n\t\t\t\t<div class=\"elementor-element elementor-element-385f7cd elementor-widget elementor-widget-button\" data-id=\"385f7cd\" data-element_type=\"widget\" data-e-type=\"widget\" data-widget_type=\"button.default\">\n\t\t\t\t\t\t\t\t\t\t<a class=\"elementor-button elementor-button-link elementor-size-sm\" href=\"https:\/\/danishfibres.com\/de\/konstruktionsfasern\/technologie\/\">\n\t\t\t\t\t\t<span class=\"elementor-button-content-wrapper\">\n\t\t\t\t\t\t<span class=\"elementor-button-icon\">\n\t\t\t\t<svg aria-hidden=\"true\" class=\"e-font-icon-svg e-fas-chevron-right\" viewBox=\"0 0 320 512\" xmlns=\"http:\/\/www.w3.org\/2000\/svg\"><path d=\"M285.476 272.971L91.132 467.314c-9.373 9.373-24.569 9.373-33.941 0l-22.667-22.667c-9.357-9.357-9.375-24.522-.04-33.901L188.505 256 34.484 101.255c-9.335-9.379-9.317-24.544.04-33.901l22.667-22.667c9.373-9.373 24.569-9.373 33.941 0L285.475 239.03c9.373 9.372 9.373 24.568.001 33.941z\"><\/path><\/svg>\t\t\t<\/span>\n\t\t\t\t\t\t\t\t\t<span class=\"elementor-button-text\">Weiterlesen<\/span>\n\t\t\t\t\t<\/span>\n\t\t\t\t\t<\/a>\n\t\t\t\t\t\t\t\t<\/div>\n\t\t\t\t<\/div>\n\t\t\t\t\t<\/div>\n\t\t\t\t<\/div>\n\t\t\t\t<\/div>\n\t\t","protected":false},"excerpt":{"rendered":"<p>Nachhaltigkeit Wir glauben fest daran, dass eine nachhaltige Gesch\u00e4ftsstrategie eine Bereicherung f\u00fcr die Umwelt, den Umsatz sowie f\u00fcr den Kunden bedeutet. Daher haben wir in den letzten zwei Jahrzehnten stark in die Entwicklung von nachhaltigen Gesch\u00e4ftspraktiken investiert. Hier sind ein paar Beispiele unserer gr\u00fcnen Initiativen: Sicherstellung energieeffizienter Produktion Wir haben alle Antriebe in unserer Produktionsst\u00e4tte [&hellip;]<\/p>\n","protected":false},"author":2,"featured_media":0,"parent":2867,"menu_order":0,"comment_status":"closed","ping_status":"closed","template":"","meta":{"_acf_changed":false,"footnotes":""},"class_list":["post-2024","page","type-page","status-publish","hentry"],"acf":[],"yoast_head":"<!-- This site is optimized with the Yoast SEO plugin v27.4 - https:\/\/yoast.com\/product\/yoast-seo-wordpress\/ -->\n<title>Nachhaltigkeit - Danish Fibres<\/title>\n<meta name=\"description\" content=\"Erfahren Sie mehr \u00fcber Danish Fibres Engagement f\u00fcr Nachhaltigkeit \u2013 umweltfreundliche Betonfasern f\u00fcr langlebige Bauprojekte.\" \/>\n<meta name=\"robots\" content=\"index, follow, max-snippet:-1, max-image-preview:large, max-video-preview:-1\" \/>\n<link rel=\"canonical\" href=\"https:\/\/danishfibres.com\/de\/ueber-uns\/nachhaltigkeit\/\" \/>\n<meta property=\"og:locale\" content=\"de_DE\" \/>\n<meta property=\"og:type\" content=\"article\" \/>\n<meta property=\"og:title\" content=\"Nachhaltigkeit - Danish Fibres\" \/>\n<meta property=\"og:description\" content=\"Erfahren Sie mehr \u00fcber Danish Fibres Engagement f\u00fcr Nachhaltigkeit \u2013 umweltfreundliche Betonfasern f\u00fcr langlebige Bauprojekte.\" \/>\n<meta property=\"og:url\" content=\"https:\/\/danishfibres.com\/de\/ueber-uns\/nachhaltigkeit\/\" \/>\n<meta property=\"og:site_name\" content=\"Danish Fibres\" \/>\n<meta property=\"article:modified_time\" content=\"2025-12-01T08:13:49+00:00\" \/>\n<meta property=\"og:image\" content=\"https:\/\/danishfibres.com\/wp-content\/uploads\/Our_Sales_Team_Danish_Fibres_subpage.jpg\" \/>\n\t<meta property=\"og:image:width\" content=\"527\" \/>\n\t<meta property=\"og:image:height\" content=\"278\" \/>\n\t<meta property=\"og:image:type\" content=\"image\/jpeg\" \/>\n<meta name=\"twitter:card\" content=\"summary_large_image\" \/>\n<meta name=\"twitter:label1\" content=\"Gesch\u00e4tzte Lesezeit\" \/>\n\t<meta name=\"twitter:data1\" content=\"2\u00a0Minuten\" \/>\n<script type=\"application\/ld+json\" class=\"yoast-schema-graph\">{\"@context\":\"https:\\\/\\\/schema.org\",\"@graph\":[{\"@type\":\"WebPage\",\"@id\":\"https:\\\/\\\/danishfibres.com\\\/de\\\/ueber-uns\\\/nachhaltigkeit\\\/\",\"url\":\"https:\\\/\\\/danishfibres.com\\\/de\\\/ueber-uns\\\/nachhaltigkeit\\\/\",\"name\":\"Nachhaltigkeit - Danish Fibres\",\"isPartOf\":{\"@id\":\"https:\\\/\\\/danishfibres.com\\\/de\\\/#website\"},\"primaryImageOfPage\":{\"@id\":\"https:\\\/\\\/danishfibres.com\\\/de\\\/ueber-uns\\\/nachhaltigkeit\\\/#primaryimage\"},\"image\":{\"@id\":\"https:\\\/\\\/danishfibres.com\\\/de\\\/ueber-uns\\\/nachhaltigkeit\\\/#primaryimage\"},\"thumbnailUrl\":\"https:\\\/\\\/danishfibres.com\\\/wp-content\\\/uploads\\\/Our_Sales_Team_Danish_Fibres_subpage.jpg\",\"datePublished\":\"2025-08-29T07:28:34+00:00\",\"dateModified\":\"2025-12-01T08:13:49+00:00\",\"description\":\"Erfahren Sie mehr \u00fcber Danish Fibres Engagement f\u00fcr Nachhaltigkeit \u2013 umweltfreundliche Betonfasern f\u00fcr langlebige Bauprojekte.\",\"breadcrumb\":{\"@id\":\"https:\\\/\\\/danishfibres.com\\\/de\\\/ueber-uns\\\/nachhaltigkeit\\\/#breadcrumb\"},\"inLanguage\":\"de\",\"potentialAction\":[{\"@type\":\"ReadAction\",\"target\":[\"https:\\\/\\\/danishfibres.com\\\/de\\\/ueber-uns\\\/nachhaltigkeit\\\/\"]}]},{\"@type\":\"ImageObject\",\"inLanguage\":\"de\",\"@id\":\"https:\\\/\\\/danishfibres.com\\\/de\\\/ueber-uns\\\/nachhaltigkeit\\\/#primaryimage\",\"url\":\"https:\\\/\\\/danishfibres.com\\\/wp-content\\\/uploads\\\/Our_Sales_Team_Danish_Fibres_subpage.jpg\",\"contentUrl\":\"https:\\\/\\\/danishfibres.com\\\/wp-content\\\/uploads\\\/Our_Sales_Team_Danish_Fibres_subpage.jpg\"},{\"@type\":\"BreadcrumbList\",\"@id\":\"https:\\\/\\\/danishfibres.com\\\/de\\\/ueber-uns\\\/nachhaltigkeit\\\/#breadcrumb\",\"itemListElement\":[{\"@type\":\"ListItem\",\"position\":1,\"name\":\"Danish Fibres\",\"item\":\"https:\\\/\\\/danishfibres.com\\\/de\\\/home\\\/\"},{\"@type\":\"ListItem\",\"position\":2,\"name\":\"\u00dcber uns\",\"item\":\"https:\\\/\\\/danishfibres.com\\\/de\\\/ueber-uns\\\/\"},{\"@type\":\"ListItem\",\"position\":3,\"name\":\"Nachhaltigkeit\"}]},{\"@type\":\"WebSite\",\"@id\":\"https:\\\/\\\/danishfibres.com\\\/de\\\/#website\",\"url\":\"https:\\\/\\\/danishfibres.com\\\/de\\\/\",\"name\":\"Danish Fibres\",\"description\":\"Benefit from 40 years experience\",\"potentialAction\":[{\"@type\":\"SearchAction\",\"target\":{\"@type\":\"EntryPoint\",\"urlTemplate\":\"https:\\\/\\\/danishfibres.com\\\/de\\\/?s={search_term_string}\"},\"query-input\":{\"@type\":\"PropertyValueSpecification\",\"valueRequired\":true,\"valueName\":\"search_term_string\"}}],\"inLanguage\":\"de\"}]}<\/script>\n<!-- \/ Yoast SEO plugin. -->","yoast_head_json":{"title":"Nachhaltigkeit - Danish Fibres","description":"Erfahren Sie mehr \u00fcber Danish Fibres Engagement f\u00fcr Nachhaltigkeit \u2013 umweltfreundliche Betonfasern f\u00fcr langlebige Bauprojekte.","robots":{"index":"index","follow":"follow","max-snippet":"max-snippet:-1","max-image-preview":"max-image-preview:large","max-video-preview":"max-video-preview:-1"},"canonical":"https:\/\/danishfibres.com\/de\/ueber-uns\/nachhaltigkeit\/","og_locale":"de_DE","og_type":"article","og_title":"Nachhaltigkeit - Danish Fibres","og_description":"Erfahren Sie mehr \u00fcber Danish Fibres Engagement f\u00fcr Nachhaltigkeit \u2013 umweltfreundliche Betonfasern f\u00fcr langlebige Bauprojekte.","og_url":"https:\/\/danishfibres.com\/de\/ueber-uns\/nachhaltigkeit\/","og_site_name":"Danish Fibres","article_modified_time":"2025-12-01T08:13:49+00:00","og_image":[{"width":527,"height":278,"url":"https:\/\/danishfibres.com\/wp-content\/uploads\/Our_Sales_Team_Danish_Fibres_subpage.jpg","type":"image\/jpeg"}],"twitter_card":"summary_large_image","twitter_misc":{"Gesch\u00e4tzte Lesezeit":"2\u00a0Minuten"},"schema":{"@context":"https:\/\/schema.org","@graph":[{"@type":"WebPage","@id":"https:\/\/danishfibres.com\/de\/ueber-uns\/nachhaltigkeit\/","url":"https:\/\/danishfibres.com\/de\/ueber-uns\/nachhaltigkeit\/","name":"Nachhaltigkeit - Danish Fibres","isPartOf":{"@id":"https:\/\/danishfibres.com\/de\/#website"},"primaryImageOfPage":{"@id":"https:\/\/danishfibres.com\/de\/ueber-uns\/nachhaltigkeit\/#primaryimage"},"image":{"@id":"https:\/\/danishfibres.com\/de\/ueber-uns\/nachhaltigkeit\/#primaryimage"},"thumbnailUrl":"https:\/\/danishfibres.com\/wp-content\/uploads\/Our_Sales_Team_Danish_Fibres_subpage.jpg","datePublished":"2025-08-29T07:28:34+00:00","dateModified":"2025-12-01T08:13:49+00:00","description":"Erfahren Sie mehr \u00fcber Danish Fibres Engagement f\u00fcr Nachhaltigkeit \u2013 umweltfreundliche Betonfasern f\u00fcr langlebige Bauprojekte.","breadcrumb":{"@id":"https:\/\/danishfibres.com\/de\/ueber-uns\/nachhaltigkeit\/#breadcrumb"},"inLanguage":"de","potentialAction":[{"@type":"ReadAction","target":["https:\/\/danishfibres.com\/de\/ueber-uns\/nachhaltigkeit\/"]}]},{"@type":"ImageObject","inLanguage":"de","@id":"https:\/\/danishfibres.com\/de\/ueber-uns\/nachhaltigkeit\/#primaryimage","url":"https:\/\/danishfibres.com\/wp-content\/uploads\/Our_Sales_Team_Danish_Fibres_subpage.jpg","contentUrl":"https:\/\/danishfibres.com\/wp-content\/uploads\/Our_Sales_Team_Danish_Fibres_subpage.jpg"},{"@type":"BreadcrumbList","@id":"https:\/\/danishfibres.com\/de\/ueber-uns\/nachhaltigkeit\/#breadcrumb","itemListElement":[{"@type":"ListItem","position":1,"name":"Danish Fibres","item":"https:\/\/danishfibres.com\/de\/home\/"},{"@type":"ListItem","position":2,"name":"\u00dcber uns","item":"https:\/\/danishfibres.com\/de\/ueber-uns\/"},{"@type":"ListItem","position":3,"name":"Nachhaltigkeit"}]},{"@type":"WebSite","@id":"https:\/\/danishfibres.com\/de\/#website","url":"https:\/\/danishfibres.com\/de\/","name":"Danish Fibres","description":"Benefit from 40 years experience","potentialAction":[{"@type":"SearchAction","target":{"@type":"EntryPoint","urlTemplate":"https:\/\/danishfibres.com\/de\/?s={search_term_string}"},"query-input":{"@type":"PropertyValueSpecification","valueRequired":true,"valueName":"search_term_string"}}],"inLanguage":"de"}]}},"_links":{"self":[{"href":"https:\/\/danishfibres.com\/de\/wp-json\/wp\/v2\/pages\/2024","targetHints":{"allow":["GET"]}}],"collection":[{"href":"https:\/\/danishfibres.com\/de\/wp-json\/wp\/v2\/pages"}],"about":[{"href":"https:\/\/danishfibres.com\/de\/wp-json\/wp\/v2\/types\/page"}],"author":[{"embeddable":true,"href":"https:\/\/danishfibres.com\/de\/wp-json\/wp\/v2\/users\/2"}],"replies":[{"embeddable":true,"href":"https:\/\/danishfibres.com\/de\/wp-json\/wp\/v2\/comments?post=2024"}],"version-history":[{"count":5,"href":"https:\/\/danishfibres.com\/de\/wp-json\/wp\/v2\/pages\/2024\/revisions"}],"predecessor-version":[{"id":4794,"href":"https:\/\/danishfibres.com\/de\/wp-json\/wp\/v2\/pages\/2024\/revisions\/4794"}],"up":[{"embeddable":true,"href":"https:\/\/danishfibres.com\/de\/wp-json\/wp\/v2\/pages\/2867"}],"wp:attachment":[{"href":"https:\/\/danishfibres.com\/de\/wp-json\/wp\/v2\/media?parent=2024"}],"curies":[{"name":"wp","href":"https:\/\/api.w.org\/{rel}","templated":true}]}}