{"id":2044,"date":"2025-08-28T13:55:43","date_gmt":"2025-08-28T11:55:43","guid":{"rendered":"https:\/\/danishfibres.com\/techniche-fasern\/technologie\/"},"modified":"2025-12-03T14:43:27","modified_gmt":"2025-12-03T13:43:27","slug":"technologie","status":"publish","type":"page","link":"https:\/\/danishfibres.com\/de\/techniche-fasern\/technologie\/","title":{"rendered":"Technologie"},"content":{"rendered":"\t\t<div data-elementor-type=\"wp-page\" data-elementor-id=\"2044\" class=\"elementor elementor-2044 elementor-1143\" data-elementor-post-type=\"page\">\n\t\t\t\t<div class=\"elementor-element elementor-element-244b1a3 e-flex e-con-boxed e-con e-parent\" data-id=\"244b1a3\" data-element_type=\"container\" data-e-type=\"container\" data-settings=\"{&quot;background_background&quot;:&quot;classic&quot;}\">\n\t\t\t\t\t<div class=\"e-con-inner\">\n\t\t\t\t<div class=\"elementor-element elementor-element-3752da0 elementor-widget elementor-widget-breadcrumbs\" data-id=\"3752da0\" data-element_type=\"widget\" data-e-type=\"widget\" data-widget_type=\"breadcrumbs.default\">\n\t\t\t\t\t<p id=\"breadcrumbs\"><span><span><a href=\"https:\/\/danishfibres.com\/de\/home\/\">Danish Fibres<\/a><\/span><\/span><\/p>\t\t\t\t<\/div>\n\t\t<div class=\"elementor-element elementor-element-8e08eb8 e-con-full e-flex e-con e-child\" data-id=\"8e08eb8\" data-element_type=\"container\" data-e-type=\"container\" data-settings=\"{&quot;background_background&quot;:&quot;classic&quot;}\">\n\t\t<div class=\"elementor-element elementor-element-528f3e4 e-con-full e-flex e-con e-child\" data-id=\"528f3e4\" data-element_type=\"container\" data-e-type=\"container\" data-settings=\"{&quot;background_background&quot;:&quot;classic&quot;}\">\n\t\t<div class=\"elementor-element elementor-element-8e62fca e-con-full e-flex e-con e-child\" data-id=\"8e62fca\" data-element_type=\"container\" data-e-type=\"container\">\n\t\t\t\t<div class=\"elementor-element elementor-element-2cfe97e elementor-widget elementor-widget-image\" data-id=\"2cfe97e\" data-element_type=\"widget\" data-e-type=\"widget\" data-widget_type=\"image.default\">\n\t\t\t\t\t\t\t\t\t\t\t\t\t\t\t<img fetchpriority=\"high\" decoding=\"async\" width=\"800\" height=\"337\" src=\"https:\/\/danishfibres.com\/wp-content\/uploads\/Technology_Technical_Icons-1.png\" class=\"attachment-large size-large wp-image-1158\" alt=\"Technology icons\" srcset=\"https:\/\/danishfibres.com\/wp-content\/uploads\/Technology_Technical_Icons-1.png 830w, https:\/\/danishfibres.com\/wp-content\/uploads\/Technology_Technical_Icons-1-300x127.png 300w, https:\/\/danishfibres.com\/wp-content\/uploads\/Technology_Technical_Icons-1-768x324.png 768w\" sizes=\"(max-width: 800px) 100vw, 800px\" \/>\t\t\t\t\t\t\t\t\t\t\t\t\t\t\t<\/div>\n\t\t<div class=\"elementor-element elementor-element-f62354a e-con-full e-flex e-con e-child\" data-id=\"f62354a\" data-element_type=\"container\" data-e-type=\"container\">\n\t\t\t\t<div class=\"elementor-element elementor-element-28a0ddf elementor-widget elementor-widget-heading\" data-id=\"28a0ddf\" data-element_type=\"widget\" data-e-type=\"widget\" data-widget_type=\"heading.default\">\n\t\t\t\t\t<h1 class=\"elementor-heading-title elementor-size-default\">Technologie \u2013 Technische Fasern<\/h1>\t\t\t\t<\/div>\n\t\t\t\t<div class=\"elementor-element elementor-element-ebcff3d df-text elementor-widget elementor-widget-text-editor\" data-id=\"ebcff3d\" data-element_type=\"widget\" data-e-type=\"widget\" data-widget_type=\"text-editor.default\">\n\t\t\t\t\t\t\t\t\t<p><strong>Fasern sind nicht nur einfach Fasern. Wenn Sie sich f\u00fcr die technischen Fasern von Danish Fibres entscheiden, profitieren Sie von einer Reihe einzigartiger Qualit\u00e4tsmerkmale. <\/strong><\/p><h2>Leichteste Kunstfaser am Markt<\/h2><p>Alle technischen Fasern von Danish Fibres werden zu 100% aus Polypropylenfasern hergestellt. Polypropylenfasern wiegen nur 0,91 g\/cm3, das ist die niedrigste Dichte aller synthetischen Fasern am Markt. Zudem verf\u00fcgen Polypropylenfasern \u00fcber eine hohe Zugfestigkeit. Wenn Sie Polypropylenfasern verwenden, m\u00fcssen Sie somit ein geringes Gewicht an Fasern verwenden, um die erforderliche St\u00e4rke und Fl\u00e4chendeckung zu erreichen.   <\/p><h2>Chemische und biologische Resistenz<\/h2><p>Polypropylenfaser ist, im Gegensatz zu allen anderen Kunstfasern, die einzige Kunstfaser, die sowohl gegen S\u00e4uren als auch Basen best\u00e4ndig ist. Aus diesem Grund verwenden wir bei der Herstellung von technischen Fasern nur Polypropylen \u2013 um sicherzustellen, dass unsere Kunden eine L\u00f6sung erhalten, die von \u00e4u\u00dferster Langlebigkeit ist. <\/p><h2>Verhinderung von statischer Elektrizit\u00e4t<\/h2><p>Wir verf\u00fcgen \u00fcber eine sehr flexible Fertigungsanlage, in der individuelle Kundenw\u00fcnsche sehr leicht erf\u00fcllt werden k\u00f6nnen. Mit dieser vermeiden wir, dass statische Elektrizit\u00e4t auftritt. Somit muss der Kunde kein spezielles \u00d6l verwendet, um die statische Elektrizit\u00e4t zu entfernen, bevor die Fasern zur Filtration verwendet werden.  <\/p><h2>Saubere Schnitte<\/h2><p>Stumpfe Klingen f\u00fchren zu einer erheblichen Erw\u00e4rmung der Fasern, sodass sie zusammenkleben, wenn sie in Kartons gelagert werden. Daher wechseln wir standardm\u00e4\u00dfig bei der Herstellung die Klingen regelm\u00e4\u00dfig, um saubere Schnitte und gut getrennte Fasern bereitstellen zu k\u00f6nnen. <\/p><p>Bitte <a href=\"https:\/\/danishfibres.com\/de\/kontakt\/\">kontaktieren Sie uns<\/a> f\u00fcr weitere Informationen zu unseren Produktionsverfahren und Qualit\u00e4tsstandards.<\/p>\t\t\t\t\t\t\t\t<\/div>\n\t\t\t\t<\/div>\n\t\t\t\t<\/div>\n\t\t<div class=\"elementor-element elementor-element-2a2dfc6 e-con-full e-flex e-con e-child\" data-id=\"2a2dfc6\" data-element_type=\"container\" data-e-type=\"container\">\n\t\t\t\t<\/div>\n\t\t\t\t<\/div>\n\t\t\t\t<\/div>\n\t\t\t\t\t<\/div>\n\t\t\t\t<\/div>\n\t\t<div class=\"elementor-element elementor-element-67b4d2b e-flex e-con-boxed e-con e-parent\" data-id=\"67b4d2b\" data-element_type=\"container\" data-e-type=\"container\" data-settings=\"{&quot;background_background&quot;:&quot;classic&quot;}\">\n\t\t\t\t\t<div class=\"e-con-inner\">\n\t\t<div class=\"elementor-element elementor-element-cace5fe e-con-full e-flex e-con e-child\" data-id=\"cace5fe\" data-element_type=\"container\" data-e-type=\"container\" data-settings=\"{&quot;background_background&quot;:&quot;classic&quot;}\">\n\t\t<div class=\"elementor-element elementor-element-ba25022 e-con-full e-flex e-con e-child\" data-id=\"ba25022\" data-element_type=\"container\" data-e-type=\"container\">\n\t\t\t\t<div class=\"elementor-element elementor-element-4e0f027 elementor-widget elementor-widget-heading\" data-id=\"4e0f027\" data-element_type=\"widget\" data-e-type=\"widget\" data-widget_type=\"heading.default\">\n\t\t\t\t\t<h2 class=\"elementor-heading-title elementor-size-default\">Vereinbaren Sie einen Termin mit unserem Vertriebsteam<\/h2>\t\t\t\t<\/div>\n\t\t<div class=\"elementor-element elementor-element-4b10717 e-con-full e-flex e-con e-child\" data-id=\"4b10717\" data-element_type=\"container\" data-e-type=\"container\">\n\t\t<div class=\"elementor-element elementor-element-663c34c e-con-full e-flex e-con e-child\" data-id=\"663c34c\" data-element_type=\"container\" data-e-type=\"container\">\n\t\t\t\t<div class=\"elementor-element elementor-element-319ed63 sales-title elementor-widget elementor-widget-heading\" data-id=\"319ed63\" data-element_type=\"widget\" data-e-type=\"widget\" data-widget_type=\"heading.default\">\n\t\t\t\t\t<p class=\"elementor-heading-title elementor-size-default\">CEO\/President<\/p>\t\t\t\t<\/div>\n\t\t\t\t<div class=\"elementor-element elementor-element-ca0b9b3 sales-name elementor-widget elementor-widget-heading\" data-id=\"ca0b9b3\" data-element_type=\"widget\" data-e-type=\"widget\" data-widget_type=\"heading.default\">\n\t\t\t\t\t<p class=\"elementor-heading-title elementor-size-default\">Palle Kuntz<\/p>\t\t\t\t<\/div>\n\t\t\t\t<div class=\"elementor-element elementor-element-fb51aa0 elementor-widget elementor-widget-heading\" data-id=\"fb51aa0\" data-element_type=\"widget\" data-e-type=\"widget\" data-widget_type=\"heading.default\">\n\t\t\t\t\t<p class=\"elementor-heading-title elementor-size-default\"><a href=\"tel:+4524659615\">+45 24 65 96 15<\/a><\/p>\t\t\t\t<\/div>\n\t\t\t\t<div class=\"elementor-element elementor-element-17c1fe4 sales-name elementor-widget elementor-widget-heading\" data-id=\"17c1fe4\" data-element_type=\"widget\" data-e-type=\"widget\" data-widget_type=\"heading.default\">\n\t\t\t\t\t<p class=\"elementor-heading-title elementor-size-default\"><a href=\"mailto:pku@danishfibres.dk\">pku@danishfibres.dk<\/a><\/p>\t\t\t\t<\/div>\n\t\t\t\t<\/div>\n\t\t<div class=\"elementor-element elementor-element-acd4508 e-con-full e-flex e-con e-child\" data-id=\"acd4508\" data-element_type=\"container\" data-e-type=\"container\">\n\t\t\t\t<div class=\"elementor-element elementor-element-39a4470 sales-title elementor-widget elementor-widget-heading\" data-id=\"39a4470\" data-element_type=\"widget\" data-e-type=\"widget\" data-widget_type=\"heading.default\">\n\t\t\t\t\t<p class=\"elementor-heading-title elementor-size-default\">Vertriebsleiter<\/p>\t\t\t\t<\/div>\n\t\t\t\t<div class=\"elementor-element elementor-element-7d131fd sales-name elementor-widget elementor-widget-heading\" data-id=\"7d131fd\" data-element_type=\"widget\" data-e-type=\"widget\" data-widget_type=\"heading.default\">\n\t\t\t\t\t<p class=\"elementor-heading-title elementor-size-default\">David Etzerodt<\/p>\t\t\t\t<\/div>\n\t\t\t\t<div class=\"elementor-element elementor-element-9fa44bb elementor-widget elementor-widget-heading\" data-id=\"9fa44bb\" data-element_type=\"widget\" data-e-type=\"widget\" data-widget_type=\"heading.default\">\n\t\t\t\t\t<p class=\"elementor-heading-title elementor-size-default\"><a href=\"tel:+4520580599\">+45 20 58 05 99<\/a><\/p>\t\t\t\t<\/div>\n\t\t\t\t<div class=\"elementor-element elementor-element-65ff990 sales-name elementor-widget elementor-widget-heading\" data-id=\"65ff990\" data-element_type=\"widget\" data-e-type=\"widget\" data-widget_type=\"heading.default\">\n\t\t\t\t\t<p class=\"elementor-heading-title elementor-size-default\"><a href=\"mailto:dke@danishfibres.dk\">dke@danishfibres.dk<\/a><\/p>\t\t\t\t<\/div>\n\t\t\t\t<\/div>\n\t\t\t\t<\/div>\n\t\t\t\t<div class=\"elementor-element elementor-element-b6e2729 elementor-widget elementor-widget-button\" data-id=\"b6e2729\" data-element_type=\"widget\" data-e-type=\"widget\" data-widget_type=\"button.default\">\n\t\t\t\t\t\t\t\t\t\t<a class=\"elementor-button elementor-button-link elementor-size-sm\" href=\"https:\/\/danishfibres.com\/de\/kontakt\/\">\n\t\t\t\t\t\t<span class=\"elementor-button-content-wrapper\">\n\t\t\t\t\t\t\t\t\t<span class=\"elementor-button-text\">Kontaktieren Sie uns<\/span>\n\t\t\t\t\t<\/span>\n\t\t\t\t\t<\/a>\n\t\t\t\t\t\t\t\t<\/div>\n\t\t\t\t<\/div>\n\t\t<div class=\"elementor-element elementor-element-f31ce04 e-con-full e-flex e-con e-child\" data-id=\"f31ce04\" data-element_type=\"container\" data-e-type=\"container\" data-settings=\"{&quot;background_background&quot;:&quot;classic&quot;}\">\n\t\t\t\t<div class=\"elementor-element elementor-element-a1ba55c elementor-widget elementor-widget-image\" data-id=\"a1ba55c\" data-element_type=\"widget\" data-e-type=\"widget\" data-widget_type=\"image.default\">\n\t\t\t\t\t\t\t\t\t\t\t\t\t\t\t<img decoding=\"async\" width=\"527\" height=\"278\" src=\"https:\/\/danishfibres.com\/wp-content\/uploads\/Our_Sales_Team_Danish_Fibres_subpage.jpg\" class=\"attachment-large size-large wp-image-244\" alt=\"\" srcset=\"https:\/\/danishfibres.com\/wp-content\/uploads\/Our_Sales_Team_Danish_Fibres_subpage.jpg 527w, https:\/\/danishfibres.com\/wp-content\/uploads\/Our_Sales_Team_Danish_Fibres_subpage-300x158.jpg 300w\" sizes=\"(max-width: 527px) 100vw, 527px\" \/>\t\t\t\t\t\t\t\t\t\t\t\t\t\t\t<\/div>\n\t\t\t\t<\/div>\n\t\t\t\t<\/div>\n\t\t\t\t\t<\/div>\n\t\t\t\t<\/div>\n\t\t<div class=\"elementor-element elementor-element-a858367 e-grid e-con-boxed e-con e-parent\" data-id=\"a858367\" data-element_type=\"container\" data-e-type=\"container\" data-settings=\"{&quot;background_background&quot;:&quot;classic&quot;}\">\n\t\t\t\t\t<div class=\"e-con-inner\">\n\t\t<div class=\"elementor-element elementor-element-761b5f8 e-con-full e-flex e-con e-child\" data-id=\"761b5f8\" data-element_type=\"container\" data-e-type=\"container\">\n\t\t\t\t<div class=\"elementor-element elementor-element-c515163 elementor-widget elementor-widget-image\" data-id=\"c515163\" data-element_type=\"widget\" data-e-type=\"widget\" data-widget_type=\"image.default\">\n\t\t\t\t\t\t\t\t\t\t\t\t\t\t\t<img decoding=\"async\" src=\"https:\/\/danishfibres.com\/wp-content\/uploads\/Danish_Fibres_Construction_Technical_Fibres.jpg\" title=\"\" alt=\"\" loading=\"lazy\" \/>\t\t\t\t\t\t\t\t\t\t\t\t\t\t\t<\/div>\n\t\t\t\t<\/div>\n\t\t<div class=\"elementor-element elementor-element-b2d4b40 e-con-full clickable-parent e-flex e-con e-child\" data-id=\"b2d4b40\" data-element_type=\"container\" data-e-type=\"container\" data-settings=\"{&quot;background_background&quot;:&quot;classic&quot;}\">\n\t\t\t\t<div class=\"elementor-element elementor-element-9b4b05d elementor-widget elementor-widget-text-editor\" data-id=\"9b4b05d\" data-element_type=\"widget\" data-e-type=\"widget\" data-widget_type=\"text-editor.default\">\n\t\t\t\t\t\t\t\t\t<p>Product information<\/p>\t\t\t\t\t\t\t\t<\/div>\n\t\t\t\t<div class=\"elementor-element elementor-element-8a4cb14 elementor-widget elementor-widget-text-editor\" data-id=\"8a4cb14\" data-element_type=\"widget\" data-e-type=\"widget\" data-widget_type=\"text-editor.default\">\n\t\t\t\t\t\t\t\t\t<p>Lernen Sie unser f\u00fchrendes Sortiment an Konstruktionsfasern Kennen<\/p>\t\t\t\t\t\t\t\t<\/div>\n\t\t\t\t<div class=\"elementor-element elementor-element-cf7f6db elementor-widget elementor-widget-text-editor\" data-id=\"cf7f6db\" data-element_type=\"widget\" data-e-type=\"widget\" data-widget_type=\"text-editor.default\">\n\t\t\t\t\t\t\t\t\t<p>Hochwertige Polypropylenfasern zur Betonbewehrung, die rei\u00dffestigkeit, Zugfestigkeit und Brandschutz bieten<\/p>\t\t\t\t\t\t\t\t<\/div>\n\t\t\t\t<div class=\"elementor-element elementor-element-632c824 elementor-widget elementor-widget-button\" data-id=\"632c824\" data-element_type=\"widget\" data-e-type=\"widget\" data-widget_type=\"button.default\">\n\t\t\t\t\t\t\t\t\t\t<a class=\"elementor-button elementor-button-link elementor-size-sm\" href=\"https:\/\/danishfibres.com\/de\/konstruktionsfasern\/technologie\/\">\n\t\t\t\t\t\t<span class=\"elementor-button-content-wrapper\">\n\t\t\t\t\t\t<span class=\"elementor-button-icon\">\n\t\t\t\t<svg aria-hidden=\"true\" class=\"e-font-icon-svg e-fas-chevron-right\" viewBox=\"0 0 320 512\" xmlns=\"http:\/\/www.w3.org\/2000\/svg\"><path d=\"M285.476 272.971L91.132 467.314c-9.373 9.373-24.569 9.373-33.941 0l-22.667-22.667c-9.357-9.357-9.375-24.522-.04-33.901L188.505 256 34.484 101.255c-9.335-9.379-9.317-24.544.04-33.901l22.667-22.667c9.373-9.373 24.569-9.373 33.941 0L285.475 239.03c9.373 9.372 9.373 24.568.001 33.941z\"><\/path><\/svg>\t\t\t<\/span>\n\t\t\t\t\t\t\t\t\t<span class=\"elementor-button-text\">Weiterlesen<\/span>\n\t\t\t\t\t<\/span>\n\t\t\t\t\t<\/a>\n\t\t\t\t\t\t\t\t<\/div>\n\t\t\t\t<\/div>\n\t\t\t\t\t<\/div>\n\t\t\t\t<\/div>\n\t\t\t\t<\/div>\n\t\t","protected":false},"excerpt":{"rendered":"<p>Technologie \u2013 Technische Fasern Fasern sind nicht nur einfach Fasern. Wenn Sie sich f\u00fcr die technischen Fasern von Danish Fibres entscheiden, profitieren Sie von einer Reihe einzigartiger Qualit\u00e4tsmerkmale. Leichteste Kunstfaser am Markt Alle technischen Fasern von Danish Fibres werden zu 100% aus Polypropylenfasern hergestellt. Polypropylenfasern wiegen nur 0,91 g\/cm3, das ist die niedrigste Dichte aller [&hellip;]<\/p>\n","protected":false},"author":2,"featured_media":0,"parent":2029,"menu_order":0,"comment_status":"closed","ping_status":"closed","template":"","meta":{"_acf_changed":false,"footnotes":""},"class_list":["post-2044","page","type-page","status-publish","hentry"],"acf":[],"yoast_head":"<!-- This site is optimized with the Yoast SEO plugin v27.4 - https:\/\/yoast.com\/product\/yoast-seo-wordpress\/ -->\n<title>Technologie - Danish Fibres<\/title>\n<meta name=\"description\" content=\"Erfahren Sie mehr \u00fcber Wiking\u00ae Technologie. Innovative Fasern f\u00fcr Festigkeit, Haltbarkeit und optimale Leistung in Industrieanwendungen.\" \/>\n<meta name=\"robots\" content=\"index, follow, max-snippet:-1, max-image-preview:large, max-video-preview:-1\" \/>\n<link rel=\"canonical\" href=\"https:\/\/danishfibres.com\/de\/techniche-fasern\/technologie\/\" \/>\n<meta property=\"og:locale\" content=\"de_DE\" \/>\n<meta property=\"og:type\" content=\"article\" \/>\n<meta property=\"og:title\" content=\"Technologie - Danish Fibres\" \/>\n<meta property=\"og:description\" content=\"Erfahren Sie mehr \u00fcber Wiking\u00ae Technologie. Innovative Fasern f\u00fcr Festigkeit, Haltbarkeit und optimale Leistung in Industrieanwendungen.\" \/>\n<meta property=\"og:url\" content=\"https:\/\/danishfibres.com\/de\/techniche-fasern\/technologie\/\" \/>\n<meta property=\"og:site_name\" content=\"Danish Fibres\" \/>\n<meta property=\"article:modified_time\" content=\"2025-12-03T13:43:27+00:00\" \/>\n<meta property=\"og:image\" content=\"https:\/\/danishfibres.com\/wp-content\/uploads\/Technology_Technical_Icons-1.png\" \/>\n\t<meta property=\"og:image:width\" content=\"830\" \/>\n\t<meta property=\"og:image:height\" content=\"350\" \/>\n\t<meta property=\"og:image:type\" content=\"image\/png\" \/>\n<meta name=\"twitter:card\" content=\"summary_large_image\" \/>\n<meta name=\"twitter:label1\" content=\"Gesch\u00e4tzte Lesezeit\" \/>\n\t<meta name=\"twitter:data1\" content=\"2\u00a0Minuten\" \/>\n<script type=\"application\/ld+json\" class=\"yoast-schema-graph\">{\"@context\":\"https:\\\/\\\/schema.org\",\"@graph\":[{\"@type\":\"WebPage\",\"@id\":\"https:\\\/\\\/danishfibres.com\\\/de\\\/techniche-fasern\\\/technologie\\\/\",\"url\":\"https:\\\/\\\/danishfibres.com\\\/de\\\/techniche-fasern\\\/technologie\\\/\",\"name\":\"Technologie - Danish Fibres\",\"isPartOf\":{\"@id\":\"https:\\\/\\\/danishfibres.com\\\/de\\\/#website\"},\"primaryImageOfPage\":{\"@id\":\"https:\\\/\\\/danishfibres.com\\\/de\\\/techniche-fasern\\\/technologie\\\/#primaryimage\"},\"image\":{\"@id\":\"https:\\\/\\\/danishfibres.com\\\/de\\\/techniche-fasern\\\/technologie\\\/#primaryimage\"},\"thumbnailUrl\":\"https:\\\/\\\/danishfibres.com\\\/wp-content\\\/uploads\\\/Technology_Technical_Icons-1.png\",\"datePublished\":\"2025-08-28T11:55:43+00:00\",\"dateModified\":\"2025-12-03T13:43:27+00:00\",\"description\":\"Erfahren Sie mehr \u00fcber Wiking\u00ae Technologie. Innovative Fasern f\u00fcr Festigkeit, Haltbarkeit und optimale Leistung in Industrieanwendungen.\",\"breadcrumb\":{\"@id\":\"https:\\\/\\\/danishfibres.com\\\/de\\\/techniche-fasern\\\/technologie\\\/#breadcrumb\"},\"inLanguage\":\"de\",\"potentialAction\":[{\"@type\":\"ReadAction\",\"target\":[\"https:\\\/\\\/danishfibres.com\\\/de\\\/techniche-fasern\\\/technologie\\\/\"]}]},{\"@type\":\"ImageObject\",\"inLanguage\":\"de\",\"@id\":\"https:\\\/\\\/danishfibres.com\\\/de\\\/techniche-fasern\\\/technologie\\\/#primaryimage\",\"url\":\"https:\\\/\\\/danishfibres.com\\\/wp-content\\\/uploads\\\/Technology_Technical_Icons-1.png\",\"contentUrl\":\"https:\\\/\\\/danishfibres.com\\\/wp-content\\\/uploads\\\/Technology_Technical_Icons-1.png\"},{\"@type\":\"BreadcrumbList\",\"@id\":\"https:\\\/\\\/danishfibres.com\\\/de\\\/techniche-fasern\\\/technologie\\\/#breadcrumb\",\"itemListElement\":[{\"@type\":\"ListItem\",\"position\":1,\"name\":\"Danish Fibres\",\"item\":\"https:\\\/\\\/danishfibres.com\\\/de\\\/home\\\/\"},{\"@type\":\"ListItem\",\"position\":2,\"name\":\"Techniche Fasern\",\"item\":\"https:\\\/\\\/danishfibres.com\\\/de\\\/techniche-fasern\\\/\"},{\"@type\":\"ListItem\",\"position\":3,\"name\":\"Technologie\"}]},{\"@type\":\"WebSite\",\"@id\":\"https:\\\/\\\/danishfibres.com\\\/de\\\/#website\",\"url\":\"https:\\\/\\\/danishfibres.com\\\/de\\\/\",\"name\":\"Danish Fibres\",\"description\":\"Benefit from 40 years experience\",\"potentialAction\":[{\"@type\":\"SearchAction\",\"target\":{\"@type\":\"EntryPoint\",\"urlTemplate\":\"https:\\\/\\\/danishfibres.com\\\/de\\\/?s={search_term_string}\"},\"query-input\":{\"@type\":\"PropertyValueSpecification\",\"valueRequired\":true,\"valueName\":\"search_term_string\"}}],\"inLanguage\":\"de\"}]}<\/script>\n<!-- \/ Yoast SEO plugin. -->","yoast_head_json":{"title":"Technologie - Danish Fibres","description":"Erfahren Sie mehr \u00fcber Wiking\u00ae Technologie. Innovative Fasern f\u00fcr Festigkeit, Haltbarkeit und optimale Leistung in Industrieanwendungen.","robots":{"index":"index","follow":"follow","max-snippet":"max-snippet:-1","max-image-preview":"max-image-preview:large","max-video-preview":"max-video-preview:-1"},"canonical":"https:\/\/danishfibres.com\/de\/techniche-fasern\/technologie\/","og_locale":"de_DE","og_type":"article","og_title":"Technologie - Danish Fibres","og_description":"Erfahren Sie mehr \u00fcber Wiking\u00ae Technologie. Innovative Fasern f\u00fcr Festigkeit, Haltbarkeit und optimale Leistung in Industrieanwendungen.","og_url":"https:\/\/danishfibres.com\/de\/techniche-fasern\/technologie\/","og_site_name":"Danish Fibres","article_modified_time":"2025-12-03T13:43:27+00:00","og_image":[{"width":830,"height":350,"url":"https:\/\/danishfibres.com\/wp-content\/uploads\/Technology_Technical_Icons-1.png","type":"image\/png"}],"twitter_card":"summary_large_image","twitter_misc":{"Gesch\u00e4tzte Lesezeit":"2\u00a0Minuten"},"schema":{"@context":"https:\/\/schema.org","@graph":[{"@type":"WebPage","@id":"https:\/\/danishfibres.com\/de\/techniche-fasern\/technologie\/","url":"https:\/\/danishfibres.com\/de\/techniche-fasern\/technologie\/","name":"Technologie - Danish Fibres","isPartOf":{"@id":"https:\/\/danishfibres.com\/de\/#website"},"primaryImageOfPage":{"@id":"https:\/\/danishfibres.com\/de\/techniche-fasern\/technologie\/#primaryimage"},"image":{"@id":"https:\/\/danishfibres.com\/de\/techniche-fasern\/technologie\/#primaryimage"},"thumbnailUrl":"https:\/\/danishfibres.com\/wp-content\/uploads\/Technology_Technical_Icons-1.png","datePublished":"2025-08-28T11:55:43+00:00","dateModified":"2025-12-03T13:43:27+00:00","description":"Erfahren Sie mehr \u00fcber Wiking\u00ae Technologie. Innovative Fasern f\u00fcr Festigkeit, Haltbarkeit und optimale Leistung in Industrieanwendungen.","breadcrumb":{"@id":"https:\/\/danishfibres.com\/de\/techniche-fasern\/technologie\/#breadcrumb"},"inLanguage":"de","potentialAction":[{"@type":"ReadAction","target":["https:\/\/danishfibres.com\/de\/techniche-fasern\/technologie\/"]}]},{"@type":"ImageObject","inLanguage":"de","@id":"https:\/\/danishfibres.com\/de\/techniche-fasern\/technologie\/#primaryimage","url":"https:\/\/danishfibres.com\/wp-content\/uploads\/Technology_Technical_Icons-1.png","contentUrl":"https:\/\/danishfibres.com\/wp-content\/uploads\/Technology_Technical_Icons-1.png"},{"@type":"BreadcrumbList","@id":"https:\/\/danishfibres.com\/de\/techniche-fasern\/technologie\/#breadcrumb","itemListElement":[{"@type":"ListItem","position":1,"name":"Danish Fibres","item":"https:\/\/danishfibres.com\/de\/home\/"},{"@type":"ListItem","position":2,"name":"Techniche Fasern","item":"https:\/\/danishfibres.com\/de\/techniche-fasern\/"},{"@type":"ListItem","position":3,"name":"Technologie"}]},{"@type":"WebSite","@id":"https:\/\/danishfibres.com\/de\/#website","url":"https:\/\/danishfibres.com\/de\/","name":"Danish Fibres","description":"Benefit from 40 years experience","potentialAction":[{"@type":"SearchAction","target":{"@type":"EntryPoint","urlTemplate":"https:\/\/danishfibres.com\/de\/?s={search_term_string}"},"query-input":{"@type":"PropertyValueSpecification","valueRequired":true,"valueName":"search_term_string"}}],"inLanguage":"de"}]}},"_links":{"self":[{"href":"https:\/\/danishfibres.com\/de\/wp-json\/wp\/v2\/pages\/2044","targetHints":{"allow":["GET"]}}],"collection":[{"href":"https:\/\/danishfibres.com\/de\/wp-json\/wp\/v2\/pages"}],"about":[{"href":"https:\/\/danishfibres.com\/de\/wp-json\/wp\/v2\/types\/page"}],"author":[{"embeddable":true,"href":"https:\/\/danishfibres.com\/de\/wp-json\/wp\/v2\/users\/2"}],"replies":[{"embeddable":true,"href":"https:\/\/danishfibres.com\/de\/wp-json\/wp\/v2\/comments?post=2044"}],"version-history":[{"count":9,"href":"https:\/\/danishfibres.com\/de\/wp-json\/wp\/v2\/pages\/2044\/revisions"}],"predecessor-version":[{"id":4966,"href":"https:\/\/danishfibres.com\/de\/wp-json\/wp\/v2\/pages\/2044\/revisions\/4966"}],"up":[{"embeddable":true,"href":"https:\/\/danishfibres.com\/de\/wp-json\/wp\/v2\/pages\/2029"}],"wp:attachment":[{"href":"https:\/\/danishfibres.com\/de\/wp-json\/wp\/v2\/media?parent=2044"}],"curies":[{"name":"wp","href":"https:\/\/api.w.org\/{rel}","templated":true}]}}