{"id":2867,"date":"2025-10-03T06:33:20","date_gmt":"2025-10-03T04:33:20","guid":{"rendered":"https:\/\/danishfibres.com\/about-us-alt-germany\/"},"modified":"2025-12-03T14:46:45","modified_gmt":"2025-12-03T13:46:45","slug":"ueber-uns","status":"publish","type":"page","link":"https:\/\/danishfibres.com\/de\/ueber-uns\/","title":{"rendered":"\u00dcber uns"},"content":{"rendered":"\t\t<div data-elementor-type=\"wp-page\" data-elementor-id=\"2867\" class=\"elementor elementor-2867 elementor-2860\" data-elementor-post-type=\"page\">\n\t\t\t\t<div class=\"elementor-element elementor-element-83bfa2a e-flex e-con-boxed e-con e-parent\" data-id=\"83bfa2a\" data-element_type=\"container\" data-e-type=\"container\" data-settings=\"{&quot;background_background&quot;:&quot;classic&quot;}\">\n\t\t\t\t\t<div class=\"e-con-inner\">\n\t\t\t\t<div class=\"elementor-element elementor-element-47e0477 elementor-widget elementor-widget-breadcrumbs\" data-id=\"47e0477\" data-element_type=\"widget\" data-e-type=\"widget\" data-widget_type=\"breadcrumbs.default\">\n\t\t\t\t\t<p id=\"breadcrumbs\"><span><span><a href=\"https:\/\/danishfibres.com\/de\/home\/\">Danish Fibres<\/a><\/span><\/span><\/p>\t\t\t\t<\/div>\n\t\t<div class=\"elementor-element elementor-element-31d564f e-con-full e-flex e-con e-child\" data-id=\"31d564f\" data-element_type=\"container\" data-e-type=\"container\" data-settings=\"{&quot;background_background&quot;:&quot;classic&quot;}\">\n\t\t<div class=\"elementor-element elementor-element-7de3801 e-con-full e-flex e-con e-child\" data-id=\"7de3801\" data-element_type=\"container\" data-e-type=\"container\">\n\t\t\t\t<div class=\"elementor-element elementor-element-7dfac26 elementor-widget elementor-widget-image\" data-id=\"7dfac26\" data-element_type=\"widget\" data-e-type=\"widget\" data-widget_type=\"image.default\">\n\t\t\t\t\t\t\t\t\t\t\t\t\t\t\t<img fetchpriority=\"high\" decoding=\"async\" width=\"800\" height=\"337\" src=\"https:\/\/danishfibres.com\/wp-content\/uploads\/voresstyrker-3.jpg\" class=\"attachment-large size-large wp-image-1068\" alt=\"\" srcset=\"https:\/\/danishfibres.com\/wp-content\/uploads\/voresstyrker-3.jpg 831w, https:\/\/danishfibres.com\/wp-content\/uploads\/voresstyrker-3-300x126.jpg 300w, https:\/\/danishfibres.com\/wp-content\/uploads\/voresstyrker-3-768x323.jpg 768w\" sizes=\"(max-width: 800px) 100vw, 800px\" \/>\t\t\t\t\t\t\t\t\t\t\t\t\t\t\t<\/div>\n\t\t<div class=\"elementor-element elementor-element-e6f1b3c e-con-full e-flex e-con e-child\" data-id=\"e6f1b3c\" data-element_type=\"container\" data-e-type=\"container\">\n\t\t\t\t<div class=\"elementor-element elementor-element-75ee7fd elementor-widget elementor-widget-text-editor\" data-id=\"75ee7fd\" data-element_type=\"widget\" data-e-type=\"widget\" data-widget_type=\"text-editor.default\">\n\t\t\t\t\t\t\t\t\t<p>Profil<\/p>\t\t\t\t\t\t\t\t<\/div>\n\t\t\t\t<div class=\"elementor-element elementor-element-cde9d8b elementor-widget elementor-widget-heading\" data-id=\"cde9d8b\" data-element_type=\"widget\" data-e-type=\"widget\" data-widget_type=\"heading.default\">\n\t\t\t\t\t<h1 class=\"elementor-heading-title elementor-size-default\">Weltweiter Anbieter von Polypropylenfasern<\/h1>\t\t\t\t<\/div>\n\t\t\t\t<div class=\"elementor-element elementor-element-f7c24a9 elementor-widget__width-inherit df-text elementor-widget elementor-widget-text-editor\" data-id=\"f7c24a9\" data-element_type=\"widget\" data-e-type=\"widget\" data-widget_type=\"text-editor.default\">\n\t\t\t\t\t\t\t\t\t<p><strong>Danish Fibres A\/S ist ein weltweiter Anbieter von Spezialfaserprodukten aus Polypropylen. Unser Ziel ist es, Polypropylenfasern von h\u00f6chster Qualit\u00e4t anzubieten \u2013 und das immer zu einem wettbewerbsf\u00e4higen Preis. <\/strong><\/p><p>Wir verf\u00fcgen \u00fcber eine sehr flexible Fertigungsanlage, in der unterschiedliche PP-Fasern f\u00fcr zahlreiche Zwecke hergestellt werden k\u00f6nnen, darunter:<\/p><ul><li>Betonbewehrung und Rei\u00dffestigkeit<\/li><li>Brandschutz von Tunneln<\/li><li>Wirksame Wasser- und Luftfiltration<\/li><li>Papierverbesserung<\/li><li>Stabilisierung des Bodens bei Sportgel\u00e4nden<\/li><li>\u2026und vieles mehr<\/li><\/ul><p>Wir st\u00fctzen uns dabei auf 30 Jahre Erfahrung. Wir besitzen umfangreiches Know-how und bieten bei der Produktion ein H\u00f6chstma\u00df an Qualit\u00e4t. Somit k\u00f6nnen wir auf eine nachhaltige Erfolgsbilanz bei der Lieferung von Konstruktionsfasern zur\u00fcckblicken. Im Folgenden eine Liste einiger der weltweit f\u00fchrenden Architektur- und Infrastrukturprojekte, bei denen wir involviert waren:  <\/p><ul><li>Heathrow Airport (London, UK)<\/li><li>National Museum of Quatar (Doha, the State of Quatar)<\/li><li>Turning Torso (Malm\u00f6, Sweden)<\/li><li>The Channel Tunnel Rail Link (UK und Frankreich)<\/li><li>The Petronas Towers (Kuala Lumpur, Malaysia)<\/li><\/ul><p><a href=\"https:\/\/danishfibres.com\/de\/ueber-uns\/unsere-staerken\/\">Lesen Sie mehr \u00fcber unsere St\u00e4rken<\/a><\/p>\t\t\t\t\t\t\t\t<\/div>\n\t\t\t\t<\/div>\n\t\t\t\t<\/div>\n\t\t<div class=\"elementor-element elementor-element-24d0a83 e-con-full e-flex e-con e-child\" data-id=\"24d0a83\" data-element_type=\"container\" data-e-type=\"container\">\n\t\t\t\t<\/div>\n\t\t\t\t<\/div>\n\t\t\t\t\t<\/div>\n\t\t\t\t<\/div>\n\t\t<div class=\"elementor-element elementor-element-4aaa134 e-flex e-con-boxed e-con e-parent\" data-id=\"4aaa134\" data-element_type=\"container\" data-e-type=\"container\" data-settings=\"{&quot;background_background&quot;:&quot;classic&quot;}\">\n\t\t\t\t\t<div class=\"e-con-inner\">\n\t\t<div class=\"elementor-element elementor-element-a7e4dbd e-con-full e-flex e-con e-child\" data-id=\"a7e4dbd\" data-element_type=\"container\" data-e-type=\"container\" data-settings=\"{&quot;background_background&quot;:&quot;classic&quot;}\">\n\t\t<div class=\"elementor-element elementor-element-8100084 e-con-full e-flex e-con e-child\" data-id=\"8100084\" data-element_type=\"container\" data-e-type=\"container\">\n\t\t\t\t<div class=\"elementor-element elementor-element-6d720cf elementor-widget elementor-widget-heading\" data-id=\"6d720cf\" data-element_type=\"widget\" data-e-type=\"widget\" data-widget_type=\"heading.default\">\n\t\t\t\t\t<h2 class=\"elementor-heading-title elementor-size-default\">Vereinbaren Sie einen Termin mit unserem Vertriebsteam<\/h2>\t\t\t\t<\/div>\n\t\t<div class=\"elementor-element elementor-element-54114ff e-con-full e-flex e-con e-child\" data-id=\"54114ff\" data-element_type=\"container\" data-e-type=\"container\">\n\t\t<div class=\"elementor-element elementor-element-67dc1fe e-con-full e-flex e-con e-child\" data-id=\"67dc1fe\" data-element_type=\"container\" data-e-type=\"container\">\n\t\t\t\t<div class=\"elementor-element elementor-element-b647c30 sales-title elementor-widget elementor-widget-heading\" data-id=\"b647c30\" data-element_type=\"widget\" data-e-type=\"widget\" data-widget_type=\"heading.default\">\n\t\t\t\t\t<p class=\"elementor-heading-title elementor-size-default\">CEO\/President<\/p>\t\t\t\t<\/div>\n\t\t\t\t<div class=\"elementor-element elementor-element-2527a1e sales-name elementor-widget elementor-widget-heading\" data-id=\"2527a1e\" data-element_type=\"widget\" data-e-type=\"widget\" data-widget_type=\"heading.default\">\n\t\t\t\t\t<p class=\"elementor-heading-title elementor-size-default\">Palle Kuntz<\/p>\t\t\t\t<\/div>\n\t\t\t\t<div class=\"elementor-element elementor-element-c05556a elementor-widget elementor-widget-heading\" data-id=\"c05556a\" data-element_type=\"widget\" data-e-type=\"widget\" data-widget_type=\"heading.default\">\n\t\t\t\t\t<p class=\"elementor-heading-title elementor-size-default\"><a href=\"tel:+4524659615\">+45 24 65 96 15<\/a><\/p>\t\t\t\t<\/div>\n\t\t\t\t<div class=\"elementor-element elementor-element-a845769 sales-name elementor-widget elementor-widget-heading\" data-id=\"a845769\" data-element_type=\"widget\" data-e-type=\"widget\" data-widget_type=\"heading.default\">\n\t\t\t\t\t<p class=\"elementor-heading-title elementor-size-default\"><a href=\"mailto:pku@danishfibres.dk\">pku@danishfibres.dk<\/a><\/p>\t\t\t\t<\/div>\n\t\t\t\t<\/div>\n\t\t<div class=\"elementor-element elementor-element-9dc8b3e e-con-full e-flex e-con e-child\" data-id=\"9dc8b3e\" data-element_type=\"container\" data-e-type=\"container\">\n\t\t\t\t<div class=\"elementor-element elementor-element-9fbc395 sales-title elementor-widget elementor-widget-heading\" data-id=\"9fbc395\" data-element_type=\"widget\" data-e-type=\"widget\" data-widget_type=\"heading.default\">\n\t\t\t\t\t<p class=\"elementor-heading-title elementor-size-default\">Vertriebsleiter<\/p>\t\t\t\t<\/div>\n\t\t\t\t<div class=\"elementor-element elementor-element-91c2e52 sales-name elementor-widget elementor-widget-heading\" data-id=\"91c2e52\" data-element_type=\"widget\" data-e-type=\"widget\" data-widget_type=\"heading.default\">\n\t\t\t\t\t<p class=\"elementor-heading-title elementor-size-default\">David Etzerodt<\/p>\t\t\t\t<\/div>\n\t\t\t\t<div class=\"elementor-element elementor-element-cad8958 elementor-widget elementor-widget-heading\" data-id=\"cad8958\" data-element_type=\"widget\" data-e-type=\"widget\" data-widget_type=\"heading.default\">\n\t\t\t\t\t<p class=\"elementor-heading-title elementor-size-default\"><a href=\"tel:+4520580599\">+45 20 58 05 99<\/a><\/p>\t\t\t\t<\/div>\n\t\t\t\t<div class=\"elementor-element elementor-element-8e6a6ba sales-name elementor-widget elementor-widget-heading\" data-id=\"8e6a6ba\" data-element_type=\"widget\" data-e-type=\"widget\" data-widget_type=\"heading.default\">\n\t\t\t\t\t<p class=\"elementor-heading-title elementor-size-default\"><a href=\"mailto:dke@danishfibres.dk\">dke@danishfibres.dk<\/a><\/p>\t\t\t\t<\/div>\n\t\t\t\t<\/div>\n\t\t\t\t<\/div>\n\t\t\t\t<div class=\"elementor-element elementor-element-d4bb3f2 elementor-widget elementor-widget-button\" data-id=\"d4bb3f2\" data-element_type=\"widget\" data-e-type=\"widget\" data-widget_type=\"button.default\">\n\t\t\t\t\t\t\t\t\t\t<a class=\"elementor-button elementor-button-link elementor-size-sm\" href=\"https:\/\/danishfibres.com\/de\/kontakt\/\">\n\t\t\t\t\t\t<span class=\"elementor-button-content-wrapper\">\n\t\t\t\t\t\t\t\t\t<span class=\"elementor-button-text\">Kontaktieren Sie uns<\/span>\n\t\t\t\t\t<\/span>\n\t\t\t\t\t<\/a>\n\t\t\t\t\t\t\t\t<\/div>\n\t\t\t\t<\/div>\n\t\t<div class=\"elementor-element elementor-element-645e2df e-con-full e-flex e-con e-child\" data-id=\"645e2df\" data-element_type=\"container\" data-e-type=\"container\" data-settings=\"{&quot;background_background&quot;:&quot;classic&quot;}\">\n\t\t\t\t<div class=\"elementor-element elementor-element-6567969 elementor-widget elementor-widget-image\" data-id=\"6567969\" data-element_type=\"widget\" data-e-type=\"widget\" data-widget_type=\"image.default\">\n\t\t\t\t\t\t\t\t\t\t\t\t\t\t\t<img decoding=\"async\" width=\"527\" height=\"278\" src=\"https:\/\/danishfibres.com\/wp-content\/uploads\/Our_Sales_Team_Danish_Fibres_subpage.jpg\" class=\"attachment-large size-large wp-image-244\" alt=\"\" srcset=\"https:\/\/danishfibres.com\/wp-content\/uploads\/Our_Sales_Team_Danish_Fibres_subpage.jpg 527w, https:\/\/danishfibres.com\/wp-content\/uploads\/Our_Sales_Team_Danish_Fibres_subpage-300x158.jpg 300w\" sizes=\"(max-width: 527px) 100vw, 527px\" \/>\t\t\t\t\t\t\t\t\t\t\t\t\t\t\t<\/div>\n\t\t\t\t<\/div>\n\t\t\t\t<\/div>\n\t\t\t\t\t<\/div>\n\t\t\t\t<\/div>\n\t\t<div class=\"elementor-element elementor-element-dc1b36a e-grid e-con-boxed e-con e-parent\" data-id=\"dc1b36a\" data-element_type=\"container\" data-e-type=\"container\" data-settings=\"{&quot;background_background&quot;:&quot;classic&quot;}\">\n\t\t\t\t\t<div class=\"e-con-inner\">\n\t\t<div class=\"elementor-element elementor-element-941e047 e-con-full e-flex e-con e-child\" data-id=\"941e047\" data-element_type=\"container\" data-e-type=\"container\">\n\t\t\t\t<div class=\"elementor-element elementor-element-65a9042 elementor-widget elementor-widget-image\" data-id=\"65a9042\" data-element_type=\"widget\" data-e-type=\"widget\" data-widget_type=\"image.default\">\n\t\t\t\t\t\t\t\t\t\t\t\t\t\t\t<img decoding=\"async\" src=\"https:\/\/danishfibres.com\/wp-content\/uploads\/Danish_Fibres_Construction_Technical_Fibres.jpg\" title=\"\" alt=\"\" loading=\"lazy\" \/>\t\t\t\t\t\t\t\t\t\t\t\t\t\t\t<\/div>\n\t\t\t\t<\/div>\n\t\t<div class=\"elementor-element elementor-element-d18107c e-con-full clickable-parent e-flex e-con e-child\" data-id=\"d18107c\" data-element_type=\"container\" data-e-type=\"container\" data-settings=\"{&quot;background_background&quot;:&quot;classic&quot;}\">\n\t\t\t\t<div class=\"elementor-element elementor-element-7553d5e elementor-widget elementor-widget-text-editor\" data-id=\"7553d5e\" data-element_type=\"widget\" data-e-type=\"widget\" data-widget_type=\"text-editor.default\">\n\t\t\t\t\t\t\t\t\t<p>Product information<\/p>\t\t\t\t\t\t\t\t<\/div>\n\t\t\t\t<div class=\"elementor-element elementor-element-95e2646 elementor-widget elementor-widget-text-editor\" data-id=\"95e2646\" data-element_type=\"widget\" data-e-type=\"widget\" data-widget_type=\"text-editor.default\">\n\t\t\t\t\t\t\t\t\t<p>Lernen Sie unser f\u00fchrendes Sortiment an Konstruktionsfasern Kennen<\/p>\t\t\t\t\t\t\t\t<\/div>\n\t\t\t\t<div class=\"elementor-element elementor-element-46c4754 elementor-widget elementor-widget-text-editor\" data-id=\"46c4754\" data-element_type=\"widget\" data-e-type=\"widget\" data-widget_type=\"text-editor.default\">\n\t\t\t\t\t\t\t\t\t<p>Hochwertige Polypropylenfasern zur Betonbewehrung, die rei\u00dffestigkeit, Zugfestigkeit und Brandschutz bieten<\/p>\t\t\t\t\t\t\t\t<\/div>\n\t\t\t\t<div class=\"elementor-element elementor-element-1674cd8 elementor-widget elementor-widget-button\" data-id=\"1674cd8\" data-element_type=\"widget\" data-e-type=\"widget\" data-widget_type=\"button.default\">\n\t\t\t\t\t\t\t\t\t\t<a class=\"elementor-button elementor-button-link elementor-size-sm\" href=\"https:\/\/danishfibres.com\/de\/konstruktionsfasern\/technologie\/\">\n\t\t\t\t\t\t<span class=\"elementor-button-content-wrapper\">\n\t\t\t\t\t\t<span class=\"elementor-button-icon\">\n\t\t\t\t<svg aria-hidden=\"true\" class=\"e-font-icon-svg e-fas-chevron-right\" viewBox=\"0 0 320 512\" xmlns=\"http:\/\/www.w3.org\/2000\/svg\"><path d=\"M285.476 272.971L91.132 467.314c-9.373 9.373-24.569 9.373-33.941 0l-22.667-22.667c-9.357-9.357-9.375-24.522-.04-33.901L188.505 256 34.484 101.255c-9.335-9.379-9.317-24.544.04-33.901l22.667-22.667c9.373-9.373 24.569-9.373 33.941 0L285.475 239.03c9.373 9.372 9.373 24.568.001 33.941z\"><\/path><\/svg>\t\t\t<\/span>\n\t\t\t\t\t\t\t\t\t<span class=\"elementor-button-text\">Weiterlesen<\/span>\n\t\t\t\t\t<\/span>\n\t\t\t\t\t<\/a>\n\t\t\t\t\t\t\t\t<\/div>\n\t\t\t\t<\/div>\n\t\t\t\t\t<\/div>\n\t\t\t\t<\/div>\n\t\t<div class=\"elementor-element elementor-element-a4e2e0d e-flex e-con-boxed e-con e-parent\" data-id=\"a4e2e0d\" data-element_type=\"container\" data-e-type=\"container\" data-settings=\"{&quot;background_background&quot;:&quot;classic&quot;}\">\n\t\t\t\t\t<div class=\"e-con-inner\">\n\t\t\t\t<div class=\"elementor-element elementor-element-c2f78e7 elementor-widget elementor-widget-video\" data-id=\"c2f78e7\" data-element_type=\"widget\" data-e-type=\"widget\" data-settings=\"{&quot;youtube_url&quot;:&quot;https:\\\/\\\/www.youtube.com\\\/watch?v=ub3d0J9aTow&quot;,&quot;video_type&quot;:&quot;youtube&quot;,&quot;controls&quot;:&quot;yes&quot;}\" data-widget_type=\"video.default\">\n\t\t\t\t\t\t\t<div class=\"elementor-wrapper elementor-open-inline\">\n\t\t\t<div class=\"elementor-video\"><\/div>\t\t<\/div>\n\t\t\t\t\t\t<\/div>\n\t\t\t\t\t<\/div>\n\t\t\t\t<\/div>\n\t\t\t\t<\/div>\n\t\t","protected":false},"excerpt":{"rendered":"<p>Profil Weltweiter Anbieter von Polypropylenfasern Danish Fibres A\/S ist ein weltweiter Anbieter von Spezialfaserprodukten aus Polypropylen. Unser Ziel ist es, Polypropylenfasern von h\u00f6chster Qualit\u00e4t anzubieten \u2013 und das immer zu einem wettbewerbsf\u00e4higen Preis. Wir verf\u00fcgen \u00fcber eine sehr flexible Fertigungsanlage, in der unterschiedliche PP-Fasern f\u00fcr zahlreiche Zwecke hergestellt werden k\u00f6nnen, darunter: Betonbewehrung und Rei\u00dffestigkeit Brandschutz [&hellip;]<\/p>\n","protected":false},"author":1,"featured_media":0,"parent":0,"menu_order":0,"comment_status":"closed","ping_status":"closed","template":"","meta":{"_acf_changed":false,"footnotes":""},"class_list":["post-2867","page","type-page","status-publish","hentry"],"acf":[],"yoast_head":"<!-- This site is optimized with the Yoast SEO plugin v27.4 - https:\/\/yoast.com\/product\/yoast-seo-wordpress\/ -->\n<title>\u00dcber uns - Danish Fibres<\/title>\n<meta name=\"description\" content=\"Wiking\u00ae Betonfasern von Danish Fibres bieten optimale Risskontrolle, hohe Festigkeit und Nachhaltigkeit f\u00fcr anspruchsvolle Betonverst\u00e4rkung.\" \/>\n<meta name=\"robots\" content=\"index, follow, max-snippet:-1, max-image-preview:large, max-video-preview:-1\" \/>\n<link rel=\"canonical\" href=\"https:\/\/danishfibres.com\/de\/ueber-uns\/\" \/>\n<meta property=\"og:locale\" content=\"de_DE\" \/>\n<meta property=\"og:type\" content=\"article\" \/>\n<meta property=\"og:title\" content=\"\u00dcber uns - Danish Fibres\" \/>\n<meta property=\"og:description\" content=\"Wiking\u00ae Betonfasern von Danish Fibres bieten optimale Risskontrolle, hohe Festigkeit und Nachhaltigkeit f\u00fcr anspruchsvolle Betonverst\u00e4rkung.\" \/>\n<meta property=\"og:url\" content=\"https:\/\/danishfibres.com\/de\/ueber-uns\/\" \/>\n<meta property=\"og:site_name\" content=\"Danish Fibres\" \/>\n<meta property=\"article:modified_time\" content=\"2025-12-03T13:46:45+00:00\" \/>\n<meta property=\"og:image\" content=\"https:\/\/danishfibres.com\/wp-content\/uploads\/voresstyrker-3.jpg\" \/>\n\t<meta property=\"og:image:width\" content=\"831\" \/>\n\t<meta property=\"og:image:height\" content=\"350\" \/>\n\t<meta property=\"og:image:type\" content=\"image\/jpeg\" \/>\n<meta name=\"twitter:card\" content=\"summary_large_image\" \/>\n<meta name=\"twitter:label1\" content=\"Gesch\u00e4tzte Lesezeit\" \/>\n\t<meta name=\"twitter:data1\" content=\"1\u00a0Minute\" \/>\n<script type=\"application\/ld+json\" class=\"yoast-schema-graph\">{\"@context\":\"https:\\\/\\\/schema.org\",\"@graph\":[{\"@type\":\"WebPage\",\"@id\":\"https:\\\/\\\/danishfibres.com\\\/de\\\/ueber-uns\\\/\",\"url\":\"https:\\\/\\\/danishfibres.com\\\/de\\\/ueber-uns\\\/\",\"name\":\"\u00dcber uns - Danish Fibres\",\"isPartOf\":{\"@id\":\"https:\\\/\\\/danishfibres.com\\\/de\\\/#website\"},\"primaryImageOfPage\":{\"@id\":\"https:\\\/\\\/danishfibres.com\\\/de\\\/ueber-uns\\\/#primaryimage\"},\"image\":{\"@id\":\"https:\\\/\\\/danishfibres.com\\\/de\\\/ueber-uns\\\/#primaryimage\"},\"thumbnailUrl\":\"https:\\\/\\\/danishfibres.com\\\/wp-content\\\/uploads\\\/voresstyrker-3.jpg\",\"datePublished\":\"2025-10-03T04:33:20+00:00\",\"dateModified\":\"2025-12-03T13:46:45+00:00\",\"description\":\"Wiking\u00ae Betonfasern von Danish Fibres bieten optimale Risskontrolle, hohe Festigkeit und Nachhaltigkeit f\u00fcr anspruchsvolle Betonverst\u00e4rkung.\",\"breadcrumb\":{\"@id\":\"https:\\\/\\\/danishfibres.com\\\/de\\\/ueber-uns\\\/#breadcrumb\"},\"inLanguage\":\"de\",\"potentialAction\":[{\"@type\":\"ReadAction\",\"target\":[\"https:\\\/\\\/danishfibres.com\\\/de\\\/ueber-uns\\\/\"]}]},{\"@type\":\"ImageObject\",\"inLanguage\":\"de\",\"@id\":\"https:\\\/\\\/danishfibres.com\\\/de\\\/ueber-uns\\\/#primaryimage\",\"url\":\"https:\\\/\\\/danishfibres.com\\\/wp-content\\\/uploads\\\/voresstyrker-3.jpg\",\"contentUrl\":\"https:\\\/\\\/danishfibres.com\\\/wp-content\\\/uploads\\\/voresstyrker-3.jpg\"},{\"@type\":\"BreadcrumbList\",\"@id\":\"https:\\\/\\\/danishfibres.com\\\/de\\\/ueber-uns\\\/#breadcrumb\",\"itemListElement\":[{\"@type\":\"ListItem\",\"position\":1,\"name\":\"Danish Fibres\",\"item\":\"https:\\\/\\\/danishfibres.com\\\/de\\\/home\\\/\"},{\"@type\":\"ListItem\",\"position\":2,\"name\":\"\u00dcber uns\"}]},{\"@type\":\"WebSite\",\"@id\":\"https:\\\/\\\/danishfibres.com\\\/de\\\/#website\",\"url\":\"https:\\\/\\\/danishfibres.com\\\/de\\\/\",\"name\":\"Danish Fibres\",\"description\":\"Benefit from 40 years experience\",\"potentialAction\":[{\"@type\":\"SearchAction\",\"target\":{\"@type\":\"EntryPoint\",\"urlTemplate\":\"https:\\\/\\\/danishfibres.com\\\/de\\\/?s={search_term_string}\"},\"query-input\":{\"@type\":\"PropertyValueSpecification\",\"valueRequired\":true,\"valueName\":\"search_term_string\"}}],\"inLanguage\":\"de\"}]}<\/script>\n<!-- \/ Yoast SEO plugin. -->","yoast_head_json":{"title":"\u00dcber uns - Danish Fibres","description":"Wiking\u00ae Betonfasern von Danish Fibres bieten optimale Risskontrolle, hohe Festigkeit und Nachhaltigkeit f\u00fcr anspruchsvolle Betonverst\u00e4rkung.","robots":{"index":"index","follow":"follow","max-snippet":"max-snippet:-1","max-image-preview":"max-image-preview:large","max-video-preview":"max-video-preview:-1"},"canonical":"https:\/\/danishfibres.com\/de\/ueber-uns\/","og_locale":"de_DE","og_type":"article","og_title":"\u00dcber uns - Danish Fibres","og_description":"Wiking\u00ae Betonfasern von Danish Fibres bieten optimale Risskontrolle, hohe Festigkeit und Nachhaltigkeit f\u00fcr anspruchsvolle Betonverst\u00e4rkung.","og_url":"https:\/\/danishfibres.com\/de\/ueber-uns\/","og_site_name":"Danish Fibres","article_modified_time":"2025-12-03T13:46:45+00:00","og_image":[{"width":831,"height":350,"url":"https:\/\/danishfibres.com\/wp-content\/uploads\/voresstyrker-3.jpg","type":"image\/jpeg"}],"twitter_card":"summary_large_image","twitter_misc":{"Gesch\u00e4tzte Lesezeit":"1\u00a0Minute"},"schema":{"@context":"https:\/\/schema.org","@graph":[{"@type":"WebPage","@id":"https:\/\/danishfibres.com\/de\/ueber-uns\/","url":"https:\/\/danishfibres.com\/de\/ueber-uns\/","name":"\u00dcber uns - Danish Fibres","isPartOf":{"@id":"https:\/\/danishfibres.com\/de\/#website"},"primaryImageOfPage":{"@id":"https:\/\/danishfibres.com\/de\/ueber-uns\/#primaryimage"},"image":{"@id":"https:\/\/danishfibres.com\/de\/ueber-uns\/#primaryimage"},"thumbnailUrl":"https:\/\/danishfibres.com\/wp-content\/uploads\/voresstyrker-3.jpg","datePublished":"2025-10-03T04:33:20+00:00","dateModified":"2025-12-03T13:46:45+00:00","description":"Wiking\u00ae Betonfasern von Danish Fibres bieten optimale Risskontrolle, hohe Festigkeit und Nachhaltigkeit f\u00fcr anspruchsvolle Betonverst\u00e4rkung.","breadcrumb":{"@id":"https:\/\/danishfibres.com\/de\/ueber-uns\/#breadcrumb"},"inLanguage":"de","potentialAction":[{"@type":"ReadAction","target":["https:\/\/danishfibres.com\/de\/ueber-uns\/"]}]},{"@type":"ImageObject","inLanguage":"de","@id":"https:\/\/danishfibres.com\/de\/ueber-uns\/#primaryimage","url":"https:\/\/danishfibres.com\/wp-content\/uploads\/voresstyrker-3.jpg","contentUrl":"https:\/\/danishfibres.com\/wp-content\/uploads\/voresstyrker-3.jpg"},{"@type":"BreadcrumbList","@id":"https:\/\/danishfibres.com\/de\/ueber-uns\/#breadcrumb","itemListElement":[{"@type":"ListItem","position":1,"name":"Danish Fibres","item":"https:\/\/danishfibres.com\/de\/home\/"},{"@type":"ListItem","position":2,"name":"\u00dcber uns"}]},{"@type":"WebSite","@id":"https:\/\/danishfibres.com\/de\/#website","url":"https:\/\/danishfibres.com\/de\/","name":"Danish Fibres","description":"Benefit from 40 years experience","potentialAction":[{"@type":"SearchAction","target":{"@type":"EntryPoint","urlTemplate":"https:\/\/danishfibres.com\/de\/?s={search_term_string}"},"query-input":{"@type":"PropertyValueSpecification","valueRequired":true,"valueName":"search_term_string"}}],"inLanguage":"de"}]}},"_links":{"self":[{"href":"https:\/\/danishfibres.com\/de\/wp-json\/wp\/v2\/pages\/2867","targetHints":{"allow":["GET"]}}],"collection":[{"href":"https:\/\/danishfibres.com\/de\/wp-json\/wp\/v2\/pages"}],"about":[{"href":"https:\/\/danishfibres.com\/de\/wp-json\/wp\/v2\/types\/page"}],"author":[{"embeddable":true,"href":"https:\/\/danishfibres.com\/de\/wp-json\/wp\/v2\/users\/1"}],"replies":[{"embeddable":true,"href":"https:\/\/danishfibres.com\/de\/wp-json\/wp\/v2\/comments?post=2867"}],"version-history":[{"count":33,"href":"https:\/\/danishfibres.com\/de\/wp-json\/wp\/v2\/pages\/2867\/revisions"}],"predecessor-version":[{"id":4970,"href":"https:\/\/danishfibres.com\/de\/wp-json\/wp\/v2\/pages\/2867\/revisions\/4970"}],"wp:attachment":[{"href":"https:\/\/danishfibres.com\/de\/wp-json\/wp\/v2\/media?parent=2867"}],"curies":[{"name":"wp","href":"https:\/\/api.w.org\/{rel}","templated":true}]}}